{"id":15,"date":"2021-09-27T05:24:25","date_gmt":"2021-09-27T05:24:25","guid":{"rendered":"https:\/\/avush.com\/?page_id=15"},"modified":"2023-12-06T15:49:10","modified_gmt":"2023-12-06T14:49:10","slug":"widerrufsrecht","status":"publish","type":"page","link":"https:\/\/avush.com\/sv\/raett-till-aterkallelse\/","title":{"rendered":"\u00c5ngerr\u00e4tt"},"content":{"rendered":"<p><strong>\u00c5ngerr\u00e4tt f\u00f6r konsumenter<\/strong><\/p>\n\n\n\n<p>En konsument \u00e4r en fysisk person som ing\u00e5r en r\u00e4ttshandling f\u00f6r \u00e4ndam\u00e5l som huvudsakligen varken kan h\u00e4nf\u00f6ras till hans eller hennes n\u00e4ringsverksamhet eller till hans eller hennes sj\u00e4lvst\u00e4ndiga yrkesut\u00f6vning.<\/p>\n\n\n\n<p><strong>Avbokningsregler Avush<\/strong><\/p>\n\n\n\n<p><strong>\u00c5ngerr\u00e4tt<\/strong><\/p>\n\n\n\n<p>Du har r\u00e4tt att s\u00e4ga upp detta avtal inom fjorton dagar. <strong>\u00c5ngerr\u00e4tten g\u00e4ller inte f\u00f6r begagnade hygienartiklar.<\/strong> \u00c5ngerfristen \u00e4r fjorton dagar fr\u00e5n den dag d\u00e5 du eller en av dig angiven tredje part, som inte \u00e4r transport\u00f6ren, har eller har tagit emot varorna, f\u00f6rutsatt att du har best\u00e4llt en eller flera varor som en del av en enda best\u00e4llning och dessa \u00e4r eller kommer att levereras enhetligt.<\/p>\n\n\n\n<p>F\u00f6r att ut\u00f6va din \u00e5ngerr\u00e4tt m\u00e5ste du informera oss om ditt beslut att fr\u00e5ntr\u00e4da detta avtal genom en tydlig f\u00f6rklaring (t.ex. ett brev som skickas per post, fax eller e-post). Du kan anv\u00e4nda den bifogade \u00e5ngerblanketten f\u00f6r detta \u00e4ndam\u00e5l, vilket dock inte \u00e4r obligatoriskt.<\/p>\n\n\n\n<p>F\u00f6r att f\u00f6lja \u00e5ngerfristen \u00e4r det tillr\u00e4ckligt att du skickar meddelandet om ut\u00f6vandet av \u00e5ngerr\u00e4tten f\u00f6re utg\u00e5ngen av \u00e5ngerfristen.<\/p>\n\n\n\n<p>\u00c5terkallelsen skall st\u00e4llas till<\/p>\n\n\n\n<p><\/p>\n\n\n\n<figure class=\"wp-block-image size-full is-resized\"><img loading=\"lazy\" decoding=\"async\" width=\"650\" height=\"685\" src=\"https:\/\/avush.com\/wp-content\/uploads\/2023\/06\/Im-002.jpg\" alt=\"\" class=\"wp-image-152\" style=\"object-fit:cover;width:237px;height:250px\" srcset=\"https:\/\/avush.com\/wp-content\/uploads\/2023\/06\/Im-002.jpg 650w, https:\/\/avush.com\/wp-content\/uploads\/2023\/06\/Im-002-285x300.jpg 285w, https:\/\/avush.com\/wp-content\/uploads\/2023\/06\/Im-002-600x632.jpg 600w\" sizes=\"auto, (max-width: 650px) 100vw, 650px\" \/><\/figure>\n\n\n\n<p><\/p>\n\n\n\n<p><strong>Leveransadress nedan.<\/strong><\/p>\n\n\n\n<p><strong>Konsekvenser av \u00e5terkallelse<\/strong><\/p>\n\n\n\n<p>Om du fr\u00e5ntr\u00e4der detta avtal m\u00e5ste vi \u00e5terbetala alla betalningar som vi har mottagit fr\u00e5n dig, inklusive leveranskostnaderna (med undantag f\u00f6r de extra kostnader som uppst\u00e5r till f\u00f6ljd av att du har valt en annan typ av leverans \u00e4n den billigaste standardleveransen som erbjuds av oss), utan dr\u00f6jsm\u00e5l och senast inom fjorton dagar fr\u00e5n den dag d\u00e5 vi mottog meddelandet om att du fr\u00e5ntr\u00e4der detta avtal. F\u00f6r denna \u00e5terbetalning kommer vi att anv\u00e4nda samma betalningsmedel som du anv\u00e4nde f\u00f6r den ursprungliga transaktionen, s\u00e5vida inte annat uttryckligen \u00f6verenskommits med dig; under inga omst\u00e4ndigheter kommer du att debiteras f\u00f6r denna \u00e5terbetalning.<\/p>\n\n\n\n<p>Vi kan v\u00e4gra \u00e5terbetalning tills vi har f\u00e5tt tillbaka varorna eller tills du har l\u00e4mnat bevis p\u00e5 att du har returnerat varorna, beroende p\u00e5 vilket som intr\u00e4ffar f\u00f6rst.<\/p>\n\n\n\n<p><strong>Avkastning<\/strong><\/p>\n\n\n\n<p>Du m\u00e5ste returnera eller \u00f6verl\u00e4mna varorna till oss utan dr\u00f6jsm\u00e5l och under alla omst\u00e4ndigheter senast fjorton dagar fr\u00e5n den dag d\u00e5 du meddelar oss om h\u00e4vningen av detta avtal. Tidsfristen \u00e4r uppfylld om du skickar varorna f\u00f6re utg\u00e5ngen av perioden p\u00e5 fjorton dagar.<\/p>\n\n\n\n<p>Du skall b\u00e4ra de direkta kostnaderna f\u00f6r att returnera varorna.<\/p>\n\n\n\n<p>Du beh\u00f6ver bara betala f\u00f6r eventuell v\u00e4rdeminskning av varorna om v\u00e4rdeminskningen beror p\u00e5 hantering av varorna som inte \u00e4r n\u00f6dv\u00e4ndig f\u00f6r att testa varornas kvalitet, egenskaper och funktion.<\/p>\n\n\n\n<p><strong>Sk\u00e4l till uteslutning eller upph\u00f6rande<\/strong><\/p>\n\n\n\n<p><strong>Uteslutande av \u00e5ngerr\u00e4tt<\/strong>:<\/p>\n\n\n\n<p>Ingen \u00e5ngerr\u00e4tt f\u00f6r varor som \u00e4r snabbt f\u00f6rg\u00e4ngliga eller vars utg\u00e5ngsdatum snabbt skulle \u00f6verskridas. F\u00f6r tidig utg\u00e5ng vid leverans av f\u00f6rseglade varor som inte \u00e4r l\u00e4mpliga f\u00f6r retur p\u00e5 grund av h\u00e4lsoskydd eller hygien om f\u00f6rseglingen har tagits bort efter leverans; (1) Det finns ingen \u00e5ngerr\u00e4tt f\u00f6r Avush i enlighet med \u00a7 312g para. 2 nr. 2 BGB om f\u00f6rseglingen har tagits bort fr\u00e5n f\u00f6rpackningen. Detta beror p\u00e5 att Avush \u00e4r en vara i den mening som avses i \u00a7 312g para. 2 nr. 2 BGB som skulle f\u00f6rst\u00f6ras snabbt efter att f\u00f6rseglingen har brutits eller vars utg\u00e5ngsdatum skulle \u00f6verskridas snabbt fr\u00e5n denna punkt (2 m\u00e5nader efter att Avush har \u00f6ppnats). (2) R\u00e4tten till \u00e5terkallelse f\u00f6religger d\u00e4rf\u00f6r inte enligt \u00a7 312g para. 2 nr. 2 BGB om f\u00f6rseglingen av Avush har avl\u00e4gsnats efter leverans eftersom det finns en risk att den returnerade produkten skulle komma till \u00e5terf\u00f6rs\u00e4ljaren med en betydligt kortare h\u00e5llbarhetstid.<\/p>\n\n\n\n<p>\u00c5ngerr\u00e4tten \u00e4r utesluten mot denna bakgrund eftersom de serum som ska returneras med bruten f\u00f6rsegling skulle vara sv\u00e5ra eller om\u00f6jliga f\u00f6r Avush att s\u00e4lja vidare, med h\u00e4nsyn tagen till returtiden.<\/p>\n\n\n\n<p><strong>\u00c5ngerr\u00e4tten \u00e4r utesluten f\u00f6r begagnade hygienartiklar<\/strong>.<\/p>\n\n\n\n<hr class=\"wp-block-separator has-css-opacity\"\/>\n\n\n\n<p>Det finns en \u00e5ngerr\u00e4tt <strong>inte<\/strong> F\u00f6r kontrakt<\/p>\n\n\n\n<ul class=\"wp-block-list\">\n<li>f\u00f6r leverans av varor som inte \u00e4r prefabricerade och f\u00f6r vars tillverkning ett individuellt val eller beslut av konsumenten \u00e4r avg\u00f6rande eller som \u00e4r tydligt anpassade till konsumentens personliga behov;<\/li>\n\n\n\n<li>f\u00f6r leverans av varor som snabbt kan f\u00f6rst\u00f6ras eller vars utg\u00e5ngsdatum snabbt skulle \u00f6verskridas;<\/li>\n\n\n\n<li>Abonnemangsavtal.<\/li>\n<\/ul>\n\n\n\n<p>&#8212;&#8212;&#8211;<\/p>\n\n\n\n<p><strong>\u00c5ngerr\u00e4tten upph\u00f6r att g\u00e4lla i f\u00f6rtid n\u00e4r det g\u00e4ller avtal<\/strong><\/p>\n\n\n\n<ul class=\"wp-block-list\">\n<li>vid leverans av f\u00f6rseglade varor som av h\u00e4lsoskydds- eller hygiensk\u00e4l inte kan returneras, om f\u00f6rseglingen har avl\u00e4gsnats efter leveransen;<\/li>\n\n\n\n<li>f\u00f6r leverans av varor om dessa p\u00e5 grund av sin beskaffenhet oskiljaktigt har blandats med andra varor efter leveransen;<\/li>\n<\/ul>\n\n\n\n<p>_______<\/p>\n\n\n\n<p><strong>Exempel p\u00e5 annulleringsformul\u00e4r<\/strong><\/p>\n\n\n\n<p>Om du vill h\u00e4va avtalet, v\u00e4nligen fyll i och returnera detta formul\u00e4r.<br><strong>\u00c5ngerr\u00e4tten g\u00e4ller inte f\u00f6r begagnade hygienartiklar.<\/strong><\/p>\n\n\n\n<p>1. Aterv\u00e4nda till:<\/p>\n\n\n\n<p>VDS - Frakt- och datatj\u00e4nster <br>c\/o Alaiko GmbH <br>Siemensstra\u00dfe 14<br>D-37412 Herzberg am Harz<br>Germany<br><br>E-post: info@avush.com<\/p>\n\n\n\n<p>2. Jag\/vi \u00e5terkallar h\u00e4rmed det avtal som ing\u00e5tts av mig\/oss om k\u00f6p av f\u00f6ljande varor\/tillhandah\u00e5llande av f\u00f6ljande tj\u00e4nster<br>Tj\u00e4nst (bifoga ev. kopia av faktura)<br>Best\u00e4llningsnummer: ..........................................<br>Varans kvantitet \/ namn: ...........................<br>K\u00f6peskilling: ...................................................<br>Redan anv\u00e4nd? \u00c5ngerr\u00e4tten g\u00e4ller inte f\u00f6r begagnade hygienartiklar.<\/p>\n\n\n\n<p>3. Best\u00e4lld p\u00e5: ........................<\/p>\n\n\n\n<p>4. Anledning: .............................................<\/p>\n\n\n\n<p>5. Mottagen p\u00e5: ........................<\/p>\n\n\n\n<p>6. Konsumentens namn och adress: ......<br>Kundnummer: ........................................<br>F\u00f6r- och efternamn: .................................<br>Gata: .......................................................<br>Postnummer och stad: ..................................................<\/p>\n\n\n\n<p>7. Plats, datum och signatur kund:<br>&#8230;&#8230;&#8230;&#8230;&#8230;&#8230;&#8230;&#8230;&#8230;&#8230;&#8230;&#8230;&#8230;&#8230;&#8230;&#8230;&#8230;.<\/p>","protected":false},"excerpt":{"rendered":"<p>Widerrufsrecht f\u00fcr Verbraucher Verbraucher ist jede nat\u00fcrliche Person, die ein Rechtsgesch\u00e4ft zu Zwecken abschlie\u00dft, die \u00fcberwiegend weder ihrer gewerblichen noch ihrer selbstst\u00e4ndigen beruflichen T\u00e4tigkeit zugerechnet werden kann. Widerrufsbelehrung Avush Widerrufsrecht [&hellip;]<\/p>","protected":false},"author":1,"featured_media":0,"parent":0,"menu_order":0,"comment_status":"closed","ping_status":"closed","template":"","meta":{"_uag_custom_page_level_css":"","advgb_blocks_editor_width":"","advgb_blocks_columns_visual_guide":"","site-sidebar-layout":"default","site-content-layout":"default","ast-site-content-layout":"default","site-content-style":"default","site-sidebar-style":"default","ast-global-header-display":"","ast-banner-title-visibility":"","ast-main-header-display":"","ast-hfb-above-header-display":"","ast-hfb-below-header-display":"","ast-hfb-mobile-header-display":"","site-post-title":"","ast-breadcrumbs-content":"","ast-featured-img":"","footer-sml-layout":"","ast-disable-related-posts":"","theme-transparent-header-meta":"default","adv-header-id-meta":"","stick-header-meta":"default","header-above-stick-meta":"","header-main-stick-meta":"","header-below-stick-meta":"","astra-migrate-meta-layouts":"set","ast-page-background-enabled":"default","ast-page-background-meta":{"desktop":{"background-color":"","background-image":"","background-repeat":"repeat","background-position":"center center","background-size":"auto","background-attachment":"scroll","background-type":"","background-media":"","overlay-type":"","overlay-color":"","overlay-opacity":"","overlay-gradient":""},"tablet":{"background-color":"","background-image":"","background-repeat":"repeat","background-position":"center center","background-size":"auto","background-attachment":"scroll","background-type":"","background-media":"","overlay-type":"","overlay-color":"","overlay-opacity":"","overlay-gradient":""},"mobile":{"background-color":"","background-image":"","background-repeat":"repeat","background-position":"center center","background-size":"auto","background-attachment":"scroll","background-type":"","background-media":"","overlay-type":"","overlay-color":"","overlay-opacity":"","overlay-gradient":""}},"ast-content-background-meta":{"desktop":{"background-color":"var(--ast-global-color-5)","background-image":"","background-repeat":"repeat","background-position":"center center","background-size":"auto","background-attachment":"scroll","background-type":"","background-media":"","overlay-type":"","overlay-color":"","overlay-opacity":"","overlay-gradient":""},"tablet":{"background-color":"var(--ast-global-color-5)","background-image":"","background-repeat":"repeat","background-position":"center center","background-size":"auto","background-attachment":"scroll","background-type":"","background-media":"","overlay-type":"","overlay-color":"","overlay-opacity":"","overlay-gradient":""},"mobile":{"background-color":"var(--ast-global-color-5)","background-image":"","background-repeat":"repeat","background-position":"center center","background-size":"auto","background-attachment":"scroll","background-type":"","background-media":"","overlay-type":"","overlay-color":"","overlay-opacity":"","overlay-gradient":""}},"footnotes":""},"class_list":["post-15","page","type-page","status-publish","hentry"],"yoast_head":"<!-- This site is optimized with the Yoast SEO Premium plugin v26.6 (Yoast SEO v26.6) - https:\/\/yoast.com\/wordpress\/plugins\/seo\/ -->\n<title>Widerrufsrecht - Avush<\/title>\n<meta name=\"robots\" content=\"noindex, nofollow\" \/>\n<meta property=\"og:locale\" content=\"sv_SE\" \/>\n<meta property=\"og:type\" content=\"article\" \/>\n<meta property=\"og:title\" content=\"Widerrufsrecht\" \/>\n<meta property=\"og:description\" content=\"Widerrufsrecht f\u00fcr Verbraucher Verbraucher ist jede nat\u00fcrliche Person, die ein Rechtsgesch\u00e4ft zu Zwecken abschlie\u00dft, die \u00fcberwiegend weder ihrer gewerblichen noch ihrer selbstst\u00e4ndigen beruflichen T\u00e4tigkeit zugerechnet werden kann. Widerrufsbelehrung Avush Widerrufsrecht [&hellip;]\" \/>\n<meta property=\"og:url\" content=\"https:\/\/avush.com\/sv\/raett-till-aterkallelse\/\" \/>\n<meta property=\"og:site_name\" content=\"Avush\" \/>\n<meta property=\"article:modified_time\" content=\"2023-12-06T14:49:10+00:00\" \/>\n<meta property=\"og:image\" content=\"https:\/\/avush.com\/wp-content\/uploads\/2023\/06\/Im-002.jpg\" \/>\n<meta name=\"twitter:card\" content=\"summary_large_image\" \/>\n<meta name=\"twitter:label1\" content=\"Ber\u00e4knad l\u00e4stid\" \/>\n\t<meta name=\"twitter:data1\" content=\"5 minuter\" \/>\n<script type=\"application\/ld+json\" class=\"yoast-schema-graph\">{\"@context\":\"https:\/\/schema.org\",\"@graph\":[{\"@type\":\"WebPage\",\"@id\":\"https:\/\/avush.com\/widerrufsrecht\/\",\"url\":\"https:\/\/avush.com\/widerrufsrecht\/\",\"name\":\"Widerrufsrecht - Avush\",\"isPartOf\":{\"@id\":\"https:\/\/avush.com\/de\/#website\"},\"primaryImageOfPage\":{\"@id\":\"https:\/\/avush.com\/widerrufsrecht\/#primaryimage\"},\"image\":{\"@id\":\"https:\/\/avush.com\/widerrufsrecht\/#primaryimage\"},\"thumbnailUrl\":\"https:\/\/avush.com\/wp-content\/uploads\/2023\/06\/Im-002.jpg\",\"datePublished\":\"2021-09-27T05:24:25+00:00\",\"dateModified\":\"2023-12-06T14:49:10+00:00\",\"breadcrumb\":{\"@id\":\"https:\/\/avush.com\/widerrufsrecht\/#breadcrumb\"},\"inLanguage\":\"sv-SE\",\"potentialAction\":[{\"@type\":\"ReadAction\",\"target\":[\"https:\/\/avush.com\/widerrufsrecht\/\"]}]},{\"@type\":\"ImageObject\",\"inLanguage\":\"sv-SE\",\"@id\":\"https:\/\/avush.com\/widerrufsrecht\/#primaryimage\",\"url\":\"https:\/\/avush.com\/wp-content\/uploads\/2023\/06\/Im-002.jpg\",\"contentUrl\":\"https:\/\/avush.com\/wp-content\/uploads\/2023\/06\/Im-002.jpg\"},{\"@type\":\"BreadcrumbList\",\"@id\":\"https:\/\/avush.com\/widerrufsrecht\/#breadcrumb\",\"itemListElement\":[{\"@type\":\"ListItem\",\"position\":1,\"name\":\"Home\",\"item\":\"https:\/\/avush.com\/\"},{\"@type\":\"ListItem\",\"position\":2,\"name\":\"Widerrufsrecht\"}]},{\"@type\":\"WebSite\",\"@id\":\"https:\/\/avush.com\/de\/#website\",\"url\":\"https:\/\/avush.com\/de\/\",\"name\":\"Avush\",\"description\":\"Pigmentflecken &amp; Altersflecken Serum\",\"publisher\":{\"@id\":\"https:\/\/avush.com\/de\/#organization\"},\"potentialAction\":[{\"@type\":\"SearchAction\",\"target\":{\"@type\":\"EntryPoint\",\"urlTemplate\":\"https:\/\/avush.com\/de\/?s={search_term_string}\"},\"query-input\":{\"@type\":\"PropertyValueSpecification\",\"valueRequired\":true,\"valueName\":\"search_term_string\"}}],\"inLanguage\":\"sv-SE\"},{\"@type\":\"Organization\",\"@id\":\"https:\/\/avush.com\/de\/#organization\",\"name\":\"Avush\",\"url\":\"https:\/\/avush.com\/de\/\",\"logo\":{\"@type\":\"ImageObject\",\"inLanguage\":\"sv-SE\",\"@id\":\"https:\/\/avush.com\/de\/#\/schema\/logo\/image\/\",\"url\":\"https:\/\/avush.com\/wp-content\/uploads\/2023\/07\/cropped-Avush-Logo-1.png\",\"contentUrl\":\"https:\/\/avush.com\/wp-content\/uploads\/2023\/07\/cropped-Avush-Logo-1.png\",\"width\":200,\"height\":74,\"caption\":\"Avush\"},\"image\":{\"@id\":\"https:\/\/avush.com\/de\/#\/schema\/logo\/image\/\"}}]}<\/script>\n<!-- \/ Yoast SEO Premium plugin. -->","yoast_head_json":{"title":"\u00c5ngerr\u00e4tt - Avush","robots":{"index":"noindex","follow":"nofollow"},"og_locale":"sv_SE","og_type":"article","og_title":"Widerrufsrecht","og_description":"Widerrufsrecht f\u00fcr Verbraucher Verbraucher ist jede nat\u00fcrliche Person, die ein Rechtsgesch\u00e4ft zu Zwecken abschlie\u00dft, die \u00fcberwiegend weder ihrer gewerblichen noch ihrer selbstst\u00e4ndigen beruflichen T\u00e4tigkeit zugerechnet werden kann. Widerrufsbelehrung Avush Widerrufsrecht [&hellip;]","og_url":"https:\/\/avush.com\/sv\/raett-till-aterkallelse\/","og_site_name":"Avush","article_modified_time":"2023-12-06T14:49:10+00:00","og_image":[{"url":"https:\/\/avush.com\/wp-content\/uploads\/2023\/06\/Im-002.jpg","type":"","width":"","height":""}],"twitter_card":"summary_large_image","twitter_misc":{"Ber\u00e4knad l\u00e4stid":"5 minuter"},"schema":{"@context":"https:\/\/schema.org","@graph":[{"@type":"WebPage","@id":"https:\/\/avush.com\/widerrufsrecht\/","url":"https:\/\/avush.com\/widerrufsrecht\/","name":"\u00c5ngerr\u00e4tt - Avush","isPartOf":{"@id":"https:\/\/avush.com\/de\/#website"},"primaryImageOfPage":{"@id":"https:\/\/avush.com\/widerrufsrecht\/#primaryimage"},"image":{"@id":"https:\/\/avush.com\/widerrufsrecht\/#primaryimage"},"thumbnailUrl":"https:\/\/avush.com\/wp-content\/uploads\/2023\/06\/Im-002.jpg","datePublished":"2021-09-27T05:24:25+00:00","dateModified":"2023-12-06T14:49:10+00:00","breadcrumb":{"@id":"https:\/\/avush.com\/widerrufsrecht\/#breadcrumb"},"inLanguage":"sv-SE","potentialAction":[{"@type":"ReadAction","target":["https:\/\/avush.com\/widerrufsrecht\/"]}]},{"@type":"ImageObject","inLanguage":"sv-SE","@id":"https:\/\/avush.com\/widerrufsrecht\/#primaryimage","url":"https:\/\/avush.com\/wp-content\/uploads\/2023\/06\/Im-002.jpg","contentUrl":"https:\/\/avush.com\/wp-content\/uploads\/2023\/06\/Im-002.jpg"},{"@type":"BreadcrumbList","@id":"https:\/\/avush.com\/widerrufsrecht\/#breadcrumb","itemListElement":[{"@type":"ListItem","position":1,"name":"Home","item":"https:\/\/avush.com\/"},{"@type":"ListItem","position":2,"name":"Widerrufsrecht"}]},{"@type":"WebSite","@id":"https:\/\/avush.com\/de\/#website","url":"https:\/\/avush.com\/de\/","name":"Avush","description":"Serum mot pigmentfl\u00e4ckar och \u00e5ldersfl\u00e4ckar","publisher":{"@id":"https:\/\/avush.com\/de\/#organization"},"potentialAction":[{"@type":"SearchAction","target":{"@type":"EntryPoint","urlTemplate":"https:\/\/avush.com\/de\/?s={search_term_string}"},"query-input":{"@type":"PropertyValueSpecification","valueRequired":true,"valueName":"search_term_string"}}],"inLanguage":"sv-SE"},{"@type":"Organization","@id":"https:\/\/avush.com\/de\/#organization","name":"Avush","url":"https:\/\/avush.com\/de\/","logo":{"@type":"ImageObject","inLanguage":"sv-SE","@id":"https:\/\/avush.com\/de\/#\/schema\/logo\/image\/","url":"https:\/\/avush.com\/wp-content\/uploads\/2023\/07\/cropped-Avush-Logo-1.png","contentUrl":"https:\/\/avush.com\/wp-content\/uploads\/2023\/07\/cropped-Avush-Logo-1.png","width":200,"height":74,"caption":"Avush"},"image":{"@id":"https:\/\/avush.com\/de\/#\/schema\/logo\/image\/"}}]}},"uagb_featured_image_src":{"full":false,"thumbnail":false,"medium":false,"medium_large":false,"large":false,"1536x1536":false,"2048x2048":false,"trp-custom-language-flag":false,"woocommerce_thumbnail":false,"woocommerce_single":false,"woocommerce_gallery_thumbnail":false},"uagb_author_info":{"display_name":"Kerem085","author_link":"https:\/\/avush.com\/sv\/author\/kerem085\/"},"uagb_comment_info":0,"uagb_excerpt":"Widerrufsrecht f\u00fcr Verbraucher Verbraucher ist jede nat\u00fcrliche Person, die ein Rechtsgesch\u00e4ft zu Zwecken abschlie\u00dft, die \u00fcberwiegend weder ihrer gewerblichen noch ihrer selbstst\u00e4ndigen beruflichen T\u00e4tigkeit zugerechnet werden kann. Widerrufsbelehrung Avush Widerrufsrecht [&hellip;]","coauthors":[],"author_meta":{"author_link":"https:\/\/avush.com\/sv\/author\/kerem085\/","display_name":"Kerem085"},"relative_dates":{"created":"Publicerad 5 \u00e5r sedan","modified":"Uppdaterad 2 \u00e5r sedan"},"absolute_dates":{"created":"Publicerat den september 27, 2021","modified":"Uppdaterad den december 6, 2023"},"absolute_dates_time":{"created":"Publicerat den september 27, 2021 5:24 f m","modified":"Uppdaterad den december 6, 2023 3:49 e m"},"featured_img_caption":"","featured_img":false,"series_order":"","_links":{"self":[{"href":"https:\/\/avush.com\/sv\/wp-json\/wp\/v2\/pages\/15","targetHints":{"allow":["GET"]}}],"collection":[{"href":"https:\/\/avush.com\/sv\/wp-json\/wp\/v2\/pages"}],"about":[{"href":"https:\/\/avush.com\/sv\/wp-json\/wp\/v2\/types\/page"}],"author":[{"embeddable":true,"href":"https:\/\/avush.com\/sv\/wp-json\/wp\/v2\/users\/1"}],"replies":[{"embeddable":true,"href":"https:\/\/avush.com\/sv\/wp-json\/wp\/v2\/comments?post=15"}],"version-history":[{"count":12,"href":"https:\/\/avush.com\/sv\/wp-json\/wp\/v2\/pages\/15\/revisions"}],"predecessor-version":[{"id":1405,"href":"https:\/\/avush.com\/sv\/wp-json\/wp\/v2\/pages\/15\/revisions\/1405"}],"wp:attachment":[{"href":"https:\/\/avush.com\/sv\/wp-json\/wp\/v2\/media?parent=15"}],"curies":[{"name":"wp","href":"https:\/\/api.w.org\/{rel}","templated":true}]}}