{"id":181,"date":"2023-06-20T12:55:27","date_gmt":"2023-06-20T12:55:27","guid":{"rendered":"https:\/\/avush.com\/?post_type=product&#038;p=181"},"modified":"2025-12-31T16:09:16","modified_gmt":"2025-12-31T15:09:16","slug":"avush-serum","status":"publish","type":"product","link":"https:\/\/avush.com\/sk\/produkt\/avush-serum\/","title":{"rendered":"Avush S\u00e9rum na Pigmentov\u00e9 \u0160kvrny &amp; Stareck\u00e9 \u0160kvrny"},"content":{"rendered":"<h2>Pou\u017eitie:<\/h2>\n<p><span style=\"font-weight: 400;\">R\u00e1no a ve\u010der pred aplik\u00e1ciou S\u00e9ra naneste tonikum na vatov\u00fd tamp\u00f3n a d\u00f4kladne o\u010distite pr\u00edslu\u0161n\u00fa oblas\u0165 pleti. Potom naneste dostato\u010dn\u00e9 mno\u017estvo S\u00e9ra. Jemne vmas\u00edrujte a nechajte \u00faplne vstreba\u0165.<\/span><\/p>\n<h2><span style=\"color: #8a949c;\">Pr\u00edrodn\u00e1 a \u00fa\u010dinn\u00e1 starostlivos\u0165 o ple\u0165 bez hydrochin\u00f3nu a kyseliny kojovej.<\/span><\/h2>\n<p><img loading=\"lazy\" decoding=\"async\" class=\"wp-image-329 size-full\" src=\"https:\/\/avush.com\/wp-content\/uploads\/2023\/06\/Altersflecken-Liviol.jpg\" alt=\"Liviol\" width=\"2000\" height=\"980\" srcset=\"https:\/\/avush.com\/wp-content\/uploads\/2023\/06\/Altersflecken-Liviol.jpg 2000w, https:\/\/avush.com\/wp-content\/uploads\/2023\/06\/Altersflecken-Liviol-300x147.jpg 300w, https:\/\/avush.com\/wp-content\/uploads\/2023\/06\/Altersflecken-Liviol-1024x502.jpg 1024w, https:\/\/avush.com\/wp-content\/uploads\/2023\/06\/Altersflecken-Liviol-768x376.jpg 768w, https:\/\/avush.com\/wp-content\/uploads\/2023\/06\/Altersflecken-Liviol-1536x753.jpg 1536w, https:\/\/avush.com\/wp-content\/uploads\/2023\/06\/Altersflecken-Liviol-600x294.jpg 600w\" sizes=\"auto, (max-width: 2000px) 100vw, 2000px\" \/><\/p>\n<p>V spolo\u010dnosti Avush sa spoliehame na akt\u00edvne zlo\u017eky z pr\u00edrody a sme presved\u010den\u00ed, \u017ee s\u00fa k\u013e\u00fa\u010dom k \u00fa\u010dinnej a vedomej starostlivosti o ple\u0165. Dve l\u00e1tky, ktor\u00e9 v na\u0161ich v\u00fdrobkoch nen\u00e1jdete, s\u00fa hydrochin\u00f3n a kyselina kojov\u00e1. Obe zlo\u017eky s\u00fa zn\u00e1me svoj\u00edm rozjas\u0148uj\u00facim \u00fa\u010dinkom na ple\u0165, ale ich pou\u017eitie je v\u017edy kriticky diskutovan\u00e9.<\/p>\n<p>Namiesto t\u00fdchto kontroverzn\u00fdch zlo\u017eiek sa spoliehame na silu alfa-arbut\u00ednu, pr\u00edrodnej a bezpe\u010dnej zlo\u017eky s bieliacimi vlastnos\u0165ami. Okrem alfa-arbut\u00ednu pou\u017e\u00edvame cel\u00fd rad \u010fal\u0161\u00edch pr\u00edrodn\u00fdch a bezpe\u010dn\u00fdch zlo\u017eiek vr\u00e1tane \u013ealie pieskovej, v\u00fd\u0165a\u017eku z hrachu a kore\u0148a sladk\u00e9ho drievka.<\/p>\n<p>Na\u0161e v\u00fdrobky s\u00fa veg\u00e1nske a vyvinut\u00e9 bez testovania na zvierat\u00e1ch, \u010do je v\u00fdrazom na\u0161ich etick\u00fdch v\u00fdrobn\u00fdch noriem a \u00facty ku v\u0161etk\u00fdm \u017eiv\u00fdm bytostiam. Okrem toho neobsahuj\u00fa formaldehyd, ftal\u00e1ty, sulf\u00e1ty, parab\u00e9ny, silik\u00f3ny ani miner\u00e1lne oleje.<\/p>\n<p>Okrem toho priklad\u00e1me ve\u013ek\u00fd v\u00fdznam tomu, aby sme nepou\u017e\u00edvali umel\u00e9 vonn\u00e9 l\u00e1tky. Namiesto toho dod\u00e1vame na\u0161im v\u00fdrobkom pr\u00edjemn\u00fa v\u00f4\u0148u pomocou pr\u00edrodn\u00e9ho extraktu z aloe vera, ktor\u00fd m\u00e1 tie\u017e hydrata\u010dn\u00e9 a upokojuj\u00face vlastnosti.<\/p>\n<p>Avush predstavuje vedome vytvoren\u00fa a \u00fa\u010dinn\u00fa starostlivos\u0165 o ple\u0165, s ktorou sa m\u00f4\u017eete c\u00edti\u0165 pohodlne a sebaisto. Ria\u010fte sa odpor\u00fa\u010daniami na\u0161ich mnoh\u00fdch spokojn\u00fdch z\u00e1kazn\u00edkov a za\u010dnite svoju cestu k zdrav\u0161ej a rovnomernej\u0161ej pleti. Objednajte si teraz!<\/p>","protected":false},"excerpt":{"rendered":"<p class=\"p1\"><span class=\"s1\">Avush-<\/span><span class=\"s1\">Sada: S\u00e9rum (30 ml) a Tonikum (100 ml)<br \/>\n<span style=\"color: #5bc98b;\"><strong>Novinka: Lipozom\u00e1lne zlo\u017eenie!<\/strong><\/span><\/span><\/p>\n<ul>\n<li><span class=\"s1\">5% alfa-arbut\u00edn<\/span><\/li>\n<li>Lipozom\u00e1lne a fermentovan\u00e9<\/li>\n<li>Bez horm\u00f3nov, hydrochin\u00f3nu a kyseliny kojovej<\/li>\n<li>Veg\u00e1nske a bez testov na zvierat\u00e1ch<\/li>\n<li>Dermatologicky testovan\u00e9<\/li>\n<\/ul>\n<p><img loading=\"lazy\" decoding=\"async\" class=\"alignnone wp-image-43\" src=\"https:\/\/avush.com\/wp-content\/uploads\/2021\/09\/Lo-2.jpg\" alt=\"\" width=\"340\" height=\"30\" srcset=\"https:\/\/avush.com\/wp-content\/uploads\/2021\/09\/Lo-2.jpg 941w, https:\/\/avush.com\/wp-content\/uploads\/2021\/09\/Lo-2-300x26.jpg 300w, https:\/\/avush.com\/wp-content\/uploads\/2021\/09\/Lo-2-768x68.jpg 768w, https:\/\/avush.com\/wp-content\/uploads\/2021\/09\/Lo-2-600x53.jpg 600w\" sizes=\"auto, (max-width: 340px) 100vw, 340px\" \/><\/p>\n<p><img loading=\"lazy\" decoding=\"async\" class=\"wp-image-1012\" src=\"https:\/\/avush.com\/wp-content\/uploads\/2023\/10\/Testsieger.jpg\" alt=\"Test Avush\" width=\"146\" height=\"87\" srcset=\"https:\/\/avush.com\/wp-content\/uploads\/2023\/10\/Testsieger.jpg 1249w, https:\/\/avush.com\/wp-content\/uploads\/2023\/10\/Testsieger-300x179.jpg 300w, https:\/\/avush.com\/wp-content\/uploads\/2023\/10\/Testsieger-1024x610.jpg 1024w, https:\/\/avush.com\/wp-content\/uploads\/2023\/10\/Testsieger-768x457.jpg 768w, https:\/\/avush.com\/wp-content\/uploads\/2023\/10\/Testsieger-18x12.jpg 18w, https:\/\/avush.com\/wp-content\/uploads\/2023\/10\/Testsieger-600x357.jpg 600w\" sizes=\"auto, (max-width: 146px) 100vw, 146px\" \/><\/p>","protected":false},"author":1,"featured_media":389,"template":"","meta":{"_uag_custom_page_level_css":"","advgb_blocks_editor_width":"","advgb_blocks_columns_visual_guide":"","site-sidebar-layout":"default","site-content-layout":"default","ast-site-content-layout":"default","site-content-style":"default","site-sidebar-style":"default","ast-global-header-display":"","ast-banner-title-visibility":"","ast-main-header-display":"","ast-hfb-above-header-display":"","ast-hfb-below-header-display":"","ast-hfb-mobile-header-display":"","site-post-title":"","ast-breadcrumbs-content":"","ast-featured-img":"","footer-sml-layout":"","ast-disable-related-posts":"","theme-transparent-header-meta":"default","adv-header-id-meta":"","stick-header-meta":"default","header-above-stick-meta":"","header-main-stick-meta":"","header-below-stick-meta":"","astra-migrate-meta-layouts":"set","ast-page-background-enabled":"default","ast-page-background-meta":{"desktop":{"background-color":"","background-image":"","background-repeat":"repeat","background-position":"center center","background-size":"auto","background-attachment":"scroll","background-type":"","background-media":"","overlay-type":"","overlay-color":"","overlay-opacity":"","overlay-gradient":""},"tablet":{"background-color":"","background-image":"","background-repeat":"repeat","background-position":"center center","background-size":"auto","background-attachment":"scroll","background-type":"","background-media":"","overlay-type":"","overlay-color":"","overlay-opacity":"","overlay-gradient":""},"mobile":{"background-color":"","background-image":"","background-repeat":"repeat","background-position":"center center","background-size":"auto","background-attachment":"scroll","background-type":"","background-media":"","overlay-type":"","overlay-color":"","overlay-opacity":"","overlay-gradient":""}},"ast-content-background-meta":{"desktop":{"background-color":"var(--ast-global-color-5)","background-image":"","background-repeat":"repeat","background-position":"center center","background-size":"auto","background-attachment":"scroll","background-type":"","background-media":"","overlay-type":"","overlay-color":"","overlay-opacity":"","overlay-gradient":""},"tablet":{"background-color":"var(--ast-global-color-5)","background-image":"","background-repeat":"repeat","background-position":"center center","background-size":"auto","background-attachment":"scroll","background-type":"","background-media":"","overlay-type":"","overlay-color":"","overlay-opacity":"","overlay-gradient":""},"mobile":{"background-color":"var(--ast-global-color-5)","background-image":"","background-repeat":"repeat","background-position":"center center","background-size":"auto","background-attachment":"scroll","background-type":"","background-media":"","overlay-type":"","overlay-color":"","overlay-opacity":"","overlay-gradient":""}}},"product_brand":[],"product_cat":[35],"product_tag":[],"class_list":{"0":"post-181","1":"product","2":"type-product","3":"status-publish","4":"has-post-thumbnail","6":"product_cat-serum","7":"desktop-align-left","8":"tablet-align-left","9":"mobile-align-left","10":"ast-product-gallery-layout-vertical-slider","11":"ast-magnify-disabled","12":"ast-product-tabs-layout-horizontal","13":"ast-qv-on-image","15":"first","16":"instock","17":"taxable","18":"shipping-taxable","19":"purchasable","20":"product-type-simple"},"yoast_head":"<!-- This site is optimized with the Yoast SEO Premium plugin v26.6 (Yoast SEO v26.6) - https:\/\/yoast.com\/wordpress\/plugins\/seo\/ -->\n<title>Avush: Das Serum gegen Pigmentflecken und Altersflecken<\/title>\n<meta name=\"description\" content=\"Jetzt etwas gegen Pigmentflecken und Altersflecken tun mit Avush. Das Serum ohne Hormone f\u00fcr Frauen und M\u00e4nner jetzt bestellen!\" \/>\n<meta name=\"robots\" content=\"index, follow, max-snippet:-1, max-image-preview:large, max-video-preview:-1\" \/>\n<link rel=\"canonical\" href=\"https:\/\/avush.com\/sk\/produkt\/avush-serum\/\" \/>\n<meta property=\"og:locale\" content=\"sk_SK\" \/>\n<meta property=\"og:type\" content=\"article\" \/>\n<meta property=\"og:title\" content=\"Avush Pigmentflecken &amp; Altersflecken Serum\" \/>\n<meta property=\"og:description\" content=\"Jetzt etwas gegen Pigmentflecken und Altersflecken tun mit Avush. Das Serum ohne Hormone f\u00fcr Frauen und M\u00e4nner jetzt bestellen!\" \/>\n<meta property=\"og:url\" content=\"https:\/\/avush.com\/sk\/produkt\/avush-serum\/\" \/>\n<meta property=\"og:site_name\" content=\"Avush\" \/>\n<meta property=\"article:modified_time\" content=\"2025-12-31T15:09:16+00:00\" \/>\n<meta property=\"og:image\" content=\"https:\/\/avush.com\/wp-content\/uploads\/2023\/06\/Avush-03.jpg\" \/>\n\t<meta property=\"og:image:width\" content=\"1000\" \/>\n\t<meta property=\"og:image:height\" content=\"1000\" \/>\n\t<meta property=\"og:image:type\" content=\"image\/jpeg\" \/>\n<meta name=\"twitter:card\" content=\"summary_large_image\" \/>\n<meta name=\"twitter:label1\" content=\"Predpokladan\u00fd \u010das \u010d\u00edtania\" \/>\n\t<meta name=\"twitter:data1\" content=\"2 min\u00faty\" \/>\n<script type=\"application\/ld+json\" class=\"yoast-schema-graph\">{\"@context\":\"https:\/\/schema.org\",\"@graph\":[{\"@type\":\"WebPage\",\"@id\":\"https:\/\/avush.com\/produkt\/avush-serum\/\",\"url\":\"https:\/\/avush.com\/produkt\/avush-serum\/\",\"name\":\"Avush: Das Serum gegen Pigmentflecken und Altersflecken\",\"isPartOf\":{\"@id\":\"https:\/\/avush.com\/de\/#website\"},\"primaryImageOfPage\":{\"@id\":\"https:\/\/avush.com\/produkt\/avush-serum\/#primaryimage\"},\"image\":{\"@id\":\"https:\/\/avush.com\/produkt\/avush-serum\/#primaryimage\"},\"thumbnailUrl\":\"https:\/\/avush.com\/wp-content\/uploads\/2023\/06\/Avush-03.jpg\",\"datePublished\":\"2023-06-20T12:55:27+00:00\",\"dateModified\":\"2025-12-31T15:09:16+00:00\",\"description\":\"Jetzt etwas gegen Pigmentflecken und Altersflecken tun mit Avush. Das Serum ohne Hormone f\u00fcr Frauen und M\u00e4nner jetzt bestellen!\",\"breadcrumb\":{\"@id\":\"https:\/\/avush.com\/produkt\/avush-serum\/#breadcrumb\"},\"inLanguage\":\"sk-SK\",\"potentialAction\":[{\"@type\":\"ReadAction\",\"target\":[\"https:\/\/avush.com\/produkt\/avush-serum\/\"]}]},{\"@type\":\"ImageObject\",\"inLanguage\":\"sk-SK\",\"@id\":\"https:\/\/avush.com\/produkt\/avush-serum\/#primaryimage\",\"url\":\"https:\/\/avush.com\/wp-content\/uploads\/2023\/06\/Avush-03.jpg\",\"contentUrl\":\"https:\/\/avush.com\/wp-content\/uploads\/2023\/06\/Avush-03.jpg\",\"width\":1000,\"height\":1000,\"caption\":\"Avush\"},{\"@type\":\"BreadcrumbList\",\"@id\":\"https:\/\/avush.com\/produkt\/avush-serum\/#breadcrumb\",\"itemListElement\":[{\"@type\":\"ListItem\",\"position\":1,\"name\":\"Home\",\"item\":\"https:\/\/avush.com\/\"},{\"@type\":\"ListItem\",\"position\":2,\"name\":\"Shop\",\"item\":\"https:\/\/avush.com\/es\/shop\/\"},{\"@type\":\"ListItem\",\"position\":3,\"name\":\"Avush Pigmentflecken &#038; Altersflecken Serum\"}]},{\"@type\":\"WebSite\",\"@id\":\"https:\/\/avush.com\/de\/#website\",\"url\":\"https:\/\/avush.com\/de\/\",\"name\":\"Avush\",\"description\":\"Pigmentflecken &amp; Altersflecken Serum\",\"publisher\":{\"@id\":\"https:\/\/avush.com\/de\/#organization\"},\"potentialAction\":[{\"@type\":\"SearchAction\",\"target\":{\"@type\":\"EntryPoint\",\"urlTemplate\":\"https:\/\/avush.com\/de\/?s={search_term_string}\"},\"query-input\":{\"@type\":\"PropertyValueSpecification\",\"valueRequired\":true,\"valueName\":\"search_term_string\"}}],\"inLanguage\":\"sk-SK\"},{\"@type\":\"Organization\",\"@id\":\"https:\/\/avush.com\/de\/#organization\",\"name\":\"Avush\",\"url\":\"https:\/\/avush.com\/de\/\",\"logo\":{\"@type\":\"ImageObject\",\"inLanguage\":\"sk-SK\",\"@id\":\"https:\/\/avush.com\/de\/#\/schema\/logo\/image\/\",\"url\":\"https:\/\/avush.com\/wp-content\/uploads\/2023\/07\/cropped-Avush-Logo-1.png\",\"contentUrl\":\"https:\/\/avush.com\/wp-content\/uploads\/2023\/07\/cropped-Avush-Logo-1.png\",\"width\":200,\"height\":74,\"caption\":\"Avush\"},\"image\":{\"@id\":\"https:\/\/avush.com\/de\/#\/schema\/logo\/image\/\"}}]}<\/script>\n<!-- \/ Yoast SEO Premium plugin. -->","yoast_head_json":{"title":"Avush: S\u00e9rum na Pigmentov\u00e9 \u0160kvrny &amp; Stareck\u00e9 \u0160kvrny","description":"Urobte nie\u010do na Pigmentov\u00fdm a Stareck\u00fdm \u0160kvrn\u00e1m teraz s Avush. Objednajte si S\u00e9rum bez horm\u00f3nov pre \u017eeny a mu\u017eov teraz!","robots":{"index":"index","follow":"follow","max-snippet":"max-snippet:-1","max-image-preview":"max-image-preview:large","max-video-preview":"max-video-preview:-1"},"canonical":"https:\/\/avush.com\/sk\/produkt\/avush-serum\/","og_locale":"sk_SK","og_type":"article","og_title":"Avush Pigmentflecken & Altersflecken Serum","og_description":"Jetzt etwas gegen Pigmentflecken und Altersflecken tun mit Avush. Das Serum ohne Hormone f\u00fcr Frauen und M\u00e4nner jetzt bestellen!","og_url":"https:\/\/avush.com\/sk\/produkt\/avush-serum\/","og_site_name":"Avush","article_modified_time":"2025-12-31T15:09:16+00:00","og_image":[{"width":1000,"height":1000,"url":"https:\/\/avush.com\/wp-content\/uploads\/2023\/06\/Avush-03.jpg","type":"image\/jpeg"}],"twitter_card":"summary_large_image","twitter_misc":{"Predpokladan\u00fd \u010das \u010d\u00edtania":"2 min\u00faty"},"schema":{"@context":"https:\/\/schema.org","@graph":[{"@type":"WebPage","@id":"https:\/\/avush.com\/produkt\/avush-serum\/","url":"https:\/\/avush.com\/produkt\/avush-serum\/","name":"Avush: S\u00e9rum na Pigmentov\u00e9 \u0160kvrny &amp; Stareck\u00e9 \u0160kvrny","isPartOf":{"@id":"https:\/\/avush.com\/de\/#website"},"primaryImageOfPage":{"@id":"https:\/\/avush.com\/produkt\/avush-serum\/#primaryimage"},"image":{"@id":"https:\/\/avush.com\/produkt\/avush-serum\/#primaryimage"},"thumbnailUrl":"https:\/\/avush.com\/wp-content\/uploads\/2023\/06\/Avush-03.jpg","datePublished":"2023-06-20T12:55:27+00:00","dateModified":"2025-12-31T15:09:16+00:00","description":"Urobte nie\u010do na Pigmentov\u00fdm a Stareck\u00fdm \u0160kvrn\u00e1m teraz s Avush. Objednajte si S\u00e9rum bez horm\u00f3nov pre \u017eeny a mu\u017eov teraz!","breadcrumb":{"@id":"https:\/\/avush.com\/produkt\/avush-serum\/#breadcrumb"},"inLanguage":"sk-SK","potentialAction":[{"@type":"ReadAction","target":["https:\/\/avush.com\/produkt\/avush-serum\/"]}]},{"@type":"ImageObject","inLanguage":"sk-SK","@id":"https:\/\/avush.com\/produkt\/avush-serum\/#primaryimage","url":"https:\/\/avush.com\/wp-content\/uploads\/2023\/06\/Avush-03.jpg","contentUrl":"https:\/\/avush.com\/wp-content\/uploads\/2023\/06\/Avush-03.jpg","width":1000,"height":1000,"caption":"Avush"},{"@type":"BreadcrumbList","@id":"https:\/\/avush.com\/produkt\/avush-serum\/#breadcrumb","itemListElement":[{"@type":"ListItem","position":1,"name":"Home","item":"https:\/\/avush.com\/"},{"@type":"ListItem","position":2,"name":"Shop","item":"https:\/\/avush.com\/es\/shop\/"},{"@type":"ListItem","position":3,"name":"Avush Pigmentflecken &#038; Altersflecken Serum"}]},{"@type":"WebSite","@id":"https:\/\/avush.com\/de\/#website","url":"https:\/\/avush.com\/de\/","name":"Avush","description":"S\u00e9rum na pigmentov\u00e9 \u0161kvrny a stareck\u00e9 \u0161kvrny","publisher":{"@id":"https:\/\/avush.com\/de\/#organization"},"potentialAction":[{"@type":"SearchAction","target":{"@type":"EntryPoint","urlTemplate":"https:\/\/avush.com\/de\/?s={search_term_string}"},"query-input":{"@type":"PropertyValueSpecification","valueRequired":true,"valueName":"search_term_string"}}],"inLanguage":"sk-SK"},{"@type":"Organization","@id":"https:\/\/avush.com\/de\/#organization","name":"Avush","url":"https:\/\/avush.com\/de\/","logo":{"@type":"ImageObject","inLanguage":"sk-SK","@id":"https:\/\/avush.com\/de\/#\/schema\/logo\/image\/","url":"https:\/\/avush.com\/wp-content\/uploads\/2023\/07\/cropped-Avush-Logo-1.png","contentUrl":"https:\/\/avush.com\/wp-content\/uploads\/2023\/07\/cropped-Avush-Logo-1.png","width":200,"height":74,"caption":"Avush"},"image":{"@id":"https:\/\/avush.com\/de\/#\/schema\/logo\/image\/"}}]}},"uagb_featured_image_src":{"full":["https:\/\/avush.com\/wp-content\/uploads\/2023\/06\/Avush-03.jpg",1000,1000,false],"thumbnail":["https:\/\/avush.com\/wp-content\/uploads\/2023\/06\/Avush-03-150x150.jpg",150,150,true],"medium":["https:\/\/avush.com\/wp-content\/uploads\/2023\/06\/Avush-03-300x300.jpg",300,300,true],"medium_large":["https:\/\/avush.com\/wp-content\/uploads\/2023\/06\/Avush-03-768x768.jpg",768,768,true],"large":["https:\/\/avush.com\/wp-content\/uploads\/2023\/06\/Avush-03.jpg",1000,1000,false],"1536x1536":["https:\/\/avush.com\/wp-content\/uploads\/2023\/06\/Avush-03.jpg",1000,1000,false],"2048x2048":["https:\/\/avush.com\/wp-content\/uploads\/2023\/06\/Avush-03.jpg",1000,1000,false],"trp-custom-language-flag":["https:\/\/avush.com\/wp-content\/uploads\/2023\/06\/Avush-03.jpg",12,12,false],"woocommerce_thumbnail":["https:\/\/avush.com\/wp-content\/uploads\/2023\/06\/Avush-03-300x300.jpg",300,300,true],"woocommerce_single":["https:\/\/avush.com\/wp-content\/uploads\/2023\/06\/Avush-03-600x600.jpg",600,600,true],"woocommerce_gallery_thumbnail":["https:\/\/avush.com\/wp-content\/uploads\/2023\/06\/Avush-03-100x100.jpg",100,100,true]},"uagb_author_info":{"display_name":"Kerem085","author_link":"https:\/\/avush.com\/sk\/author\/kerem085\/"},"uagb_comment_info":0,"uagb_excerpt":"Avush-Set: Serum (30ml) &amp; Tonic (100ml) Neu: Liposomale Formulierung! 5% Alpha-Arbutin Liposomal und Fermentiert Ohne Hormone, Hydrochinon und Kojis\u00e4ure Vegan und tierversuchsfrei Dermatologisch getestet","featured_img":"https:\/\/avush.com\/wp-content\/uploads\/2023\/06\/Avush-03.jpg","coauthors":[],"author_meta":{"author_link":"https:\/\/avush.com\/sk\/author\/kerem085\/","display_name":"Kerem085"},"relative_dates":{"created":"Posted 3 roky ago","modified":"Updated 3 mesiace ago"},"absolute_dates":{"created":"Posted on 20 j\u00fana, 2023","modified":"Updated on 31 decembra, 2025"},"absolute_dates_time":{"created":"Posted on 20 j\u00fana, 2023 12:55 pm","modified":"Updated on 31 decembra, 2025 4:09 pm"},"featured_img_caption":"Avush","tax_additional":{"product_brand":{"linked":[],"unlinked":[],"slug":"product_brand","name":"Zna\u010dky"},"product_type":{"linked":["<a href=\"https:\/\/avush.com\/sk\/?taxonomy=product_type&#038;term=simple\" class=\"advgb-post-tax-term\">simple<\/a>"],"unlinked":["<span class=\"advgb-post-tax-term\">simple<\/span>"],"slug":"product_type","name":"Typ produktu"},"product_visibility":{"linked":[],"unlinked":[],"slug":"product_visibility","name":"Vidite\u013enos\u0165 produktu"},"product_cat":{"linked":["<a href=\"https:\/\/avush.com\/sk\/kategoria-produktu\/serum\/\" class=\"advgb-post-tax-term\">Serum<\/a>"],"unlinked":["<span class=\"advgb-post-tax-term\">Serum<\/span>"],"slug":"product_cat","name":"Kateg\u00f3rie produktov"},"product_tag":{"linked":[],"unlinked":[],"slug":"product_tag","name":"Tagy produktu"},"product_shipping_class":{"linked":[],"unlinked":[],"slug":"product_shipping_class","name":"Doru\u010dovacie triedy produktov"},"pa_brand":{"linked":[],"unlinked":[],"slug":"pa_brand","name":"Produkt Marke"}},"series_order":"","_links":{"self":[{"href":"https:\/\/avush.com\/sk\/wp-json\/wp\/v2\/product\/181","targetHints":{"allow":["GET"]}}],"collection":[{"href":"https:\/\/avush.com\/sk\/wp-json\/wp\/v2\/product"}],"about":[{"href":"https:\/\/avush.com\/sk\/wp-json\/wp\/v2\/types\/product"}],"wp:featuredmedia":[{"embeddable":true,"href":"https:\/\/avush.com\/sk\/wp-json\/wp\/v2\/media\/389"}],"wp:attachment":[{"href":"https:\/\/avush.com\/sk\/wp-json\/wp\/v2\/media?parent=181"}],"wp:term":[{"taxonomy":"product_brand","embeddable":true,"href":"https:\/\/avush.com\/sk\/wp-json\/wp\/v2\/product_brand?post=181"},{"taxonomy":"product_cat","embeddable":true,"href":"https:\/\/avush.com\/sk\/wp-json\/wp\/v2\/product_cat?post=181"},{"taxonomy":"product_tag","embeddable":true,"href":"https:\/\/avush.com\/sk\/wp-json\/wp\/v2\/product_tag?post=181"}],"curies":[{"name":"wp","href":"https:\/\/api.w.org\/{rel}","templated":true}]}}