{"id":50,"date":"2021-09-27T08:19:27","date_gmt":"2021-09-27T08:19:27","guid":{"rendered":"https:\/\/avush.com\/?page_id=50"},"modified":"2023-07-11T09:49:10","modified_gmt":"2023-07-11T09:49:10","slug":"blog-sitemap","status":"publish","type":"page","link":"https:\/\/avush.com\/sk\/blog-sitemap\/","title":{"rendered":"Mapa str\u00e1nok blogu"},"content":{"rendered":"<p>Tu n\u00e1jdete v\u0161etky \u010dl\u00e1nky na t\u00e9mu pigmentov\u00e9 \u0161kvrny, ktor\u00e9 sme nap\u00edsali na na\u0161om blogu. N\u00e1jdite si \u010das na prehliadku, ur\u010dite sa tu n\u00e1jde nie\u010do zauj\u00edmav\u00e9 aj pre v\u00e1s.<\/p>\n\n\n<div class=\"wsp-container\"><h2 class=\"wsp-posts-title\">Posts by category<\/h2>\n<ul class=\"wsp-posts-list\">\n\t<li><strong class=\"wsp-category-title\">Category: <a href=\"https:\/\/avush.com\/sk\/category\/starecke-skvrny\/\">Starnutie \u0161kv\u0155n<\/a><\/strong>\n<ul class=\"wsp-posts-list\">\t\t<li class=\"wsp-post\"><a href=\"https:\/\/avush.com\/sk\/vekova-skvrna-slnko\/\">Stareck\u00e9 \u0161kvrny a vystavenie slnku: Pre\u010do je ochrana pred slnkom tak\u00e1 d\u00f4le\u017eit\u00e1<\/a><\/li>\n\t\t<li class=\"wsp-post\"><a href=\"https:\/\/avush.com\/sk\/vekove-skvrny-muzi\/\">Vekov\u00e9 \u0161kvrny u mu\u017eov: Be\u017en\u00e9 probl\u00e9my a rie\u0161enia<\/a><\/li>\n\t\t<li class=\"wsp-post\"><a href=\"https:\/\/avush.com\/sk\/starecke-skvrny\/\">Vekov\u00e9 \u0161kvrny: \u010co s\u00fa to a ako vznikaj\u00fa?<\/a><\/li>\n<\/ul><\/li>\n\t<li><strong class=\"wsp-category-title\">Category: <a href=\"https:\/\/avush.com\/sk\/category\/pigmentflecken\/\">Pigmentov\u00e9 \u0161kvrny<\/a><\/strong>\n<ul class=\"wsp-posts-list\">\t\t<li class=\"wsp-post\"><a href=\"https:\/\/avush.com\/sk\/pigmentove-skvrny-domaci-prostriedok\/\">Pr\u00edrodn\u00e9 dom\u00e1ce prostriedky na \u00fa\u010dinn\u00fa lie\u010dbu pigmentov\u00fdch \u0161kv\u0155n<\/a><\/li>\n\t\t<li class=\"wsp-post\"><a href=\"https:\/\/avush.com\/sk\/typy-pigmentovych-skvrn\/\">R\u00f4zne typy pigmentov\u00fdch \u0161kv\u0155n a ich pr\u00ed\u010diny<\/a><\/li>\n<\/ul><\/li>\n<\/ul>\n<\/div>","protected":false},"excerpt":{"rendered":"<p>Hier finden Sie alle Beitr\u00e4ge rund um das Thema Pigmentflecken, die wir in unserem Blog geschrieben haben. Schauen Sie sich in Ruhe um, es wird auch f\u00fcr Sie etwas Spannendes [&hellip;]<\/p>","protected":false},"author":1,"featured_media":0,"parent":0,"menu_order":0,"comment_status":"closed","ping_status":"closed","template":"","meta":{"_uag_custom_page_level_css":"","advgb_blocks_editor_width":"","advgb_blocks_columns_visual_guide":"","site-sidebar-layout":"default","site-content-layout":"default","ast-site-content-layout":"default","site-content-style":"default","site-sidebar-style":"default","ast-global-header-display":"","ast-banner-title-visibility":"","ast-main-header-display":"","ast-hfb-above-header-display":"","ast-hfb-below-header-display":"","ast-hfb-mobile-header-display":"","site-post-title":"","ast-breadcrumbs-content":"","ast-featured-img":"","footer-sml-layout":"","ast-disable-related-posts":"","theme-transparent-header-meta":"default","adv-header-id-meta":"","stick-header-meta":"default","header-above-stick-meta":"","header-main-stick-meta":"","header-below-stick-meta":"","astra-migrate-meta-layouts":"default","ast-page-background-enabled":"default","ast-page-background-meta":{"desktop":{"background-color":"","background-image":"","background-repeat":"repeat","background-position":"center center","background-size":"auto","background-attachment":"scroll","background-type":"","background-media":"","overlay-type":"","overlay-color":"","overlay-opacity":"","overlay-gradient":""},"tablet":{"background-color":"","background-image":"","background-repeat":"repeat","background-position":"center center","background-size":"auto","background-attachment":"scroll","background-type":"","background-media":"","overlay-type":"","overlay-color":"","overlay-opacity":"","overlay-gradient":""},"mobile":{"background-color":"","background-image":"","background-repeat":"repeat","background-position":"center center","background-size":"auto","background-attachment":"scroll","background-type":"","background-media":"","overlay-type":"","overlay-color":"","overlay-opacity":"","overlay-gradient":""}},"ast-content-background-meta":{"desktop":{"background-color":"var(--ast-global-color-5)","background-image":"","background-repeat":"repeat","background-position":"center center","background-size":"auto","background-attachment":"scroll","background-type":"","background-media":"","overlay-type":"","overlay-color":"","overlay-opacity":"","overlay-gradient":""},"tablet":{"background-color":"var(--ast-global-color-5)","background-image":"","background-repeat":"repeat","background-position":"center center","background-size":"auto","background-attachment":"scroll","background-type":"","background-media":"","overlay-type":"","overlay-color":"","overlay-opacity":"","overlay-gradient":""},"mobile":{"background-color":"var(--ast-global-color-5)","background-image":"","background-repeat":"repeat","background-position":"center center","background-size":"auto","background-attachment":"scroll","background-type":"","background-media":"","overlay-type":"","overlay-color":"","overlay-opacity":"","overlay-gradient":""}},"footnotes":""},"class_list":["post-50","page","type-page","status-publish","hentry"],"yoast_head":"<!-- This site is optimized with the Yoast SEO Premium plugin v26.6 (Yoast SEO v26.6) - https:\/\/yoast.com\/wordpress\/plugins\/seo\/ -->\n<title>Blog-Sitemap - Avush<\/title>\n<meta name=\"robots\" content=\"index, follow, max-snippet:-1, max-image-preview:large, max-video-preview:-1\" \/>\n<link rel=\"canonical\" href=\"https:\/\/avush.com\/sk\/blog-sitemap\/\" \/>\n<meta property=\"og:locale\" content=\"sk_SK\" \/>\n<meta property=\"og:type\" content=\"article\" \/>\n<meta property=\"og:title\" content=\"Blog-Sitemap\" \/>\n<meta property=\"og:description\" content=\"Hier finden Sie alle Beitr\u00e4ge rund um das Thema Pigmentflecken, die wir in unserem Blog geschrieben haben. Schauen Sie sich in Ruhe um, es wird auch f\u00fcr Sie etwas Spannendes [&hellip;]\" \/>\n<meta property=\"og:url\" content=\"https:\/\/avush.com\/sk\/blog-sitemap\/\" \/>\n<meta property=\"og:site_name\" content=\"Avush\" \/>\n<meta property=\"article:modified_time\" content=\"2023-07-11T09:49:10+00:00\" \/>\n<meta name=\"twitter:card\" content=\"summary_large_image\" \/>\n<meta name=\"twitter:label1\" content=\"Predpokladan\u00fd \u010das \u010d\u00edtania\" \/>\n\t<meta name=\"twitter:data1\" content=\"1 min\u00fata\" \/>\n<script type=\"application\/ld+json\" class=\"yoast-schema-graph\">{\"@context\":\"https:\/\/schema.org\",\"@graph\":[{\"@type\":\"WebPage\",\"@id\":\"https:\/\/avush.com\/sk\/blog-sitemap\/\",\"url\":\"https:\/\/avush.com\/sk\/blog-sitemap\/\",\"name\":\"Blog-Sitemap - Avush\",\"isPartOf\":{\"@id\":\"https:\/\/avush.com\/de\/#website\"},\"datePublished\":\"2021-09-27T08:19:27+00:00\",\"dateModified\":\"2023-07-11T09:49:10+00:00\",\"breadcrumb\":{\"@id\":\"https:\/\/avush.com\/sk\/blog-sitemap\/#breadcrumb\"},\"inLanguage\":\"sk-SK\",\"potentialAction\":[{\"@type\":\"ReadAction\",\"target\":[\"https:\/\/avush.com\/sk\/blog-sitemap\/\"]}]},{\"@type\":\"BreadcrumbList\",\"@id\":\"https:\/\/avush.com\/sk\/blog-sitemap\/#breadcrumb\",\"itemListElement\":[{\"@type\":\"ListItem\",\"position\":1,\"name\":\"Home\",\"item\":\"https:\/\/avush.com\/\"},{\"@type\":\"ListItem\",\"position\":2,\"name\":\"Blog-Sitemap\"}]},{\"@type\":\"WebSite\",\"@id\":\"https:\/\/avush.com\/de\/#website\",\"url\":\"https:\/\/avush.com\/de\/\",\"name\":\"Avush\",\"description\":\"Pigmentflecken &amp; Altersflecken Serum\",\"publisher\":{\"@id\":\"https:\/\/avush.com\/de\/#organization\"},\"potentialAction\":[{\"@type\":\"SearchAction\",\"target\":{\"@type\":\"EntryPoint\",\"urlTemplate\":\"https:\/\/avush.com\/de\/?s={search_term_string}\"},\"query-input\":{\"@type\":\"PropertyValueSpecification\",\"valueRequired\":true,\"valueName\":\"search_term_string\"}}],\"inLanguage\":\"sk-SK\"},{\"@type\":\"Organization\",\"@id\":\"https:\/\/avush.com\/de\/#organization\",\"name\":\"Avush\",\"url\":\"https:\/\/avush.com\/de\/\",\"logo\":{\"@type\":\"ImageObject\",\"inLanguage\":\"sk-SK\",\"@id\":\"https:\/\/avush.com\/de\/#\/schema\/logo\/image\/\",\"url\":\"https:\/\/avush.com\/wp-content\/uploads\/2023\/07\/cropped-Avush-Logo-1.png\",\"contentUrl\":\"https:\/\/avush.com\/wp-content\/uploads\/2023\/07\/cropped-Avush-Logo-1.png\",\"width\":200,\"height\":74,\"caption\":\"Avush\"},\"image\":{\"@id\":\"https:\/\/avush.com\/de\/#\/schema\/logo\/image\/\"}}]}<\/script>\n<!-- \/ Yoast SEO Premium plugin. -->","yoast_head_json":{"title":"Blog-Sitemap - Avush","robots":{"index":"index","follow":"follow","max-snippet":"max-snippet:-1","max-image-preview":"max-image-preview:large","max-video-preview":"max-video-preview:-1"},"canonical":"https:\/\/avush.com\/sk\/blog-sitemap\/","og_locale":"sk_SK","og_type":"article","og_title":"Blog-Sitemap","og_description":"Hier finden Sie alle Beitr\u00e4ge rund um das Thema Pigmentflecken, die wir in unserem Blog geschrieben haben. Schauen Sie sich in Ruhe um, es wird auch f\u00fcr Sie etwas Spannendes [&hellip;]","og_url":"https:\/\/avush.com\/sk\/blog-sitemap\/","og_site_name":"Avush","article_modified_time":"2023-07-11T09:49:10+00:00","twitter_card":"summary_large_image","twitter_misc":{"Predpokladan\u00fd \u010das \u010d\u00edtania":"1 min\u00fata"},"schema":{"@context":"https:\/\/schema.org","@graph":[{"@type":"WebPage","@id":"https:\/\/avush.com\/sk\/blog-sitemap\/","url":"https:\/\/avush.com\/sk\/blog-sitemap\/","name":"Blog-Sitemap - Avush","isPartOf":{"@id":"https:\/\/avush.com\/de\/#website"},"datePublished":"2021-09-27T08:19:27+00:00","dateModified":"2023-07-11T09:49:10+00:00","breadcrumb":{"@id":"https:\/\/avush.com\/sk\/blog-sitemap\/#breadcrumb"},"inLanguage":"sk-SK","potentialAction":[{"@type":"ReadAction","target":["https:\/\/avush.com\/sk\/blog-sitemap\/"]}]},{"@type":"BreadcrumbList","@id":"https:\/\/avush.com\/sk\/blog-sitemap\/#breadcrumb","itemListElement":[{"@type":"ListItem","position":1,"name":"Home","item":"https:\/\/avush.com\/"},{"@type":"ListItem","position":2,"name":"Blog-Sitemap"}]},{"@type":"WebSite","@id":"https:\/\/avush.com\/de\/#website","url":"https:\/\/avush.com\/de\/","name":"Avush","description":"S\u00e9rum na pigmentov\u00e9 \u0161kvrny a stareck\u00e9 \u0161kvrny","publisher":{"@id":"https:\/\/avush.com\/de\/#organization"},"potentialAction":[{"@type":"SearchAction","target":{"@type":"EntryPoint","urlTemplate":"https:\/\/avush.com\/de\/?s={search_term_string}"},"query-input":{"@type":"PropertyValueSpecification","valueRequired":true,"valueName":"search_term_string"}}],"inLanguage":"sk-SK"},{"@type":"Organization","@id":"https:\/\/avush.com\/de\/#organization","name":"Avush","url":"https:\/\/avush.com\/de\/","logo":{"@type":"ImageObject","inLanguage":"sk-SK","@id":"https:\/\/avush.com\/de\/#\/schema\/logo\/image\/","url":"https:\/\/avush.com\/wp-content\/uploads\/2023\/07\/cropped-Avush-Logo-1.png","contentUrl":"https:\/\/avush.com\/wp-content\/uploads\/2023\/07\/cropped-Avush-Logo-1.png","width":200,"height":74,"caption":"Avush"},"image":{"@id":"https:\/\/avush.com\/de\/#\/schema\/logo\/image\/"}}]}},"uagb_featured_image_src":{"full":false,"thumbnail":false,"medium":false,"medium_large":false,"large":false,"1536x1536":false,"2048x2048":false,"trp-custom-language-flag":false,"woocommerce_thumbnail":false,"woocommerce_single":false,"woocommerce_gallery_thumbnail":false},"uagb_author_info":{"display_name":"Kerem085","author_link":"https:\/\/avush.com\/sk\/author\/kerem085\/"},"uagb_comment_info":0,"uagb_excerpt":"Hier finden Sie alle Beitr\u00e4ge rund um das Thema Pigmentflecken, die wir in unserem Blog geschrieben haben. Schauen Sie sich in Ruhe um, es wird auch f\u00fcr Sie etwas Spannendes [&hellip;]","coauthors":[],"author_meta":{"author_link":"https:\/\/avush.com\/sk\/author\/kerem085\/","display_name":"Kerem085"},"relative_dates":{"created":"Posted 5 rokov ago","modified":"Updated 3 roky ago"},"absolute_dates":{"created":"Posted on 27 septembra, 2021","modified":"Updated on 11 j\u00fala, 2023"},"absolute_dates_time":{"created":"Posted on 27 septembra, 2021 8:19 am","modified":"Updated on 11 j\u00fala, 2023 9:49 am"},"featured_img_caption":"","featured_img":false,"series_order":"","_links":{"self":[{"href":"https:\/\/avush.com\/sk\/wp-json\/wp\/v2\/pages\/50","targetHints":{"allow":["GET"]}}],"collection":[{"href":"https:\/\/avush.com\/sk\/wp-json\/wp\/v2\/pages"}],"about":[{"href":"https:\/\/avush.com\/sk\/wp-json\/wp\/v2\/types\/page"}],"author":[{"embeddable":true,"href":"https:\/\/avush.com\/sk\/wp-json\/wp\/v2\/users\/1"}],"replies":[{"embeddable":true,"href":"https:\/\/avush.com\/sk\/wp-json\/wp\/v2\/comments?post=50"}],"version-history":[{"count":2,"href":"https:\/\/avush.com\/sk\/wp-json\/wp\/v2\/pages\/50\/revisions"}],"predecessor-version":[{"id":327,"href":"https:\/\/avush.com\/sk\/wp-json\/wp\/v2\/pages\/50\/revisions\/327"}],"wp:attachment":[{"href":"https:\/\/avush.com\/sk\/wp-json\/wp\/v2\/media?parent=50"}],"curies":[{"name":"wp","href":"https:\/\/api.w.org\/{rel}","templated":true}]}}