{"id":166,"date":"2023-06-20T12:35:51","date_gmt":"2023-06-20T12:35:51","guid":{"rendered":"https:\/\/avush.com\/?page_id=166"},"modified":"2023-10-24T14:45:19","modified_gmt":"2023-10-24T12:45:19","slug":"produkte","status":"publish","type":"page","link":"https:\/\/avush.com\/sk\/produkty\/","title":{"rendered":"Produkty"},"content":{"rendered":"<div class=\"wp-block-cover alignfull is-light\" style=\"min-height:388px;aspect-ratio:unset;\"><span aria-hidden=\"true\" class=\"wp-block-cover__background has-background-dim-0 has-background-dim\"><\/span><img loading=\"lazy\" decoding=\"async\" width=\"1700\" height=\"799\" class=\"wp-block-cover__image-background wp-image-179\" alt=\"Avush\" src=\"https:\/\/avush.com\/wp-content\/uploads\/2023\/06\/Liviol-Altersflecken-Pigmentflecken.jpg\" data-object-fit=\"cover\" srcset=\"https:\/\/avush.com\/wp-content\/uploads\/2023\/06\/Liviol-Altersflecken-Pigmentflecken.jpg 1700w, https:\/\/avush.com\/wp-content\/uploads\/2023\/06\/Liviol-Altersflecken-Pigmentflecken-300x141.jpg 300w, https:\/\/avush.com\/wp-content\/uploads\/2023\/06\/Liviol-Altersflecken-Pigmentflecken-1024x481.jpg 1024w, https:\/\/avush.com\/wp-content\/uploads\/2023\/06\/Liviol-Altersflecken-Pigmentflecken-768x361.jpg 768w, https:\/\/avush.com\/wp-content\/uploads\/2023\/06\/Liviol-Altersflecken-Pigmentflecken-1536x722.jpg 1536w, https:\/\/avush.com\/wp-content\/uploads\/2023\/06\/Liviol-Altersflecken-Pigmentflecken-600x282.jpg 600w\" sizes=\"auto, (max-width: 1700px) 100vw, 1700px\" \/><div class=\"wp-block-cover__inner-container is-layout-flow wp-block-cover-is-layout-flow\">\n<h2 class=\"wp-block-heading has-text-align-center has-ast-global-color-5-color has-text-color\">S\u00e9rum na Pigmentov\u00e9 \u0160kvrny <br>na telo a tv\u00e1r<\/h2>\n<\/div><\/div>\n\n\n\n<div style=\"height:52px\" aria-hidden=\"true\" class=\"wp-block-spacer\"><\/div>\n\n\n\n<h3 class=\"wp-block-heading has-text-align-center advgb-dyn-b683fee2\">Lipozom\u00e1lne &amp; <br>fermentovan\u00e1 recept\u00fara <br>pre maxim\u00e1lnu \u00fa\u010dinnos\u0165<\/h3>\n\n\n\n<figure class=\"wp-block-image aligncenter size-large is-resized\"><img loading=\"lazy\" decoding=\"async\" width=\"1024\" height=\"610\" src=\"https:\/\/avush.com\/wp-content\/uploads\/2023\/10\/Testsieger.jpg\" alt=\"Test Avush\" class=\"wp-image-1012\" style=\"aspect-ratio:1.678688524590164;width:153px;height:auto\" srcset=\"https:\/\/avush.com\/wp-content\/uploads\/2023\/10\/Testsieger.jpg 1249w, https:\/\/avush.com\/wp-content\/uploads\/2023\/10\/Testsieger-300x179.jpg 300w, https:\/\/avush.com\/wp-content\/uploads\/2023\/10\/Testsieger-1024x610.jpg 1024w, https:\/\/avush.com\/wp-content\/uploads\/2023\/10\/Testsieger-768x457.jpg 768w, https:\/\/avush.com\/wp-content\/uploads\/2023\/10\/Testsieger-18x12.jpg 18w, https:\/\/avush.com\/wp-content\/uploads\/2023\/10\/Testsieger-600x357.jpg 600w\" sizes=\"auto, (max-width: 1024px) 100vw, 1024px\" \/><\/figure>\n\n\n\n<div class=\"wp-block-advgb-columns advgb-columns-wrapper\" id=\"advgb-cols-5791ef82-966c-47e2-9adf-ca7ca12cbd25\"><div class=\"advgb-columns-container\"><div class=\"advgb-columns advgb-columns-row advgb-is-mobile advgb-columns-2 layout-12-12 mbl-layout-stacked gutter-90 vgutter-10\">\n<div class=\"wp-block-advgb-column advgb-column advgb-is-half-tablet advgb-is-full-mobile\" id=\"advgb-col-6351a4ae-89f1-4dc7-b039-3b0456a72312\"><div class=\"advgb-column-inner\" style=\"border-style:none;border-width:1px\">\n<figure class=\"wp-block-image aligncenter size-full advgb-dyn-3b78ebd6\"><a href=\"https:\/\/avush.com\/sk\/produkt\/avush-serum\/\"><img loading=\"lazy\" decoding=\"async\" width=\"1000\" height=\"1000\" src=\"https:\/\/avush.com\/wp-content\/uploads\/2023\/07\/Avush-01.jpg\" alt=\"Avush\" class=\"wp-image-383\" srcset=\"https:\/\/avush.com\/wp-content\/uploads\/2023\/07\/Avush-01.jpg 1000w, https:\/\/avush.com\/wp-content\/uploads\/2023\/07\/Avush-01-300x300.jpg 300w, https:\/\/avush.com\/wp-content\/uploads\/2023\/07\/Avush-01-150x150.jpg 150w, https:\/\/avush.com\/wp-content\/uploads\/2023\/07\/Avush-01-768x768.jpg 768w, https:\/\/avush.com\/wp-content\/uploads\/2023\/07\/Avush-01-600x600.jpg 600w, https:\/\/avush.com\/wp-content\/uploads\/2023\/07\/Avush-01-100x100.jpg 100w\" sizes=\"auto, (max-width: 1000px) 100vw, 1000px\" \/><\/a><\/figure>\n\n\n\n<h4 class=\"wp-block-heading advgb-dyn-cda37369\" id=\"h-avush\"><a href=\"https:\/\/avush.com\/sk\/produkt\/avush-serum\/\">Avush<\/a><\/h4>\n\n\n\n<p style=\"font-size:16px\">S\u00e9rum na Pigmentov\u00e9 \u0160kvrny<br>na telo a tv\u00e1r<\/p>\n\n\n\n<p class=\"has-text-color\" style=\"color:#3168f3;font-size:15px\"><ins><span class=\"wcpbc-price wcpbc-price-181\" data-product-id=\"181\"><span class=\"woocommerce-Price-amount amount\"><bdi>69,00&nbsp;<span class=\"woocommerce-Price-currencySymbol\">\u20ac<\/span><\/bdi><\/span><\/span><\/ins><\/p>\n\n\n\n<div style=\"height:16px\" aria-hidden=\"true\" class=\"wp-block-spacer\"><\/div>\n\n\n\n<p><\/p>\n<\/div><\/div>\n\n\n\n<div class=\"wp-block-advgb-column advgb-column advgb-is-half-tablet advgb-is-full-mobile\" id=\"advgb-col-3e91b32e-78b2-4cef-ad55-aa683b85319b\"><div class=\"advgb-column-inner\" style=\"border-style:none;border-width:1px\">\n<figure class=\"wp-block-image aligncenter size-full advgb-dyn-0cc582e3\"><a href=\"https:\/\/avush.com\/sk\/produkt\/avush-2\/\"><img loading=\"lazy\" decoding=\"async\" width=\"1000\" height=\"1000\" src=\"https:\/\/avush.com\/wp-content\/uploads\/2023\/07\/Avush-02.jpg\" alt=\"Avush\" class=\"wp-image-384\" srcset=\"https:\/\/avush.com\/wp-content\/uploads\/2023\/07\/Avush-02.jpg 1000w, https:\/\/avush.com\/wp-content\/uploads\/2023\/07\/Avush-02-300x300.jpg 300w, https:\/\/avush.com\/wp-content\/uploads\/2023\/07\/Avush-02-150x150.jpg 150w, https:\/\/avush.com\/wp-content\/uploads\/2023\/07\/Avush-02-768x768.jpg 768w, https:\/\/avush.com\/wp-content\/uploads\/2023\/07\/Avush-02-600x600.jpg 600w, https:\/\/avush.com\/wp-content\/uploads\/2023\/07\/Avush-02-100x100.jpg 100w\" sizes=\"auto, (max-width: 1000px) 100vw, 1000px\" \/><\/a><\/figure>\n\n\n\n<h4 class=\"wp-block-heading advgb-dyn-5e96f3ac\" id=\"h-avush-2er-pack\"><a href=\"https:\/\/avush.com\/sk\/produkt\/avush-2\/\">Avush, balenie 2 kusov<\/a><\/h4>\n\n\n\n<p style=\"font-size:16px\">S\u00e9rum na Pigmentov\u00e9 \u0160kvrny<br>na telo a tv\u00e1r<\/p>\n\n\n\n<p class=\"has-text-color\" style=\"color:#3168f3;font-size:15px\"><span class=\"wcpbc-price wcpbc-price-184\" data-product-id=\"184\"><del aria-hidden=\"true\"><span class=\"woocommerce-Price-amount amount\"><bdi>138,00&nbsp;<span class=\"woocommerce-Price-currencySymbol\">\u20ac<\/span><\/bdi><\/span><\/del> <span class=\"screen-reader-text\" data-no-translation=\"\" data-trp-gettext=\"\">Urspr\u00fcnglicher Preis war: 138,00&nbsp;&euro;<\/span><ins aria-hidden=\"true\"><span class=\"woocommerce-Price-amount amount\"><bdi>96,60&nbsp;<span class=\"woocommerce-Price-currencySymbol\">\u20ac<\/span><\/bdi><\/span><\/ins><span class=\"screen-reader-text\" data-no-translation=\"\" data-trp-gettext=\"\">Aktueller Preis ist: 96,60&nbsp;&euro;.<\/span><\/span>\n\n\n\n<div style=\"height:16px\" aria-hidden=\"true\" class=\"wp-block-spacer\"><\/div>\n\n\n\n<p><\/p>\n<\/div><\/div>\n<\/div><\/div><\/div>\n\n\n\n<div style=\"height:99px\" aria-hidden=\"true\" class=\"wp-block-spacer\"><\/div>\n\n\n\n<figure class=\"wp-block-image aligncenter size-full is-resized advgb-dyn-ada511e8\"><img loading=\"lazy\" decoding=\"async\" width=\"941\" height=\"83\" src=\"https:\/\/avush.com\/wp-content\/uploads\/2021\/09\/Lo-2.jpg\" alt=\"\" class=\"wp-image-43\" style=\"width:235px;height:21px\" srcset=\"https:\/\/avush.com\/wp-content\/uploads\/2021\/09\/Lo-2.jpg 941w, https:\/\/avush.com\/wp-content\/uploads\/2021\/09\/Lo-2-300x26.jpg 300w, https:\/\/avush.com\/wp-content\/uploads\/2021\/09\/Lo-2-768x68.jpg 768w, https:\/\/avush.com\/wp-content\/uploads\/2021\/09\/Lo-2-600x53.jpg 600w\" sizes=\"auto, (max-width: 941px) 100vw, 941px\" \/><\/figure>\n<style class=\"advgb-styles-renderer\">#advgb-col-6351a4ae-89f1-4dc7-b039-3b0456a72312>.advgb-column-inner{}@media screen and (max-width: 1023px) {#advgb-col-6351a4ae-89f1-4dc7-b039-3b0456a72312>.advgb-column-inner{}}@media screen and (max-width: 767px) {#advgb-col-6351a4ae-89f1-4dc7-b039-3b0456a72312>.advgb-column-inner{}}#advgb-col-3e91b32e-78b2-4cef-ad55-aa683b85319b>.advgb-column-inner{}@media screen and (max-width: 1023px) {#advgb-col-3e91b32e-78b2-4cef-ad55-aa683b85319b>.advgb-column-inner{}}@media screen and (max-width: 767px) {#advgb-col-3e91b32e-78b2-4cef-ad55-aa683b85319b>.advgb-column-inner{}}#advgb-cols-5791ef82-966c-47e2-9adf-ca7ca12cbd25{}@media screen and (max-width: 1023px) {#advgb-cols-5791ef82-966c-47e2-9adf-ca7ca12cbd25{}}@media screen and (max-width: 767px) {#advgb-cols-5791ef82-966c-47e2-9adf-ca7ca12cbd25{}}#advgb-col-6351a4ae-89f1-4dc7-b039-3b0456a72312>.advgb-column-inner{}@media screen and (max-width: 1023px) {#advgb-col-6351a4ae-89f1-4dc7-b039-3b0456a72312>.advgb-column-inner{}}@media screen and (max-width: 767px) {#advgb-col-6351a4ae-89f1-4dc7-b039-3b0456a72312>.advgb-column-inner{}}#advgb-col-3e91b32e-78b2-4cef-ad55-aa683b85319b>.advgb-column-inner{}@media screen and (max-width: 1023px) {#advgb-col-3e91b32e-78b2-4cef-ad55-aa683b85319b>.advgb-column-inner{}}@media screen and (max-width: 767px) {#advgb-col-3e91b32e-78b2-4cef-ad55-aa683b85319b>.advgb-column-inner{}}<\/style>","protected":false},"excerpt":{"rendered":"<p>Liposomale &amp; fermentierte Formel f\u00fcr maximale Wirksamkeit<\/p>","protected":false},"author":1,"featured_media":0,"parent":0,"menu_order":0,"comment_status":"closed","ping_status":"closed","template":"","meta":{"_uag_custom_page_level_css":"","advgb_blocks_editor_width":"","advgb_blocks_columns_visual_guide":"","site-sidebar-layout":"default","site-content-layout":"","ast-site-content-layout":"default","site-content-style":"default","site-sidebar-style":"default","ast-global-header-display":"","ast-banner-title-visibility":"","ast-main-header-display":"","ast-hfb-above-header-display":"","ast-hfb-below-header-display":"","ast-hfb-mobile-header-display":"","site-post-title":"disabled","ast-breadcrumbs-content":"","ast-featured-img":"","footer-sml-layout":"","ast-disable-related-posts":"","theme-transparent-header-meta":"","adv-header-id-meta":"","stick-header-meta":"","header-above-stick-meta":"","header-main-stick-meta":"","header-below-stick-meta":"","astra-migrate-meta-layouts":"set","ast-page-background-enabled":"default","ast-page-background-meta":{"desktop":{"background-color":"","background-image":"","background-repeat":"repeat","background-position":"center center","background-size":"auto","background-attachment":"scroll","background-type":"","background-media":"","overlay-type":"","overlay-color":"","overlay-opacity":"","overlay-gradient":""},"tablet":{"background-color":"","background-image":"","background-repeat":"repeat","background-position":"center center","background-size":"auto","background-attachment":"scroll","background-type":"","background-media":"","overlay-type":"","overlay-color":"","overlay-opacity":"","overlay-gradient":""},"mobile":{"background-color":"","background-image":"","background-repeat":"repeat","background-position":"center center","background-size":"auto","background-attachment":"scroll","background-type":"","background-media":"","overlay-type":"","overlay-color":"","overlay-opacity":"","overlay-gradient":""}},"ast-content-background-meta":{"desktop":{"background-color":"var(--ast-global-color-5)","background-image":"","background-repeat":"repeat","background-position":"center center","background-size":"auto","background-attachment":"scroll","background-type":"","background-media":"","overlay-type":"","overlay-color":"","overlay-opacity":"","overlay-gradient":""},"tablet":{"background-color":"var(--ast-global-color-5)","background-image":"","background-repeat":"repeat","background-position":"center center","background-size":"auto","background-attachment":"scroll","background-type":"","background-media":"","overlay-type":"","overlay-color":"","overlay-opacity":"","overlay-gradient":""},"mobile":{"background-color":"var(--ast-global-color-5)","background-image":"","background-repeat":"repeat","background-position":"center center","background-size":"auto","background-attachment":"scroll","background-type":"","background-media":"","overlay-type":"","overlay-color":"","overlay-opacity":"","overlay-gradient":""}},"footnotes":""},"class_list":["post-166","page","type-page","status-publish","hentry"],"yoast_head":"<!-- This site is optimized with the Yoast SEO Premium plugin v26.6 (Yoast SEO v26.6) - https:\/\/yoast.com\/wordpress\/plugins\/seo\/ -->\n<title>Avush Pigmentflecken und Altersflecken Serum bestellen!<\/title>\n<meta name=\"description\" content=\"Das Avush Serum gegen Altersflecken und Pigmentflecken online bestellen. Jetzt mit noch st\u00e4rkeren Inhaltsstoffen f\u00fcr eine schnellere Wirkung.\" \/>\n<meta name=\"robots\" content=\"index, follow, max-snippet:-1, max-image-preview:large, max-video-preview:-1\" \/>\n<link rel=\"canonical\" href=\"https:\/\/avush.com\/sk\/produkty\/\" \/>\n<meta property=\"og:locale\" content=\"sk_SK\" \/>\n<meta property=\"og:type\" content=\"article\" \/>\n<meta property=\"og:title\" content=\"Produkte\" \/>\n<meta property=\"og:description\" content=\"Das Avush Serum gegen Altersflecken und Pigmentflecken online bestellen. Jetzt mit noch st\u00e4rkeren Inhaltsstoffen f\u00fcr eine schnellere Wirkung.\" \/>\n<meta property=\"og:url\" content=\"https:\/\/avush.com\/sk\/produkty\/\" \/>\n<meta property=\"og:site_name\" content=\"Avush\" \/>\n<meta property=\"article:modified_time\" content=\"2023-10-24T12:45:19+00:00\" \/>\n<meta property=\"og:image\" content=\"https:\/\/avush.com\/wp-content\/uploads\/2023\/06\/Liviol-Altersflecken-Pigmentflecken.jpg\" \/>\n<meta name=\"twitter:card\" content=\"summary_large_image\" \/>\n<meta name=\"twitter:label1\" content=\"Predpokladan\u00fd \u010das \u010d\u00edtania\" \/>\n\t<meta name=\"twitter:data1\" content=\"2 min\u00faty\" \/>\n<script type=\"application\/ld+json\" class=\"yoast-schema-graph\">{\"@context\":\"https:\/\/schema.org\",\"@graph\":[{\"@type\":\"WebPage\",\"@id\":\"https:\/\/avush.com\/produkte\/\",\"url\":\"https:\/\/avush.com\/produkte\/\",\"name\":\"Avush Pigmentflecken und Altersflecken Serum bestellen!\",\"isPartOf\":{\"@id\":\"https:\/\/avush.com\/de\/#website\"},\"primaryImageOfPage\":{\"@id\":\"https:\/\/avush.com\/produkte\/#primaryimage\"},\"image\":{\"@id\":\"https:\/\/avush.com\/produkte\/#primaryimage\"},\"thumbnailUrl\":\"https:\/\/avush.com\/wp-content\/uploads\/2023\/06\/Liviol-Altersflecken-Pigmentflecken.jpg\",\"datePublished\":\"2023-06-20T12:35:51+00:00\",\"dateModified\":\"2023-10-24T12:45:19+00:00\",\"description\":\"Das Avush Serum gegen Altersflecken und Pigmentflecken online bestellen. Jetzt mit noch st\u00e4rkeren Inhaltsstoffen f\u00fcr eine schnellere Wirkung.\",\"breadcrumb\":{\"@id\":\"https:\/\/avush.com\/produkte\/#breadcrumb\"},\"inLanguage\":\"sk-SK\",\"potentialAction\":[{\"@type\":\"ReadAction\",\"target\":[\"https:\/\/avush.com\/produkte\/\"]}]},{\"@type\":\"ImageObject\",\"inLanguage\":\"sk-SK\",\"@id\":\"https:\/\/avush.com\/produkte\/#primaryimage\",\"url\":\"https:\/\/avush.com\/wp-content\/uploads\/2023\/06\/Liviol-Altersflecken-Pigmentflecken.jpg\",\"contentUrl\":\"https:\/\/avush.com\/wp-content\/uploads\/2023\/06\/Liviol-Altersflecken-Pigmentflecken.jpg\"},{\"@type\":\"BreadcrumbList\",\"@id\":\"https:\/\/avush.com\/produkte\/#breadcrumb\",\"itemListElement\":[{\"@type\":\"ListItem\",\"position\":1,\"name\":\"Home\",\"item\":\"https:\/\/avush.com\/\"},{\"@type\":\"ListItem\",\"position\":2,\"name\":\"Produkte\"}]},{\"@type\":\"WebSite\",\"@id\":\"https:\/\/avush.com\/de\/#website\",\"url\":\"https:\/\/avush.com\/de\/\",\"name\":\"Avush\",\"description\":\"Pigmentflecken &amp; Altersflecken Serum\",\"publisher\":{\"@id\":\"https:\/\/avush.com\/de\/#organization\"},\"potentialAction\":[{\"@type\":\"SearchAction\",\"target\":{\"@type\":\"EntryPoint\",\"urlTemplate\":\"https:\/\/avush.com\/de\/?s={search_term_string}\"},\"query-input\":{\"@type\":\"PropertyValueSpecification\",\"valueRequired\":true,\"valueName\":\"search_term_string\"}}],\"inLanguage\":\"sk-SK\"},{\"@type\":\"Organization\",\"@id\":\"https:\/\/avush.com\/de\/#organization\",\"name\":\"Avush\",\"url\":\"https:\/\/avush.com\/de\/\",\"logo\":{\"@type\":\"ImageObject\",\"inLanguage\":\"sk-SK\",\"@id\":\"https:\/\/avush.com\/de\/#\/schema\/logo\/image\/\",\"url\":\"https:\/\/avush.com\/wp-content\/uploads\/2023\/07\/cropped-Avush-Logo-1.png\",\"contentUrl\":\"https:\/\/avush.com\/wp-content\/uploads\/2023\/07\/cropped-Avush-Logo-1.png\",\"width\":200,\"height\":74,\"caption\":\"Avush\"},\"image\":{\"@id\":\"https:\/\/avush.com\/de\/#\/schema\/logo\/image\/\"}}]}<\/script>\n<!-- \/ Yoast SEO Premium plugin. -->","yoast_head_json":{"title":"Objednajte si S\u00e9rum na Pigmentov\u00e9 \u0160kvrny &amp; Stareck\u00e9 \u0160kvrny Avush!","description":"Objednajte si Avush S\u00e9rum na Pigmentov\u00e9 \u0160kvrny &amp; Stareck\u00e9 \u0160kvrny online. Teraz s e\u0161te silnej\u0161\u00edmi zlo\u017ekami pre r\u00fdchlej\u0161\u00ed \u00fa\u010dinok.","robots":{"index":"index","follow":"follow","max-snippet":"max-snippet:-1","max-image-preview":"max-image-preview:large","max-video-preview":"max-video-preview:-1"},"canonical":"https:\/\/avush.com\/sk\/produkty\/","og_locale":"sk_SK","og_type":"article","og_title":"Produkte","og_description":"Das Avush Serum gegen Altersflecken und Pigmentflecken online bestellen. Jetzt mit noch st\u00e4rkeren Inhaltsstoffen f\u00fcr eine schnellere Wirkung.","og_url":"https:\/\/avush.com\/sk\/produkty\/","og_site_name":"Avush","article_modified_time":"2023-10-24T12:45:19+00:00","og_image":[{"url":"https:\/\/avush.com\/wp-content\/uploads\/2023\/06\/Liviol-Altersflecken-Pigmentflecken.jpg","type":"","width":"","height":""}],"twitter_card":"summary_large_image","twitter_misc":{"Predpokladan\u00fd \u010das \u010d\u00edtania":"2 min\u00faty"},"schema":{"@context":"https:\/\/schema.org","@graph":[{"@type":"WebPage","@id":"https:\/\/avush.com\/produkte\/","url":"https:\/\/avush.com\/produkte\/","name":"Objednajte si S\u00e9rum na Pigmentov\u00e9 \u0160kvrny &amp; Stareck\u00e9 \u0160kvrny Avush!","isPartOf":{"@id":"https:\/\/avush.com\/de\/#website"},"primaryImageOfPage":{"@id":"https:\/\/avush.com\/produkte\/#primaryimage"},"image":{"@id":"https:\/\/avush.com\/produkte\/#primaryimage"},"thumbnailUrl":"https:\/\/avush.com\/wp-content\/uploads\/2023\/06\/Liviol-Altersflecken-Pigmentflecken.jpg","datePublished":"2023-06-20T12:35:51+00:00","dateModified":"2023-10-24T12:45:19+00:00","description":"Objednajte si Avush S\u00e9rum na Pigmentov\u00e9 \u0160kvrny &amp; Stareck\u00e9 \u0160kvrny online. Teraz s e\u0161te silnej\u0161\u00edmi zlo\u017ekami pre r\u00fdchlej\u0161\u00ed \u00fa\u010dinok.","breadcrumb":{"@id":"https:\/\/avush.com\/produkte\/#breadcrumb"},"inLanguage":"sk-SK","potentialAction":[{"@type":"ReadAction","target":["https:\/\/avush.com\/produkte\/"]}]},{"@type":"ImageObject","inLanguage":"sk-SK","@id":"https:\/\/avush.com\/produkte\/#primaryimage","url":"https:\/\/avush.com\/wp-content\/uploads\/2023\/06\/Liviol-Altersflecken-Pigmentflecken.jpg","contentUrl":"https:\/\/avush.com\/wp-content\/uploads\/2023\/06\/Liviol-Altersflecken-Pigmentflecken.jpg"},{"@type":"BreadcrumbList","@id":"https:\/\/avush.com\/produkte\/#breadcrumb","itemListElement":[{"@type":"ListItem","position":1,"name":"Home","item":"https:\/\/avush.com\/"},{"@type":"ListItem","position":2,"name":"Produkte"}]},{"@type":"WebSite","@id":"https:\/\/avush.com\/de\/#website","url":"https:\/\/avush.com\/de\/","name":"Avush","description":"S\u00e9rum na pigmentov\u00e9 \u0161kvrny a stareck\u00e9 \u0161kvrny","publisher":{"@id":"https:\/\/avush.com\/de\/#organization"},"potentialAction":[{"@type":"SearchAction","target":{"@type":"EntryPoint","urlTemplate":"https:\/\/avush.com\/de\/?s={search_term_string}"},"query-input":{"@type":"PropertyValueSpecification","valueRequired":true,"valueName":"search_term_string"}}],"inLanguage":"sk-SK"},{"@type":"Organization","@id":"https:\/\/avush.com\/de\/#organization","name":"Avush","url":"https:\/\/avush.com\/de\/","logo":{"@type":"ImageObject","inLanguage":"sk-SK","@id":"https:\/\/avush.com\/de\/#\/schema\/logo\/image\/","url":"https:\/\/avush.com\/wp-content\/uploads\/2023\/07\/cropped-Avush-Logo-1.png","contentUrl":"https:\/\/avush.com\/wp-content\/uploads\/2023\/07\/cropped-Avush-Logo-1.png","width":200,"height":74,"caption":"Avush"},"image":{"@id":"https:\/\/avush.com\/de\/#\/schema\/logo\/image\/"}}]}},"uagb_featured_image_src":{"full":false,"thumbnail":false,"medium":false,"medium_large":false,"large":false,"1536x1536":false,"2048x2048":false,"trp-custom-language-flag":false,"woocommerce_thumbnail":false,"woocommerce_single":false,"woocommerce_gallery_thumbnail":false},"uagb_author_info":{"display_name":"Kerem085","author_link":"https:\/\/avush.com\/sk\/author\/kerem085\/"},"uagb_comment_info":0,"uagb_excerpt":"Liposomale &amp; fermentierte Formel f\u00fcr maximale Wirksamkeit","coauthors":[],"author_meta":{"author_link":"https:\/\/avush.com\/sk\/author\/kerem085\/","display_name":"Kerem085"},"relative_dates":{"created":"Posted 3 roky ago","modified":"Updated 2 roky ago"},"absolute_dates":{"created":"Posted on 20 j\u00fana, 2023","modified":"Updated on 24 okt\u00f3bra, 2023"},"absolute_dates_time":{"created":"Posted on 20 j\u00fana, 2023 12:35 pm","modified":"Updated on 24 okt\u00f3bra, 2023 2:45 pm"},"featured_img_caption":"","featured_img":false,"series_order":"","_links":{"self":[{"href":"https:\/\/avush.com\/sk\/wp-json\/wp\/v2\/pages\/166","targetHints":{"allow":["GET"]}}],"collection":[{"href":"https:\/\/avush.com\/sk\/wp-json\/wp\/v2\/pages"}],"about":[{"href":"https:\/\/avush.com\/sk\/wp-json\/wp\/v2\/types\/page"}],"author":[{"embeddable":true,"href":"https:\/\/avush.com\/sk\/wp-json\/wp\/v2\/users\/1"}],"replies":[{"embeddable":true,"href":"https:\/\/avush.com\/sk\/wp-json\/wp\/v2\/comments?post=166"}],"version-history":[{"count":21,"href":"https:\/\/avush.com\/sk\/wp-json\/wp\/v2\/pages\/166\/revisions"}],"predecessor-version":[{"id":1015,"href":"https:\/\/avush.com\/sk\/wp-json\/wp\/v2\/pages\/166\/revisions\/1015"}],"wp:attachment":[{"href":"https:\/\/avush.com\/sk\/wp-json\/wp\/v2\/media?parent=166"}],"curies":[{"name":"wp","href":"https:\/\/api.w.org\/{rel}","templated":true}]}}