{"id":181,"date":"2023-06-20T12:55:27","date_gmt":"2023-06-20T12:55:27","guid":{"rendered":"https:\/\/avush.com\/?post_type=product&#038;p=181"},"modified":"2025-12-31T16:09:16","modified_gmt":"2025-12-31T15:09:16","slug":"avush-serum","status":"publish","type":"product","link":"https:\/\/avush.com\/ro\/produs\/serul-avush\/","title":{"rendered":"Avush Ser pentru Pete Pigmentare"},"content":{"rendered":"<h2>Cerere:<\/h2>\n<p><span style=\"font-weight: 400;\">Aplica\u021bi tonicul pe un tampon de bumbac diminea\u021ba \u0219i seara, \u00eenainte de a aplica Ser \u0219i cur\u0103\u021ba\u021bi bine zona de piele corespunz\u0103toare. Apoi aplica\u021bi o cantitate suficient\u0103 de Ser. Se maseaz\u0103 u\u0219or \u0219i se las\u0103 s\u0103 se absoarb\u0103 complet.<\/span><\/p>\n<h2><span style=\"color: #8a949c;\">\u00cengrijire natural\u0103 \u0219i eficient\u0103 a pielii f\u0103r\u0103 hidrochinon\u0103 \u0219i acid kojic.<\/span><\/h2>\n<p><img loading=\"lazy\" decoding=\"async\" class=\"wp-image-329 size-full\" src=\"https:\/\/avush.com\/wp-content\/uploads\/2023\/06\/Altersflecken-Liviol.jpg\" alt=\"Liviol\" width=\"2000\" height=\"980\" srcset=\"https:\/\/avush.com\/wp-content\/uploads\/2023\/06\/Altersflecken-Liviol.jpg 2000w, https:\/\/avush.com\/wp-content\/uploads\/2023\/06\/Altersflecken-Liviol-300x147.jpg 300w, https:\/\/avush.com\/wp-content\/uploads\/2023\/06\/Altersflecken-Liviol-1024x502.jpg 1024w, https:\/\/avush.com\/wp-content\/uploads\/2023\/06\/Altersflecken-Liviol-768x376.jpg 768w, https:\/\/avush.com\/wp-content\/uploads\/2023\/06\/Altersflecken-Liviol-1536x753.jpg 1536w, https:\/\/avush.com\/wp-content\/uploads\/2023\/06\/Altersflecken-Liviol-600x294.jpg 600w\" sizes=\"auto, (max-width: 2000px) 100vw, 2000px\" \/><\/p>\n<p>La Avush, ne baz\u0103m pe ingrediente active din natur\u0103 \u0219i suntem convin\u0219i c\u0103 acestea sunt cheia unei \u00eengrijiri eficiente \u0219i con\u0219tiente a pielii. Cu toate acestea, dou\u0103 substan\u021be pe care nu le ve\u021bi g\u0103si \u00een produsele noastre sunt hidrochinona \u0219i acidul kojic. Ambele ingrediente sunt cunoscute pentru efectul lor de iluminare a pielii, dar utilizarea lor este \u00eentotdeauna discutat\u0103 \u00een mod critic.<\/p>\n<p>\u00cen locul acestor ingrediente controversate, ne baz\u0103m pe puterea alfa-arbutinei, un ingredient natural \u0219i sigur cu propriet\u0103\u021bi de albire. Pe l\u00e2ng\u0103 alfa-arbutin\u0103, folosim o serie de alte ingrediente naturale \u0219i sigure, inclusiv crin de nisip, extract de maz\u0103re \u0219i r\u0103d\u0103cin\u0103 de lemn dulce.<\/p>\n<p>Produsele noastre sunt vegane \u0219i sunt dezvoltate f\u0103r\u0103 teste pe animale - o expresie a standardelor noastre etice de produc\u021bie \u0219i a respectului nostru pentru toate fiin\u021bele vii. \u00cen plus, nu con\u021bin formaldehid\u0103, ftala\u021bi, sulfa\u021bi, parabeni, silicoane sau uleiuri minerale.<\/p>\n<p>\u00cen plus, acord\u0103m o mare importan\u021b\u0103 faptului c\u0103 nu folosim parfumuri artificiale. \u00cen schimb, d\u0103m produselor noastre parfumul lor pl\u0103cut prin utilizarea extractului natural de aloe vera, care are, de asemenea, propriet\u0103\u021bi hidratante \u0219i calmante.<\/p>\n<p>Avush reprezint\u0103 \u00eengrijirea con\u0219tient\u0103 \u0219i eficient\u0103 a pielii, cu care v\u0103 pute\u021bi sim\u021bi confortabil \u0219i \u00eencrez\u0103tor. Urma\u021bi recomand\u0103rile numero\u0219ilor no\u0219tri clien\u021bi mul\u021bumi\u021bi \u0219i \u00eencepe\u021bi c\u0103l\u0103toria c\u0103tre o piele mai s\u0103n\u0103toas\u0103 \u0219i mai uniform\u0103. Comanda\u021bi acum!<\/p>","protected":false},"excerpt":{"rendered":"<p class=\"p1\"><span class=\"s1\">Avush-<\/span><span class=\"s1\">Set: Serum (30ml) &amp; Tonic (100ml)<br \/>\n<span style=\"color: #5bc98b;\"><strong>Nou: formulare lipozomal\u0103!<\/strong><\/span><\/span><\/p>\n<ul>\n<li><span class=\"s1\">5% alfa-arbutin\u0103<\/span><\/li>\n<li>Liposomal \u0219i fermentat<\/li>\n<li>F\u0103r\u0103 hormoni, hidrochinon\u0103 \u0219i acid kojic<\/li>\n<li>Vegan \u0219i f\u0103r\u0103 teste pe animale<\/li>\n<li>Testat dermatologic<\/li>\n<\/ul>\n<p><img loading=\"lazy\" decoding=\"async\" class=\"alignnone wp-image-43\" src=\"https:\/\/avush.com\/wp-content\/uploads\/2021\/09\/Lo-2.jpg\" alt=\"\" width=\"340\" height=\"30\" srcset=\"https:\/\/avush.com\/wp-content\/uploads\/2021\/09\/Lo-2.jpg 941w, https:\/\/avush.com\/wp-content\/uploads\/2021\/09\/Lo-2-300x26.jpg 300w, https:\/\/avush.com\/wp-content\/uploads\/2021\/09\/Lo-2-768x68.jpg 768w, https:\/\/avush.com\/wp-content\/uploads\/2021\/09\/Lo-2-600x53.jpg 600w\" sizes=\"auto, (max-width: 340px) 100vw, 340px\" \/><\/p>\n<p><img loading=\"lazy\" decoding=\"async\" class=\"wp-image-1012\" src=\"https:\/\/avush.com\/wp-content\/uploads\/2023\/10\/Testsieger.jpg\" alt=\"Testul Avush\" width=\"146\" height=\"87\" srcset=\"https:\/\/avush.com\/wp-content\/uploads\/2023\/10\/Testsieger.jpg 1249w, https:\/\/avush.com\/wp-content\/uploads\/2023\/10\/Testsieger-300x179.jpg 300w, https:\/\/avush.com\/wp-content\/uploads\/2023\/10\/Testsieger-1024x610.jpg 1024w, https:\/\/avush.com\/wp-content\/uploads\/2023\/10\/Testsieger-768x457.jpg 768w, https:\/\/avush.com\/wp-content\/uploads\/2023\/10\/Testsieger-18x12.jpg 18w, https:\/\/avush.com\/wp-content\/uploads\/2023\/10\/Testsieger-600x357.jpg 600w\" sizes=\"auto, (max-width: 146px) 100vw, 146px\" \/><\/p>","protected":false},"author":1,"featured_media":389,"template":"","meta":{"_uag_custom_page_level_css":"","advgb_blocks_editor_width":"","advgb_blocks_columns_visual_guide":"","site-sidebar-layout":"default","site-content-layout":"default","ast-site-content-layout":"default","site-content-style":"default","site-sidebar-style":"default","ast-global-header-display":"","ast-banner-title-visibility":"","ast-main-header-display":"","ast-hfb-above-header-display":"","ast-hfb-below-header-display":"","ast-hfb-mobile-header-display":"","site-post-title":"","ast-breadcrumbs-content":"","ast-featured-img":"","footer-sml-layout":"","ast-disable-related-posts":"","theme-transparent-header-meta":"default","adv-header-id-meta":"","stick-header-meta":"default","header-above-stick-meta":"","header-main-stick-meta":"","header-below-stick-meta":"","astra-migrate-meta-layouts":"set","ast-page-background-enabled":"default","ast-page-background-meta":{"desktop":{"background-color":"","background-image":"","background-repeat":"repeat","background-position":"center center","background-size":"auto","background-attachment":"scroll","background-type":"","background-media":"","overlay-type":"","overlay-color":"","overlay-opacity":"","overlay-gradient":""},"tablet":{"background-color":"","background-image":"","background-repeat":"repeat","background-position":"center center","background-size":"auto","background-attachment":"scroll","background-type":"","background-media":"","overlay-type":"","overlay-color":"","overlay-opacity":"","overlay-gradient":""},"mobile":{"background-color":"","background-image":"","background-repeat":"repeat","background-position":"center center","background-size":"auto","background-attachment":"scroll","background-type":"","background-media":"","overlay-type":"","overlay-color":"","overlay-opacity":"","overlay-gradient":""}},"ast-content-background-meta":{"desktop":{"background-color":"var(--ast-global-color-5)","background-image":"","background-repeat":"repeat","background-position":"center center","background-size":"auto","background-attachment":"scroll","background-type":"","background-media":"","overlay-type":"","overlay-color":"","overlay-opacity":"","overlay-gradient":""},"tablet":{"background-color":"var(--ast-global-color-5)","background-image":"","background-repeat":"repeat","background-position":"center center","background-size":"auto","background-attachment":"scroll","background-type":"","background-media":"","overlay-type":"","overlay-color":"","overlay-opacity":"","overlay-gradient":""},"mobile":{"background-color":"var(--ast-global-color-5)","background-image":"","background-repeat":"repeat","background-position":"center center","background-size":"auto","background-attachment":"scroll","background-type":"","background-media":"","overlay-type":"","overlay-color":"","overlay-opacity":"","overlay-gradient":""}}},"product_brand":[],"product_cat":[35],"product_tag":[],"class_list":{"0":"post-181","1":"product","2":"type-product","3":"status-publish","4":"has-post-thumbnail","6":"product_cat-serum","7":"desktop-align-left","8":"tablet-align-left","9":"mobile-align-left","10":"ast-product-gallery-layout-vertical-slider","11":"ast-magnify-disabled","12":"ast-product-tabs-layout-horizontal","13":"ast-qv-on-image","15":"first","16":"instock","17":"taxable","18":"shipping-taxable","19":"purchasable","20":"product-type-simple"},"yoast_head":"<!-- This site is optimized with the Yoast SEO Premium plugin v26.6 (Yoast SEO v26.6) - https:\/\/yoast.com\/wordpress\/plugins\/seo\/ -->\n<title>Avush: Das Serum gegen Pigmentflecken und Altersflecken<\/title>\n<meta name=\"description\" content=\"Jetzt etwas gegen Pigmentflecken und Altersflecken tun mit Avush. Das Serum ohne Hormone f\u00fcr Frauen und M\u00e4nner jetzt bestellen!\" \/>\n<meta name=\"robots\" content=\"index, follow, max-snippet:-1, max-image-preview:large, max-video-preview:-1\" \/>\n<link rel=\"canonical\" href=\"https:\/\/avush.com\/ro\/produs\/serul-avush\/\" \/>\n<meta property=\"og:locale\" content=\"ro_RO\" \/>\n<meta property=\"og:type\" content=\"article\" \/>\n<meta property=\"og:title\" content=\"Avush Pigmentflecken &amp; Altersflecken Serum\" \/>\n<meta property=\"og:description\" content=\"Jetzt etwas gegen Pigmentflecken und Altersflecken tun mit Avush. Das Serum ohne Hormone f\u00fcr Frauen und M\u00e4nner jetzt bestellen!\" \/>\n<meta property=\"og:url\" content=\"https:\/\/avush.com\/ro\/produs\/serul-avush\/\" \/>\n<meta property=\"og:site_name\" content=\"Avush\" \/>\n<meta property=\"article:modified_time\" content=\"2025-12-31T15:09:16+00:00\" \/>\n<meta property=\"og:image\" content=\"https:\/\/avush.com\/wp-content\/uploads\/2023\/06\/Avush-03.jpg\" \/>\n\t<meta property=\"og:image:width\" content=\"1000\" \/>\n\t<meta property=\"og:image:height\" content=\"1000\" \/>\n\t<meta property=\"og:image:type\" content=\"image\/jpeg\" \/>\n<meta name=\"twitter:card\" content=\"summary_large_image\" \/>\n<meta name=\"twitter:label1\" content=\"Timp estimat pentru citire\" \/>\n\t<meta name=\"twitter:data1\" content=\"2 minute\" \/>\n<script type=\"application\/ld+json\" class=\"yoast-schema-graph\">{\"@context\":\"https:\/\/schema.org\",\"@graph\":[{\"@type\":\"WebPage\",\"@id\":\"https:\/\/avush.com\/produkt\/avush-serum\/\",\"url\":\"https:\/\/avush.com\/produkt\/avush-serum\/\",\"name\":\"Avush: Das Serum gegen Pigmentflecken und Altersflecken\",\"isPartOf\":{\"@id\":\"https:\/\/avush.com\/de\/#website\"},\"primaryImageOfPage\":{\"@id\":\"https:\/\/avush.com\/produkt\/avush-serum\/#primaryimage\"},\"image\":{\"@id\":\"https:\/\/avush.com\/produkt\/avush-serum\/#primaryimage\"},\"thumbnailUrl\":\"https:\/\/avush.com\/wp-content\/uploads\/2023\/06\/Avush-03.jpg\",\"datePublished\":\"2023-06-20T12:55:27+00:00\",\"dateModified\":\"2025-12-31T15:09:16+00:00\",\"description\":\"Jetzt etwas gegen Pigmentflecken und Altersflecken tun mit Avush. Das Serum ohne Hormone f\u00fcr Frauen und M\u00e4nner jetzt bestellen!\",\"breadcrumb\":{\"@id\":\"https:\/\/avush.com\/produkt\/avush-serum\/#breadcrumb\"},\"inLanguage\":\"ro-RO\",\"potentialAction\":[{\"@type\":\"ReadAction\",\"target\":[\"https:\/\/avush.com\/produkt\/avush-serum\/\"]}]},{\"@type\":\"ImageObject\",\"inLanguage\":\"ro-RO\",\"@id\":\"https:\/\/avush.com\/produkt\/avush-serum\/#primaryimage\",\"url\":\"https:\/\/avush.com\/wp-content\/uploads\/2023\/06\/Avush-03.jpg\",\"contentUrl\":\"https:\/\/avush.com\/wp-content\/uploads\/2023\/06\/Avush-03.jpg\",\"width\":1000,\"height\":1000,\"caption\":\"Avush\"},{\"@type\":\"BreadcrumbList\",\"@id\":\"https:\/\/avush.com\/produkt\/avush-serum\/#breadcrumb\",\"itemListElement\":[{\"@type\":\"ListItem\",\"position\":1,\"name\":\"Home\",\"item\":\"https:\/\/avush.com\/\"},{\"@type\":\"ListItem\",\"position\":2,\"name\":\"Shop\",\"item\":\"https:\/\/avush.com\/es\/shop\/\"},{\"@type\":\"ListItem\",\"position\":3,\"name\":\"Avush Pigmentflecken &#038; Altersflecken Serum\"}]},{\"@type\":\"WebSite\",\"@id\":\"https:\/\/avush.com\/de\/#website\",\"url\":\"https:\/\/avush.com\/de\/\",\"name\":\"Avush\",\"description\":\"Pigmentflecken &amp; Altersflecken Serum\",\"publisher\":{\"@id\":\"https:\/\/avush.com\/de\/#organization\"},\"potentialAction\":[{\"@type\":\"SearchAction\",\"target\":{\"@type\":\"EntryPoint\",\"urlTemplate\":\"https:\/\/avush.com\/de\/?s={search_term_string}\"},\"query-input\":{\"@type\":\"PropertyValueSpecification\",\"valueRequired\":true,\"valueName\":\"search_term_string\"}}],\"inLanguage\":\"ro-RO\"},{\"@type\":\"Organization\",\"@id\":\"https:\/\/avush.com\/de\/#organization\",\"name\":\"Avush\",\"url\":\"https:\/\/avush.com\/de\/\",\"logo\":{\"@type\":\"ImageObject\",\"inLanguage\":\"ro-RO\",\"@id\":\"https:\/\/avush.com\/de\/#\/schema\/logo\/image\/\",\"url\":\"https:\/\/avush.com\/wp-content\/uploads\/2023\/07\/cropped-Avush-Logo-1.png\",\"contentUrl\":\"https:\/\/avush.com\/wp-content\/uploads\/2023\/07\/cropped-Avush-Logo-1.png\",\"width\":200,\"height\":74,\"caption\":\"Avush\"},\"image\":{\"@id\":\"https:\/\/avush.com\/de\/#\/schema\/logo\/image\/\"}}]}<\/script>\n<!-- \/ Yoast SEO Premium plugin. -->","yoast_head_json":{"title":"Avush: Ser pentru Pete Pigmentare","description":"Face\u021bi ceva \u00eempotriva Pete Pigment\u0103rii acum cu Avush. Comanda\u021bi acum Serul f\u0103r\u0103 hormoni pentru femei \u0219i b\u0103rba\u021bi!","robots":{"index":"index","follow":"follow","max-snippet":"max-snippet:-1","max-image-preview":"max-image-preview:large","max-video-preview":"max-video-preview:-1"},"canonical":"https:\/\/avush.com\/ro\/produs\/serul-avush\/","og_locale":"ro_RO","og_type":"article","og_title":"Avush Pigmentflecken & Altersflecken Serum","og_description":"Jetzt etwas gegen Pigmentflecken und Altersflecken tun mit Avush. Das Serum ohne Hormone f\u00fcr Frauen und M\u00e4nner jetzt bestellen!","og_url":"https:\/\/avush.com\/ro\/produs\/serul-avush\/","og_site_name":"Avush","article_modified_time":"2025-12-31T15:09:16+00:00","og_image":[{"width":1000,"height":1000,"url":"https:\/\/avush.com\/wp-content\/uploads\/2023\/06\/Avush-03.jpg","type":"image\/jpeg"}],"twitter_card":"summary_large_image","twitter_misc":{"Timp estimat pentru citire":"2 minute"},"schema":{"@context":"https:\/\/schema.org","@graph":[{"@type":"WebPage","@id":"https:\/\/avush.com\/produkt\/avush-serum\/","url":"https:\/\/avush.com\/produkt\/avush-serum\/","name":"Avush: Ser pentru Pete Pigmentare","isPartOf":{"@id":"https:\/\/avush.com\/de\/#website"},"primaryImageOfPage":{"@id":"https:\/\/avush.com\/produkt\/avush-serum\/#primaryimage"},"image":{"@id":"https:\/\/avush.com\/produkt\/avush-serum\/#primaryimage"},"thumbnailUrl":"https:\/\/avush.com\/wp-content\/uploads\/2023\/06\/Avush-03.jpg","datePublished":"2023-06-20T12:55:27+00:00","dateModified":"2025-12-31T15:09:16+00:00","description":"Face\u021bi ceva \u00eempotriva Pete Pigment\u0103rii acum cu Avush. Comanda\u021bi acum Serul f\u0103r\u0103 hormoni pentru femei \u0219i b\u0103rba\u021bi!","breadcrumb":{"@id":"https:\/\/avush.com\/produkt\/avush-serum\/#breadcrumb"},"inLanguage":"ro-RO","potentialAction":[{"@type":"ReadAction","target":["https:\/\/avush.com\/produkt\/avush-serum\/"]}]},{"@type":"ImageObject","inLanguage":"ro-RO","@id":"https:\/\/avush.com\/produkt\/avush-serum\/#primaryimage","url":"https:\/\/avush.com\/wp-content\/uploads\/2023\/06\/Avush-03.jpg","contentUrl":"https:\/\/avush.com\/wp-content\/uploads\/2023\/06\/Avush-03.jpg","width":1000,"height":1000,"caption":"Avush"},{"@type":"BreadcrumbList","@id":"https:\/\/avush.com\/produkt\/avush-serum\/#breadcrumb","itemListElement":[{"@type":"ListItem","position":1,"name":"Home","item":"https:\/\/avush.com\/"},{"@type":"ListItem","position":2,"name":"Shop","item":"https:\/\/avush.com\/es\/shop\/"},{"@type":"ListItem","position":3,"name":"Avush Pigmentflecken &#038; Altersflecken Serum"}]},{"@type":"WebSite","@id":"https:\/\/avush.com\/de\/#website","url":"https:\/\/avush.com\/de\/","name":"Avush","description":"Serul pentru pete pigmentare \u0219i pete de v\u00e2rst\u0103","publisher":{"@id":"https:\/\/avush.com\/de\/#organization"},"potentialAction":[{"@type":"SearchAction","target":{"@type":"EntryPoint","urlTemplate":"https:\/\/avush.com\/de\/?s={search_term_string}"},"query-input":{"@type":"PropertyValueSpecification","valueRequired":true,"valueName":"search_term_string"}}],"inLanguage":"ro-RO"},{"@type":"Organization","@id":"https:\/\/avush.com\/de\/#organization","name":"Avush","url":"https:\/\/avush.com\/de\/","logo":{"@type":"ImageObject","inLanguage":"ro-RO","@id":"https:\/\/avush.com\/de\/#\/schema\/logo\/image\/","url":"https:\/\/avush.com\/wp-content\/uploads\/2023\/07\/cropped-Avush-Logo-1.png","contentUrl":"https:\/\/avush.com\/wp-content\/uploads\/2023\/07\/cropped-Avush-Logo-1.png","width":200,"height":74,"caption":"Avush"},"image":{"@id":"https:\/\/avush.com\/de\/#\/schema\/logo\/image\/"}}]}},"uagb_featured_image_src":{"full":["https:\/\/avush.com\/wp-content\/uploads\/2023\/06\/Avush-03.jpg",1000,1000,false],"thumbnail":["https:\/\/avush.com\/wp-content\/uploads\/2023\/06\/Avush-03-150x150.jpg",150,150,true],"medium":["https:\/\/avush.com\/wp-content\/uploads\/2023\/06\/Avush-03-300x300.jpg",300,300,true],"medium_large":["https:\/\/avush.com\/wp-content\/uploads\/2023\/06\/Avush-03-768x768.jpg",768,768,true],"large":["https:\/\/avush.com\/wp-content\/uploads\/2023\/06\/Avush-03.jpg",1000,1000,false],"1536x1536":["https:\/\/avush.com\/wp-content\/uploads\/2023\/06\/Avush-03.jpg",1000,1000,false],"2048x2048":["https:\/\/avush.com\/wp-content\/uploads\/2023\/06\/Avush-03.jpg",1000,1000,false],"trp-custom-language-flag":["https:\/\/avush.com\/wp-content\/uploads\/2023\/06\/Avush-03.jpg",12,12,false],"woocommerce_thumbnail":["https:\/\/avush.com\/wp-content\/uploads\/2023\/06\/Avush-03-300x300.jpg",300,300,true],"woocommerce_single":["https:\/\/avush.com\/wp-content\/uploads\/2023\/06\/Avush-03-600x600.jpg",600,600,true],"woocommerce_gallery_thumbnail":["https:\/\/avush.com\/wp-content\/uploads\/2023\/06\/Avush-03-100x100.jpg",100,100,true]},"uagb_author_info":{"display_name":"Kerem085","author_link":"https:\/\/avush.com\/ro\/author\/kerem085\/"},"uagb_comment_info":0,"uagb_excerpt":"Avush-Set: Serum (30ml) &amp; Tonic (100ml) Neu: Liposomale Formulierung! 5% Alpha-Arbutin Liposomal und Fermentiert Ohne Hormone, Hydrochinon und Kojis\u00e4ure Vegan und tierversuchsfrei Dermatologisch getestet","featured_img":"https:\/\/avush.com\/wp-content\/uploads\/2023\/06\/Avush-03.jpg","coauthors":[],"author_meta":{"author_link":"https:\/\/avush.com\/ro\/author\/kerem085\/","display_name":"Kerem085"},"relative_dates":{"created":"Posted 3 ani ago","modified":"Updated 4 luni ago"},"absolute_dates":{"created":"Posted on iunie 20, 2023","modified":"Updated on decembrie 31, 2025"},"absolute_dates_time":{"created":"Posted on iunie 20, 2023 12:55 pm","modified":"Updated on decembrie 31, 2025 4:09 pm"},"featured_img_caption":"Avush","tax_additional":{"product_brand":{"linked":[],"unlinked":[],"slug":"product_brand","name":"Branduri"},"product_type":{"linked":["<a href=\"https:\/\/avush.com\/ro\/?taxonomy=product_type&#038;term=simple\" class=\"advgb-post-tax-term\">simple<\/a>"],"unlinked":["<span class=\"advgb-post-tax-term\">simple<\/span>"],"slug":"product_type","name":"Tip de produs"},"product_visibility":{"linked":[],"unlinked":[],"slug":"product_visibility","name":"Vizibilitate produs"},"product_cat":{"linked":["<a href=\"https:\/\/avush.com\/ro\/categorie-produs\/serum\/\" class=\"advgb-post-tax-term\">Serum<\/a>"],"unlinked":["<span class=\"advgb-post-tax-term\">Serum<\/span>"],"slug":"product_cat","name":"Categorii de produse"},"product_tag":{"linked":[],"unlinked":[],"slug":"product_tag","name":"Etichete produs"},"product_shipping_class":{"linked":[],"unlinked":[],"slug":"product_shipping_class","name":"Clase de livrare produse"},"pa_brand":{"linked":[],"unlinked":[],"slug":"pa_brand","name":"Marke produs"}},"series_order":"","_links":{"self":[{"href":"https:\/\/avush.com\/ro\/wp-json\/wp\/v2\/product\/181","targetHints":{"allow":["GET"]}}],"collection":[{"href":"https:\/\/avush.com\/ro\/wp-json\/wp\/v2\/product"}],"about":[{"href":"https:\/\/avush.com\/ro\/wp-json\/wp\/v2\/types\/product"}],"wp:featuredmedia":[{"embeddable":true,"href":"https:\/\/avush.com\/ro\/wp-json\/wp\/v2\/media\/389"}],"wp:attachment":[{"href":"https:\/\/avush.com\/ro\/wp-json\/wp\/v2\/media?parent=181"}],"wp:term":[{"taxonomy":"product_brand","embeddable":true,"href":"https:\/\/avush.com\/ro\/wp-json\/wp\/v2\/product_brand?post=181"},{"taxonomy":"product_cat","embeddable":true,"href":"https:\/\/avush.com\/ro\/wp-json\/wp\/v2\/product_cat?post=181"},{"taxonomy":"product_tag","embeddable":true,"href":"https:\/\/avush.com\/ro\/wp-json\/wp\/v2\/product_tag?post=181"}],"curies":[{"name":"wp","href":"https:\/\/api.w.org\/{rel}","templated":true}]}}