{"id":14,"date":"2021-09-27T05:24:25","date_gmt":"2021-09-27T05:24:25","guid":{"rendered":"https:\/\/avush.com\/?page_id=14"},"modified":"2023-07-25T06:10:43","modified_gmt":"2023-07-25T06:10:43","slug":"agb","status":"publish","type":"page","link":"https:\/\/avush.com\/ro\/agb\/","title":{"rendered":"GT&amp;C"},"content":{"rendered":"<p><strong>Termeni \u0219i condi\u021bii generale \u0219i informa\u021bii pentru clien\u021bi<\/strong><\/p>\n\n\n\n<p>I. Termeni \u0219i condi\u021bii generale<\/p>\n\n\n\n<p>\u00a7 1 Dispozi\u021bii de baz\u0103<\/p>\n\n\n\n<p>(1) Urm\u0103torii termeni \u0219i condi\u021bii se aplic\u0103 tuturor contractelor pe care le \u00eencheia\u021bi cu noi, \u00een calitate de furnizor (Avush), prin intermediul site-ului www.avush.com. Cu excep\u021bia cazului \u00een care s-a convenit altfel, ne opunem includerii oric\u0103ror termeni \u0219i condi\u021bii proprii pe care le pute\u021bi utiliza.<\/p>\n\n\n\n<p>(2) Un consumator, \u00een sensul urm\u0103toarelor dispozi\u021bii, este orice persoan\u0103 fizic\u0103 care \u00eencheie un act juridic \u00een scopuri care nu pot fi atribuite \u00een mod predominant nici activit\u0103\u021bii sale comerciale, nici activit\u0103\u021bii sale profesionale independente. Un \u00eentreprinz\u0103tor este orice persoan\u0103 fizic\u0103 sau juridic\u0103 sau un parteneriat cu capacitate juridic\u0103 care, atunci c\u00e2nd \u00eencheie un act juridic, ac\u021bioneaz\u0103 \u00een exercitarea activit\u0103\u021bii sale profesionale sau comerciale independente.<\/p>\n\n\n\n<p>\u00a7 2 \u00cencheierea contractului<\/p>\n\n\n\n<p>(1) Obiectul contractului este v\u00e2nzarea de bunuri.<\/p>\n\n\n\n<p>(2) Prin plasarea produsului respectiv pe site-ul nostru, v\u0103 prezent\u0103m o ofert\u0103 obligatorie de a \u00eencheia un contract \u00een condi\u021biile stabilite \u00een descrierea articolului.<\/p>\n\n\n\n<p>(3) Contractul se \u00eencheie prin intermediul sistemului de co\u0219 de cump\u0103r\u0103turi online, dup\u0103 cum urmeaz\u0103:<br>Bunurile destinate achizi\u021bion\u0103rii sunt plasate \u00een \"co\u0219ul de cump\u0103r\u0103turi\". Pute\u021bi accesa \"co\u0219ul de cump\u0103r\u0103turi\" prin intermediul butonului corespunz\u0103tor din bara de navigare \u0219i pute\u021bi face modific\u0103ri \u00een orice moment.<br>Dup\u0103 apelarea paginii \"Checkout\" \u0219i introducerea datelor personale, precum \u0219i a condi\u021biilor de plat\u0103 \u0219i de expediere, toate datele comenzii sunt afi\u0219ate din nou pe pagina de prezentare a comenzii.<br>Dac\u0103 utiliza\u021bi un sistem de plat\u0103 instant (de exemplu PayPal \/ PayPal Express \/ PayPal Plus, Amazon Payments, Postpay, Sofort\u00fcberweisung) ca metod\u0103 de plat\u0103, ve\u021bi fi direc\u021bionat fie c\u0103tre pagina de prezentare a comenzii din magazinul nostru online, fie ve\u021bi fi redirec\u021bionat mai \u00eent\u00e2i c\u0103tre site-ul web al furnizorului sistemului de plat\u0103 instant.<br>Dac\u0103 sunte\u021bi redirec\u021bionat c\u0103tre sistemul de plat\u0103 instantanee respectiv, face\u021bi selec\u021bia corespunz\u0103toare sau introduce\u021bi datele dumneavoastr\u0103 acolo. \u00cen cele din urm\u0103, ve\u021bi fi redirec\u021bionat \u00eenapoi \u00een magazinul nostru online c\u0103tre pagina de prezentare general\u0103 a comenzii.<br>\u00cenainte de trimiterea comenzii, ave\u021bi posibilitatea de a verifica din nou toate detaliile, de a le modifica (inclusiv prin intermediul func\u021biei \"\u00eenapoi\" a browserului de internet) sau de a anula achizi\u021bia.<br>Prin trimiterea comenzii prin intermediul butonului \"Cump\u0103r\u0103 acum\", declara\u021bi c\u0103 accepta\u021bi oferta \u00een mod obligatoriu din punct de vedere juridic, prin care se \u00eencheie contractul.<\/p>\n\n\n\n<p>(4) Solicit\u0103rile dvs. de \u00eentocmire a unei oferte nu sunt obligatorii pentru dvs. V\u0103 vom prezenta o ofert\u0103 obligatorie \u00een form\u0103 de text (de exemplu, prin e-mail), pe care o pute\u021bi accepta \u00een termen de 5 zile.<\/p>\n\n\n\n<p>(5) Prelucrarea comenzii \u0219i transmiterea tuturor informa\u021biilor necesare \u00een leg\u0103tur\u0103 cu \u00eencheierea contractului se realizeaz\u0103 prin e-mail, par\u021bial \u00een mod automat. Prin urmare, trebuie s\u0103 v\u0103 asigura\u021bi c\u0103 adresa de e-mail pe care ne-a\u021bi furnizat-o este corect\u0103, c\u0103 recep\u021bia e-mailurilor este garantat\u0103 din punct de vedere tehnic \u0219i, \u00een special, c\u0103 nu este \u00eempiedicat\u0103 de filtrele SPAM.<\/p>\n\n\n\n<p>\u00a7 3 Durata contractului \/ Reziliere<\/p>\n\n\n\n<p>\u00cen cazul \u00een care contractul se refer\u0103 la servicii recurente\/permanente (abonament), contractul este \u00eencheiat pe o perioad\u0103 nedeterminat\u0103. Fiecare parte la contract are dreptul de a rezilia un astfel de contract f\u0103r\u0103 preaviz p\u00e2n\u0103 la urm\u0103toarea dat\u0103 de livrare, f\u0103r\u0103 a oferi motive. Dreptul de reziliere extraordinar\u0103 pentru motive \u00eentemeiate, \u00een special \u00eenc\u0103lcarea repetat\u0103 a principalelor obliga\u021bii contractuale, r\u0103m\u00e2ne neafectat.<\/p>\n\n\n\n<p>Anularea poate fi f\u0103cut\u0103 \u00een contul de client prin intermediul meniului \"Abonament\" \u0219i acolo prin intermediul \"Formular de anulare\" sau \u00een form\u0103 de text (prin po\u0219t\u0103 sau e-mail).<\/p>\n\n\n\n<p>\u00a7 4 Dreptul de reten\u021bie, dreptul de reten\u021bie a titlului<\/p>\n\n\n\n<p>(1) Pute\u021bi exercita un drept de reten\u021bie numai \u00een m\u0103sura \u00een care se refer\u0103 la crean\u021be din aceea\u0219i rela\u021bie contractual\u0103.<\/p>\n\n\n\n<p>(2) Bunurile r\u0103m\u00e2n proprietatea noastr\u0103 p\u00e2n\u0103 la plata integral\u0103 a pre\u021bului de achizi\u021bie.<\/p>\n\n\n\n<p>\u00a7 5 R\u0103spundere<\/p>\n\n\n\n<p>(1) R\u0103spundem \u00een fiecare caz, f\u0103r\u0103 limitare, pentru daunele care rezult\u0103 din v\u0103t\u0103marea vie\u021bii, a integrit\u0103\u021bii corporale sau a s\u0103n\u0103t\u0103\u021bii. \u00cen plus, r\u0103spundem f\u0103r\u0103 limitare \u00een toate cazurile de inten\u021bie \u0219i neglijen\u021b\u0103 grav\u0103, \u00een cazul ascunderii frauduloase a unui defect, \u00een cazul asum\u0103rii unei garan\u021bii pentru calitatea obiectului achizi\u021biei \u0219i \u00een toate celelalte cazuri reglementate de lege.<\/p>\n\n\n\n<p>(2) R\u0103spunderea pentru defectele care intr\u0103 \u00een sfera de aplicare a garan\u021biei legale este reglementat\u0103 de dispozi\u021bia corespunz\u0103toare din informa\u021biile noastre pentru clien\u021bi (partea II).<\/p>\n\n\n\n<p>(3) \u00cen m\u0103sura \u00een care sunt afectate obliga\u021bii contractuale esen\u021biale, r\u0103spunderea noastr\u0103 pentru neglijen\u021b\u0103 u\u0219oar\u0103 se limiteaz\u0103 la prejudiciul previzibil tipic pentru contract. Obliga\u021biile contractuale esen\u021biale sunt obliga\u021bii materiale care decurg din natura contractului \u0219i a c\u0103ror \u00eenc\u0103lcare ar pune \u00een pericol realizarea scopului contractului, precum \u0219i obliga\u021biile pe care contractul ni le impune conform con\u021binutului s\u0103u pentru realizarea scopului contractului, a c\u0103ror \u00eendeplinire face posibil\u0103 \u00een primul r\u00e2nd executarea corespunz\u0103toare a contractului \u0219i a c\u0103ror respectare v\u0103 pute\u021bi baza \u00een mod regulat.<\/p>\n\n\n\n<p>(4) \u00cen cazul unei \u00eenc\u0103lc\u0103ri a obliga\u021biilor contractuale imateriale, r\u0103spunderea este exclus\u0103 \u00een cazul \u00eenc\u0103lc\u0103rilor obliga\u021biilor din neglijen\u021b\u0103 u\u0219oar\u0103.<\/p>\n\n\n\n<p>(5) Nu se poate garanta c\u0103 transmiterea de date prin intermediul internetului este lipsit\u0103 de erori \u0219i\/sau este disponibil\u0103 \u00een orice moment, \u00een conformitate cu stadiul actual al tehnicii. \u00cen acest sens, nu suntem responsabili pentru disponibilitatea constant\u0103 sau ne\u00eentrerupt\u0103 a site-ului web \u0219i a serviciului oferit pe acesta.<\/p>\n\n\n\n<p>\u00a7 6 Alegerea legii aplicabile, locul de executare, locul de jurisdic\u021bie<\/p>\n\n\n\n<p>(1) Se aplic\u0103 dreptul german. \u00cen cazul consumatorilor, aceast\u0103 alegere a legii se aplic\u0103 numai \u00een m\u0103sura \u00een care protec\u021bia acordat\u0103 de dispozi\u021biile imperative ale legisla\u021biei statului de re\u0219edin\u021b\u0103 obi\u0219nuit\u0103 a consumatorului nu este retras\u0103 ca urmare a acestei alegeri (principiul favorabilit\u0103\u021bii).<\/p>\n\n\n\n<p>(2) Locul de executare pentru toate serviciile care decurg din rela\u021biile comerciale existente cu noi, precum \u0219i locul de jurisdic\u021bie este sediul nostru social, \u00een m\u0103sura \u00een care nu sunte\u021bi un consumator, ci un comerciant, o persoan\u0103 juridic\u0103 de drept public sau un fond special de drept public. Acela\u0219i lucru este valabil \u0219i \u00een cazul \u00een care nu ave\u021bi un loc de jurisdic\u021bie general\u0103 \u00een Germania sau \u00een UE sau dac\u0103 locul de re\u0219edin\u021b\u0103 sau domiciliul dumneavoastr\u0103 obi\u0219nuit este necunoscut la momentul introducerii ac\u021biunii. Dreptul de a introduce, de asemenea, o ac\u021biune \u00een fa\u021ba instan\u021bei de la un alt loc de jurisdic\u021bie prev\u0103zut de lege nu este afectat de acest lucru.<\/p>\n\n\n\n<p>(3) Dispozi\u021biile Conven\u021biei ONU privind contractele de v\u00e2nzare interna\u021bional\u0103 de m\u0103rfuri nu se aplic\u0103 \u00een mod expres.<\/p>\n\n\n\n<p>_______<\/p>\n\n\n\n<p>II. Informa\u021bii despre clien\u021bi<\/p>\n\n\n\n<p>1. Identitatea v\u00e2nz\u0103torului<\/p>\n\n\n\n<figure class=\"wp-block-image size-full is-resized\"><img loading=\"lazy\" decoding=\"async\" src=\"https:\/\/avush.com\/wp-content\/uploads\/2023\/06\/Liviol-impr.png\" alt=\"\" class=\"wp-image-135\" width=\"241\" height=\"171\" srcset=\"https:\/\/avush.com\/wp-content\/uploads\/2023\/06\/Liviol-impr.png 549w, https:\/\/avush.com\/wp-content\/uploads\/2023\/06\/Liviol-impr-300x213.png 300w\" sizes=\"auto, (max-width: 241px) 100vw, 241px\" \/><\/figure>\n\n\n\n<p>Comisia European\u0103 pune la dispozi\u021bie o platform\u0103 de solu\u021bionare extrajudiciar\u0103 a litigiilor online (platforma ODR), disponibil\u0103 la adresa&nbsp;<a href=\"http:\/\/ec.europa.eu\/odr\" target=\"_blank\" rel=\"noreferrer noopener\">http:\/\/ec.europa.eu\/odr<\/a>.<\/p>\n\n\n\n<p>2. Informa\u021bii privind \u00eencheierea contractului<\/p>\n\n\n\n<p>Etapele tehnice pentru \u00eencheierea contractului, \u00eencheierea contractului \u00een sine \u0219i op\u021biunile de corec\u021bie se desf\u0103\u0219oar\u0103 \u00een conformitate cu \u00a7 2 din Termenii \u0219i condi\u021biile noastre generale (partea I).<\/p>\n\n\n\n<p>3. Limbajul contractului, stocarea textului contractului<\/p>\n\n\n\n<p>3.1 Limba contractual\u0103 este engleza.<\/p>\n\n\n\n<p>3.2 Textul complet al contractului nu va fi stocat de c\u0103tre noi. \u00cenainte de trimiterea comenzii prin intermediul sistemului de co\u0219 de cump\u0103r\u0103turi online, datele contractului pot fi tip\u0103rite sau salvate electronic cu ajutorul func\u021biei de imprimare a browserului. Dup\u0103 primirea comenzii de c\u0103tre noi, datele comenzii, informa\u021biile necesare din punct de vedere legal pentru contractele la distan\u021b\u0103 \u0219i Termenii \u0219i condi\u021biile generale v\u0103 vor fi trimise din nou prin e-mail.<\/p>\n\n\n\n<p>3.3. \u00cen cazul cererilor de ofert\u0103 \u00een afara sistemului de co\u0219 de cump\u0103r\u0103turi online, ve\u021bi primi toate datele contractuale ca parte a unei oferte obligatorii sub form\u0103 de text, de exemplu prin e-mail, pe care \u00eel pute\u021bi imprima sau salva electronic.<\/p>\n\n\n\n<p>4. Caracteristicile esen\u021biale ale produselor sau serviciilor<\/p>\n\n\n\n<p>Caracteristicile esen\u021biale ale bunurilor \u0219i\/sau serviciilor pot fi g\u0103site \u00een oferta respectiv\u0103.<\/p>\n\n\n\n<p>5. Pre\u021buri \u0219i modalit\u0103\u021bi de plat\u0103<\/p>\n\n\n\n<p>5.1 Pre\u021burile men\u021bionate \u00een ofertele respective, precum \u0219i costurile de transport reprezint\u0103 pre\u021burile totale. Acestea includ toate componentele pre\u021bului, inclusiv toate taxele aplicabile.<\/p>\n\n\n\n<p>5.2. Costurile de transport suportate nu sunt incluse \u00een pre\u021bul de achizi\u021bie. Acestea pot fi apelate prin intermediul unui buton desemnat \u00een mod corespunz\u0103tor pe site-ul nostru sau \u00een oferta respectiv\u0103, sunt afi\u0219ate separat \u00een cursul procesului de comand\u0103 \u0219i trebuie suportate suplimentar de c\u0103tre dumneavoastr\u0103, cu excep\u021bia cazului \u00een care a fost promis\u0103 livrarea gratuit\u0103.<\/p>\n\n\n\n<p>5.3 Metodele de plat\u0103 disponibile pentru dvs. sunt afi\u0219ate sub un buton desemnat corespunz\u0103tor pe site-ul nostru web sau \u00een oferta respectiv\u0103.<\/p>\n\n\n\n<p>5.4 Cu excep\u021bia cazului \u00een care se prevede altfel \u00een modalit\u0103\u021bile de plat\u0103 individuale, crean\u021bele de plat\u0103 care decurg din contractul \u00eencheiat trebuie pl\u0103tite imediat.<\/p>\n\n\n\n<p>6. Condi\u021bii de livrare<\/p>\n\n\n\n<p>6.1 Termenii \u0219i condi\u021biile de livrare, data de livrare \u0219i orice restric\u021bii de livrare existente pot fi g\u0103site sub un buton desemnat corespunz\u0103tor pe site-ul nostru web sau \u00een oferta respectiv\u0103.<\/p>\n\n\n\n<p>6.2 \u00cen cazul \u00een care sunte\u021bi consumator, este reglementat prin lege faptul c\u0103 riscul de pierdere accidental\u0103 \u0219i de deteriorare accidental\u0103 a obiectului v\u00e2ndut \u00een timpul transportului trece la dumneavoastr\u0103 numai \u00een momentul pred\u0103rii bunurilor, indiferent dac\u0103 transportul este asigurat sau nu. Acest lucru nu se aplic\u0103 \u00een cazul \u00een care a\u021bi \u00eens\u0103rcinat \u00een mod independent o firm\u0103 de transport care nu a fost desemnat\u0103 de antreprenor sau o persoan\u0103 desemnat\u0103 \u00een alt mod s\u0103 efectueze expedierea.<\/p>\n\n\n\n<p>7. R\u0103spunderea legal\u0103 pentru defecte<\/p>\n\n\n\n<p>7.1 Se aplic\u0103 drepturile legale de r\u0103spundere pentru defecte.<\/p>\n\n\n\n<p>7.2 \u00cen calitate de consumator, sunte\u021bi rugat s\u0103 verifica\u021bi imediat dup\u0103 livrare dac\u0103 bunurile sunt complete, dac\u0103 prezint\u0103 defecte evidente \u0219i dac\u0103 sunt deteriorate \u00een timpul transportului \u0219i s\u0103 ne anun\u021ba\u021bi pe noi \u0219i pe transportator despre orice reclama\u021bie c\u00e2t mai cur\u00e2nd posibil. \u00cen cazul \u00een care nu respecta\u021bi acest lucru, acest lucru nu va avea niciun efect asupra preten\u021biilor dumneavoastr\u0103 de garan\u021bie legal\u0103.<\/p>","protected":false},"excerpt":{"rendered":"<p>Allgemeine Gesch\u00e4ftsbedingungen und Kundeninformationen I. Allgemeine Gesch\u00e4ftsbedingungen \u00a7 1 Grundlegende Bestimmungen (1) Die nachstehenden Gesch\u00e4ftsbedingungen gelten f\u00fcr alle Vertr\u00e4ge, die Sie mit uns als Anbieter (Avush) \u00fcber die Internetseite www.avush.com [&hellip;]<\/p>","protected":false},"author":1,"featured_media":0,"parent":0,"menu_order":0,"comment_status":"closed","ping_status":"closed","template":"","meta":{"_uag_custom_page_level_css":"","advgb_blocks_editor_width":"","advgb_blocks_columns_visual_guide":"","site-sidebar-layout":"default","site-content-layout":"default","ast-site-content-layout":"default","site-content-style":"default","site-sidebar-style":"default","ast-global-header-display":"","ast-banner-title-visibility":"","ast-main-header-display":"","ast-hfb-above-header-display":"","ast-hfb-below-header-display":"","ast-hfb-mobile-header-display":"","site-post-title":"","ast-breadcrumbs-content":"","ast-featured-img":"","footer-sml-layout":"","ast-disable-related-posts":"","theme-transparent-header-meta":"default","adv-header-id-meta":"","stick-header-meta":"default","header-above-stick-meta":"","header-main-stick-meta":"","header-below-stick-meta":"","astra-migrate-meta-layouts":"default","ast-page-background-enabled":"default","ast-page-background-meta":{"desktop":{"background-color":"","background-image":"","background-repeat":"repeat","background-position":"center center","background-size":"auto","background-attachment":"scroll","background-type":"","background-media":"","overlay-type":"","overlay-color":"","overlay-opacity":"","overlay-gradient":""},"tablet":{"background-color":"","background-image":"","background-repeat":"repeat","background-position":"center center","background-size":"auto","background-attachment":"scroll","background-type":"","background-media":"","overlay-type":"","overlay-color":"","overlay-opacity":"","overlay-gradient":""},"mobile":{"background-color":"","background-image":"","background-repeat":"repeat","background-position":"center center","background-size":"auto","background-attachment":"scroll","background-type":"","background-media":"","overlay-type":"","overlay-color":"","overlay-opacity":"","overlay-gradient":""}},"ast-content-background-meta":{"desktop":{"background-color":"var(--ast-global-color-5)","background-image":"","background-repeat":"repeat","background-position":"center center","background-size":"auto","background-attachment":"scroll","background-type":"","background-media":"","overlay-type":"","overlay-color":"","overlay-opacity":"","overlay-gradient":""},"tablet":{"background-color":"var(--ast-global-color-5)","background-image":"","background-repeat":"repeat","background-position":"center center","background-size":"auto","background-attachment":"scroll","background-type":"","background-media":"","overlay-type":"","overlay-color":"","overlay-opacity":"","overlay-gradient":""},"mobile":{"background-color":"var(--ast-global-color-5)","background-image":"","background-repeat":"repeat","background-position":"center center","background-size":"auto","background-attachment":"scroll","background-type":"","background-media":"","overlay-type":"","overlay-color":"","overlay-opacity":"","overlay-gradient":""}},"footnotes":""},"class_list":["post-14","page","type-page","status-publish","hentry"],"yoast_head":"<!-- This site is optimized with the Yoast SEO Premium plugin v26.6 (Yoast SEO v26.6) - https:\/\/yoast.com\/wordpress\/plugins\/seo\/ -->\n<title>AGB - Avush<\/title>\n<meta name=\"robots\" content=\"noindex, nofollow\" \/>\n<meta property=\"og:locale\" content=\"ro_RO\" \/>\n<meta property=\"og:type\" content=\"article\" \/>\n<meta property=\"og:title\" content=\"AGB\" \/>\n<meta property=\"og:description\" content=\"Allgemeine Gesch\u00e4ftsbedingungen und Kundeninformationen I. Allgemeine Gesch\u00e4ftsbedingungen \u00a7 1 Grundlegende Bestimmungen (1) Die nachstehenden Gesch\u00e4ftsbedingungen gelten f\u00fcr alle Vertr\u00e4ge, die Sie mit uns als Anbieter (Avush) \u00fcber die Internetseite www.avush.com [&hellip;]\" \/>\n<meta property=\"og:url\" content=\"https:\/\/avush.com\/ro\/agb\/\" \/>\n<meta property=\"og:site_name\" content=\"Avush\" \/>\n<meta property=\"article:modified_time\" content=\"2023-07-25T06:10:43+00:00\" \/>\n<meta property=\"og:image\" content=\"https:\/\/avush.com\/wp-content\/uploads\/2023\/06\/Liviol-impr.png\" \/>\n<meta name=\"twitter:card\" content=\"summary_large_image\" \/>\n<meta name=\"twitter:label1\" content=\"Timp estimat pentru citire\" \/>\n\t<meta name=\"twitter:data1\" content=\"8 minute\" \/>\n<script type=\"application\/ld+json\" class=\"yoast-schema-graph\">{\"@context\":\"https:\/\/schema.org\",\"@graph\":[{\"@type\":\"WebPage\",\"@id\":\"https:\/\/avush.com\/sl\/agb\/\",\"url\":\"https:\/\/avush.com\/sl\/agb\/\",\"name\":\"AGB - Avush\",\"isPartOf\":{\"@id\":\"https:\/\/avush.com\/de\/#website\"},\"primaryImageOfPage\":{\"@id\":\"https:\/\/avush.com\/sl\/agb\/#primaryimage\"},\"image\":{\"@id\":\"https:\/\/avush.com\/sl\/agb\/#primaryimage\"},\"thumbnailUrl\":\"https:\/\/avush.com\/wp-content\/uploads\/2023\/06\/Liviol-impr.png\",\"datePublished\":\"2021-09-27T05:24:25+00:00\",\"dateModified\":\"2023-07-25T06:10:43+00:00\",\"breadcrumb\":{\"@id\":\"https:\/\/avush.com\/sl\/agb\/#breadcrumb\"},\"inLanguage\":\"ro-RO\",\"potentialAction\":[{\"@type\":\"ReadAction\",\"target\":[\"https:\/\/avush.com\/sl\/agb\/\"]}]},{\"@type\":\"ImageObject\",\"inLanguage\":\"ro-RO\",\"@id\":\"https:\/\/avush.com\/sl\/agb\/#primaryimage\",\"url\":\"https:\/\/avush.com\/wp-content\/uploads\/2023\/06\/Liviol-impr.png\",\"contentUrl\":\"https:\/\/avush.com\/wp-content\/uploads\/2023\/06\/Liviol-impr.png\"},{\"@type\":\"BreadcrumbList\",\"@id\":\"https:\/\/avush.com\/sl\/agb\/#breadcrumb\",\"itemListElement\":[{\"@type\":\"ListItem\",\"position\":1,\"name\":\"Home\",\"item\":\"https:\/\/avush.com\/\"},{\"@type\":\"ListItem\",\"position\":2,\"name\":\"AGB\"}]},{\"@type\":\"WebSite\",\"@id\":\"https:\/\/avush.com\/de\/#website\",\"url\":\"https:\/\/avush.com\/de\/\",\"name\":\"Avush\",\"description\":\"Pigmentflecken &amp; Altersflecken Serum\",\"publisher\":{\"@id\":\"https:\/\/avush.com\/de\/#organization\"},\"potentialAction\":[{\"@type\":\"SearchAction\",\"target\":{\"@type\":\"EntryPoint\",\"urlTemplate\":\"https:\/\/avush.com\/de\/?s={search_term_string}\"},\"query-input\":{\"@type\":\"PropertyValueSpecification\",\"valueRequired\":true,\"valueName\":\"search_term_string\"}}],\"inLanguage\":\"ro-RO\"},{\"@type\":\"Organization\",\"@id\":\"https:\/\/avush.com\/de\/#organization\",\"name\":\"Avush\",\"url\":\"https:\/\/avush.com\/de\/\",\"logo\":{\"@type\":\"ImageObject\",\"inLanguage\":\"ro-RO\",\"@id\":\"https:\/\/avush.com\/de\/#\/schema\/logo\/image\/\",\"url\":\"https:\/\/avush.com\/wp-content\/uploads\/2023\/07\/cropped-Avush-Logo-1.png\",\"contentUrl\":\"https:\/\/avush.com\/wp-content\/uploads\/2023\/07\/cropped-Avush-Logo-1.png\",\"width\":200,\"height\":74,\"caption\":\"Avush\"},\"image\":{\"@id\":\"https:\/\/avush.com\/de\/#\/schema\/logo\/image\/\"}}]}<\/script>\n<!-- \/ Yoast SEO Premium plugin. -->","yoast_head_json":{"title":"AGB - Avush","robots":{"index":"noindex","follow":"nofollow"},"og_locale":"ro_RO","og_type":"article","og_title":"AGB","og_description":"Allgemeine Gesch\u00e4ftsbedingungen und Kundeninformationen I. Allgemeine Gesch\u00e4ftsbedingungen \u00a7 1 Grundlegende Bestimmungen (1) Die nachstehenden Gesch\u00e4ftsbedingungen gelten f\u00fcr alle Vertr\u00e4ge, die Sie mit uns als Anbieter (Avush) \u00fcber die Internetseite www.avush.com [&hellip;]","og_url":"https:\/\/avush.com\/ro\/agb\/","og_site_name":"Avush","article_modified_time":"2023-07-25T06:10:43+00:00","og_image":[{"url":"https:\/\/avush.com\/wp-content\/uploads\/2023\/06\/Liviol-impr.png","type":"","width":"","height":""}],"twitter_card":"summary_large_image","twitter_misc":{"Timp estimat pentru citire":"8 minute"},"schema":{"@context":"https:\/\/schema.org","@graph":[{"@type":"WebPage","@id":"https:\/\/avush.com\/sl\/agb\/","url":"https:\/\/avush.com\/sl\/agb\/","name":"AGB - Avush","isPartOf":{"@id":"https:\/\/avush.com\/de\/#website"},"primaryImageOfPage":{"@id":"https:\/\/avush.com\/sl\/agb\/#primaryimage"},"image":{"@id":"https:\/\/avush.com\/sl\/agb\/#primaryimage"},"thumbnailUrl":"https:\/\/avush.com\/wp-content\/uploads\/2023\/06\/Liviol-impr.png","datePublished":"2021-09-27T05:24:25+00:00","dateModified":"2023-07-25T06:10:43+00:00","breadcrumb":{"@id":"https:\/\/avush.com\/sl\/agb\/#breadcrumb"},"inLanguage":"ro-RO","potentialAction":[{"@type":"ReadAction","target":["https:\/\/avush.com\/sl\/agb\/"]}]},{"@type":"ImageObject","inLanguage":"ro-RO","@id":"https:\/\/avush.com\/sl\/agb\/#primaryimage","url":"https:\/\/avush.com\/wp-content\/uploads\/2023\/06\/Liviol-impr.png","contentUrl":"https:\/\/avush.com\/wp-content\/uploads\/2023\/06\/Liviol-impr.png"},{"@type":"BreadcrumbList","@id":"https:\/\/avush.com\/sl\/agb\/#breadcrumb","itemListElement":[{"@type":"ListItem","position":1,"name":"Home","item":"https:\/\/avush.com\/"},{"@type":"ListItem","position":2,"name":"AGB"}]},{"@type":"WebSite","@id":"https:\/\/avush.com\/de\/#website","url":"https:\/\/avush.com\/de\/","name":"Avush","description":"Serul pentru pete pigmentare \u0219i pete de v\u00e2rst\u0103","publisher":{"@id":"https:\/\/avush.com\/de\/#organization"},"potentialAction":[{"@type":"SearchAction","target":{"@type":"EntryPoint","urlTemplate":"https:\/\/avush.com\/de\/?s={search_term_string}"},"query-input":{"@type":"PropertyValueSpecification","valueRequired":true,"valueName":"search_term_string"}}],"inLanguage":"ro-RO"},{"@type":"Organization","@id":"https:\/\/avush.com\/de\/#organization","name":"Avush","url":"https:\/\/avush.com\/de\/","logo":{"@type":"ImageObject","inLanguage":"ro-RO","@id":"https:\/\/avush.com\/de\/#\/schema\/logo\/image\/","url":"https:\/\/avush.com\/wp-content\/uploads\/2023\/07\/cropped-Avush-Logo-1.png","contentUrl":"https:\/\/avush.com\/wp-content\/uploads\/2023\/07\/cropped-Avush-Logo-1.png","width":200,"height":74,"caption":"Avush"},"image":{"@id":"https:\/\/avush.com\/de\/#\/schema\/logo\/image\/"}}]}},"uagb_featured_image_src":{"full":false,"thumbnail":false,"medium":false,"medium_large":false,"large":false,"1536x1536":false,"2048x2048":false,"trp-custom-language-flag":false,"woocommerce_thumbnail":false,"woocommerce_single":false,"woocommerce_gallery_thumbnail":false},"uagb_author_info":{"display_name":"Kerem085","author_link":"https:\/\/avush.com\/ro\/author\/kerem085\/"},"uagb_comment_info":0,"uagb_excerpt":"Allgemeine Gesch\u00e4ftsbedingungen und Kundeninformationen I. Allgemeine Gesch\u00e4ftsbedingungen \u00a7 1 Grundlegende Bestimmungen (1) Die nachstehenden Gesch\u00e4ftsbedingungen gelten f\u00fcr alle Vertr\u00e4ge, die Sie mit uns als Anbieter (Avush) \u00fcber die Internetseite www.avush.com [&hellip;]","coauthors":[],"author_meta":{"author_link":"https:\/\/avush.com\/ro\/author\/kerem085\/","display_name":"Kerem085"},"relative_dates":{"created":"Posted 5 ani ago","modified":"Updated 3 ani ago"},"absolute_dates":{"created":"Posted on septembrie 27, 2021","modified":"Updated on iulie 25, 2023"},"absolute_dates_time":{"created":"Posted on septembrie 27, 2021 5:24 am","modified":"Updated on iulie 25, 2023 6:10 am"},"featured_img_caption":"","featured_img":false,"series_order":"","_links":{"self":[{"href":"https:\/\/avush.com\/ro\/wp-json\/wp\/v2\/pages\/14","targetHints":{"allow":["GET"]}}],"collection":[{"href":"https:\/\/avush.com\/ro\/wp-json\/wp\/v2\/pages"}],"about":[{"href":"https:\/\/avush.com\/ro\/wp-json\/wp\/v2\/types\/page"}],"author":[{"embeddable":true,"href":"https:\/\/avush.com\/ro\/wp-json\/wp\/v2\/users\/1"}],"replies":[{"embeddable":true,"href":"https:\/\/avush.com\/ro\/wp-json\/wp\/v2\/comments?post=14"}],"version-history":[{"count":4,"href":"https:\/\/avush.com\/ro\/wp-json\/wp\/v2\/pages\/14\/revisions"}],"predecessor-version":[{"id":579,"href":"https:\/\/avush.com\/ro\/wp-json\/wp\/v2\/pages\/14\/revisions\/579"}],"wp:attachment":[{"href":"https:\/\/avush.com\/ro\/wp-json\/wp\/v2\/media?parent=14"}],"curies":[{"name":"wp","href":"https:\/\/api.w.org\/{rel}","templated":true}]}}