{"id":15,"date":"2021-09-27T05:24:25","date_gmt":"2021-09-27T05:24:25","guid":{"rendered":"https:\/\/avush.com\/?page_id=15"},"modified":"2023-12-06T15:49:10","modified_gmt":"2023-12-06T14:49:10","slug":"widerrufsrecht","status":"publish","type":"page","link":"https:\/\/avush.com\/nl\/recht-van-herroeping\/","title":{"rendered":"Herroepingsrecht"},"content":{"rendered":"<p><strong>Herroepingsrecht voor consumenten<\/strong><\/p>\n\n\n\n<p>Een consument is een natuurlijke persoon die een juridische transactie aangaat voor doeleinden die overwegend niet kunnen worden toegeschreven aan zijn of haar commerci\u00eble of zelfstandige beroepsactiviteit.<\/p>\n\n\n\n<p><strong>Annuleringsvoorwaarden Avush<\/strong><\/p>\n\n\n\n<p><strong>Herroepingsrecht<\/strong><\/p>\n\n\n\n<p>Je hebt het recht om dit contract binnen veertien dagen op te zeggen. <strong>Het herroepingsrecht is uitgesloten voor gebruikte hygi\u00ebneartikelen.<\/strong> De annuleringstermijn is veertien dagen vanaf de dag waarop u of een door u genoemde derde, die niet de vervoerder is, de goederen in bezit heeft of heeft genomen, op voorwaarde dat u een of meer goederen als onderdeel van \u00e9\u00e9n bestelling hebt besteld en deze uniform worden of zullen worden geleverd.<\/p>\n\n\n\n<p>Om uw herroepingsrecht uit te oefenen, moet u ons door middel van een duidelijke verklaring (bijvoorbeeld een brief per post, fax of e-mail) op de hoogte stellen van uw beslissing dit contract te herroepen. U kunt hiervoor het bijgevoegde modelformulier voor herroeping gebruiken, dat echter niet verplicht is.<\/p>\n\n\n\n<p>Om te voldoen aan de annuleringstermijn, is het voldoende dat u de kennisgeving van de uitoefening van het annuleringsrecht verzendt voor het einde van de annuleringstermijn.<\/p>\n\n\n\n<p>De herroeping wordt gericht aan<\/p>\n\n\n\n<p><\/p>\n\n\n\n<figure class=\"wp-block-image size-full is-resized\"><img loading=\"lazy\" decoding=\"async\" width=\"650\" height=\"685\" src=\"https:\/\/avush.com\/wp-content\/uploads\/2023\/06\/Im-002.jpg\" alt=\"\" class=\"wp-image-152\" style=\"object-fit:cover;width:237px;height:250px\" srcset=\"https:\/\/avush.com\/wp-content\/uploads\/2023\/06\/Im-002.jpg 650w, https:\/\/avush.com\/wp-content\/uploads\/2023\/06\/Im-002-285x300.jpg 285w, https:\/\/avush.com\/wp-content\/uploads\/2023\/06\/Im-002-600x632.jpg 600w\" sizes=\"auto, (max-width: 650px) 100vw, 650px\" \/><\/figure>\n\n\n\n<p><\/p>\n\n\n\n<p><strong>Afleveradres hieronder.<\/strong><\/p>\n\n\n\n<p><strong>Gevolgen van intrekking<\/strong><\/p>\n\n\n\n<p>Als u deze overeenkomst herroept, moeten wij u alle betalingen die wij van u hebben ontvangen, inclusief de leveringskosten (met uitzondering van de extra kosten die voortvloeien uit het feit dat u hebt gekozen voor een ander type levering dan de door ons aangeboden goedkoopste standaardlevering), onverwijld en uiterlijk binnen veertien dagen na de dag waarop wij de kennisgeving van uw herroeping van deze overeenkomst hebben ontvangen, terugbetalen. Voor deze terugbetaling gebruiken wij hetzelfde betaalmiddel dat u voor de oorspronkelijke transactie hebt gebruikt, tenzij uitdrukkelijk anders met u is overeengekomen; in geen geval worden u voor deze terugbetaling kosten in rekening gebracht.<\/p>\n\n\n\n<p>We kunnen terugbetaling weigeren totdat we de goederen hebben teruggekregen of totdat je hebt aangetoond dat je de goederen hebt teruggezonden, afhankelijk van wat het eerst gebeurt.<\/p>\n\n\n\n<p><strong>Geeft<\/strong><\/p>\n\n\n\n<p>U moet de goederen onverwijld aan ons terugzenden of overhandigen en in ieder geval niet later dan veertien dagen vanaf de dag waarop u ons op de hoogte hebt gesteld van de annulering van dit contract. Aan de termijn is voldaan als u de goederen voor het einde van de periode van veertien dagen opstuurt.<\/p>\n\n\n\n<p>U draagt de directe kosten voor het terugzenden van de goederen.<\/p>\n\n\n\n<p>Je hoeft alleen te betalen voor eventuele waardevermindering van de goederen als deze waardevermindering het gevolg is van een behandeling van de goederen die niet noodzakelijk is voor het testen van de kwaliteit, kenmerken en werking van de goederen.<\/p>\n\n\n\n<p><strong>Redenen voor uitsluiting of afloop<\/strong><\/p>\n\n\n\n<p><strong>Uitsluiting van het herroepingsrecht<\/strong>:<\/p>\n\n\n\n<p>Geen herroepingsrecht voor goederen die snel bederven of waarvan de houdbaarheidsdatum snel zou worden overschreden. Voortijdige vervaldatum bij levering van verzegelde goederen die om redenen van gezondheidsbescherming of hygi\u00ebne niet geschikt zijn voor retourzending indien het zegel na levering is verwijderd; (1) Er bestaat geen herroepingsrecht voor de Avush overeenkomstig \u00a7 312g lid 2 nr. 2 BGB indien het zegel uit de verpakking is verwijderd. De reden hiervoor is dat de Avush een goed is in de zin van \u00a7 312g lid 2 nr. 2 BGB dat na het verbreken van het zegel snel zou bederven of waarvan de houdbaarheidsdatum vanaf dit punt snel zou worden overschreden (2 maanden na het openen van de Avush). (2) Het herroepingsrecht bestaat daarom niet volgens \u00a7 312g lid 2 nr. 2 BGB als het zegel van de Avush na levering verwijderd is, omdat het risico bestaat dat het geretourneerde product met een aanzienlijk kortere houdbaarheid bij de wederverkoper aankomt.<\/p>\n\n\n\n<p>Het herroepingsrecht is tegen deze achtergrond uitgesloten omdat de terug te zenden serums met verbroken verzegeling moeilijk of onmogelijk door Avush zouden kunnen worden doorverkocht, rekening houdend met de terugzendtijd.<\/p>\n\n\n\n<p><strong>Het herroepingsrecht is uitgesloten voor gebruikte hygi\u00ebneartikelen<\/strong>.<\/p>\n\n\n\n<hr class=\"wp-block-separator has-css-opacity\"\/>\n\n\n\n<p>Het herroepingsrecht bestaat <strong>niet<\/strong> Voor contracten<\/p>\n\n\n\n<ul class=\"wp-block-list\">\n<li>voor de levering van goederen die niet geprefabriceerd zijn en voor de productie waarvan een individuele keuze of bepaling door de consument doorslaggevend is of die duidelijk afgestemd zijn op de persoonlijke behoeften van de consument;<\/li>\n\n\n\n<li>voor de levering van goederen die snel kunnen bederven of waarvan de houdbaarheidsdatum snel zou worden overschreden;<\/li>\n\n\n\n<li>Abonnementscontracten.<\/li>\n<\/ul>\n\n\n\n<p>&#8212;&#8212;&#8211;<\/p>\n\n\n\n<p><strong>Het herroepingsrecht vervalt voortijdig bij contracten<\/strong><\/p>\n\n\n\n<ul class=\"wp-block-list\">\n<li>voor de levering van verzegelde goederen die om redenen van gezondheidsbescherming of hygi\u00ebne niet geschikt zijn voor retourzending als het zegel na levering is verwijderd;<\/li>\n\n\n\n<li>voor de levering van goederen als deze door hun aard na levering onlosmakelijk zijn vermengd met andere goederen;<\/li>\n<\/ul>\n\n\n\n<p>_______<\/p>\n\n\n\n<p><strong>Voorbeeld annuleringsformulier<\/strong><\/p>\n\n\n\n<p>Als je het contract wilt annuleren, vul dan dit formulier in en stuur het terug.<br><strong>Het herroepingsrecht is uitgesloten voor gebruikte hygi\u00ebneartikelen.<\/strong><\/p>\n\n\n\n<p>1. Keer terug naar:<\/p>\n\n\n\n<p>VDS - Verzending en dataservice <br>c\/o Alaiko GmbH <br>Siemensstra\u00dfe 14<br>D-37412 Herzberg am Harz<br>Germany<br><br>E-mail: info@avush.com<\/p>\n\n\n\n<p>2. Ik\/wij herroep(en) hierbij de door mij\/ons gesloten overeenkomst voor de aankoop van de volgende goederen \/ de levering van de volgende diensten<br>Service (kopie factuur bijvoegen indien nodig)<br>Bestelnummer: ..........................................<br>Hoeveelheid \/ naam van de goederen: ...........................<br>Aankoopprijs: ...................................................<br>Al gebruikt? Het herroepingsrecht is uitgesloten voor gebruikte hygi\u00ebneartikelen.<\/p>\n\n\n\n<p>3. Besteld op: ........................<\/p>\n\n\n\n<p>4. Reden: .............................................<\/p>\n\n\n\n<p>5. Ontvangen op: ........................<\/p>\n\n\n\n<p>6. Naam, adres van de consument: ......<br>Klantnummer: ........................................<br>Voor- en achternaam: .................................<br>Straat: .......................................................<br>Postcode en plaats: ..................................................<\/p>\n\n\n\n<p>7. Plaats, datum en handtekening klant:<br>&#8230;&#8230;&#8230;&#8230;&#8230;&#8230;&#8230;&#8230;&#8230;&#8230;&#8230;&#8230;&#8230;&#8230;&#8230;&#8230;&#8230;.<\/p>","protected":false},"excerpt":{"rendered":"<p>Widerrufsrecht f\u00fcr Verbraucher Verbraucher ist jede nat\u00fcrliche Person, die ein Rechtsgesch\u00e4ft zu Zwecken abschlie\u00dft, die \u00fcberwiegend weder ihrer gewerblichen noch ihrer selbstst\u00e4ndigen beruflichen T\u00e4tigkeit zugerechnet werden kann. Widerrufsbelehrung Avush Widerrufsrecht [&hellip;]<\/p>","protected":false},"author":1,"featured_media":0,"parent":0,"menu_order":0,"comment_status":"closed","ping_status":"closed","template":"","meta":{"_uag_custom_page_level_css":"","advgb_blocks_editor_width":"","advgb_blocks_columns_visual_guide":"","site-sidebar-layout":"default","site-content-layout":"default","ast-site-content-layout":"default","site-content-style":"default","site-sidebar-style":"default","ast-global-header-display":"","ast-banner-title-visibility":"","ast-main-header-display":"","ast-hfb-above-header-display":"","ast-hfb-below-header-display":"","ast-hfb-mobile-header-display":"","site-post-title":"","ast-breadcrumbs-content":"","ast-featured-img":"","footer-sml-layout":"","ast-disable-related-posts":"","theme-transparent-header-meta":"default","adv-header-id-meta":"","stick-header-meta":"default","header-above-stick-meta":"","header-main-stick-meta":"","header-below-stick-meta":"","astra-migrate-meta-layouts":"set","ast-page-background-enabled":"default","ast-page-background-meta":{"desktop":{"background-color":"","background-image":"","background-repeat":"repeat","background-position":"center center","background-size":"auto","background-attachment":"scroll","background-type":"","background-media":"","overlay-type":"","overlay-color":"","overlay-opacity":"","overlay-gradient":""},"tablet":{"background-color":"","background-image":"","background-repeat":"repeat","background-position":"center center","background-size":"auto","background-attachment":"scroll","background-type":"","background-media":"","overlay-type":"","overlay-color":"","overlay-opacity":"","overlay-gradient":""},"mobile":{"background-color":"","background-image":"","background-repeat":"repeat","background-position":"center center","background-size":"auto","background-attachment":"scroll","background-type":"","background-media":"","overlay-type":"","overlay-color":"","overlay-opacity":"","overlay-gradient":""}},"ast-content-background-meta":{"desktop":{"background-color":"var(--ast-global-color-5)","background-image":"","background-repeat":"repeat","background-position":"center center","background-size":"auto","background-attachment":"scroll","background-type":"","background-media":"","overlay-type":"","overlay-color":"","overlay-opacity":"","overlay-gradient":""},"tablet":{"background-color":"var(--ast-global-color-5)","background-image":"","background-repeat":"repeat","background-position":"center center","background-size":"auto","background-attachment":"scroll","background-type":"","background-media":"","overlay-type":"","overlay-color":"","overlay-opacity":"","overlay-gradient":""},"mobile":{"background-color":"var(--ast-global-color-5)","background-image":"","background-repeat":"repeat","background-position":"center center","background-size":"auto","background-attachment":"scroll","background-type":"","background-media":"","overlay-type":"","overlay-color":"","overlay-opacity":"","overlay-gradient":""}},"footnotes":""},"class_list":["post-15","page","type-page","status-publish","hentry"],"yoast_head":"<!-- This site is optimized with the Yoast SEO Premium plugin v26.6 (Yoast SEO v26.6) - https:\/\/yoast.com\/wordpress\/plugins\/seo\/ -->\n<title>Widerrufsrecht - Avush<\/title>\n<meta name=\"robots\" content=\"noindex, nofollow\" \/>\n<meta property=\"og:locale\" content=\"nl_NL\" \/>\n<meta property=\"og:type\" content=\"article\" \/>\n<meta property=\"og:title\" content=\"Widerrufsrecht\" \/>\n<meta property=\"og:description\" content=\"Widerrufsrecht f\u00fcr Verbraucher Verbraucher ist jede nat\u00fcrliche Person, die ein Rechtsgesch\u00e4ft zu Zwecken abschlie\u00dft, die \u00fcberwiegend weder ihrer gewerblichen noch ihrer selbstst\u00e4ndigen beruflichen T\u00e4tigkeit zugerechnet werden kann. Widerrufsbelehrung Avush Widerrufsrecht [&hellip;]\" \/>\n<meta property=\"og:url\" content=\"https:\/\/avush.com\/nl\/recht-van-herroeping\/\" \/>\n<meta property=\"og:site_name\" content=\"Avush\" \/>\n<meta property=\"article:modified_time\" content=\"2023-12-06T14:49:10+00:00\" \/>\n<meta property=\"og:image\" content=\"https:\/\/avush.com\/wp-content\/uploads\/2023\/06\/Im-002.jpg\" \/>\n<meta name=\"twitter:card\" content=\"summary_large_image\" \/>\n<meta name=\"twitter:label1\" content=\"Geschatte leestijd\" \/>\n\t<meta name=\"twitter:data1\" content=\"5 minuten\" \/>\n<script type=\"application\/ld+json\" class=\"yoast-schema-graph\">{\"@context\":\"https:\/\/schema.org\",\"@graph\":[{\"@type\":\"WebPage\",\"@id\":\"https:\/\/avush.com\/widerrufsrecht\/\",\"url\":\"https:\/\/avush.com\/widerrufsrecht\/\",\"name\":\"Widerrufsrecht - Avush\",\"isPartOf\":{\"@id\":\"https:\/\/avush.com\/de\/#website\"},\"primaryImageOfPage\":{\"@id\":\"https:\/\/avush.com\/widerrufsrecht\/#primaryimage\"},\"image\":{\"@id\":\"https:\/\/avush.com\/widerrufsrecht\/#primaryimage\"},\"thumbnailUrl\":\"https:\/\/avush.com\/wp-content\/uploads\/2023\/06\/Im-002.jpg\",\"datePublished\":\"2021-09-27T05:24:25+00:00\",\"dateModified\":\"2023-12-06T14:49:10+00:00\",\"breadcrumb\":{\"@id\":\"https:\/\/avush.com\/widerrufsrecht\/#breadcrumb\"},\"inLanguage\":\"nl-NL\",\"potentialAction\":[{\"@type\":\"ReadAction\",\"target\":[\"https:\/\/avush.com\/widerrufsrecht\/\"]}]},{\"@type\":\"ImageObject\",\"inLanguage\":\"nl-NL\",\"@id\":\"https:\/\/avush.com\/widerrufsrecht\/#primaryimage\",\"url\":\"https:\/\/avush.com\/wp-content\/uploads\/2023\/06\/Im-002.jpg\",\"contentUrl\":\"https:\/\/avush.com\/wp-content\/uploads\/2023\/06\/Im-002.jpg\"},{\"@type\":\"BreadcrumbList\",\"@id\":\"https:\/\/avush.com\/widerrufsrecht\/#breadcrumb\",\"itemListElement\":[{\"@type\":\"ListItem\",\"position\":1,\"name\":\"Home\",\"item\":\"https:\/\/avush.com\/\"},{\"@type\":\"ListItem\",\"position\":2,\"name\":\"Widerrufsrecht\"}]},{\"@type\":\"WebSite\",\"@id\":\"https:\/\/avush.com\/de\/#website\",\"url\":\"https:\/\/avush.com\/de\/\",\"name\":\"Avush\",\"description\":\"Pigmentflecken &amp; Altersflecken Serum\",\"publisher\":{\"@id\":\"https:\/\/avush.com\/de\/#organization\"},\"potentialAction\":[{\"@type\":\"SearchAction\",\"target\":{\"@type\":\"EntryPoint\",\"urlTemplate\":\"https:\/\/avush.com\/de\/?s={search_term_string}\"},\"query-input\":{\"@type\":\"PropertyValueSpecification\",\"valueRequired\":true,\"valueName\":\"search_term_string\"}}],\"inLanguage\":\"nl-NL\"},{\"@type\":\"Organization\",\"@id\":\"https:\/\/avush.com\/de\/#organization\",\"name\":\"Avush\",\"url\":\"https:\/\/avush.com\/de\/\",\"logo\":{\"@type\":\"ImageObject\",\"inLanguage\":\"nl-NL\",\"@id\":\"https:\/\/avush.com\/de\/#\/schema\/logo\/image\/\",\"url\":\"https:\/\/avush.com\/wp-content\/uploads\/2023\/07\/cropped-Avush-Logo-1.png\",\"contentUrl\":\"https:\/\/avush.com\/wp-content\/uploads\/2023\/07\/cropped-Avush-Logo-1.png\",\"width\":200,\"height\":74,\"caption\":\"Avush\"},\"image\":{\"@id\":\"https:\/\/avush.com\/de\/#\/schema\/logo\/image\/\"}}]}<\/script>\n<!-- \/ Yoast SEO Premium plugin. -->","yoast_head_json":{"title":"Herroepingsrecht - Avush","robots":{"index":"noindex","follow":"nofollow"},"og_locale":"nl_NL","og_type":"article","og_title":"Widerrufsrecht","og_description":"Widerrufsrecht f\u00fcr Verbraucher Verbraucher ist jede nat\u00fcrliche Person, die ein Rechtsgesch\u00e4ft zu Zwecken abschlie\u00dft, die \u00fcberwiegend weder ihrer gewerblichen noch ihrer selbstst\u00e4ndigen beruflichen T\u00e4tigkeit zugerechnet werden kann. Widerrufsbelehrung Avush Widerrufsrecht [&hellip;]","og_url":"https:\/\/avush.com\/nl\/recht-van-herroeping\/","og_site_name":"Avush","article_modified_time":"2023-12-06T14:49:10+00:00","og_image":[{"url":"https:\/\/avush.com\/wp-content\/uploads\/2023\/06\/Im-002.jpg","type":"","width":"","height":""}],"twitter_card":"summary_large_image","twitter_misc":{"Geschatte leestijd":"5 minuten"},"schema":{"@context":"https:\/\/schema.org","@graph":[{"@type":"WebPage","@id":"https:\/\/avush.com\/widerrufsrecht\/","url":"https:\/\/avush.com\/widerrufsrecht\/","name":"Herroepingsrecht - Avush","isPartOf":{"@id":"https:\/\/avush.com\/de\/#website"},"primaryImageOfPage":{"@id":"https:\/\/avush.com\/widerrufsrecht\/#primaryimage"},"image":{"@id":"https:\/\/avush.com\/widerrufsrecht\/#primaryimage"},"thumbnailUrl":"https:\/\/avush.com\/wp-content\/uploads\/2023\/06\/Im-002.jpg","datePublished":"2021-09-27T05:24:25+00:00","dateModified":"2023-12-06T14:49:10+00:00","breadcrumb":{"@id":"https:\/\/avush.com\/widerrufsrecht\/#breadcrumb"},"inLanguage":"nl-NL","potentialAction":[{"@type":"ReadAction","target":["https:\/\/avush.com\/widerrufsrecht\/"]}]},{"@type":"ImageObject","inLanguage":"nl-NL","@id":"https:\/\/avush.com\/widerrufsrecht\/#primaryimage","url":"https:\/\/avush.com\/wp-content\/uploads\/2023\/06\/Im-002.jpg","contentUrl":"https:\/\/avush.com\/wp-content\/uploads\/2023\/06\/Im-002.jpg"},{"@type":"BreadcrumbList","@id":"https:\/\/avush.com\/widerrufsrecht\/#breadcrumb","itemListElement":[{"@type":"ListItem","position":1,"name":"Home","item":"https:\/\/avush.com\/"},{"@type":"ListItem","position":2,"name":"Widerrufsrecht"}]},{"@type":"WebSite","@id":"https:\/\/avush.com\/de\/#website","url":"https:\/\/avush.com\/de\/","name":"Avush","description":"Pigmentvlekken &amp; ouderdomsvlekken serum","publisher":{"@id":"https:\/\/avush.com\/de\/#organization"},"potentialAction":[{"@type":"SearchAction","target":{"@type":"EntryPoint","urlTemplate":"https:\/\/avush.com\/de\/?s={search_term_string}"},"query-input":{"@type":"PropertyValueSpecification","valueRequired":true,"valueName":"search_term_string"}}],"inLanguage":"nl-NL"},{"@type":"Organization","@id":"https:\/\/avush.com\/de\/#organization","name":"Avush","url":"https:\/\/avush.com\/de\/","logo":{"@type":"ImageObject","inLanguage":"nl-NL","@id":"https:\/\/avush.com\/de\/#\/schema\/logo\/image\/","url":"https:\/\/avush.com\/wp-content\/uploads\/2023\/07\/cropped-Avush-Logo-1.png","contentUrl":"https:\/\/avush.com\/wp-content\/uploads\/2023\/07\/cropped-Avush-Logo-1.png","width":200,"height":74,"caption":"Avush"},"image":{"@id":"https:\/\/avush.com\/de\/#\/schema\/logo\/image\/"}}]}},"uagb_featured_image_src":{"full":false,"thumbnail":false,"medium":false,"medium_large":false,"large":false,"1536x1536":false,"2048x2048":false,"trp-custom-language-flag":false,"woocommerce_thumbnail":false,"woocommerce_single":false,"woocommerce_gallery_thumbnail":false},"uagb_author_info":{"display_name":"Kerem085","author_link":"https:\/\/avush.com\/nl\/author\/kerem085\/"},"uagb_comment_info":0,"uagb_excerpt":"Widerrufsrecht f\u00fcr Verbraucher Verbraucher ist jede nat\u00fcrliche Person, die ein Rechtsgesch\u00e4ft zu Zwecken abschlie\u00dft, die \u00fcberwiegend weder ihrer gewerblichen noch ihrer selbstst\u00e4ndigen beruflichen T\u00e4tigkeit zugerechnet werden kann. Widerrufsbelehrung Avush Widerrufsrecht [&hellip;]","coauthors":[],"author_meta":{"author_link":"https:\/\/avush.com\/nl\/author\/kerem085\/","display_name":"Kerem085"},"relative_dates":{"created":"Posted 5 jaar ago","modified":"Updated 2 jaar ago"},"absolute_dates":{"created":"Posted on september 27, 2021","modified":"Updated on december 6, 2023"},"absolute_dates_time":{"created":"Posted on september 27, 2021 5:24 am","modified":"Updated on december 6, 2023 3:49 pm"},"featured_img_caption":"","featured_img":false,"series_order":"","_links":{"self":[{"href":"https:\/\/avush.com\/nl\/wp-json\/wp\/v2\/pages\/15","targetHints":{"allow":["GET"]}}],"collection":[{"href":"https:\/\/avush.com\/nl\/wp-json\/wp\/v2\/pages"}],"about":[{"href":"https:\/\/avush.com\/nl\/wp-json\/wp\/v2\/types\/page"}],"author":[{"embeddable":true,"href":"https:\/\/avush.com\/nl\/wp-json\/wp\/v2\/users\/1"}],"replies":[{"embeddable":true,"href":"https:\/\/avush.com\/nl\/wp-json\/wp\/v2\/comments?post=15"}],"version-history":[{"count":12,"href":"https:\/\/avush.com\/nl\/wp-json\/wp\/v2\/pages\/15\/revisions"}],"predecessor-version":[{"id":1405,"href":"https:\/\/avush.com\/nl\/wp-json\/wp\/v2\/pages\/15\/revisions\/1405"}],"wp:attachment":[{"href":"https:\/\/avush.com\/nl\/wp-json\/wp\/v2\/media?parent=15"}],"curies":[{"name":"wp","href":"https:\/\/api.w.org\/{rel}","templated":true}]}}