{"id":15,"date":"2021-09-27T05:24:25","date_gmt":"2021-09-27T05:24:25","guid":{"rendered":"https:\/\/avush.com\/?page_id=15"},"modified":"2023-12-06T15:49:10","modified_gmt":"2023-12-06T14:49:10","slug":"widerrufsrecht","status":"publish","type":"page","link":"https:\/\/avush.com\/nb\/angrerett\/","title":{"rendered":"Angrerett"},"content":{"rendered":"<p><strong>Angrerett for forbrukere<\/strong><\/p>\n\n\n\n<p>En forbruker er en fysisk person som inng\u00e5r en juridisk transaksjon for form\u00e5l som hovedsakelig ligger utenfor vedkommendes n\u00e6ringsvirksomhet.<\/p>\n\n\n\n<p><strong>Avbestillingsregler Avush<\/strong><\/p>\n\n\n\n<p><strong>Angrerett<\/strong><\/p>\n\n\n\n<p>Du har rett til \u00e5 kansellere denne kontrakten innen fjorten dager. <strong>Angreretten gjelder ikke for brukte hygieneartikler.<\/strong> Angrerettsfristen er fjorten dager fra den dagen du eller en tredjepart som du utpeker, og som ikke er transport\u00f8r, har eller har tatt varene i sin besittelse, forutsatt at du har bestilt en eller flere varer som en del av en enkelt bestilling, og disse er eller vil bli levert samlet.<\/p>\n\n\n\n<p>For \u00e5 ut\u00f8ve din angrerett m\u00e5 du informere oss om din beslutning om \u00e5 kansellere denne kontrakten ved hjelp av en tydelig erkl\u00e6ring (f.eks. et brev sendt per post, faks eller e-post). Du kan bruke det vedlagte eksempelet p\u00e5 angrerettskjema, men dette er ikke obligatorisk.<\/p>\n\n\n\n<p>For \u00e5 overholde angrefristen er det tilstrekkelig at du sender melding om at du benytter deg av angreretten f\u00f8r angrefristen utl\u00f8per.<\/p>\n\n\n\n<p>Avbestillingen skal sendes til<\/p>\n\n\n\n<p><\/p>\n\n\n\n<figure class=\"wp-block-image size-full is-resized\"><img loading=\"lazy\" decoding=\"async\" width=\"650\" height=\"685\" src=\"https:\/\/avush.com\/wp-content\/uploads\/2023\/06\/Im-002.jpg\" alt=\"\" class=\"wp-image-152\" style=\"object-fit:cover;width:237px;height:250px\" srcset=\"https:\/\/avush.com\/wp-content\/uploads\/2023\/06\/Im-002.jpg 650w, https:\/\/avush.com\/wp-content\/uploads\/2023\/06\/Im-002-285x300.jpg 285w, https:\/\/avush.com\/wp-content\/uploads\/2023\/06\/Im-002-600x632.jpg 600w\" sizes=\"auto, (max-width: 650px) 100vw, 650px\" \/><\/figure>\n\n\n\n<p><\/p>\n\n\n\n<p><strong>Leveringsadresse nedenfor.<\/strong><\/p>\n\n\n\n<p><strong>Konsekvenser av kansellering<\/strong><\/p>\n\n\n\n<p>Hvis du trekker deg fra denne avtalen, skal vi tilbakebetale alle betalinger mottatt fra deg, inkludert leveringskostnadene (med unntak av tilleggskostnader som f\u00f8lge av at du har valgt en annen type levering enn den billigste typen standardlevering som tilbys av oss), uten un\u00f8dig forsinkelse og i alle tilfeller senest 14 dager fra den dagen vi ble informert om din beslutning om \u00e5 trekke deg fra denne avtalen. For denne tilbakebetalingen vil vi bruke samme betalingsmiddel som du brukte for den opprinnelige transaksjonen, med mindre annet er uttrykkelig avtalt med deg; du vil ikke i noe tilfelle bli belastet noen gebyrer for denne tilbakebetalingen.<\/p>\n\n\n\n<p>Vi kan nekte \u00e5 refundere deg f\u00f8r vi har mottatt varene tilbake eller f\u00f8r du har fremlagt bevis p\u00e5 at du har returnert varene, avhengig av hva som inntreffer f\u00f8rst.<\/p>\n\n\n\n<p><strong>Avkastning<\/strong><\/p>\n\n\n\n<p>Du m\u00e5 returnere eller overlevere varene til oss umiddelbart og senest innen fjorten dager fra den dagen du informerer oss om kanselleringen av denne avtalen. Fristen er overholdt hvis du sender varene f\u00f8r fristen p\u00e5 fjorten dager er utl\u00f8pt.<\/p>\n\n\n\n<p>Du b\u00e6rer de direkte kostnadene ved \u00e5 returnere varene.<\/p>\n\n\n\n<p>Du m\u00e5 bare betale for verditap p\u00e5 varene dersom verditapet skyldes h\u00e5ndtering av varene som ikke er n\u00f8dvendig for \u00e5 kontrollere deres tilstand, egenskaper og funksjonalitet.<\/p>\n\n\n\n<p><strong>\u00c5rsaker til utelukkelse eller kansellering<\/strong><\/p>\n\n\n\n<p><strong>Utelukkelse av angreretten<\/strong>:<\/p>\n\n\n\n<p>Ingen angrerett for lett bedervelige varer eller varer hvis utl\u00f8psdato raskt ville bli overskredet. For tidlig utl\u00f8psdato ved levering av forseglede varer som ikke er egnet for retur av hensyn til helsevern eller hygiene hvis forseglingen er fjernet etter levering; (1) Det er ingen angrerett for Avush hvis forseglingen er fjernet fra emballasjen i henhold til \u00a7 312g (2) nr. 2 BGB. \u00c5rsaken er at Avush er et produkt i henhold til \u00a7 312g (2) nr. 2 BGB, som ville bli \u00f8delagt raskt etter at forseglingen er brutt, eller hvis utl\u00f8psdato ville bli overskredet raskt (2 m\u00e5neder etter \u00e5pning av Avush). (2) Angreretten gjelder derfor ikke i henhold til \u00a7 312g paragraf 2 nr. 2 i BGB hvis forseglingen p\u00e5 Avush er fjernet etter levering, fordi det er fare for at det returnerte produktet vil ankomme forhandleren med betydelig kortere holdbarhet.<\/p>\n\n\n\n<p>P\u00e5 denne bakgrunn er angreretten utelukket fordi serumet som skal tas tilbake med brutt forsegling vil v\u00e6re vanskelig eller umulig for Avush \u00e5 videreselge, med tanke p\u00e5 returperioden.<\/p>\n\n\n\n<p><strong>Angreretten gjelder ikke for brukte hygieneartikler<\/strong>.<\/p>\n\n\n\n<hr class=\"wp-block-separator has-css-opacity\"\/>\n\n\n\n<p>Angreretten gjelder <strong>ikke<\/strong> for kontrakter<\/p>\n\n\n\n<ul class=\"wp-block-list\">\n<li>for levering av varer som ikke er prefabrikkerte, og for produksjon av hvilke forbrukerens individuelle valg eller bestemmelse er avgj\u00f8rende, eller som er klart tilpasset forbrukerens personlige behov;<\/li>\n\n\n\n<li>for levering av varer som raskt kan bli \u00f8delagt eller hvis utl\u00f8psdato raskt overskrides;<\/li>\n\n\n\n<li>Abonnementskontrakter.<\/li>\n<\/ul>\n\n\n\n<p>&#8212;&#8212;&#8211;<\/p>\n\n\n\n<p><strong>Avbestillingsretten utl\u00f8per f\u00f8r tiden for kontrakter som<\/strong><\/p>\n\n\n\n<ul class=\"wp-block-list\">\n<li>for levering av forseglede varer som ikke er egnet for retur av hensyn til helsevern eller hygiene, dersom forseglingen er fjernet etter levering;<\/li>\n\n\n\n<li>for levering av varer som p\u00e5 grunn av sin beskaffenhet har blitt uatskillelig blandet med andre varer etter levering;<\/li>\n<\/ul>\n\n\n\n<p>_______<\/p>\n\n\n\n<p><strong>Eksempel p\u00e5 avbestillingsskjema<\/strong><\/p>\n\n\n\n<p>Hvis du \u00f8nsker \u00e5 si opp avtalen, m\u00e5 du fylle ut dette skjemaet og returnere det til oss.<br><strong>Angreretten gjelder ikke for brukte hygieneartikler.<\/strong><\/p>\n\n\n\n<p>1. G\u00e5 tilbake til:<\/p>\n\n\n\n<p>VDS - Frakt- og datatjeneste <br>c\/o Alaiko GmbH <br>Siemensstrasse 14<br>D-37412 Herzberg am Harz<br>Germany<br><br>E-post: info@avush.com<\/p>\n\n\n\n<p>2 Jeg\/vi kansellerer herved kontrakten jeg\/vi har inng\u00e5tt om kj\u00f8p av f\u00f8lgende varer\/ytelse av f\u00f8lgende tjenester<br>Tjeneste (legg ved en kopi av fakturaen om n\u00f8dvendig)<br>Bestillingsnummer: ..........................................<br>Mengde\/navn p\u00e5 varene: ...........................<br>Innkj\u00f8pspris: ...................................................<br>Allerede brukt? Angreretten er utelukket for brukte hygieneartikler.<\/p>\n\n\n\n<p>3. Bestilt p\u00e5: ........................<\/p>\n\n\n\n<p>4. Grunn: .............................................<\/p>\n\n\n\n<p>5. Mottatt p\u00e5: ........................<\/p>\n\n\n\n<p>6. Forbrukerens navn og adresse: ......<br>Kundenummer: ........................................<br>For- og etternavn: .................................<br>Gate: .......................................................<br>Postnummer og sted: ..................................................<\/p>\n\n\n\n<p>7. Sted, dato og signatur kunde:<br>&#8230;&#8230;&#8230;&#8230;&#8230;&#8230;&#8230;&#8230;&#8230;&#8230;&#8230;&#8230;&#8230;&#8230;&#8230;&#8230;&#8230;.<\/p>","protected":false},"excerpt":{"rendered":"<p>Widerrufsrecht f\u00fcr Verbraucher Verbraucher ist jede nat\u00fcrliche Person, die ein Rechtsgesch\u00e4ft zu Zwecken abschlie\u00dft, die \u00fcberwiegend weder ihrer gewerblichen noch ihrer selbstst\u00e4ndigen beruflichen T\u00e4tigkeit zugerechnet werden kann. Widerrufsbelehrung Avush Widerrufsrecht [&hellip;]<\/p>","protected":false},"author":1,"featured_media":0,"parent":0,"menu_order":0,"comment_status":"closed","ping_status":"closed","template":"","meta":{"_uag_custom_page_level_css":"","advgb_blocks_editor_width":"","advgb_blocks_columns_visual_guide":"","site-sidebar-layout":"default","site-content-layout":"default","ast-site-content-layout":"default","site-content-style":"default","site-sidebar-style":"default","ast-global-header-display":"","ast-banner-title-visibility":"","ast-main-header-display":"","ast-hfb-above-header-display":"","ast-hfb-below-header-display":"","ast-hfb-mobile-header-display":"","site-post-title":"","ast-breadcrumbs-content":"","ast-featured-img":"","footer-sml-layout":"","ast-disable-related-posts":"","theme-transparent-header-meta":"default","adv-header-id-meta":"","stick-header-meta":"default","header-above-stick-meta":"","header-main-stick-meta":"","header-below-stick-meta":"","astra-migrate-meta-layouts":"set","ast-page-background-enabled":"default","ast-page-background-meta":{"desktop":{"background-color":"","background-image":"","background-repeat":"repeat","background-position":"center center","background-size":"auto","background-attachment":"scroll","background-type":"","background-media":"","overlay-type":"","overlay-color":"","overlay-opacity":"","overlay-gradient":""},"tablet":{"background-color":"","background-image":"","background-repeat":"repeat","background-position":"center center","background-size":"auto","background-attachment":"scroll","background-type":"","background-media":"","overlay-type":"","overlay-color":"","overlay-opacity":"","overlay-gradient":""},"mobile":{"background-color":"","background-image":"","background-repeat":"repeat","background-position":"center center","background-size":"auto","background-attachment":"scroll","background-type":"","background-media":"","overlay-type":"","overlay-color":"","overlay-opacity":"","overlay-gradient":""}},"ast-content-background-meta":{"desktop":{"background-color":"var(--ast-global-color-5)","background-image":"","background-repeat":"repeat","background-position":"center center","background-size":"auto","background-attachment":"scroll","background-type":"","background-media":"","overlay-type":"","overlay-color":"","overlay-opacity":"","overlay-gradient":""},"tablet":{"background-color":"var(--ast-global-color-5)","background-image":"","background-repeat":"repeat","background-position":"center center","background-size":"auto","background-attachment":"scroll","background-type":"","background-media":"","overlay-type":"","overlay-color":"","overlay-opacity":"","overlay-gradient":""},"mobile":{"background-color":"var(--ast-global-color-5)","background-image":"","background-repeat":"repeat","background-position":"center center","background-size":"auto","background-attachment":"scroll","background-type":"","background-media":"","overlay-type":"","overlay-color":"","overlay-opacity":"","overlay-gradient":""}},"footnotes":""},"class_list":["post-15","page","type-page","status-publish","hentry"],"yoast_head":"<!-- This site is optimized with the Yoast SEO Premium plugin v26.6 (Yoast SEO v26.6) - https:\/\/yoast.com\/wordpress\/plugins\/seo\/ -->\n<title>Widerrufsrecht - Avush<\/title>\n<meta name=\"robots\" content=\"noindex, nofollow\" \/>\n<meta property=\"og:locale\" content=\"nb_NO\" \/>\n<meta property=\"og:type\" content=\"article\" \/>\n<meta property=\"og:title\" content=\"Widerrufsrecht\" \/>\n<meta property=\"og:description\" content=\"Widerrufsrecht f\u00fcr Verbraucher Verbraucher ist jede nat\u00fcrliche Person, die ein Rechtsgesch\u00e4ft zu Zwecken abschlie\u00dft, die \u00fcberwiegend weder ihrer gewerblichen noch ihrer selbstst\u00e4ndigen beruflichen T\u00e4tigkeit zugerechnet werden kann. Widerrufsbelehrung Avush Widerrufsrecht [&hellip;]\" \/>\n<meta property=\"og:url\" content=\"https:\/\/avush.com\/nb\/angrerett\/\" \/>\n<meta property=\"og:site_name\" content=\"Avush\" \/>\n<meta property=\"article:modified_time\" content=\"2023-12-06T14:49:10+00:00\" \/>\n<meta property=\"og:image\" content=\"https:\/\/avush.com\/wp-content\/uploads\/2023\/06\/Im-002.jpg\" \/>\n<meta name=\"twitter:card\" content=\"summary_large_image\" \/>\n<meta name=\"twitter:label1\" content=\"Ansl. lesetid\" \/>\n\t<meta name=\"twitter:data1\" content=\"5 minutter\" \/>\n<script type=\"application\/ld+json\" class=\"yoast-schema-graph\">{\"@context\":\"https:\/\/schema.org\",\"@graph\":[{\"@type\":\"WebPage\",\"@id\":\"https:\/\/avush.com\/widerrufsrecht\/\",\"url\":\"https:\/\/avush.com\/widerrufsrecht\/\",\"name\":\"Widerrufsrecht - Avush\",\"isPartOf\":{\"@id\":\"https:\/\/avush.com\/de\/#website\"},\"primaryImageOfPage\":{\"@id\":\"https:\/\/avush.com\/widerrufsrecht\/#primaryimage\"},\"image\":{\"@id\":\"https:\/\/avush.com\/widerrufsrecht\/#primaryimage\"},\"thumbnailUrl\":\"https:\/\/avush.com\/wp-content\/uploads\/2023\/06\/Im-002.jpg\",\"datePublished\":\"2021-09-27T05:24:25+00:00\",\"dateModified\":\"2023-12-06T14:49:10+00:00\",\"breadcrumb\":{\"@id\":\"https:\/\/avush.com\/widerrufsrecht\/#breadcrumb\"},\"inLanguage\":\"nb-NO\",\"potentialAction\":[{\"@type\":\"ReadAction\",\"target\":[\"https:\/\/avush.com\/widerrufsrecht\/\"]}]},{\"@type\":\"ImageObject\",\"inLanguage\":\"nb-NO\",\"@id\":\"https:\/\/avush.com\/widerrufsrecht\/#primaryimage\",\"url\":\"https:\/\/avush.com\/wp-content\/uploads\/2023\/06\/Im-002.jpg\",\"contentUrl\":\"https:\/\/avush.com\/wp-content\/uploads\/2023\/06\/Im-002.jpg\"},{\"@type\":\"BreadcrumbList\",\"@id\":\"https:\/\/avush.com\/widerrufsrecht\/#breadcrumb\",\"itemListElement\":[{\"@type\":\"ListItem\",\"position\":1,\"name\":\"Home\",\"item\":\"https:\/\/avush.com\/\"},{\"@type\":\"ListItem\",\"position\":2,\"name\":\"Widerrufsrecht\"}]},{\"@type\":\"WebSite\",\"@id\":\"https:\/\/avush.com\/de\/#website\",\"url\":\"https:\/\/avush.com\/de\/\",\"name\":\"Avush\",\"description\":\"Pigmentflecken &amp; Altersflecken Serum\",\"publisher\":{\"@id\":\"https:\/\/avush.com\/de\/#organization\"},\"potentialAction\":[{\"@type\":\"SearchAction\",\"target\":{\"@type\":\"EntryPoint\",\"urlTemplate\":\"https:\/\/avush.com\/de\/?s={search_term_string}\"},\"query-input\":{\"@type\":\"PropertyValueSpecification\",\"valueRequired\":true,\"valueName\":\"search_term_string\"}}],\"inLanguage\":\"nb-NO\"},{\"@type\":\"Organization\",\"@id\":\"https:\/\/avush.com\/de\/#organization\",\"name\":\"Avush\",\"url\":\"https:\/\/avush.com\/de\/\",\"logo\":{\"@type\":\"ImageObject\",\"inLanguage\":\"nb-NO\",\"@id\":\"https:\/\/avush.com\/de\/#\/schema\/logo\/image\/\",\"url\":\"https:\/\/avush.com\/wp-content\/uploads\/2023\/07\/cropped-Avush-Logo-1.png\",\"contentUrl\":\"https:\/\/avush.com\/wp-content\/uploads\/2023\/07\/cropped-Avush-Logo-1.png\",\"width\":200,\"height\":74,\"caption\":\"Avush\"},\"image\":{\"@id\":\"https:\/\/avush.com\/de\/#\/schema\/logo\/image\/\"}}]}<\/script>\n<!-- \/ Yoast SEO Premium plugin. -->","yoast_head_json":{"title":"Angrerett - Avush","robots":{"index":"noindex","follow":"nofollow"},"og_locale":"nb_NO","og_type":"article","og_title":"Widerrufsrecht","og_description":"Widerrufsrecht f\u00fcr Verbraucher Verbraucher ist jede nat\u00fcrliche Person, die ein Rechtsgesch\u00e4ft zu Zwecken abschlie\u00dft, die \u00fcberwiegend weder ihrer gewerblichen noch ihrer selbstst\u00e4ndigen beruflichen T\u00e4tigkeit zugerechnet werden kann. Widerrufsbelehrung Avush Widerrufsrecht [&hellip;]","og_url":"https:\/\/avush.com\/nb\/angrerett\/","og_site_name":"Avush","article_modified_time":"2023-12-06T14:49:10+00:00","og_image":[{"url":"https:\/\/avush.com\/wp-content\/uploads\/2023\/06\/Im-002.jpg","type":"","width":"","height":""}],"twitter_card":"summary_large_image","twitter_misc":{"Ansl. lesetid":"5 minutter"},"schema":{"@context":"https:\/\/schema.org","@graph":[{"@type":"WebPage","@id":"https:\/\/avush.com\/widerrufsrecht\/","url":"https:\/\/avush.com\/widerrufsrecht\/","name":"Angrerett - Avush","isPartOf":{"@id":"https:\/\/avush.com\/de\/#website"},"primaryImageOfPage":{"@id":"https:\/\/avush.com\/widerrufsrecht\/#primaryimage"},"image":{"@id":"https:\/\/avush.com\/widerrufsrecht\/#primaryimage"},"thumbnailUrl":"https:\/\/avush.com\/wp-content\/uploads\/2023\/06\/Im-002.jpg","datePublished":"2021-09-27T05:24:25+00:00","dateModified":"2023-12-06T14:49:10+00:00","breadcrumb":{"@id":"https:\/\/avush.com\/widerrufsrecht\/#breadcrumb"},"inLanguage":"nb-NO","potentialAction":[{"@type":"ReadAction","target":["https:\/\/avush.com\/widerrufsrecht\/"]}]},{"@type":"ImageObject","inLanguage":"nb-NO","@id":"https:\/\/avush.com\/widerrufsrecht\/#primaryimage","url":"https:\/\/avush.com\/wp-content\/uploads\/2023\/06\/Im-002.jpg","contentUrl":"https:\/\/avush.com\/wp-content\/uploads\/2023\/06\/Im-002.jpg"},{"@type":"BreadcrumbList","@id":"https:\/\/avush.com\/widerrufsrecht\/#breadcrumb","itemListElement":[{"@type":"ListItem","position":1,"name":"Home","item":"https:\/\/avush.com\/"},{"@type":"ListItem","position":2,"name":"Widerrufsrecht"}]},{"@type":"WebSite","@id":"https:\/\/avush.com\/de\/#website","url":"https:\/\/avush.com\/de\/","name":"Avush","description":"Serum mot pigmentflekker og aldersflekker","publisher":{"@id":"https:\/\/avush.com\/de\/#organization"},"potentialAction":[{"@type":"SearchAction","target":{"@type":"EntryPoint","urlTemplate":"https:\/\/avush.com\/de\/?s={search_term_string}"},"query-input":{"@type":"PropertyValueSpecification","valueRequired":true,"valueName":"search_term_string"}}],"inLanguage":"nb-NO"},{"@type":"Organization","@id":"https:\/\/avush.com\/de\/#organization","name":"Avush","url":"https:\/\/avush.com\/de\/","logo":{"@type":"ImageObject","inLanguage":"nb-NO","@id":"https:\/\/avush.com\/de\/#\/schema\/logo\/image\/","url":"https:\/\/avush.com\/wp-content\/uploads\/2023\/07\/cropped-Avush-Logo-1.png","contentUrl":"https:\/\/avush.com\/wp-content\/uploads\/2023\/07\/cropped-Avush-Logo-1.png","width":200,"height":74,"caption":"Avush"},"image":{"@id":"https:\/\/avush.com\/de\/#\/schema\/logo\/image\/"}}]}},"uagb_featured_image_src":{"full":false,"thumbnail":false,"medium":false,"medium_large":false,"large":false,"1536x1536":false,"2048x2048":false,"trp-custom-language-flag":false,"woocommerce_thumbnail":false,"woocommerce_single":false,"woocommerce_gallery_thumbnail":false},"uagb_author_info":{"display_name":"Kerem085","author_link":"https:\/\/avush.com\/nb\/author\/kerem085\/"},"uagb_comment_info":0,"uagb_excerpt":"Widerrufsrecht f\u00fcr Verbraucher Verbraucher ist jede nat\u00fcrliche Person, die ein Rechtsgesch\u00e4ft zu Zwecken abschlie\u00dft, die \u00fcberwiegend weder ihrer gewerblichen noch ihrer selbstst\u00e4ndigen beruflichen T\u00e4tigkeit zugerechnet werden kann. Widerrufsbelehrung Avush Widerrufsrecht [&hellip;]","coauthors":[],"author_meta":{"author_link":"https:\/\/avush.com\/nb\/author\/kerem085\/","display_name":"Kerem085"},"relative_dates":{"created":"Publisert 5 \u00e5r siden","modified":"Oppdatert 2 \u00e5r siden"},"absolute_dates":{"created":"Publisert september 27, 2021","modified":"Oppdatert desember 6, 2023"},"absolute_dates_time":{"created":"Publisert september 27, 2021 5:24 am","modified":"Oppdatert desember 6, 2023 3:49 pm"},"featured_img_caption":"","featured_img":false,"series_order":"","_links":{"self":[{"href":"https:\/\/avush.com\/nb\/wp-json\/wp\/v2\/pages\/15","targetHints":{"allow":["GET"]}}],"collection":[{"href":"https:\/\/avush.com\/nb\/wp-json\/wp\/v2\/pages"}],"about":[{"href":"https:\/\/avush.com\/nb\/wp-json\/wp\/v2\/types\/page"}],"author":[{"embeddable":true,"href":"https:\/\/avush.com\/nb\/wp-json\/wp\/v2\/users\/1"}],"replies":[{"embeddable":true,"href":"https:\/\/avush.com\/nb\/wp-json\/wp\/v2\/comments?post=15"}],"version-history":[{"count":12,"href":"https:\/\/avush.com\/nb\/wp-json\/wp\/v2\/pages\/15\/revisions"}],"predecessor-version":[{"id":1405,"href":"https:\/\/avush.com\/nb\/wp-json\/wp\/v2\/pages\/15\/revisions\/1405"}],"wp:attachment":[{"href":"https:\/\/avush.com\/nb\/wp-json\/wp\/v2\/media?parent=15"}],"curies":[{"name":"wp","href":"https:\/\/api.w.org\/{rel}","templated":true}]}}