{"id":14,"date":"2021-09-27T05:24:25","date_gmt":"2021-09-27T05:24:25","guid":{"rendered":"https:\/\/avush.com\/?page_id=14"},"modified":"2023-07-25T06:10:43","modified_gmt":"2023-07-25T06:10:43","slug":"agb","status":"publish","type":"page","link":"https:\/\/avush.com\/nb\/agb\/","title":{"rendered":"GT&amp;C"},"content":{"rendered":"<p><strong>Generelle vilk\u00e5r og betingelser og kundeinformasjon<\/strong><\/p>\n\n\n\n<p>I. Generelle vilk\u00e5r og betingelser<\/p>\n\n\n\n<p>\u00a7 1 Grunnleggende bestemmelser<\/p>\n\n\n\n<p>(1) F\u00f8lgende forretningsvilk\u00e5r gjelder for alle kontrakter som du inng\u00e5r med oss som leverand\u00f8r (Avush) via nettstedet www.avush.com. Med mindre annet er avtalt, motsetter vi oss inkludering av dine eventuelle egne vilk\u00e5r og betingelser.<\/p>\n\n\n\n<p>(2) En forbruker i henhold til f\u00f8lgende bestemmelser er enhver fysisk person som inng\u00e5r en rettshandel for form\u00e5l som hovedsakelig faller utenfor vedkommendes n\u00e6ringsvirksomhet. En n\u00e6ringsdrivende er enhver fysisk eller juridisk person eller et selskap med rettslig handleevne som ved inng\u00e5else av en rettshandel handler som ledd i ut\u00f8velsen av sin selvstendige yrkes- eller n\u00e6ringsvirksomhet.<\/p>\n\n\n\n<p>\u00a7 2 Kontraktsinng\u00e5else<\/p>\n\n\n\n<p>(1) Avtalens gjenstand er salg av varer.<\/p>\n\n\n\n<p>(2) Ved \u00e5 plassere det aktuelle produktet p\u00e5 nettstedet v\u00e5rt, gir vi deg et bindende tilbud om \u00e5 inng\u00e5 en kontrakt p\u00e5 de vilk\u00e5r som er angitt i varebeskrivelsen.<\/p>\n\n\n\n<p>(3) Kontrakten inng\u00e5s via det elektroniske handlekurvsystemet p\u00e5 f\u00f8lgende m\u00e5te:<br>Varene du \u00f8nsker \u00e5 kj\u00f8pe, lagres i \"handlekurven\". Du kan n\u00e5r som helst \u00e5pne \"handlekurven\" via den tilh\u00f8rende knappen i navigasjonsfeltet og gj\u00f8re endringer der.<br>Etter at du har g\u00e5tt inn p\u00e5 siden \"Kasse\" og lagt inn personopplysninger samt betalings- og leveringsbetingelser, vises alle bestillingsdataene igjen p\u00e5 bestillingsoversiktssiden.<br>Hvis du bruker et \u00f8yeblikkelig betalingssystem (f.eks. PayPal \/ PayPal Express \/ PayPal Plus, Amazon-Payments, Postpay, Sofort\u00fcberweisung) som betalingsm\u00e5te, vil du enten bli sendt til ordreoversiktssiden i nettbutikken v\u00e5r, eller du vil f\u00f8rst bli omdirigert til nettstedet til leverand\u00f8ren av det \u00f8yeblikkelige betalingssystemet.<br>Hvis du blir omdirigert til det aktuelle systemet for \u00f8yeblikkelig betaling, m\u00e5 du velge eller legge inn dataene dine der. Deretter blir du sendt tilbake til bestillingsoversikten i nettbutikken v\u00e5r.<br>F\u00f8r du sender inn bestillingen, har du mulighet til \u00e5 sjekke alle opplysninger p\u00e5 nytt, endre dem (ogs\u00e5 via nettleserens \"tilbake\"-funksjon) eller kansellere kj\u00f8pet.<br>Ved \u00e5 sende bestillingen via \"Kj\u00f8p n\u00e5\"-knappen erkl\u00e6rer du juridisk bindende aksept av tilbudet, hvorved kontrakten inng\u00e5s.<\/p>\n\n\n\n<p>(4) Din foresp\u00f8rsel om utarbeidelse av et tilbud er ikke bindende for deg. Vi sender deg et bindende tilbud i tekstform (f.eks. via e-post), som du kan akseptere innen 5 dager.<\/p>\n\n\n\n<p>(5) Behandlingen av bestillingen og overf\u00f8ringen av all informasjon som kreves i forbindelse med kontraktsinng\u00e5elsen, skjer delvis automatisk via e-post. Du m\u00e5 derfor forsikre deg om at e-postadressen du har oppgitt til oss er korrekt, at mottak av e-post er teknisk sikret, og spesielt at den ikke forhindres av SPAM-filtre.<\/p>\n\n\n\n<p>\u00a7 3 Avtalens varighet \/ oppsigelse<\/p>\n\n\n\n<p>Dersom avtalen gjelder l\u00f8pende\/kontinuerlige tjenester (abonnement), inng\u00e5s avtalen p\u00e5 ubestemt tid. Hver av avtalepartene har rett til \u00e5 si opp en slik avtale uten varsel til neste leveringsdato uten \u00e5 oppgi noen grunn. Retten til ekstraordin\u00e6r oppsigelse ved saklig grunn, s\u00e6rlig ved gjentatt mislighold av de viktigste kontraktsforpliktelsene, ber\u00f8res ikke.<\/p>\n\n\n\n<p>Avbestilling kan gj\u00f8res i kundekontoen via menypunktet \"Abonnement\" og der via \"Avbestillingsskjema\" eller i tekstform (per post eller e-post).<\/p>\n\n\n\n<p>\u00a7 4 Tilbakeholdsrett, eiendomsforbehold<\/p>\n\n\n\n<p>(1) Du kan bare ut\u00f8ve tilbakeholdsrett i den grad det gjelder krav som stammer fra samme avtaleforhold.<\/p>\n\n\n\n<p>(2) Varene forblir v\u00e5r eiendom inntil kj\u00f8pesummen er betalt i sin helhet.<\/p>\n\n\n\n<p>\u00a7 5 Ansvar<\/p>\n\n\n\n<p>(1) Vi er ubegrenset ansvarlige for skader som skyldes skade p\u00e5 liv, kropp eller helse. Videre er vi ubegrenset ansvarlige i alle tilfeller av forsett og grov uaktsomhet, svikaktig fortielse av en mangel, overtakelse av en garanti for kj\u00f8psgjenstandens kvalitet og i alle andre tilfeller som er regulert i loven.<\/p>\n\n\n\n<p>(2) Ansvaret for mangler i henhold til den lovbestemte garantien reguleres av den tilsvarende bestemmelsen i v\u00e5r kundeinformasjon (del II).<\/p>\n\n\n\n<p>(3) Dersom vesentlige kontraktsforpliktelser ber\u00f8res, er v\u00e5rt ansvar for lettere uaktsomhet begrenset til den p\u00e5regnelige skaden som er typisk for kontrakten. Med vesentlige kontraktsforpliktelser menes vesentlige forpliktelser som f\u00f8lger av kontraktens art, og hvis mislighold ville sette oppn\u00e5elsen av kontraktens form\u00e5l i fare, samt forpliktelser som kontrakten p\u00e5legger oss i henhold til sitt innhold for \u00e5 oppn\u00e5 kontraktens form\u00e5l, hvis oppfyllelse i utgangspunktet gj\u00f8r det mulig \u00e5 gjennomf\u00f8re kontrakten korrekt og som du regelmessig kan stole p\u00e5.<\/p>\n\n\n\n<p>(4) Ved brudd p\u00e5 ubetydelige kontraktsforpliktelser er ansvar for lettere uaktsomme pliktbrudd utelukket.<\/p>\n\n\n\n<p>(5) I henhold til dagens teknologiske utvikling kan det ikke garanteres at datakommunikasjon via Internett er feilfri og\/eller tilgjengelig til enhver tid. I denne forbindelse er vi ikke ansvarlige for at nettstedet og tjenestene som tilbys der, er tilgjengelige til enhver tid og uten avbrudd.<\/p>\n\n\n\n<p>\u00a7 6 Lovvalg, oppfyllelsessted og verneting<\/p>\n\n\n\n<p>(1) Tysk rett gjelder. For forbrukere gjelder dette lovvalget bare i den utstrekning beskyttelsen som f\u00f8lger av ufravikelige bestemmelser i lovgivningen i den staten der forbrukeren har sitt vanlige bosted, ikke oppheves (favoriseringsprinsippet).<\/p>\n\n\n\n<p>(2) Oppfyllelsesstedet for alle tjenester som f\u00f8lger av forretningsforholdet med oss og vernetinget er v\u00e5rt forretningskontor hvis du ikke er en forbruker, men en n\u00e6ringsdrivende, en offentligrettslig juridisk person eller et offentligrettslig spesialfond. Det samme gjelder hvis du ikke har alminnelig verneting i Tyskland eller EU, eller hvis ditt bosted eller vanlige oppholdssted er ukjent p\u00e5 det tidspunktet s\u00f8ksm\u00e5let inngis. Dette p\u00e5virker ikke retten til \u00e5 reise s\u00f8ksm\u00e5l ved en domstol ved et annet lovbestemt verneting.<\/p>\n\n\n\n<p>(3) Bestemmelsene i FN-konvensjonen om internasjonale kj\u00f8psavtaler gjelder uttrykkelig ikke.<\/p>\n\n\n\n<p>_______<\/p>\n\n\n\n<p>II Kundeinformasjon<\/p>\n\n\n\n<p>1. Selgerens identitet<\/p>\n\n\n\n<figure class=\"wp-block-image size-full is-resized\"><img loading=\"lazy\" decoding=\"async\" src=\"https:\/\/avush.com\/wp-content\/uploads\/2023\/06\/Liviol-impr.png\" alt=\"\" class=\"wp-image-135\" width=\"241\" height=\"171\" srcset=\"https:\/\/avush.com\/wp-content\/uploads\/2023\/06\/Liviol-impr.png 549w, https:\/\/avush.com\/wp-content\/uploads\/2023\/06\/Liviol-impr-300x213.png 300w\" sizes=\"auto, (max-width: 241px) 100vw, 241px\" \/><\/figure>\n\n\n\n<p>Europakommisjonen tilbyr en plattform for utenrettslig tvistel\u00f8sning p\u00e5 nettet (ODR-plattformen), som er tilgjengelig p\u00e5 adressen&nbsp;<a href=\"http:\/\/ec.europa.eu\/odr\" target=\"_blank\" rel=\"noreferrer noopener\">http:\/\/ec.europa.eu\/odr<\/a>.<\/p>\n\n\n\n<p>2. Informasjon om kontraktsinng\u00e5elsen<\/p>\n\n\n\n<p>De tekniske trinnene for kontraktsinng\u00e5else, selve kontraktsinng\u00e5elsen og korreksjonsmulighetene utf\u00f8res i samsvar med \u00a7 2 i v\u00e5re generelle vilk\u00e5r og betingelser (del I.).<\/p>\n\n\n\n<p>3. Kontraktsspr\u00e5k, lagring av kontraktstekst<\/p>\n\n\n\n<p>3.1 Kontraktsspr\u00e5ket er engelsk.<\/p>\n\n\n\n<p>3.2 Vi lagrer ikke den fullstendige avtaleteksten. F\u00f8r du sender bestillingen via det elektroniske handlekurv-systemet, kan du skrive ut avtaledataene ved hjelp av nettleserens utskriftsfunksjon eller lagre dem elektronisk. Etter at vi har mottatt bestillingen, vil bestillingsdataene, den lovp\u00e5lagte informasjonen for fjernsalgsavtaler og de generelle vilk\u00e5rene bli sendt til deg p\u00e5 nytt via e-post.<\/p>\n\n\n\n<p>3.3 Ved tilbudsforesp\u00f8rsler utenfor det nettbaserte handlekurvsystemet mottar du alle avtaledata som en del av et bindende tilbud i tekstform, f.eks. via e-post, som du kan skrive ut eller lagre elektronisk.<\/p>\n\n\n\n<p>4. Vesentlige egenskaper ved varene eller tjenestene<\/p>\n\n\n\n<p>De viktigste egenskapene til varene og\/eller tjenestene finner du i de respektive tilbudene.<\/p>\n\n\n\n<p>5. Priser og betalingsbetingelser<\/p>\n\n\n\n<p>5.1 Prisene som er oppgitt i de respektive tilbudene, samt fraktkostnadene, representerer totalpriser. De inkluderer alle priskomponenter inkludert alle gjeldende avgifter.<\/p>\n\n\n\n<p>5.2 De p\u00e5l\u00f8pte fraktkostnadene er ikke inkludert i kj\u00f8pesummen. De kan hentes via en tilsvarende merket knapp p\u00e5 nettstedet v\u00e5rt eller i det respektive tilbudet, vises separat under bestillingsprosessen og skal b\u00e6res av deg i tillegg, med mindre levering uten fraktkostnader er lovet.<\/p>\n\n\n\n<p>5.3 Betalingsm\u00e5tene som er tilgjengelige for deg, vises under en tilsvarende merket knapp p\u00e5 nettstedet v\u00e5rt eller i det respektive tilbudet.<\/p>\n\n\n\n<p>5.4 Med mindre annet er angitt i de enkelte betalingsm\u00e5tene, forfaller betalingskravene fra den inng\u00e5tte kontrakten til betaling umiddelbart.<\/p>\n\n\n\n<p>6. Leveringsbetingelser<\/p>\n\n\n\n<p>6.1 Leveringsbetingelsene, leveringsdatoen og eventuelle leveringsbegrensninger finner du under en tilsvarende merket knapp p\u00e5 nettstedet v\u00e5rt eller i det aktuelle tilbudet.<\/p>\n\n\n\n<p>6.2 Hvis du er forbruker, er det lovbestemt at risikoen for utilsiktet tap og utilsiktet forringelse av salgsgjenstanden under forsendelsen f\u00f8rst g\u00e5r over p\u00e5 deg n\u00e5r varen overleveres til deg, uavhengig av om forsendelsen er forsikret eller ikke. Dette gjelder ikke hvis du p\u00e5 egen h\u00e5nd har bestilt et transportfirma som ikke er utpekt av entrepren\u00f8ren eller en annen person som er utpekt til \u00e5 utf\u00f8re forsendelsen.<\/p>\n\n\n\n<p>7. Lovbestemt ansvar for mangler<\/p>\n\n\n\n<p>7.1 De lovbestemte garantirettighetene gjelder.<\/p>\n\n\n\n<p>7.2 Som forbruker bes du om \u00e5 kontrollere varene umiddelbart etter levering med hensyn til fullstendighet, \u00e5penbare mangler og transportskader, og \u00e5 varsle oss og transport\u00f8ren om eventuelle reklamasjoner s\u00e5 snart som mulig. Hvis du unnlater \u00e5 gj\u00f8re dette, vil det ikke ha noen innvirkning p\u00e5 dine lovbestemte garantikrav.<\/p>","protected":false},"excerpt":{"rendered":"<p>Allgemeine Gesch\u00e4ftsbedingungen und Kundeninformationen I. Allgemeine Gesch\u00e4ftsbedingungen \u00a7 1 Grundlegende Bestimmungen (1) Die nachstehenden Gesch\u00e4ftsbedingungen gelten f\u00fcr alle Vertr\u00e4ge, die Sie mit uns als Anbieter (Avush) \u00fcber die Internetseite www.avush.com [&hellip;]<\/p>","protected":false},"author":1,"featured_media":0,"parent":0,"menu_order":0,"comment_status":"closed","ping_status":"closed","template":"","meta":{"_uag_custom_page_level_css":"","advgb_blocks_editor_width":"","advgb_blocks_columns_visual_guide":"","site-sidebar-layout":"default","site-content-layout":"default","ast-site-content-layout":"default","site-content-style":"default","site-sidebar-style":"default","ast-global-header-display":"","ast-banner-title-visibility":"","ast-main-header-display":"","ast-hfb-above-header-display":"","ast-hfb-below-header-display":"","ast-hfb-mobile-header-display":"","site-post-title":"","ast-breadcrumbs-content":"","ast-featured-img":"","footer-sml-layout":"","ast-disable-related-posts":"","theme-transparent-header-meta":"default","adv-header-id-meta":"","stick-header-meta":"default","header-above-stick-meta":"","header-main-stick-meta":"","header-below-stick-meta":"","astra-migrate-meta-layouts":"default","ast-page-background-enabled":"default","ast-page-background-meta":{"desktop":{"background-color":"","background-image":"","background-repeat":"repeat","background-position":"center center","background-size":"auto","background-attachment":"scroll","background-type":"","background-media":"","overlay-type":"","overlay-color":"","overlay-opacity":"","overlay-gradient":""},"tablet":{"background-color":"","background-image":"","background-repeat":"repeat","background-position":"center center","background-size":"auto","background-attachment":"scroll","background-type":"","background-media":"","overlay-type":"","overlay-color":"","overlay-opacity":"","overlay-gradient":""},"mobile":{"background-color":"","background-image":"","background-repeat":"repeat","background-position":"center center","background-size":"auto","background-attachment":"scroll","background-type":"","background-media":"","overlay-type":"","overlay-color":"","overlay-opacity":"","overlay-gradient":""}},"ast-content-background-meta":{"desktop":{"background-color":"var(--ast-global-color-5)","background-image":"","background-repeat":"repeat","background-position":"center center","background-size":"auto","background-attachment":"scroll","background-type":"","background-media":"","overlay-type":"","overlay-color":"","overlay-opacity":"","overlay-gradient":""},"tablet":{"background-color":"var(--ast-global-color-5)","background-image":"","background-repeat":"repeat","background-position":"center center","background-size":"auto","background-attachment":"scroll","background-type":"","background-media":"","overlay-type":"","overlay-color":"","overlay-opacity":"","overlay-gradient":""},"mobile":{"background-color":"var(--ast-global-color-5)","background-image":"","background-repeat":"repeat","background-position":"center center","background-size":"auto","background-attachment":"scroll","background-type":"","background-media":"","overlay-type":"","overlay-color":"","overlay-opacity":"","overlay-gradient":""}},"footnotes":""},"class_list":["post-14","page","type-page","status-publish","hentry"],"yoast_head":"<!-- This site is optimized with the Yoast SEO Premium plugin v26.6 (Yoast SEO v26.6) - https:\/\/yoast.com\/wordpress\/plugins\/seo\/ -->\n<title>AGB - Avush<\/title>\n<meta name=\"robots\" content=\"noindex, nofollow\" \/>\n<meta property=\"og:locale\" content=\"nb_NO\" \/>\n<meta property=\"og:type\" content=\"article\" \/>\n<meta property=\"og:title\" content=\"AGB\" \/>\n<meta property=\"og:description\" content=\"Allgemeine Gesch\u00e4ftsbedingungen und Kundeninformationen I. Allgemeine Gesch\u00e4ftsbedingungen \u00a7 1 Grundlegende Bestimmungen (1) Die nachstehenden Gesch\u00e4ftsbedingungen gelten f\u00fcr alle Vertr\u00e4ge, die Sie mit uns als Anbieter (Avush) \u00fcber die Internetseite www.avush.com [&hellip;]\" \/>\n<meta property=\"og:url\" content=\"https:\/\/avush.com\/nb\/agb\/\" \/>\n<meta property=\"og:site_name\" content=\"Avush\" \/>\n<meta property=\"article:modified_time\" content=\"2023-07-25T06:10:43+00:00\" \/>\n<meta property=\"og:image\" content=\"https:\/\/avush.com\/wp-content\/uploads\/2023\/06\/Liviol-impr.png\" \/>\n<meta name=\"twitter:card\" content=\"summary_large_image\" \/>\n<meta name=\"twitter:label1\" content=\"Ansl. lesetid\" \/>\n\t<meta name=\"twitter:data1\" content=\"8 minutter\" \/>\n<script type=\"application\/ld+json\" class=\"yoast-schema-graph\">{\"@context\":\"https:\/\/schema.org\",\"@graph\":[{\"@type\":\"WebPage\",\"@id\":\"https:\/\/avush.com\/sl\/agb\/\",\"url\":\"https:\/\/avush.com\/sl\/agb\/\",\"name\":\"AGB - Avush\",\"isPartOf\":{\"@id\":\"https:\/\/avush.com\/de\/#website\"},\"primaryImageOfPage\":{\"@id\":\"https:\/\/avush.com\/sl\/agb\/#primaryimage\"},\"image\":{\"@id\":\"https:\/\/avush.com\/sl\/agb\/#primaryimage\"},\"thumbnailUrl\":\"https:\/\/avush.com\/wp-content\/uploads\/2023\/06\/Liviol-impr.png\",\"datePublished\":\"2021-09-27T05:24:25+00:00\",\"dateModified\":\"2023-07-25T06:10:43+00:00\",\"breadcrumb\":{\"@id\":\"https:\/\/avush.com\/sl\/agb\/#breadcrumb\"},\"inLanguage\":\"nb-NO\",\"potentialAction\":[{\"@type\":\"ReadAction\",\"target\":[\"https:\/\/avush.com\/sl\/agb\/\"]}]},{\"@type\":\"ImageObject\",\"inLanguage\":\"nb-NO\",\"@id\":\"https:\/\/avush.com\/sl\/agb\/#primaryimage\",\"url\":\"https:\/\/avush.com\/wp-content\/uploads\/2023\/06\/Liviol-impr.png\",\"contentUrl\":\"https:\/\/avush.com\/wp-content\/uploads\/2023\/06\/Liviol-impr.png\"},{\"@type\":\"BreadcrumbList\",\"@id\":\"https:\/\/avush.com\/sl\/agb\/#breadcrumb\",\"itemListElement\":[{\"@type\":\"ListItem\",\"position\":1,\"name\":\"Home\",\"item\":\"https:\/\/avush.com\/\"},{\"@type\":\"ListItem\",\"position\":2,\"name\":\"AGB\"}]},{\"@type\":\"WebSite\",\"@id\":\"https:\/\/avush.com\/de\/#website\",\"url\":\"https:\/\/avush.com\/de\/\",\"name\":\"Avush\",\"description\":\"Pigmentflecken &amp; Altersflecken Serum\",\"publisher\":{\"@id\":\"https:\/\/avush.com\/de\/#organization\"},\"potentialAction\":[{\"@type\":\"SearchAction\",\"target\":{\"@type\":\"EntryPoint\",\"urlTemplate\":\"https:\/\/avush.com\/de\/?s={search_term_string}\"},\"query-input\":{\"@type\":\"PropertyValueSpecification\",\"valueRequired\":true,\"valueName\":\"search_term_string\"}}],\"inLanguage\":\"nb-NO\"},{\"@type\":\"Organization\",\"@id\":\"https:\/\/avush.com\/de\/#organization\",\"name\":\"Avush\",\"url\":\"https:\/\/avush.com\/de\/\",\"logo\":{\"@type\":\"ImageObject\",\"inLanguage\":\"nb-NO\",\"@id\":\"https:\/\/avush.com\/de\/#\/schema\/logo\/image\/\",\"url\":\"https:\/\/avush.com\/wp-content\/uploads\/2023\/07\/cropped-Avush-Logo-1.png\",\"contentUrl\":\"https:\/\/avush.com\/wp-content\/uploads\/2023\/07\/cropped-Avush-Logo-1.png\",\"width\":200,\"height\":74,\"caption\":\"Avush\"},\"image\":{\"@id\":\"https:\/\/avush.com\/de\/#\/schema\/logo\/image\/\"}}]}<\/script>\n<!-- \/ Yoast SEO Premium plugin. -->","yoast_head_json":{"title":"AGB - Avush","robots":{"index":"noindex","follow":"nofollow"},"og_locale":"nb_NO","og_type":"article","og_title":"AGB","og_description":"Allgemeine Gesch\u00e4ftsbedingungen und Kundeninformationen I. Allgemeine Gesch\u00e4ftsbedingungen \u00a7 1 Grundlegende Bestimmungen (1) Die nachstehenden Gesch\u00e4ftsbedingungen gelten f\u00fcr alle Vertr\u00e4ge, die Sie mit uns als Anbieter (Avush) \u00fcber die Internetseite www.avush.com [&hellip;]","og_url":"https:\/\/avush.com\/nb\/agb\/","og_site_name":"Avush","article_modified_time":"2023-07-25T06:10:43+00:00","og_image":[{"url":"https:\/\/avush.com\/wp-content\/uploads\/2023\/06\/Liviol-impr.png","type":"","width":"","height":""}],"twitter_card":"summary_large_image","twitter_misc":{"Ansl. lesetid":"8 minutter"},"schema":{"@context":"https:\/\/schema.org","@graph":[{"@type":"WebPage","@id":"https:\/\/avush.com\/sl\/agb\/","url":"https:\/\/avush.com\/sl\/agb\/","name":"AGB - Avush","isPartOf":{"@id":"https:\/\/avush.com\/de\/#website"},"primaryImageOfPage":{"@id":"https:\/\/avush.com\/sl\/agb\/#primaryimage"},"image":{"@id":"https:\/\/avush.com\/sl\/agb\/#primaryimage"},"thumbnailUrl":"https:\/\/avush.com\/wp-content\/uploads\/2023\/06\/Liviol-impr.png","datePublished":"2021-09-27T05:24:25+00:00","dateModified":"2023-07-25T06:10:43+00:00","breadcrumb":{"@id":"https:\/\/avush.com\/sl\/agb\/#breadcrumb"},"inLanguage":"nb-NO","potentialAction":[{"@type":"ReadAction","target":["https:\/\/avush.com\/sl\/agb\/"]}]},{"@type":"ImageObject","inLanguage":"nb-NO","@id":"https:\/\/avush.com\/sl\/agb\/#primaryimage","url":"https:\/\/avush.com\/wp-content\/uploads\/2023\/06\/Liviol-impr.png","contentUrl":"https:\/\/avush.com\/wp-content\/uploads\/2023\/06\/Liviol-impr.png"},{"@type":"BreadcrumbList","@id":"https:\/\/avush.com\/sl\/agb\/#breadcrumb","itemListElement":[{"@type":"ListItem","position":1,"name":"Home","item":"https:\/\/avush.com\/"},{"@type":"ListItem","position":2,"name":"AGB"}]},{"@type":"WebSite","@id":"https:\/\/avush.com\/de\/#website","url":"https:\/\/avush.com\/de\/","name":"Avush","description":"Serum mot pigmentflekker og aldersflekker","publisher":{"@id":"https:\/\/avush.com\/de\/#organization"},"potentialAction":[{"@type":"SearchAction","target":{"@type":"EntryPoint","urlTemplate":"https:\/\/avush.com\/de\/?s={search_term_string}"},"query-input":{"@type":"PropertyValueSpecification","valueRequired":true,"valueName":"search_term_string"}}],"inLanguage":"nb-NO"},{"@type":"Organization","@id":"https:\/\/avush.com\/de\/#organization","name":"Avush","url":"https:\/\/avush.com\/de\/","logo":{"@type":"ImageObject","inLanguage":"nb-NO","@id":"https:\/\/avush.com\/de\/#\/schema\/logo\/image\/","url":"https:\/\/avush.com\/wp-content\/uploads\/2023\/07\/cropped-Avush-Logo-1.png","contentUrl":"https:\/\/avush.com\/wp-content\/uploads\/2023\/07\/cropped-Avush-Logo-1.png","width":200,"height":74,"caption":"Avush"},"image":{"@id":"https:\/\/avush.com\/de\/#\/schema\/logo\/image\/"}}]}},"uagb_featured_image_src":{"full":false,"thumbnail":false,"medium":false,"medium_large":false,"large":false,"1536x1536":false,"2048x2048":false,"trp-custom-language-flag":false,"woocommerce_thumbnail":false,"woocommerce_single":false,"woocommerce_gallery_thumbnail":false},"uagb_author_info":{"display_name":"Kerem085","author_link":"https:\/\/avush.com\/nb\/author\/kerem085\/"},"uagb_comment_info":0,"uagb_excerpt":"Allgemeine Gesch\u00e4ftsbedingungen und Kundeninformationen I. Allgemeine Gesch\u00e4ftsbedingungen \u00a7 1 Grundlegende Bestimmungen (1) Die nachstehenden Gesch\u00e4ftsbedingungen gelten f\u00fcr alle Vertr\u00e4ge, die Sie mit uns als Anbieter (Avush) \u00fcber die Internetseite www.avush.com [&hellip;]","coauthors":[],"author_meta":{"author_link":"https:\/\/avush.com\/nb\/author\/kerem085\/","display_name":"Kerem085"},"relative_dates":{"created":"Publisert 5 \u00e5r siden","modified":"Oppdatert 3 \u00e5r siden"},"absolute_dates":{"created":"Publisert september 27, 2021","modified":"Oppdatert juli 25, 2023"},"absolute_dates_time":{"created":"Publisert september 27, 2021 5:24 am","modified":"Oppdatert juli 25, 2023 6:10 am"},"featured_img_caption":"","featured_img":false,"series_order":"","_links":{"self":[{"href":"https:\/\/avush.com\/nb\/wp-json\/wp\/v2\/pages\/14","targetHints":{"allow":["GET"]}}],"collection":[{"href":"https:\/\/avush.com\/nb\/wp-json\/wp\/v2\/pages"}],"about":[{"href":"https:\/\/avush.com\/nb\/wp-json\/wp\/v2\/types\/page"}],"author":[{"embeddable":true,"href":"https:\/\/avush.com\/nb\/wp-json\/wp\/v2\/users\/1"}],"replies":[{"embeddable":true,"href":"https:\/\/avush.com\/nb\/wp-json\/wp\/v2\/comments?post=14"}],"version-history":[{"count":4,"href":"https:\/\/avush.com\/nb\/wp-json\/wp\/v2\/pages\/14\/revisions"}],"predecessor-version":[{"id":579,"href":"https:\/\/avush.com\/nb\/wp-json\/wp\/v2\/pages\/14\/revisions\/579"}],"wp:attachment":[{"href":"https:\/\/avush.com\/nb\/wp-json\/wp\/v2\/media?parent=14"}],"curies":[{"name":"wp","href":"https:\/\/api.w.org\/{rel}","templated":true}]}}