{"id":15,"date":"2021-09-27T05:24:25","date_gmt":"2021-09-27T05:24:25","guid":{"rendered":"https:\/\/avush.com\/?page_id=15"},"modified":"2023-12-06T15:49:10","modified_gmt":"2023-12-06T14:49:10","slug":"widerrufsrecht","status":"publish","type":"page","link":"https:\/\/avush.com\/it\/diritto-di-revoca\/","title":{"rendered":"Diritto di recesso"},"content":{"rendered":"<p><strong>Diritto di recesso per i consumatori<\/strong><\/p>\n\n\n\n<p>Il consumatore \u00e8 una persona fisica che conclude un negozio giuridico per scopi che non possono essere prevalentemente attribuiti n\u00e9 alla sua attivit\u00e0 commerciale n\u00e9 alla sua attivit\u00e0 professionale indipendente.<\/p>\n\n\n\n<p><strong>Politica di cancellazione Avush<\/strong><\/p>\n\n\n\n<p><strong>Diritto di recesso<\/strong><\/p>\n\n\n\n<p>Il cliente ha il diritto di annullare il contratto entro quattordici giorni. <strong>Il diritto di recesso \u00e8 escluso per gli articoli igienici usati.<\/strong> Il termine di cancellazione \u00e8 di quattordici giorni dal giorno in cui il cliente o un terzo da lui nominato, che non sia il vettore, ha o ha preso possesso della merce, a condizione che il cliente abbia ordinato una o pi\u00f9 merci come parte di un unico ordine e che queste siano o saranno consegnate in modo uniforme.<\/p>\n\n\n\n<p>Per esercitare il vostro diritto di recesso, dovete informarci della vostra decisione di recedere dal presente contratto mediante una dichiarazione chiara (ad esempio, una lettera inviata per posta, fax o e-mail). A tal fine \u00e8 possibile utilizzare il modello di modulo di recesso allegato, che tuttavia non \u00e8 obbligatorio.<\/p>\n\n\n\n<p>Per rispettare il termine di cancellazione, \u00e8 sufficiente inviare la notifica dell'esercizio del diritto di cancellazione prima della fine del periodo di cancellazione.<\/p>\n\n\n\n<p>La revoca deve essere indirizzata a<\/p>\n\n\n\n<p><\/p>\n\n\n\n<figure class=\"wp-block-image size-full is-resized\"><img loading=\"lazy\" decoding=\"async\" width=\"650\" height=\"685\" src=\"https:\/\/avush.com\/wp-content\/uploads\/2023\/06\/Im-002.jpg\" alt=\"\" class=\"wp-image-152\" style=\"object-fit:cover;width:237px;height:250px\" srcset=\"https:\/\/avush.com\/wp-content\/uploads\/2023\/06\/Im-002.jpg 650w, https:\/\/avush.com\/wp-content\/uploads\/2023\/06\/Im-002-285x300.jpg 285w, https:\/\/avush.com\/wp-content\/uploads\/2023\/06\/Im-002-600x632.jpg 600w\" sizes=\"auto, (max-width: 650px) 100vw, 650px\" \/><\/figure>\n\n\n\n<p><\/p>\n\n\n\n<p><strong>Indirizzo di consegna sotto indicato.<\/strong><\/p>\n\n\n\n<p><strong>Conseguenze della revoca<\/strong><\/p>\n\n\n\n<p>Se Lei recede dal presente contratto, dobbiamo rimborsarLe tutti i pagamenti che abbiamo ricevuto da Lei, compresi i costi di consegna (ad eccezione dei costi aggiuntivi derivanti dal fatto che Lei ha scelto un tipo di consegna diverso dalla consegna standard pi\u00f9 economica da noi offerta), senza indugio e al pi\u00f9 tardi entro quattordici giorni dal giorno in cui abbiamo ricevuto la notifica del Suo recesso dal presente contratto. Per questo rimborso, utilizzeremo lo stesso mezzo di pagamento che avete utilizzato per la transazione originale, a meno che non sia stato espressamente concordato diversamente con voi; in nessun caso vi sar\u00e0 addebitato un costo per questo rimborso.<\/p>\n\n\n\n<p>Potremmo rifiutare il rimborso finch\u00e9 non avremo ricevuto la merce o finch\u00e9 il cliente non avr\u00e0 fornito la prova di averla restituita, a seconda di quale delle due condizioni si verifichi per prima.<\/p>\n\n\n\n<p><strong>Restituzioni<\/strong><\/p>\n\n\n\n<p>Dovete restituirci o consegnarci la merce senza indugio e in ogni caso non oltre quattordici giorni dal giorno in cui ci avete comunicato la risoluzione del presente contratto. Il termine \u00e8 rispettato se la merce viene spedita prima della scadenza del periodo di quattordici giorni.<\/p>\n\n\n\n<p>I costi diretti della restituzione della merce sono a carico del cliente.<\/p>\n\n\n\n<p>Il cliente \u00e8 tenuto a pagare l'eventuale perdita di valore della merce solo se tale perdita di valore \u00e8 dovuta a una manipolazione della merce non necessaria per testare la qualit\u00e0, le caratteristiche e il funzionamento della stessa.<\/p>\n\n\n\n<p><strong>Motivi di esclusione o di scadenza<\/strong><\/p>\n\n\n\n<p><strong>Esclusione del diritto di recesso<\/strong>:<\/p>\n\n\n\n<p>Nessun diritto di recesso per le merci rapidamente deperibili o la cui data di scadenza verrebbe rapidamente superata. Scadenza anticipata in caso di consegna di beni sigillati che non possono essere restituiti per motivi di tutela della salute o di igiene se il sigillo \u00e8 stato rimosso dopo la consegna; (1) Non esiste un diritto di recesso per il Avush ai sensi del \u00a7 312g comma 2 n. 2 BGB se il sigillo \u00e8 stato rimosso dalla confezione. Ci\u00f2 \u00e8 dovuto al fatto che il Avush \u00e8 un bene ai sensi del \u00a7 312g comma 2 n. 2 BGB, che si deteriorerebbe rapidamente dopo la rottura del sigillo o la cui data di scadenza verrebbe superata rapidamente da questo momento (2 mesi dopo l'apertura del Avush). (2) Il diritto di revoca non sussiste pertanto ai sensi del \u00a7 312g comma 2 n. 2 BGB se il sigillo del Avush \u00e8 stato rimosso dopo la consegna, poich\u00e9 vi \u00e8 il rischio che il prodotto restituito arrivi al rivenditore con una durata di conservazione notevolmente inferiore.<\/p>\n\n\n\n<p>Il diritto di recesso \u00e8 escluso in questo contesto perch\u00e9 i sieri da restituire con il sigillo rotto sarebbero difficili o impossibili da rivendere per Avush, tenendo conto dei tempi di restituzione.<\/p>\n\n\n\n<p><strong>Il diritto di recesso \u00e8 escluso per gli articoli igienici usati<\/strong>.<\/p>\n\n\n\n<hr class=\"wp-block-separator has-css-opacity\"\/>\n\n\n\n<p>Il diritto di recesso esiste <strong>non<\/strong> Per i contratti<\/p>\n\n\n\n<ul class=\"wp-block-list\">\n<li>per la consegna di beni che non sono prefabbricati e per la cui produzione \u00e8 determinante una scelta o una determinazione individuale da parte del consumatore o che sono chiaramente adattati alle esigenze personali del consumatore;<\/li>\n\n\n\n<li>per la consegna di merci che possono deteriorarsi rapidamente o la cui data di scadenza verrebbe rapidamente superata;<\/li>\n\n\n\n<li>Contratti di abbonamento.<\/li>\n<\/ul>\n\n\n\n<p>&#8212;&#8212;&#8211;<\/p>\n\n\n\n<p><strong>Il diritto di recesso si estingue anticipatamente nel caso dei contratti<\/strong><\/p>\n\n\n\n<ul class=\"wp-block-list\">\n<li>per la consegna di merci sigillate che non possono essere restituite per motivi di tutela della salute o di igiene, se il sigillo \u00e8 stato rimosso dopo la consegna;<\/li>\n\n\n\n<li>per la consegna di merci se queste sono state mescolate in modo indissolubile con altre merci dopo la consegna a causa della loro natura;<\/li>\n<\/ul>\n\n\n\n<p>_______<\/p>\n\n\n\n<p><strong>Esempio di modulo di cancellazione<\/strong><\/p>\n\n\n\n<p>Se si desidera annullare il contratto, si prega di compilare e restituire il presente modulo.<br><strong>Il diritto di recesso \u00e8 escluso per gli articoli igienici usati.<\/strong><\/p>\n\n\n\n<p>1. Tornare a:<\/p>\n\n\n\n<p>VDS - Servizio spedizioni e dati <br>c\/o Alaiko GmbH <br>Siemensstra\u00dfe 14<br>D-37412 Herzberg am Harz<br>Germany<br><br>E-mail: info@avush.com<\/p>\n\n\n\n<p>2. Con la presente revoca il contratto da me\/noi stipulato per l'acquisto dei seguenti beni \/ la fornitura dei seguenti servizi<br>Servizio (allegare copia della fattura se necessario)<br>Numero d'ordine: ..........................................<br>Quantit\u00e0 \/ nome della merce: ...........................<br>Prezzo di acquisto: ...................................................<br>Gi\u00e0 usato? Il diritto di recesso \u00e8 escluso per gli articoli igienici usati.<\/p>\n\n\n\n<p>3. Ordinato su: ........................<\/p>\n\n\n\n<p>4. Motivo: .............................................<\/p>\n\n\n\n<p>5. Ricevuto su: ........................<\/p>\n\n\n\n<p>6. Nome, indirizzo del consumatore: ......<br>Numero cliente: ........................................<br>Nome e cognome: .................................<br>Via: .......................................................<br>Codice postale e citt\u00e0: ..................................................<\/p>\n\n\n\n<p>7. Luogo, data e firma del cliente:<br>&#8230;&#8230;&#8230;&#8230;&#8230;&#8230;&#8230;&#8230;&#8230;&#8230;&#8230;&#8230;&#8230;&#8230;&#8230;&#8230;&#8230;.<\/p>","protected":false},"excerpt":{"rendered":"<p>Widerrufsrecht f\u00fcr Verbraucher Verbraucher ist jede nat\u00fcrliche Person, die ein Rechtsgesch\u00e4ft zu Zwecken abschlie\u00dft, die \u00fcberwiegend weder ihrer gewerblichen noch ihrer selbstst\u00e4ndigen beruflichen T\u00e4tigkeit zugerechnet werden kann. Widerrufsbelehrung Avush Widerrufsrecht [&hellip;]<\/p>","protected":false},"author":1,"featured_media":0,"parent":0,"menu_order":0,"comment_status":"closed","ping_status":"closed","template":"","meta":{"_uag_custom_page_level_css":"","advgb_blocks_editor_width":"","advgb_blocks_columns_visual_guide":"","site-sidebar-layout":"default","site-content-layout":"default","ast-site-content-layout":"default","site-content-style":"default","site-sidebar-style":"default","ast-global-header-display":"","ast-banner-title-visibility":"","ast-main-header-display":"","ast-hfb-above-header-display":"","ast-hfb-below-header-display":"","ast-hfb-mobile-header-display":"","site-post-title":"","ast-breadcrumbs-content":"","ast-featured-img":"","footer-sml-layout":"","ast-disable-related-posts":"","theme-transparent-header-meta":"default","adv-header-id-meta":"","stick-header-meta":"default","header-above-stick-meta":"","header-main-stick-meta":"","header-below-stick-meta":"","astra-migrate-meta-layouts":"set","ast-page-background-enabled":"default","ast-page-background-meta":{"desktop":{"background-color":"","background-image":"","background-repeat":"repeat","background-position":"center center","background-size":"auto","background-attachment":"scroll","background-type":"","background-media":"","overlay-type":"","overlay-color":"","overlay-opacity":"","overlay-gradient":""},"tablet":{"background-color":"","background-image":"","background-repeat":"repeat","background-position":"center center","background-size":"auto","background-attachment":"scroll","background-type":"","background-media":"","overlay-type":"","overlay-color":"","overlay-opacity":"","overlay-gradient":""},"mobile":{"background-color":"","background-image":"","background-repeat":"repeat","background-position":"center center","background-size":"auto","background-attachment":"scroll","background-type":"","background-media":"","overlay-type":"","overlay-color":"","overlay-opacity":"","overlay-gradient":""}},"ast-content-background-meta":{"desktop":{"background-color":"var(--ast-global-color-5)","background-image":"","background-repeat":"repeat","background-position":"center center","background-size":"auto","background-attachment":"scroll","background-type":"","background-media":"","overlay-type":"","overlay-color":"","overlay-opacity":"","overlay-gradient":""},"tablet":{"background-color":"var(--ast-global-color-5)","background-image":"","background-repeat":"repeat","background-position":"center center","background-size":"auto","background-attachment":"scroll","background-type":"","background-media":"","overlay-type":"","overlay-color":"","overlay-opacity":"","overlay-gradient":""},"mobile":{"background-color":"var(--ast-global-color-5)","background-image":"","background-repeat":"repeat","background-position":"center center","background-size":"auto","background-attachment":"scroll","background-type":"","background-media":"","overlay-type":"","overlay-color":"","overlay-opacity":"","overlay-gradient":""}},"footnotes":""},"class_list":["post-15","page","type-page","status-publish","hentry"],"yoast_head":"<!-- This site is optimized with the Yoast SEO Premium plugin v26.6 (Yoast SEO v26.6) - https:\/\/yoast.com\/wordpress\/plugins\/seo\/ -->\n<title>Widerrufsrecht - Avush<\/title>\n<meta name=\"robots\" content=\"noindex, nofollow\" \/>\n<meta property=\"og:locale\" content=\"it_IT\" \/>\n<meta property=\"og:type\" content=\"article\" \/>\n<meta property=\"og:title\" content=\"Widerrufsrecht\" \/>\n<meta property=\"og:description\" content=\"Widerrufsrecht f\u00fcr Verbraucher Verbraucher ist jede nat\u00fcrliche Person, die ein Rechtsgesch\u00e4ft zu Zwecken abschlie\u00dft, die \u00fcberwiegend weder ihrer gewerblichen noch ihrer selbstst\u00e4ndigen beruflichen T\u00e4tigkeit zugerechnet werden kann. Widerrufsbelehrung Avush Widerrufsrecht [&hellip;]\" \/>\n<meta property=\"og:url\" content=\"https:\/\/avush.com\/it\/diritto-di-revoca\/\" \/>\n<meta property=\"og:site_name\" content=\"Avush\" \/>\n<meta property=\"article:modified_time\" content=\"2023-12-06T14:49:10+00:00\" \/>\n<meta property=\"og:image\" content=\"https:\/\/avush.com\/wp-content\/uploads\/2023\/06\/Im-002.jpg\" \/>\n<meta name=\"twitter:card\" content=\"summary_large_image\" \/>\n<meta name=\"twitter:label1\" content=\"Tempo di lettura stimato\" \/>\n\t<meta name=\"twitter:data1\" content=\"5 minuti\" \/>\n<script type=\"application\/ld+json\" class=\"yoast-schema-graph\">{\"@context\":\"https:\/\/schema.org\",\"@graph\":[{\"@type\":\"WebPage\",\"@id\":\"https:\/\/avush.com\/widerrufsrecht\/\",\"url\":\"https:\/\/avush.com\/widerrufsrecht\/\",\"name\":\"Widerrufsrecht - Avush\",\"isPartOf\":{\"@id\":\"https:\/\/avush.com\/de\/#website\"},\"primaryImageOfPage\":{\"@id\":\"https:\/\/avush.com\/widerrufsrecht\/#primaryimage\"},\"image\":{\"@id\":\"https:\/\/avush.com\/widerrufsrecht\/#primaryimage\"},\"thumbnailUrl\":\"https:\/\/avush.com\/wp-content\/uploads\/2023\/06\/Im-002.jpg\",\"datePublished\":\"2021-09-27T05:24:25+00:00\",\"dateModified\":\"2023-12-06T14:49:10+00:00\",\"breadcrumb\":{\"@id\":\"https:\/\/avush.com\/widerrufsrecht\/#breadcrumb\"},\"inLanguage\":\"it-IT\",\"potentialAction\":[{\"@type\":\"ReadAction\",\"target\":[\"https:\/\/avush.com\/widerrufsrecht\/\"]}]},{\"@type\":\"ImageObject\",\"inLanguage\":\"it-IT\",\"@id\":\"https:\/\/avush.com\/widerrufsrecht\/#primaryimage\",\"url\":\"https:\/\/avush.com\/wp-content\/uploads\/2023\/06\/Im-002.jpg\",\"contentUrl\":\"https:\/\/avush.com\/wp-content\/uploads\/2023\/06\/Im-002.jpg\"},{\"@type\":\"BreadcrumbList\",\"@id\":\"https:\/\/avush.com\/widerrufsrecht\/#breadcrumb\",\"itemListElement\":[{\"@type\":\"ListItem\",\"position\":1,\"name\":\"Home\",\"item\":\"https:\/\/avush.com\/\"},{\"@type\":\"ListItem\",\"position\":2,\"name\":\"Widerrufsrecht\"}]},{\"@type\":\"WebSite\",\"@id\":\"https:\/\/avush.com\/de\/#website\",\"url\":\"https:\/\/avush.com\/de\/\",\"name\":\"Avush\",\"description\":\"Pigmentflecken &amp; Altersflecken Serum\",\"publisher\":{\"@id\":\"https:\/\/avush.com\/de\/#organization\"},\"potentialAction\":[{\"@type\":\"SearchAction\",\"target\":{\"@type\":\"EntryPoint\",\"urlTemplate\":\"https:\/\/avush.com\/de\/?s={search_term_string}\"},\"query-input\":{\"@type\":\"PropertyValueSpecification\",\"valueRequired\":true,\"valueName\":\"search_term_string\"}}],\"inLanguage\":\"it-IT\"},{\"@type\":\"Organization\",\"@id\":\"https:\/\/avush.com\/de\/#organization\",\"name\":\"Avush\",\"url\":\"https:\/\/avush.com\/de\/\",\"logo\":{\"@type\":\"ImageObject\",\"inLanguage\":\"it-IT\",\"@id\":\"https:\/\/avush.com\/de\/#\/schema\/logo\/image\/\",\"url\":\"https:\/\/avush.com\/wp-content\/uploads\/2023\/07\/cropped-Avush-Logo-1.png\",\"contentUrl\":\"https:\/\/avush.com\/wp-content\/uploads\/2023\/07\/cropped-Avush-Logo-1.png\",\"width\":200,\"height\":74,\"caption\":\"Avush\"},\"image\":{\"@id\":\"https:\/\/avush.com\/de\/#\/schema\/logo\/image\/\"}}]}<\/script>\n<!-- \/ Yoast SEO Premium plugin. -->","yoast_head_json":{"title":"Diritto di recesso - Avush","robots":{"index":"noindex","follow":"nofollow"},"og_locale":"it_IT","og_type":"article","og_title":"Widerrufsrecht","og_description":"Widerrufsrecht f\u00fcr Verbraucher Verbraucher ist jede nat\u00fcrliche Person, die ein Rechtsgesch\u00e4ft zu Zwecken abschlie\u00dft, die \u00fcberwiegend weder ihrer gewerblichen noch ihrer selbstst\u00e4ndigen beruflichen T\u00e4tigkeit zugerechnet werden kann. Widerrufsbelehrung Avush Widerrufsrecht [&hellip;]","og_url":"https:\/\/avush.com\/it\/diritto-di-revoca\/","og_site_name":"Avush","article_modified_time":"2023-12-06T14:49:10+00:00","og_image":[{"url":"https:\/\/avush.com\/wp-content\/uploads\/2023\/06\/Im-002.jpg","type":"","width":"","height":""}],"twitter_card":"summary_large_image","twitter_misc":{"Tempo di lettura stimato":"5 minuti"},"schema":{"@context":"https:\/\/schema.org","@graph":[{"@type":"WebPage","@id":"https:\/\/avush.com\/widerrufsrecht\/","url":"https:\/\/avush.com\/widerrufsrecht\/","name":"Diritto di recesso - Avush","isPartOf":{"@id":"https:\/\/avush.com\/de\/#website"},"primaryImageOfPage":{"@id":"https:\/\/avush.com\/widerrufsrecht\/#primaryimage"},"image":{"@id":"https:\/\/avush.com\/widerrufsrecht\/#primaryimage"},"thumbnailUrl":"https:\/\/avush.com\/wp-content\/uploads\/2023\/06\/Im-002.jpg","datePublished":"2021-09-27T05:24:25+00:00","dateModified":"2023-12-06T14:49:10+00:00","breadcrumb":{"@id":"https:\/\/avush.com\/widerrufsrecht\/#breadcrumb"},"inLanguage":"it-IT","potentialAction":[{"@type":"ReadAction","target":["https:\/\/avush.com\/widerrufsrecht\/"]}]},{"@type":"ImageObject","inLanguage":"it-IT","@id":"https:\/\/avush.com\/widerrufsrecht\/#primaryimage","url":"https:\/\/avush.com\/wp-content\/uploads\/2023\/06\/Im-002.jpg","contentUrl":"https:\/\/avush.com\/wp-content\/uploads\/2023\/06\/Im-002.jpg"},{"@type":"BreadcrumbList","@id":"https:\/\/avush.com\/widerrufsrecht\/#breadcrumb","itemListElement":[{"@type":"ListItem","position":1,"name":"Home","item":"https:\/\/avush.com\/"},{"@type":"ListItem","position":2,"name":"Widerrufsrecht"}]},{"@type":"WebSite","@id":"https:\/\/avush.com\/de\/#website","url":"https:\/\/avush.com\/de\/","name":"Avush","description":"Siero per le macchie pigmentarie e le macchie dell'et\u00e0","publisher":{"@id":"https:\/\/avush.com\/de\/#organization"},"potentialAction":[{"@type":"SearchAction","target":{"@type":"EntryPoint","urlTemplate":"https:\/\/avush.com\/de\/?s={search_term_string}"},"query-input":{"@type":"PropertyValueSpecification","valueRequired":true,"valueName":"search_term_string"}}],"inLanguage":"it-IT"},{"@type":"Organization","@id":"https:\/\/avush.com\/de\/#organization","name":"Avush","url":"https:\/\/avush.com\/de\/","logo":{"@type":"ImageObject","inLanguage":"it-IT","@id":"https:\/\/avush.com\/de\/#\/schema\/logo\/image\/","url":"https:\/\/avush.com\/wp-content\/uploads\/2023\/07\/cropped-Avush-Logo-1.png","contentUrl":"https:\/\/avush.com\/wp-content\/uploads\/2023\/07\/cropped-Avush-Logo-1.png","width":200,"height":74,"caption":"Avush"},"image":{"@id":"https:\/\/avush.com\/de\/#\/schema\/logo\/image\/"}}]}},"uagb_featured_image_src":{"full":false,"thumbnail":false,"medium":false,"medium_large":false,"large":false,"1536x1536":false,"2048x2048":false,"trp-custom-language-flag":false,"woocommerce_thumbnail":false,"woocommerce_single":false,"woocommerce_gallery_thumbnail":false},"uagb_author_info":{"display_name":"Kerem085","author_link":"https:\/\/avush.com\/it\/author\/kerem085\/"},"uagb_comment_info":0,"uagb_excerpt":"Widerrufsrecht f\u00fcr Verbraucher Verbraucher ist jede nat\u00fcrliche Person, die ein Rechtsgesch\u00e4ft zu Zwecken abschlie\u00dft, die \u00fcberwiegend weder ihrer gewerblichen noch ihrer selbstst\u00e4ndigen beruflichen T\u00e4tigkeit zugerechnet werden kann. Widerrufsbelehrung Avush Widerrufsrecht [&hellip;]","coauthors":[],"author_meta":{"author_link":"https:\/\/avush.com\/it\/author\/kerem085\/","display_name":"Kerem085"},"relative_dates":{"created":"Pubblicato 5 anni fa","modified":"Aggiornato 2 anni fa"},"absolute_dates":{"created":"Pubblicato il Settembre 27, 2021","modified":"Aggiornato il Dicembre 6, 2023"},"absolute_dates_time":{"created":"Pubblicato il Settembre 27, 2021 5:24 am","modified":"Aggiornato il Dicembre 6, 2023 3:49 pm"},"featured_img_caption":"","featured_img":false,"series_order":"","_links":{"self":[{"href":"https:\/\/avush.com\/it\/wp-json\/wp\/v2\/pages\/15","targetHints":{"allow":["GET"]}}],"collection":[{"href":"https:\/\/avush.com\/it\/wp-json\/wp\/v2\/pages"}],"about":[{"href":"https:\/\/avush.com\/it\/wp-json\/wp\/v2\/types\/page"}],"author":[{"embeddable":true,"href":"https:\/\/avush.com\/it\/wp-json\/wp\/v2\/users\/1"}],"replies":[{"embeddable":true,"href":"https:\/\/avush.com\/it\/wp-json\/wp\/v2\/comments?post=15"}],"version-history":[{"count":12,"href":"https:\/\/avush.com\/it\/wp-json\/wp\/v2\/pages\/15\/revisions"}],"predecessor-version":[{"id":1405,"href":"https:\/\/avush.com\/it\/wp-json\/wp\/v2\/pages\/15\/revisions\/1405"}],"wp:attachment":[{"href":"https:\/\/avush.com\/it\/wp-json\/wp\/v2\/media?parent=15"}],"curies":[{"name":"wp","href":"https:\/\/api.w.org\/{rel}","templated":true}]}}