{"id":13,"date":"2021-09-27T05:24:25","date_gmt":"2021-09-27T05:24:25","guid":{"rendered":"https:\/\/avush.com\/?page_id=13"},"modified":"2023-07-25T06:25:46","modified_gmt":"2023-07-25T06:25:46","slug":"impressum","status":"publish","type":"page","link":"https:\/\/avush.com\/it\/impronta\/","title":{"rendered":"Impronta"},"content":{"rendered":"<p><strong>Dichiarazione di non responsabilit\u00e0<br><\/strong>I contenuti di questo sito web sono stati creati con la massima cura possibile. Tuttavia, Laduti non si assume alcuna responsabilit\u00e0 per l'accuratezza, la completezza e l'aggiornamento dei contenuti forniti. L'utilizzo dei contenuti del sito web \u00e8 a rischio e pericolo dell'utente.<\/p>\n\n\n\n<p>1. Collegamenti esterni:<br>Nel caso di link esterni a siti web di terzi (\"link esterni\"), questi siti sono soggetti alla responsabilit\u00e0 dei rispettivi gestori. Al momento della creazione dei link esterni, il provider ha verificato che i contenuti esterni non presentassero violazioni di legge. In quel momento non sono state riscontrate violazioni di legge. L'offerente non ha alcuna influenza sulla struttura e sui contenuti attuali e futuri delle pagine collegate. L'inserimento di link esterni non implica che l'offerente adotti come propri i contenuti che si celano dietro il riferimento o il link. Non \u00e8 ragionevole per l'offerente monitorare costantemente i link esterni senza indicazioni concrete di violazioni legali. Tuttavia, nel caso in cui si venga a conoscenza di violazioni legali, tali link esterni verranno immediatamente cancellati.<\/p>\n\n\n\n<p>2. Diritti d'autore e diritti accessori | \u00a9 copyright:<br>I contenuti pubblicati su questo sito web sono soggetti alle leggi tedesche sul copyright e sui diritti d'autore accessori. Qualsiasi utilizzo non consentito dalle leggi tedesche sul diritto d'autore e sui diritti accessori richiede il previo consenso scritto del fornitore o del rispettivo titolare dei diritti. Ci\u00f2 vale in particolare per la copia, la modifica, la traduzione, la memorizzazione, l'elaborazione o la riproduzione di contenuti in banche dati o altri supporti e sistemi elettronici. La riproduzione o la trasmissione non autorizzata di singoli contenuti o di pagine complete non \u00e8 consentita ed \u00e8 punibile per legge. \u00c8 consentita solo la produzione di copie e download per uso personale, privato e non commerciale. La visualizzazione di questo sito web in frame esterni \u00e8 consentita solo previa autorizzazione scritta.<\/p>\n\n\n\n<p>3. Protezione dei dati<br>Visitando il sito web del fornitore, possono essere memorizzate informazioni sull'accesso (data, ora, pagina visualizzata). Questi dati non appartengono ai dati personali, ma sono anonimizzati. Vengono valutati esclusivamente a fini statistici. Non vengono trasmessi a terzi per scopi commerciali o non commerciali. L'offerente fa espressamente presente che la trasmissione dei dati su Internet (ad esempio la comunicazione via e-mail) \u00e8 soggetta a vulnerabilit\u00e0 di sicurezza e non pu\u00f2 essere completamente protetta dall'accesso di terzi.<\/p>\n\n\n\n<p>L'utilizzo dei dati di contatto dell'imprinting per la pubblicit\u00e0 commerciale \u00e8 espressamente vietato, a meno che l'offerente non abbia precedentemente dato il suo consenso scritto o non esista gi\u00e0 un rapporto commerciale. Il fornitore e tutte le persone citate in questo sito web si oppongono a qualsiasi uso commerciale e divulgazione dei loro dati.<\/p>\n\n\n\n<p>4. Condizioni speciali di utilizzo<br>Se le condizioni speciali per i singoli utilizzi di questo sito web si discostano dai numeri da 1 a 4 sopra citati, ci\u00f2 sar\u00e0 espressamente indicato nel punto appropriato. In questo caso, le condizioni speciali di utilizzo si applicano al singolo caso.<\/p>\n\n\n\n<p>Avush \u00e8 un marchio di fabbrica della societ\u00e0:<\/p>\n\n\n\n<hr class=\"wp-block-separator has-text-color has-ast-global-color-4-color has-alpha-channel-opacity has-ast-global-color-4-background-color has-background is-style-wide\"\/>\n\n\n\n<figure class=\"wp-block-image size-full is-resized\"><img loading=\"lazy\" decoding=\"async\" src=\"https:\/\/avush.com\/wp-content\/uploads\/2023\/06\/Liviol-impr.png\" alt=\"\" class=\"wp-image-135\" width=\"268\" height=\"190\" srcset=\"https:\/\/avush.com\/wp-content\/uploads\/2023\/06\/Liviol-impr.png 549w, https:\/\/avush.com\/wp-content\/uploads\/2023\/06\/Liviol-impr-300x213.png 300w\" sizes=\"auto, (max-width: 268px) 100vw, 268px\" \/><\/figure>\n\n\n\n<p><strong>Risoluzione alternativa delle controversie:<\/strong><\/p>\n\n\n\n<p>La Commissione europea mette a disposizione una piattaforma per la risoluzione extragiudiziale delle controversie online (piattaforma ODR), accessibile all'indirizzo&nbsp;<a href=\"https:\/\/ec.europa.eu\/odr\" target=\"_blank\" rel=\"noreferrer noopener\">https:\/\/ec.europa.eu\/odr<\/a>.<\/p>","protected":false},"excerpt":{"rendered":"<p>HaftungsausschlussDie Inhalte dieser Website werden mit gr\u00f6\u00dftm\u00f6glicher Sorgfalt erstellt. Laduti \u00fcbernimmt jedoch keine Gew\u00e4hr f\u00fcr die Richtigkeit, Vollst\u00e4ndigkeit und Aktualit\u00e4t der bereitgestellten Inhalte. Die Nutzung der Inhalte der Website erfolgt [&hellip;]<\/p>","protected":false},"author":1,"featured_media":0,"parent":0,"menu_order":0,"comment_status":"closed","ping_status":"closed","template":"","meta":{"_uag_custom_page_level_css":"","advgb_blocks_editor_width":"","advgb_blocks_columns_visual_guide":"","site-sidebar-layout":"default","site-content-layout":"default","ast-site-content-layout":"default","site-content-style":"default","site-sidebar-style":"default","ast-global-header-display":"","ast-banner-title-visibility":"","ast-main-header-display":"","ast-hfb-above-header-display":"","ast-hfb-below-header-display":"","ast-hfb-mobile-header-display":"","site-post-title":"","ast-breadcrumbs-content":"","ast-featured-img":"","footer-sml-layout":"","ast-disable-related-posts":"","theme-transparent-header-meta":"default","adv-header-id-meta":"","stick-header-meta":"default","header-above-stick-meta":"","header-main-stick-meta":"","header-below-stick-meta":"","astra-migrate-meta-layouts":"default","ast-page-background-enabled":"default","ast-page-background-meta":{"desktop":{"background-color":"","background-image":"","background-repeat":"repeat","background-position":"center center","background-size":"auto","background-attachment":"scroll","background-type":"","background-media":"","overlay-type":"","overlay-color":"","overlay-opacity":"","overlay-gradient":""},"tablet":{"background-color":"","background-image":"","background-repeat":"repeat","background-position":"center center","background-size":"auto","background-attachment":"scroll","background-type":"","background-media":"","overlay-type":"","overlay-color":"","overlay-opacity":"","overlay-gradient":""},"mobile":{"background-color":"","background-image":"","background-repeat":"repeat","background-position":"center center","background-size":"auto","background-attachment":"scroll","background-type":"","background-media":"","overlay-type":"","overlay-color":"","overlay-opacity":"","overlay-gradient":""}},"ast-content-background-meta":{"desktop":{"background-color":"var(--ast-global-color-5)","background-image":"","background-repeat":"repeat","background-position":"center center","background-size":"auto","background-attachment":"scroll","background-type":"","background-media":"","overlay-type":"","overlay-color":"","overlay-opacity":"","overlay-gradient":""},"tablet":{"background-color":"var(--ast-global-color-5)","background-image":"","background-repeat":"repeat","background-position":"center center","background-size":"auto","background-attachment":"scroll","background-type":"","background-media":"","overlay-type":"","overlay-color":"","overlay-opacity":"","overlay-gradient":""},"mobile":{"background-color":"var(--ast-global-color-5)","background-image":"","background-repeat":"repeat","background-position":"center center","background-size":"auto","background-attachment":"scroll","background-type":"","background-media":"","overlay-type":"","overlay-color":"","overlay-opacity":"","overlay-gradient":""}},"footnotes":""},"class_list":["post-13","page","type-page","status-publish","hentry"],"yoast_head":"<!-- This site is optimized with the Yoast SEO Premium plugin v26.6 (Yoast SEO v26.6) - https:\/\/yoast.com\/wordpress\/plugins\/seo\/ -->\n<title>Impressum - Avush<\/title>\n<meta name=\"robots\" content=\"noindex, nofollow\" \/>\n<meta property=\"og:locale\" content=\"it_IT\" \/>\n<meta property=\"og:type\" content=\"article\" \/>\n<meta property=\"og:title\" content=\"Impressum\" \/>\n<meta property=\"og:description\" content=\"HaftungsausschlussDie Inhalte dieser Website werden mit gr\u00f6\u00dftm\u00f6glicher Sorgfalt erstellt. Laduti \u00fcbernimmt jedoch keine Gew\u00e4hr f\u00fcr die Richtigkeit, Vollst\u00e4ndigkeit und Aktualit\u00e4t der bereitgestellten Inhalte. Die Nutzung der Inhalte der Website erfolgt [&hellip;]\" \/>\n<meta property=\"og:url\" content=\"https:\/\/avush.com\/it\/impronta\/\" \/>\n<meta property=\"og:site_name\" content=\"Avush\" \/>\n<meta property=\"article:modified_time\" content=\"2023-07-25T06:25:46+00:00\" \/>\n<meta property=\"og:image\" content=\"https:\/\/avush.com\/wp-content\/uploads\/2023\/06\/Liviol-impr.png\" \/>\n<meta name=\"twitter:card\" content=\"summary_large_image\" \/>\n<meta name=\"twitter:label1\" content=\"Tempo di lettura stimato\" \/>\n\t<meta name=\"twitter:data1\" content=\"3 minuti\" \/>\n<script type=\"application\/ld+json\" class=\"yoast-schema-graph\">{\"@context\":\"https:\/\/schema.org\",\"@graph\":[{\"@type\":\"WebPage\",\"@id\":\"https:\/\/avush.com\/de\/impressum\/\",\"url\":\"https:\/\/avush.com\/de\/impressum\/\",\"name\":\"Impressum - Avush\",\"isPartOf\":{\"@id\":\"https:\/\/avush.com\/de\/#website\"},\"primaryImageOfPage\":{\"@id\":\"https:\/\/avush.com\/de\/impressum\/#primaryimage\"},\"image\":{\"@id\":\"https:\/\/avush.com\/de\/impressum\/#primaryimage\"},\"thumbnailUrl\":\"https:\/\/avush.com\/wp-content\/uploads\/2023\/06\/Liviol-impr.png\",\"datePublished\":\"2021-09-27T05:24:25+00:00\",\"dateModified\":\"2023-07-25T06:25:46+00:00\",\"breadcrumb\":{\"@id\":\"https:\/\/avush.com\/de\/impressum\/#breadcrumb\"},\"inLanguage\":\"it-IT\",\"potentialAction\":[{\"@type\":\"ReadAction\",\"target\":[\"https:\/\/avush.com\/de\/impressum\/\"]}]},{\"@type\":\"ImageObject\",\"inLanguage\":\"it-IT\",\"@id\":\"https:\/\/avush.com\/de\/impressum\/#primaryimage\",\"url\":\"https:\/\/avush.com\/wp-content\/uploads\/2023\/06\/Liviol-impr.png\",\"contentUrl\":\"https:\/\/avush.com\/wp-content\/uploads\/2023\/06\/Liviol-impr.png\"},{\"@type\":\"BreadcrumbList\",\"@id\":\"https:\/\/avush.com\/de\/impressum\/#breadcrumb\",\"itemListElement\":[{\"@type\":\"ListItem\",\"position\":1,\"name\":\"Home\",\"item\":\"https:\/\/avush.com\/\"},{\"@type\":\"ListItem\",\"position\":2,\"name\":\"Impressum\"}]},{\"@type\":\"WebSite\",\"@id\":\"https:\/\/avush.com\/de\/#website\",\"url\":\"https:\/\/avush.com\/de\/\",\"name\":\"Avush\",\"description\":\"Pigmentflecken &amp; Altersflecken Serum\",\"publisher\":{\"@id\":\"https:\/\/avush.com\/de\/#organization\"},\"potentialAction\":[{\"@type\":\"SearchAction\",\"target\":{\"@type\":\"EntryPoint\",\"urlTemplate\":\"https:\/\/avush.com\/de\/?s={search_term_string}\"},\"query-input\":{\"@type\":\"PropertyValueSpecification\",\"valueRequired\":true,\"valueName\":\"search_term_string\"}}],\"inLanguage\":\"it-IT\"},{\"@type\":\"Organization\",\"@id\":\"https:\/\/avush.com\/de\/#organization\",\"name\":\"Avush\",\"url\":\"https:\/\/avush.com\/de\/\",\"logo\":{\"@type\":\"ImageObject\",\"inLanguage\":\"it-IT\",\"@id\":\"https:\/\/avush.com\/de\/#\/schema\/logo\/image\/\",\"url\":\"https:\/\/avush.com\/wp-content\/uploads\/2023\/07\/cropped-Avush-Logo-1.png\",\"contentUrl\":\"https:\/\/avush.com\/wp-content\/uploads\/2023\/07\/cropped-Avush-Logo-1.png\",\"width\":200,\"height\":74,\"caption\":\"Avush\"},\"image\":{\"@id\":\"https:\/\/avush.com\/de\/#\/schema\/logo\/image\/\"}}]}<\/script>\n<!-- \/ Yoast SEO Premium plugin. -->","yoast_head_json":{"title":"Impronta - Avush","robots":{"index":"noindex","follow":"nofollow"},"og_locale":"it_IT","og_type":"article","og_title":"Impressum","og_description":"HaftungsausschlussDie Inhalte dieser Website werden mit gr\u00f6\u00dftm\u00f6glicher Sorgfalt erstellt. Laduti \u00fcbernimmt jedoch keine Gew\u00e4hr f\u00fcr die Richtigkeit, Vollst\u00e4ndigkeit und Aktualit\u00e4t der bereitgestellten Inhalte. Die Nutzung der Inhalte der Website erfolgt [&hellip;]","og_url":"https:\/\/avush.com\/it\/impronta\/","og_site_name":"Avush","article_modified_time":"2023-07-25T06:25:46+00:00","og_image":[{"url":"https:\/\/avush.com\/wp-content\/uploads\/2023\/06\/Liviol-impr.png","type":"","width":"","height":""}],"twitter_card":"summary_large_image","twitter_misc":{"Tempo di lettura stimato":"3 minuti"},"schema":{"@context":"https:\/\/schema.org","@graph":[{"@type":"WebPage","@id":"https:\/\/avush.com\/de\/impressum\/","url":"https:\/\/avush.com\/de\/impressum\/","name":"Impronta - Avush","isPartOf":{"@id":"https:\/\/avush.com\/de\/#website"},"primaryImageOfPage":{"@id":"https:\/\/avush.com\/de\/impressum\/#primaryimage"},"image":{"@id":"https:\/\/avush.com\/de\/impressum\/#primaryimage"},"thumbnailUrl":"https:\/\/avush.com\/wp-content\/uploads\/2023\/06\/Liviol-impr.png","datePublished":"2021-09-27T05:24:25+00:00","dateModified":"2023-07-25T06:25:46+00:00","breadcrumb":{"@id":"https:\/\/avush.com\/de\/impressum\/#breadcrumb"},"inLanguage":"it-IT","potentialAction":[{"@type":"ReadAction","target":["https:\/\/avush.com\/de\/impressum\/"]}]},{"@type":"ImageObject","inLanguage":"it-IT","@id":"https:\/\/avush.com\/de\/impressum\/#primaryimage","url":"https:\/\/avush.com\/wp-content\/uploads\/2023\/06\/Liviol-impr.png","contentUrl":"https:\/\/avush.com\/wp-content\/uploads\/2023\/06\/Liviol-impr.png"},{"@type":"BreadcrumbList","@id":"https:\/\/avush.com\/de\/impressum\/#breadcrumb","itemListElement":[{"@type":"ListItem","position":1,"name":"Home","item":"https:\/\/avush.com\/"},{"@type":"ListItem","position":2,"name":"Impressum"}]},{"@type":"WebSite","@id":"https:\/\/avush.com\/de\/#website","url":"https:\/\/avush.com\/de\/","name":"Avush","description":"Siero per le macchie pigmentarie e le macchie dell'et\u00e0","publisher":{"@id":"https:\/\/avush.com\/de\/#organization"},"potentialAction":[{"@type":"SearchAction","target":{"@type":"EntryPoint","urlTemplate":"https:\/\/avush.com\/de\/?s={search_term_string}"},"query-input":{"@type":"PropertyValueSpecification","valueRequired":true,"valueName":"search_term_string"}}],"inLanguage":"it-IT"},{"@type":"Organization","@id":"https:\/\/avush.com\/de\/#organization","name":"Avush","url":"https:\/\/avush.com\/de\/","logo":{"@type":"ImageObject","inLanguage":"it-IT","@id":"https:\/\/avush.com\/de\/#\/schema\/logo\/image\/","url":"https:\/\/avush.com\/wp-content\/uploads\/2023\/07\/cropped-Avush-Logo-1.png","contentUrl":"https:\/\/avush.com\/wp-content\/uploads\/2023\/07\/cropped-Avush-Logo-1.png","width":200,"height":74,"caption":"Avush"},"image":{"@id":"https:\/\/avush.com\/de\/#\/schema\/logo\/image\/"}}]}},"uagb_featured_image_src":{"full":false,"thumbnail":false,"medium":false,"medium_large":false,"large":false,"1536x1536":false,"2048x2048":false,"trp-custom-language-flag":false,"woocommerce_thumbnail":false,"woocommerce_single":false,"woocommerce_gallery_thumbnail":false},"uagb_author_info":{"display_name":"Kerem085","author_link":"https:\/\/avush.com\/it\/author\/kerem085\/"},"uagb_comment_info":0,"uagb_excerpt":"HaftungsausschlussDie Inhalte dieser Website werden mit gr\u00f6\u00dftm\u00f6glicher Sorgfalt erstellt. Laduti \u00fcbernimmt jedoch keine Gew\u00e4hr f\u00fcr die Richtigkeit, Vollst\u00e4ndigkeit und Aktualit\u00e4t der bereitgestellten Inhalte. Die Nutzung der Inhalte der Website erfolgt [&hellip;]","coauthors":[],"author_meta":{"author_link":"https:\/\/avush.com\/it\/author\/kerem085\/","display_name":"Kerem085"},"relative_dates":{"created":"Pubblicato 5 anni fa","modified":"Aggiornato 3 anni fa"},"absolute_dates":{"created":"Pubblicato il Settembre 27, 2021","modified":"Aggiornato il Luglio 25, 2023"},"absolute_dates_time":{"created":"Pubblicato il Settembre 27, 2021 5:24 am","modified":"Aggiornato il Luglio 25, 2023 6:25 am"},"featured_img_caption":"","featured_img":false,"series_order":"","_links":{"self":[{"href":"https:\/\/avush.com\/it\/wp-json\/wp\/v2\/pages\/13","targetHints":{"allow":["GET"]}}],"collection":[{"href":"https:\/\/avush.com\/it\/wp-json\/wp\/v2\/pages"}],"about":[{"href":"https:\/\/avush.com\/it\/wp-json\/wp\/v2\/types\/page"}],"author":[{"embeddable":true,"href":"https:\/\/avush.com\/it\/wp-json\/wp\/v2\/users\/1"}],"replies":[{"embeddable":true,"href":"https:\/\/avush.com\/it\/wp-json\/wp\/v2\/comments?post=13"}],"version-history":[{"count":4,"href":"https:\/\/avush.com\/it\/wp-json\/wp\/v2\/pages\/13\/revisions"}],"predecessor-version":[{"id":580,"href":"https:\/\/avush.com\/it\/wp-json\/wp\/v2\/pages\/13\/revisions\/580"}],"wp:attachment":[{"href":"https:\/\/avush.com\/it\/wp-json\/wp\/v2\/media?parent=13"}],"curies":[{"name":"wp","href":"https:\/\/api.w.org\/{rel}","templated":true}]}}