{"id":181,"date":"2023-06-20T12:55:27","date_gmt":"2023-06-20T12:55:27","guid":{"rendered":"https:\/\/avush.com\/?post_type=product&#038;p=181"},"modified":"2025-12-31T16:09:16","modified_gmt":"2025-12-31T15:09:16","slug":"avush-serum","status":"publish","type":"product","link":"https:\/\/avush.com\/hu\/termek\/avush-szerum\/","title":{"rendered":"Avush Sz\u00e9rum Pigmentfoltok &amp; \u00d6regs\u00e9gi Foltok"},"content":{"rendered":"<h2>Alkalmaz\u00e1s:<\/h2>\n<p><span style=\"font-weight: 400;\">Reggel \u00e9s este a sz\u00e9rum felvitele el\u0151tt vigye fel a tonikot egy vattakorongra, \u00e9s alaposan tiszt\u00edtsa meg a megfelel\u0151 b\u0151rfel\u00fcletet. Ezut\u00e1n vigyen fel megfelel\u0151 mennyis\u00e9g\u0171 sz\u00e9rumot. Finoman massz\u00edrozza be, \u00e9s hagyja, hogy teljesen felsz\u00edv\u00f3djon.<\/span><\/p>\n<h2><span style=\"color: #8a949c;\">Term\u00e9szetes \u00e9s hat\u00e9kony b\u0151r\u00e1pol\u00e1s hidrokinon \u00e9s kojinsav n\u00e9lk\u00fcl.<\/span><\/h2>\n<p><img loading=\"lazy\" decoding=\"async\" class=\"wp-image-329 size-full\" src=\"https:\/\/avush.com\/wp-content\/uploads\/2023\/06\/Altersflecken-Liviol.jpg\" alt=\"Liviol\" width=\"2000\" height=\"980\" srcset=\"https:\/\/avush.com\/wp-content\/uploads\/2023\/06\/Altersflecken-Liviol.jpg 2000w, https:\/\/avush.com\/wp-content\/uploads\/2023\/06\/Altersflecken-Liviol-300x147.jpg 300w, https:\/\/avush.com\/wp-content\/uploads\/2023\/06\/Altersflecken-Liviol-1024x502.jpg 1024w, https:\/\/avush.com\/wp-content\/uploads\/2023\/06\/Altersflecken-Liviol-768x376.jpg 768w, https:\/\/avush.com\/wp-content\/uploads\/2023\/06\/Altersflecken-Liviol-1536x753.jpg 1536w, https:\/\/avush.com\/wp-content\/uploads\/2023\/06\/Altersflecken-Liviol-600x294.jpg 600w\" sizes=\"auto, (max-width: 2000px) 100vw, 2000px\" \/><\/p>\n<p>Az Avush-n\u00e9l a term\u00e9szetb\u0151l sz\u00e1rmaz\u00f3 akt\u00edv \u00f6sszetev\u0151kre t\u00e1maszkodunk, \u00e9s meg vagyunk gy\u0151z\u0151dve arr\u00f3l, hogy ezek a hat\u00e9kony \u00e9s tudatos b\u0151r\u00e1pol\u00e1s kulcsa. K\u00e9t anyagot azonban nem tal\u00e1l a term\u00e9keinkben: a hidrokinont \u00e9s a kojinsavat. Mindk\u00e9t \u00f6sszetev\u0151 ismert a b\u0151rre gyakorolt f\u00e9nyes\u00edt\u0151 hat\u00e1s\u00e1r\u00f3l, de haszn\u00e1latukat mindig kritikusan t\u00e1rgyaljuk.<\/p>\n<p>Ezen ellentmond\u00e1sos \u00f6sszetev\u0151k helyett az alfa-arbutin erej\u00e9re t\u00e1maszkodunk, amely egy term\u00e9szetes \u00e9s biztons\u00e1gos, feh\u00e9r\u00edt\u0151 tulajdons\u00e1gokkal rendelkez\u0151 \u00f6sszetev\u0151. Az alfa-arbutin mellett sz\u00e1mos m\u00e1s term\u00e9szetes \u00e9s biztons\u00e1gos \u00f6sszetev\u0151t is haszn\u00e1lunk, t\u00f6bbek k\u00f6z\u00f6tt homokliliomot, bors\u00f3kivonatot \u00e9s \u00e9desgy\u00f6keret.<\/p>\n<p>Term\u00e9keink veg\u00e1nok, \u00e9s \u00e1llatk\u00eds\u00e9rletek n\u00e9lk\u00fcl fejlesztett\u00fck ki \u0151ket - ez kifejezi etikus termel\u00e9si norm\u00e1inkat \u00e9s minden \u00e9l\u0151l\u00e9ny ir\u00e1nti tisztelet\u00fcnket. Tov\u00e1bb\u00e1 nem tartalmaznak formaldehidet, ftal\u00e1tokat, szulf\u00e1tokat, parab\u00e9neket, szilikonokat vagy \u00e1sv\u00e1nyi olajokat.<\/p>\n<p>Ezenk\u00edv\u00fcl nagy hangs\u00falyt fektet\u00fcnk arra, hogy ne haszn\u00e1ljunk mesters\u00e9ges illatanyagokat. Ehelyett term\u00e9keink kellemes illat\u00e1t term\u00e9szetes aloe vera-kivonattal adjuk, amely hidrat\u00e1l\u00f3 \u00e9s nyugtat\u00f3 tulajdons\u00e1gokkal is rendelkezik.<\/p>\n<p>Az Avush a tudatosan \u00f6ssze\u00e1ll\u00edtott \u00e9s hat\u00e9kony b\u0151r\u00e1pol\u00e1st k\u00e9pviseli, amely mellett k\u00e9nyelmesen \u00e9s magabiztosan \u00e9rezheti mag\u00e1t. K\u00f6vesse sz\u00e1mos el\u00e9gedett v\u00e1s\u00e1rl\u00f3nk aj\u00e1nl\u00e1sait, \u00e9s kezdje el az eg\u00e9szs\u00e9gesebb, egyenletesebb b\u0151r fel\u00e9 vezet\u0151 utat. Rendeljen most!<\/p>","protected":false},"excerpt":{"rendered":"<p class=\"p1\"><span class=\"s1\">Avush-<\/span><span class=\"s1\">Szett: Sz\u00e9rum (30ml) \u00e9s Tonik (100ml)<br \/>\n<span style=\"color: #5bc98b;\"><strong>\u00dajdons\u00e1g: Liposz\u00f3m\u00e1lis k\u00e9sz\u00edtm\u00e9ny!<\/strong><\/span><\/span><\/p>\n<ul>\n<li><span class=\"s1\">5% alfa-arbutin<\/span><\/li>\n<li>Liposz\u00f3m\u00e1lis \u00e9s erjesztett<\/li>\n<li>Hormonok, hidrokinon \u00e9s kojinsav n\u00e9lk\u00fcl<\/li>\n<li>Veg\u00e1n \u00e9s \u00e1llatk\u00eds\u00e9rletek n\u00e9lk\u00fcl<\/li>\n<li>B\u0151rgy\u00f3gy\u00e1szatilag tesztelt<\/li>\n<\/ul>\n<p><img loading=\"lazy\" decoding=\"async\" class=\"alignnone wp-image-43\" src=\"https:\/\/avush.com\/wp-content\/uploads\/2021\/09\/Lo-2.jpg\" alt=\"\" width=\"340\" height=\"30\" srcset=\"https:\/\/avush.com\/wp-content\/uploads\/2021\/09\/Lo-2.jpg 941w, https:\/\/avush.com\/wp-content\/uploads\/2021\/09\/Lo-2-300x26.jpg 300w, https:\/\/avush.com\/wp-content\/uploads\/2021\/09\/Lo-2-768x68.jpg 768w, https:\/\/avush.com\/wp-content\/uploads\/2021\/09\/Lo-2-600x53.jpg 600w\" sizes=\"auto, (max-width: 340px) 100vw, 340px\" \/><\/p>\n<p><img loading=\"lazy\" decoding=\"async\" class=\"wp-image-1012\" src=\"https:\/\/avush.com\/wp-content\/uploads\/2023\/10\/Testsieger.jpg\" alt=\"Avush teszt\" width=\"146\" height=\"87\" srcset=\"https:\/\/avush.com\/wp-content\/uploads\/2023\/10\/Testsieger.jpg 1249w, https:\/\/avush.com\/wp-content\/uploads\/2023\/10\/Testsieger-300x179.jpg 300w, https:\/\/avush.com\/wp-content\/uploads\/2023\/10\/Testsieger-1024x610.jpg 1024w, https:\/\/avush.com\/wp-content\/uploads\/2023\/10\/Testsieger-768x457.jpg 768w, https:\/\/avush.com\/wp-content\/uploads\/2023\/10\/Testsieger-18x12.jpg 18w, https:\/\/avush.com\/wp-content\/uploads\/2023\/10\/Testsieger-600x357.jpg 600w\" sizes=\"auto, (max-width: 146px) 100vw, 146px\" \/><\/p>","protected":false},"author":1,"featured_media":389,"template":"","meta":{"_uag_custom_page_level_css":"","advgb_blocks_editor_width":"","advgb_blocks_columns_visual_guide":"","site-sidebar-layout":"default","site-content-layout":"default","ast-site-content-layout":"default","site-content-style":"default","site-sidebar-style":"default","ast-global-header-display":"","ast-banner-title-visibility":"","ast-main-header-display":"","ast-hfb-above-header-display":"","ast-hfb-below-header-display":"","ast-hfb-mobile-header-display":"","site-post-title":"","ast-breadcrumbs-content":"","ast-featured-img":"","footer-sml-layout":"","ast-disable-related-posts":"","theme-transparent-header-meta":"default","adv-header-id-meta":"","stick-header-meta":"default","header-above-stick-meta":"","header-main-stick-meta":"","header-below-stick-meta":"","astra-migrate-meta-layouts":"set","ast-page-background-enabled":"default","ast-page-background-meta":{"desktop":{"background-color":"","background-image":"","background-repeat":"repeat","background-position":"center center","background-size":"auto","background-attachment":"scroll","background-type":"","background-media":"","overlay-type":"","overlay-color":"","overlay-opacity":"","overlay-gradient":""},"tablet":{"background-color":"","background-image":"","background-repeat":"repeat","background-position":"center center","background-size":"auto","background-attachment":"scroll","background-type":"","background-media":"","overlay-type":"","overlay-color":"","overlay-opacity":"","overlay-gradient":""},"mobile":{"background-color":"","background-image":"","background-repeat":"repeat","background-position":"center center","background-size":"auto","background-attachment":"scroll","background-type":"","background-media":"","overlay-type":"","overlay-color":"","overlay-opacity":"","overlay-gradient":""}},"ast-content-background-meta":{"desktop":{"background-color":"var(--ast-global-color-5)","background-image":"","background-repeat":"repeat","background-position":"center center","background-size":"auto","background-attachment":"scroll","background-type":"","background-media":"","overlay-type":"","overlay-color":"","overlay-opacity":"","overlay-gradient":""},"tablet":{"background-color":"var(--ast-global-color-5)","background-image":"","background-repeat":"repeat","background-position":"center center","background-size":"auto","background-attachment":"scroll","background-type":"","background-media":"","overlay-type":"","overlay-color":"","overlay-opacity":"","overlay-gradient":""},"mobile":{"background-color":"var(--ast-global-color-5)","background-image":"","background-repeat":"repeat","background-position":"center center","background-size":"auto","background-attachment":"scroll","background-type":"","background-media":"","overlay-type":"","overlay-color":"","overlay-opacity":"","overlay-gradient":""}}},"product_brand":[],"product_cat":[35],"product_tag":[],"class_list":{"0":"post-181","1":"product","2":"type-product","3":"status-publish","4":"has-post-thumbnail","6":"product_cat-serum","7":"desktop-align-left","8":"tablet-align-left","9":"mobile-align-left","10":"ast-product-gallery-layout-vertical-slider","11":"ast-magnify-disabled","12":"ast-product-tabs-layout-horizontal","13":"ast-qv-on-image","15":"first","16":"instock","17":"taxable","18":"shipping-taxable","19":"purchasable","20":"product-type-simple"},"yoast_head":"<!-- This site is optimized with the Yoast SEO Premium plugin v26.6 (Yoast SEO v26.6) - https:\/\/yoast.com\/wordpress\/plugins\/seo\/ -->\n<title>Avush: Das Serum gegen Pigmentflecken und Altersflecken<\/title>\n<meta name=\"description\" content=\"Jetzt etwas gegen Pigmentflecken und Altersflecken tun mit Avush. Das Serum ohne Hormone f\u00fcr Frauen und M\u00e4nner jetzt bestellen!\" \/>\n<meta name=\"robots\" content=\"index, follow, max-snippet:-1, max-image-preview:large, max-video-preview:-1\" \/>\n<link rel=\"canonical\" href=\"https:\/\/avush.com\/hu\/termek\/avush-szerum\/\" \/>\n<meta property=\"og:locale\" content=\"hu_HU\" \/>\n<meta property=\"og:type\" content=\"article\" \/>\n<meta property=\"og:title\" content=\"Avush Pigmentflecken &amp; Altersflecken Serum\" \/>\n<meta property=\"og:description\" content=\"Jetzt etwas gegen Pigmentflecken und Altersflecken tun mit Avush. Das Serum ohne Hormone f\u00fcr Frauen und M\u00e4nner jetzt bestellen!\" \/>\n<meta property=\"og:url\" content=\"https:\/\/avush.com\/hu\/termek\/avush-szerum\/\" \/>\n<meta property=\"og:site_name\" content=\"Avush\" \/>\n<meta property=\"article:modified_time\" content=\"2025-12-31T15:09:16+00:00\" \/>\n<meta property=\"og:image\" content=\"https:\/\/avush.com\/wp-content\/uploads\/2023\/06\/Avush-03.jpg\" \/>\n\t<meta property=\"og:image:width\" content=\"1000\" \/>\n\t<meta property=\"og:image:height\" content=\"1000\" \/>\n\t<meta property=\"og:image:type\" content=\"image\/jpeg\" \/>\n<meta name=\"twitter:card\" content=\"summary_large_image\" \/>\n<meta name=\"twitter:label1\" content=\"Becs\u00fclt olvas\u00e1si id\u0151\" \/>\n\t<meta name=\"twitter:data1\" content=\"2 perc\" \/>\n<script type=\"application\/ld+json\" class=\"yoast-schema-graph\">{\"@context\":\"https:\/\/schema.org\",\"@graph\":[{\"@type\":\"WebPage\",\"@id\":\"https:\/\/avush.com\/produkt\/avush-serum\/\",\"url\":\"https:\/\/avush.com\/produkt\/avush-serum\/\",\"name\":\"Avush: Das Serum gegen Pigmentflecken und Altersflecken\",\"isPartOf\":{\"@id\":\"https:\/\/avush.com\/de\/#website\"},\"primaryImageOfPage\":{\"@id\":\"https:\/\/avush.com\/produkt\/avush-serum\/#primaryimage\"},\"image\":{\"@id\":\"https:\/\/avush.com\/produkt\/avush-serum\/#primaryimage\"},\"thumbnailUrl\":\"https:\/\/avush.com\/wp-content\/uploads\/2023\/06\/Avush-03.jpg\",\"datePublished\":\"2023-06-20T12:55:27+00:00\",\"dateModified\":\"2025-12-31T15:09:16+00:00\",\"description\":\"Jetzt etwas gegen Pigmentflecken und Altersflecken tun mit Avush. Das Serum ohne Hormone f\u00fcr Frauen und M\u00e4nner jetzt bestellen!\",\"breadcrumb\":{\"@id\":\"https:\/\/avush.com\/produkt\/avush-serum\/#breadcrumb\"},\"inLanguage\":\"hu\",\"potentialAction\":[{\"@type\":\"ReadAction\",\"target\":[\"https:\/\/avush.com\/produkt\/avush-serum\/\"]}]},{\"@type\":\"ImageObject\",\"inLanguage\":\"hu\",\"@id\":\"https:\/\/avush.com\/produkt\/avush-serum\/#primaryimage\",\"url\":\"https:\/\/avush.com\/wp-content\/uploads\/2023\/06\/Avush-03.jpg\",\"contentUrl\":\"https:\/\/avush.com\/wp-content\/uploads\/2023\/06\/Avush-03.jpg\",\"width\":1000,\"height\":1000,\"caption\":\"Avush\"},{\"@type\":\"BreadcrumbList\",\"@id\":\"https:\/\/avush.com\/produkt\/avush-serum\/#breadcrumb\",\"itemListElement\":[{\"@type\":\"ListItem\",\"position\":1,\"name\":\"Home\",\"item\":\"https:\/\/avush.com\/\"},{\"@type\":\"ListItem\",\"position\":2,\"name\":\"Shop\",\"item\":\"https:\/\/avush.com\/es\/shop\/\"},{\"@type\":\"ListItem\",\"position\":3,\"name\":\"Avush Pigmentflecken &#038; Altersflecken Serum\"}]},{\"@type\":\"WebSite\",\"@id\":\"https:\/\/avush.com\/de\/#website\",\"url\":\"https:\/\/avush.com\/de\/\",\"name\":\"Avush\",\"description\":\"Pigmentflecken &amp; Altersflecken Serum\",\"publisher\":{\"@id\":\"https:\/\/avush.com\/de\/#organization\"},\"potentialAction\":[{\"@type\":\"SearchAction\",\"target\":{\"@type\":\"EntryPoint\",\"urlTemplate\":\"https:\/\/avush.com\/de\/?s={search_term_string}\"},\"query-input\":{\"@type\":\"PropertyValueSpecification\",\"valueRequired\":true,\"valueName\":\"search_term_string\"}}],\"inLanguage\":\"hu\"},{\"@type\":\"Organization\",\"@id\":\"https:\/\/avush.com\/de\/#organization\",\"name\":\"Avush\",\"url\":\"https:\/\/avush.com\/de\/\",\"logo\":{\"@type\":\"ImageObject\",\"inLanguage\":\"hu\",\"@id\":\"https:\/\/avush.com\/de\/#\/schema\/logo\/image\/\",\"url\":\"https:\/\/avush.com\/wp-content\/uploads\/2023\/07\/cropped-Avush-Logo-1.png\",\"contentUrl\":\"https:\/\/avush.com\/wp-content\/uploads\/2023\/07\/cropped-Avush-Logo-1.png\",\"width\":200,\"height\":74,\"caption\":\"Avush\"},\"image\":{\"@id\":\"https:\/\/avush.com\/de\/#\/schema\/logo\/image\/\"}}]}<\/script>\n<!-- \/ Yoast SEO Premium plugin. -->","yoast_head_json":{"title":"Avush: A Sz\u00e9rum Pigmentfoltok \u00e9s \u00d6regs\u00e9gi Foltok","description":"Tegyen valamit a pigmentfoltok \u00e9s az \u00f6regs\u00e9gi foltok ellen most az Avush-vel. Rendelje meg a hormonmentes sz\u00e9rumot n\u0151knek \u00e9s f\u00e9rfiaknak most!","robots":{"index":"index","follow":"follow","max-snippet":"max-snippet:-1","max-image-preview":"max-image-preview:large","max-video-preview":"max-video-preview:-1"},"canonical":"https:\/\/avush.com\/hu\/termek\/avush-szerum\/","og_locale":"hu_HU","og_type":"article","og_title":"Avush Pigmentflecken & Altersflecken Serum","og_description":"Jetzt etwas gegen Pigmentflecken und Altersflecken tun mit Avush. Das Serum ohne Hormone f\u00fcr Frauen und M\u00e4nner jetzt bestellen!","og_url":"https:\/\/avush.com\/hu\/termek\/avush-szerum\/","og_site_name":"Avush","article_modified_time":"2025-12-31T15:09:16+00:00","og_image":[{"width":1000,"height":1000,"url":"https:\/\/avush.com\/wp-content\/uploads\/2023\/06\/Avush-03.jpg","type":"image\/jpeg"}],"twitter_card":"summary_large_image","twitter_misc":{"Becs\u00fclt olvas\u00e1si id\u0151":"2 perc"},"schema":{"@context":"https:\/\/schema.org","@graph":[{"@type":"WebPage","@id":"https:\/\/avush.com\/produkt\/avush-serum\/","url":"https:\/\/avush.com\/produkt\/avush-serum\/","name":"Avush: A Sz\u00e9rum Pigmentfoltok \u00e9s \u00d6regs\u00e9gi Foltok","isPartOf":{"@id":"https:\/\/avush.com\/de\/#website"},"primaryImageOfPage":{"@id":"https:\/\/avush.com\/produkt\/avush-serum\/#primaryimage"},"image":{"@id":"https:\/\/avush.com\/produkt\/avush-serum\/#primaryimage"},"thumbnailUrl":"https:\/\/avush.com\/wp-content\/uploads\/2023\/06\/Avush-03.jpg","datePublished":"2023-06-20T12:55:27+00:00","dateModified":"2025-12-31T15:09:16+00:00","description":"Tegyen valamit a pigmentfoltok \u00e9s az \u00f6regs\u00e9gi foltok ellen most az Avush-vel. Rendelje meg a hormonmentes sz\u00e9rumot n\u0151knek \u00e9s f\u00e9rfiaknak most!","breadcrumb":{"@id":"https:\/\/avush.com\/produkt\/avush-serum\/#breadcrumb"},"inLanguage":"hu","potentialAction":[{"@type":"ReadAction","target":["https:\/\/avush.com\/produkt\/avush-serum\/"]}]},{"@type":"ImageObject","inLanguage":"hu","@id":"https:\/\/avush.com\/produkt\/avush-serum\/#primaryimage","url":"https:\/\/avush.com\/wp-content\/uploads\/2023\/06\/Avush-03.jpg","contentUrl":"https:\/\/avush.com\/wp-content\/uploads\/2023\/06\/Avush-03.jpg","width":1000,"height":1000,"caption":"Avush"},{"@type":"BreadcrumbList","@id":"https:\/\/avush.com\/produkt\/avush-serum\/#breadcrumb","itemListElement":[{"@type":"ListItem","position":1,"name":"Home","item":"https:\/\/avush.com\/"},{"@type":"ListItem","position":2,"name":"Shop","item":"https:\/\/avush.com\/es\/shop\/"},{"@type":"ListItem","position":3,"name":"Avush Pigmentflecken &#038; Altersflecken Serum"}]},{"@type":"WebSite","@id":"https:\/\/avush.com\/de\/#website","url":"https:\/\/avush.com\/de\/","name":"Avush","description":"Pigmentfoltok \u00e9s \u00f6regs\u00e9gi foltok sz\u00e9rum","publisher":{"@id":"https:\/\/avush.com\/de\/#organization"},"potentialAction":[{"@type":"SearchAction","target":{"@type":"EntryPoint","urlTemplate":"https:\/\/avush.com\/de\/?s={search_term_string}"},"query-input":{"@type":"PropertyValueSpecification","valueRequired":true,"valueName":"search_term_string"}}],"inLanguage":"hu"},{"@type":"Organization","@id":"https:\/\/avush.com\/de\/#organization","name":"Avush","url":"https:\/\/avush.com\/de\/","logo":{"@type":"ImageObject","inLanguage":"hu","@id":"https:\/\/avush.com\/de\/#\/schema\/logo\/image\/","url":"https:\/\/avush.com\/wp-content\/uploads\/2023\/07\/cropped-Avush-Logo-1.png","contentUrl":"https:\/\/avush.com\/wp-content\/uploads\/2023\/07\/cropped-Avush-Logo-1.png","width":200,"height":74,"caption":"Avush"},"image":{"@id":"https:\/\/avush.com\/de\/#\/schema\/logo\/image\/"}}]}},"uagb_featured_image_src":{"full":["https:\/\/avush.com\/wp-content\/uploads\/2023\/06\/Avush-03.jpg",1000,1000,false],"thumbnail":["https:\/\/avush.com\/wp-content\/uploads\/2023\/06\/Avush-03-150x150.jpg",150,150,true],"medium":["https:\/\/avush.com\/wp-content\/uploads\/2023\/06\/Avush-03-300x300.jpg",300,300,true],"medium_large":["https:\/\/avush.com\/wp-content\/uploads\/2023\/06\/Avush-03-768x768.jpg",768,768,true],"large":["https:\/\/avush.com\/wp-content\/uploads\/2023\/06\/Avush-03.jpg",1000,1000,false],"1536x1536":["https:\/\/avush.com\/wp-content\/uploads\/2023\/06\/Avush-03.jpg",1000,1000,false],"2048x2048":["https:\/\/avush.com\/wp-content\/uploads\/2023\/06\/Avush-03.jpg",1000,1000,false],"trp-custom-language-flag":["https:\/\/avush.com\/wp-content\/uploads\/2023\/06\/Avush-03.jpg",12,12,false],"woocommerce_thumbnail":["https:\/\/avush.com\/wp-content\/uploads\/2023\/06\/Avush-03-300x300.jpg",300,300,true],"woocommerce_single":["https:\/\/avush.com\/wp-content\/uploads\/2023\/06\/Avush-03-600x600.jpg",600,600,true],"woocommerce_gallery_thumbnail":["https:\/\/avush.com\/wp-content\/uploads\/2023\/06\/Avush-03-100x100.jpg",100,100,true]},"uagb_author_info":{"display_name":"Kerem085","author_link":"https:\/\/avush.com\/hu\/author\/kerem085\/"},"uagb_comment_info":0,"uagb_excerpt":"Avush-Set: Serum (30ml) &amp; Tonic (100ml) Neu: Liposomale Formulierung! 5% Alpha-Arbutin Liposomal und Fermentiert Ohne Hormone, Hydrochinon und Kojis\u00e4ure Vegan und tierversuchsfrei Dermatologisch getestet","featured_img":"https:\/\/avush.com\/wp-content\/uploads\/2023\/06\/Avush-03.jpg","coauthors":[],"author_meta":{"author_link":"https:\/\/avush.com\/hu\/author\/kerem085\/","display_name":"Kerem085"},"relative_dates":{"created":"Posted 3 \u00e9v ago","modified":"Updated 3 h\u00f3nap ago"},"absolute_dates":{"created":"Posted on j\u00fanius 20, 2023","modified":"Updated on december 31, 2025"},"absolute_dates_time":{"created":"Posted on j\u00fanius 20, 2023 12:55 du.","modified":"Updated on december 31, 2025 4:09 du."},"featured_img_caption":"Avush","tax_additional":{"product_brand":{"linked":[],"unlinked":[],"slug":"product_brand","name":"M\u00e1rk\u00e1k"},"product_type":{"linked":["<a href=\"https:\/\/avush.com\/hu\/?taxonomy=product_type&#038;term=simple\" class=\"advgb-post-tax-term\">simple<\/a>"],"unlinked":["<span class=\"advgb-post-tax-term\">simple<\/span>"],"slug":"product_type","name":"Term\u00e9k t\u00edpusa"},"product_visibility":{"linked":[],"unlinked":[],"slug":"product_visibility","name":"Term\u00e9k l\u00e1that\u00f3s\u00e1ga"},"product_cat":{"linked":["<a href=\"https:\/\/avush.com\/hu\/termekkategoria\/serum\/\" class=\"advgb-post-tax-term\">Serum<\/a>"],"unlinked":["<span class=\"advgb-post-tax-term\">Serum<\/span>"],"slug":"product_cat","name":"Term\u00e9kkateg\u00f3ri\u00e1k"},"product_tag":{"linked":[],"unlinked":[],"slug":"product_tag","name":"Term\u00e9k c\u00edmk\u00e9k"},"product_shipping_class":{"linked":[],"unlinked":[],"slug":"product_shipping_class","name":"Term\u00e9k sz\u00e1ll\u00edt\u00e1si oszt\u00e1lyok"},"pa_brand":{"linked":[],"unlinked":[],"slug":"pa_brand","name":"Marke term\u00e9k"}},"series_order":"","_links":{"self":[{"href":"https:\/\/avush.com\/hu\/wp-json\/wp\/v2\/product\/181","targetHints":{"allow":["GET"]}}],"collection":[{"href":"https:\/\/avush.com\/hu\/wp-json\/wp\/v2\/product"}],"about":[{"href":"https:\/\/avush.com\/hu\/wp-json\/wp\/v2\/types\/product"}],"wp:featuredmedia":[{"embeddable":true,"href":"https:\/\/avush.com\/hu\/wp-json\/wp\/v2\/media\/389"}],"wp:attachment":[{"href":"https:\/\/avush.com\/hu\/wp-json\/wp\/v2\/media?parent=181"}],"wp:term":[{"taxonomy":"product_brand","embeddable":true,"href":"https:\/\/avush.com\/hu\/wp-json\/wp\/v2\/product_brand?post=181"},{"taxonomy":"product_cat","embeddable":true,"href":"https:\/\/avush.com\/hu\/wp-json\/wp\/v2\/product_cat?post=181"},{"taxonomy":"product_tag","embeddable":true,"href":"https:\/\/avush.com\/hu\/wp-json\/wp\/v2\/product_tag?post=181"}],"curies":[{"name":"wp","href":"https:\/\/api.w.org\/{rel}","templated":true}]}}