{"id":184,"date":"2023-06-20T12:58:10","date_gmt":"2023-06-20T12:58:10","guid":{"rendered":"https:\/\/avush.com\/?post_type=product&#038;p=184"},"modified":"2025-12-31T16:09:05","modified_gmt":"2025-12-31T15:09:05","slug":"avush-2","status":"publish","type":"product","link":"https:\/\/avush.com\/hr\/proizvod\/avus-2\/","title":{"rendered":"Avush Serum Anti Pigment, 2 pakiranja"},"content":{"rendered":"<h2>Primjena:<\/h2>\n<p><span style=\"font-weight: 400;\">Nanesite tonik na vatu ujutro i nave\u010der prije upotrebe seruma i temeljito o\u010distite odgovaraju\u0107e podru\u010dje ko\u017ee. Zatim nanesite dovoljnu koli\u010dinu seruma. Nje\u017eno umasirajte i ostavite da se potpuno upije.<\/span><\/p>\n<h2><span style=\"color: #8a949c;\">Prirodna i u\u010dinkovita njega ko\u017ee bez hidrokinona i koji\u010dne kiseline.<\/span><\/h2>\n<p><img loading=\"lazy\" decoding=\"async\" class=\"wp-image-329 size-full\" src=\"https:\/\/avush.com\/wp-content\/uploads\/2023\/06\/Altersflecken-Liviol.jpg\" alt=\"Liviol\" width=\"2000\" height=\"980\" srcset=\"https:\/\/avush.com\/wp-content\/uploads\/2023\/06\/Altersflecken-Liviol.jpg 2000w, https:\/\/avush.com\/wp-content\/uploads\/2023\/06\/Altersflecken-Liviol-300x147.jpg 300w, https:\/\/avush.com\/wp-content\/uploads\/2023\/06\/Altersflecken-Liviol-1024x502.jpg 1024w, https:\/\/avush.com\/wp-content\/uploads\/2023\/06\/Altersflecken-Liviol-768x376.jpg 768w, https:\/\/avush.com\/wp-content\/uploads\/2023\/06\/Altersflecken-Liviol-1536x753.jpg 1536w, https:\/\/avush.com\/wp-content\/uploads\/2023\/06\/Altersflecken-Liviol-600x294.jpg 600w\" sizes=\"auto, (max-width: 2000px) 100vw, 2000px\" \/><\/p>\n<p>U Avush oslanjamo se na aktivne sastojke iz prirode i uvjereni smo da su oni klju\u010d u\u010dinkovite i svjesne njege ko\u017ee. Me\u0111utim, dvije tvari koje ne\u0107ete prona\u0107i u na\u0161im proizvodima su hidrokinon i koji\u010dna kiselina. Iako su oba sastojka poznata po svojim posvjetljuju\u0107im u\u010dincima na ko\u017eu, njihova je uporaba uvijek predmet kriti\u010dkih rasprava.<\/p>\n<p>Umjesto ovih kontroverznih sastojaka, oslanjamo se na snagu alfa-arbutina, prirodnog i sigurnog aktivnog sastojka s u\u010dinkom izbjeljivanja. Osim Alpha-Arbutina, koristimo niz drugih prirodnih i sigurnih sastojaka uklju\u010duju\u0107i pje\u0161\u010dani ljiljan, ekstrakt gra\u0161ka i korijen sladi\u0107a.<\/p>\n<p>Na\u0161i proizvodi su veganski i razvijeni bez testiranja na \u017eivotinjama - izraz na\u0161ih eti\u010dkih proizvodnih standarda i na\u0161eg po\u0161tovanja prema svim \u017eivim bi\u0107ima. Osim toga, ne sadr\u017ee formaldehid, ftalate, sulfate, parabene, silikone i mineralna ulja.<\/p>\n<p>Veliku va\u017enost pridajemo i izbjegavanju umjetnih mirisa. Umjesto toga, svojim proizvodima dajemo ugodan miris koriste\u0107i prirodni ekstrakt aloe vere, koji tako\u0111er ima hidratantna i umiruju\u0107a svojstva.<\/p>\n<p>Avush ozna\u010dava svjesno formuliranu i u\u010dinkovitu njegu ko\u017ee koja \u010dini da se osje\u0107ate ugodno i samouvjereno. Slijedite preporuke na\u0161ih brojnih zadovoljnih kupaca i zapo\u010dnite svoj put do zdravije, ujedna\u010denije ko\u017ee. Naru\u010dite sada!<\/p>","protected":false},"excerpt":{"rendered":"<p class=\"p1\"><span class=\"s1\">Avush: 2x Serum (30 ml) i 2x Tonik (100 ml)<br \/>\n<span style=\"color: #5bc98b;\"><strong>Novo: Liposomska formula!<\/strong><\/span><\/span><\/p>\n<ul>\n<li>5% alfa arbutin<\/li>\n<li>Liposomski i fermentirani<\/li>\n<li>Bez hormona, hidrokinona i koji\u010dne kiseline<\/li>\n<li>Veganski i bez testiranja na \u017eivotinjama<\/li>\n<li>Dermatolo\u0161ki ispitano<\/li>\n<\/ul>\n<p><img loading=\"lazy\" decoding=\"async\" class=\"alignnone wp-image-43\" src=\"https:\/\/avush.com\/wp-content\/uploads\/2021\/09\/Lo-2.jpg\" alt=\"\" width=\"340\" height=\"30\" srcset=\"https:\/\/avush.com\/wp-content\/uploads\/2021\/09\/Lo-2.jpg 941w, https:\/\/avush.com\/wp-content\/uploads\/2021\/09\/Lo-2-300x26.jpg 300w, https:\/\/avush.com\/wp-content\/uploads\/2021\/09\/Lo-2-768x68.jpg 768w, https:\/\/avush.com\/wp-content\/uploads\/2021\/09\/Lo-2-600x53.jpg 600w\" sizes=\"auto, (max-width: 340px) 100vw, 340px\" \/><\/p>\n<p><img loading=\"lazy\" decoding=\"async\" class=\"wp-image-1012\" src=\"https:\/\/avush.com\/wp-content\/uploads\/2023\/10\/Testsieger-De-1024x610.jpg\" alt=\"Avush test\" width=\"146\" height=\"87\" srcset=\"https:\/\/avush.com\/wp-content\/uploads\/2023\/10\/Testsieger-De-1024x610.jpg 1024w, https:\/\/avush.com\/wp-content\/uploads\/2023\/10\/Testsieger-De-300x179.jpg 300w, https:\/\/avush.com\/wp-content\/uploads\/2023\/10\/Testsieger-De-768x457.jpg 768w, https:\/\/avush.com\/wp-content\/uploads\/2023\/10\/Testsieger-De-18x12.jpg 18w, https:\/\/avush.com\/wp-content\/uploads\/2023\/10\/Testsieger-De-600x357.jpg 600w, https:\/\/avush.com\/wp-content\/uploads\/2023\/10\/Testsieger-De.jpg 1249w\" sizes=\"auto, (max-width: 146px) 100vw, 146px\" \/><\/p>","protected":false},"author":1,"featured_media":388,"template":"","meta":{"_uag_custom_page_level_css":"","advgb_blocks_editor_width":"","advgb_blocks_columns_visual_guide":"","site-sidebar-layout":"default","site-content-layout":"default","ast-site-content-layout":"default","site-content-style":"default","site-sidebar-style":"default","ast-global-header-display":"","ast-banner-title-visibility":"","ast-main-header-display":"","ast-hfb-above-header-display":"","ast-hfb-below-header-display":"","ast-hfb-mobile-header-display":"","site-post-title":"","ast-breadcrumbs-content":"","ast-featured-img":"","footer-sml-layout":"","ast-disable-related-posts":"","theme-transparent-header-meta":"default","adv-header-id-meta":"","stick-header-meta":"default","header-above-stick-meta":"","header-main-stick-meta":"","header-below-stick-meta":"","astra-migrate-meta-layouts":"set","ast-page-background-enabled":"default","ast-page-background-meta":{"desktop":{"background-color":"","background-image":"","background-repeat":"repeat","background-position":"center center","background-size":"auto","background-attachment":"scroll","background-type":"","background-media":"","overlay-type":"","overlay-color":"","overlay-opacity":"","overlay-gradient":""},"tablet":{"background-color":"","background-image":"","background-repeat":"repeat","background-position":"center center","background-size":"auto","background-attachment":"scroll","background-type":"","background-media":"","overlay-type":"","overlay-color":"","overlay-opacity":"","overlay-gradient":""},"mobile":{"background-color":"","background-image":"","background-repeat":"repeat","background-position":"center center","background-size":"auto","background-attachment":"scroll","background-type":"","background-media":"","overlay-type":"","overlay-color":"","overlay-opacity":"","overlay-gradient":""}},"ast-content-background-meta":{"desktop":{"background-color":"var(--ast-global-color-5)","background-image":"","background-repeat":"repeat","background-position":"center center","background-size":"auto","background-attachment":"scroll","background-type":"","background-media":"","overlay-type":"","overlay-color":"","overlay-opacity":"","overlay-gradient":""},"tablet":{"background-color":"var(--ast-global-color-5)","background-image":"","background-repeat":"repeat","background-position":"center center","background-size":"auto","background-attachment":"scroll","background-type":"","background-media":"","overlay-type":"","overlay-color":"","overlay-opacity":"","overlay-gradient":""},"mobile":{"background-color":"var(--ast-global-color-5)","background-image":"","background-repeat":"repeat","background-position":"center center","background-size":"auto","background-attachment":"scroll","background-type":"","background-media":"","overlay-type":"","overlay-color":"","overlay-opacity":"","overlay-gradient":""}}},"product_brand":[],"product_cat":[35],"product_tag":[],"class_list":{"0":"post-184","1":"product","2":"type-product","3":"status-publish","4":"has-post-thumbnail","6":"product_cat-serum","7":"desktop-align-left","8":"tablet-align-left","9":"mobile-align-left","10":"ast-product-gallery-layout-vertical-slider","11":"ast-magnify-disabled","12":"ast-product-tabs-layout-horizontal","13":"ast-qv-on-image","15":"first","16":"instock","17":"sale","18":"taxable","19":"shipping-taxable","20":"purchasable","21":"product-type-simple"},"yoast_head":"<!-- This site is optimized with the Yoast SEO Premium plugin v26.6 (Yoast SEO v26.6) - https:\/\/yoast.com\/wordpress\/plugins\/seo\/ -->\n<title>Avush 2er Pack: Avush im Angebot als 2er Pack bestellen<\/title>\n<meta name=\"description\" content=\"Das Avush Serum gegen Altersflecken und Pigmentflecken: Bestellen Sie hier das 2er Pack Angebot. Nur kurze Zeit erh\u00e4ltlich. F\u00fcr Frauen und M\u00e4nner.\" \/>\n<meta name=\"robots\" content=\"index, follow, max-snippet:-1, max-image-preview:large, max-video-preview:-1\" \/>\n<link rel=\"canonical\" href=\"https:\/\/avush.com\/hr\/proizvod\/avus-2\/\" \/>\n<meta property=\"og:locale\" content=\"hr_HR\" \/>\n<meta property=\"og:type\" content=\"article\" \/>\n<meta property=\"og:title\" content=\"Avush Pigmentflecken &amp; Altersflecken Serum - 2er Pack\" \/>\n<meta property=\"og:description\" content=\"Das Avush Serum gegen Altersflecken und Pigmentflecken: Bestellen Sie hier das 2er Pack Angebot. Nur kurze Zeit erh\u00e4ltlich. F\u00fcr Frauen und M\u00e4nner.\" \/>\n<meta property=\"og:url\" content=\"https:\/\/avush.com\/hr\/proizvod\/avus-2\/\" \/>\n<meta property=\"og:site_name\" content=\"Avush\" \/>\n<meta property=\"article:modified_time\" content=\"2025-12-31T15:09:05+00:00\" \/>\n<meta property=\"og:image\" content=\"https:\/\/avush.com\/wp-content\/uploads\/2023\/06\/Avush-04.jpg\" \/>\n\t<meta property=\"og:image:width\" content=\"1000\" \/>\n\t<meta property=\"og:image:height\" content=\"1000\" \/>\n\t<meta property=\"og:image:type\" content=\"image\/jpeg\" \/>\n<meta name=\"twitter:card\" content=\"summary_large_image\" \/>\n<meta name=\"twitter:label1\" content=\"Procijenjeno vrijeme \u010ditanja\" \/>\n\t<meta name=\"twitter:data1\" content=\"2 minute\" \/>\n<script type=\"application\/ld+json\" class=\"yoast-schema-graph\">{\"@context\":\"https:\/\/schema.org\",\"@graph\":[{\"@type\":\"WebPage\",\"@id\":\"https:\/\/avush.com\/produkt\/avush-2\/\",\"url\":\"https:\/\/avush.com\/produkt\/avush-2\/\",\"name\":\"Avush 2er Pack: Avush im Angebot als 2er Pack bestellen\",\"isPartOf\":{\"@id\":\"https:\/\/avush.com\/de\/#website\"},\"primaryImageOfPage\":{\"@id\":\"https:\/\/avush.com\/produkt\/avush-2\/#primaryimage\"},\"image\":{\"@id\":\"https:\/\/avush.com\/produkt\/avush-2\/#primaryimage\"},\"thumbnailUrl\":\"https:\/\/avush.com\/wp-content\/uploads\/2023\/06\/Avush-04.jpg\",\"datePublished\":\"2023-06-20T12:58:10+00:00\",\"dateModified\":\"2025-12-31T15:09:05+00:00\",\"description\":\"Das Avush Serum gegen Altersflecken und Pigmentflecken: Bestellen Sie hier das 2er Pack Angebot. Nur kurze Zeit erh\u00e4ltlich. F\u00fcr Frauen und M\u00e4nner.\",\"breadcrumb\":{\"@id\":\"https:\/\/avush.com\/produkt\/avush-2\/#breadcrumb\"},\"inLanguage\":\"hr\",\"potentialAction\":[{\"@type\":\"ReadAction\",\"target\":[\"https:\/\/avush.com\/produkt\/avush-2\/\"]}]},{\"@type\":\"ImageObject\",\"inLanguage\":\"hr\",\"@id\":\"https:\/\/avush.com\/produkt\/avush-2\/#primaryimage\",\"url\":\"https:\/\/avush.com\/wp-content\/uploads\/2023\/06\/Avush-04.jpg\",\"contentUrl\":\"https:\/\/avush.com\/wp-content\/uploads\/2023\/06\/Avush-04.jpg\",\"width\":1000,\"height\":1000,\"caption\":\"Avush\"},{\"@type\":\"BreadcrumbList\",\"@id\":\"https:\/\/avush.com\/produkt\/avush-2\/#breadcrumb\",\"itemListElement\":[{\"@type\":\"ListItem\",\"position\":1,\"name\":\"Home\",\"item\":\"https:\/\/avush.com\/\"},{\"@type\":\"ListItem\",\"position\":2,\"name\":\"Shop\",\"item\":\"https:\/\/avush.com\/es\/shop\/\"},{\"@type\":\"ListItem\",\"position\":3,\"name\":\"Avush Pigmentflecken &#038; Altersflecken Serum &#8211; 2er Pack\"}]},{\"@type\":\"WebSite\",\"@id\":\"https:\/\/avush.com\/de\/#website\",\"url\":\"https:\/\/avush.com\/de\/\",\"name\":\"Avush\",\"description\":\"Pigmentflecken &amp; Altersflecken Serum\",\"publisher\":{\"@id\":\"https:\/\/avush.com\/de\/#organization\"},\"potentialAction\":[{\"@type\":\"SearchAction\",\"target\":{\"@type\":\"EntryPoint\",\"urlTemplate\":\"https:\/\/avush.com\/de\/?s={search_term_string}\"},\"query-input\":{\"@type\":\"PropertyValueSpecification\",\"valueRequired\":true,\"valueName\":\"search_term_string\"}}],\"inLanguage\":\"hr\"},{\"@type\":\"Organization\",\"@id\":\"https:\/\/avush.com\/de\/#organization\",\"name\":\"Avush\",\"url\":\"https:\/\/avush.com\/de\/\",\"logo\":{\"@type\":\"ImageObject\",\"inLanguage\":\"hr\",\"@id\":\"https:\/\/avush.com\/de\/#\/schema\/logo\/image\/\",\"url\":\"https:\/\/avush.com\/wp-content\/uploads\/2023\/07\/cropped-Avush-Logo-1.png\",\"contentUrl\":\"https:\/\/avush.com\/wp-content\/uploads\/2023\/07\/cropped-Avush-Logo-1.png\",\"width\":200,\"height\":74,\"caption\":\"Avush\"},\"image\":{\"@id\":\"https:\/\/avush.com\/de\/#\/schema\/logo\/image\/\"}}]}<\/script>\n<!-- \/ Yoast SEO Premium plugin. -->","yoast_head_json":{"title":"Avush Serum Anti Pigment: Naru\u010dite Avush 2 pakiranja","description":"Avush Serum za hiperpigmentacija: Ponudu od 2 pakiranja naru\u010dite ovdje. Dostupno samo kratko vrijeme. Za \u017eene i mu\u0161karce.","robots":{"index":"index","follow":"follow","max-snippet":"max-snippet:-1","max-image-preview":"max-image-preview:large","max-video-preview":"max-video-preview:-1"},"canonical":"https:\/\/avush.com\/hr\/proizvod\/avus-2\/","og_locale":"hr_HR","og_type":"article","og_title":"Avush Pigmentflecken & Altersflecken Serum - 2er Pack","og_description":"Das Avush Serum gegen Altersflecken und Pigmentflecken: Bestellen Sie hier das 2er Pack Angebot. Nur kurze Zeit erh\u00e4ltlich. F\u00fcr Frauen und M\u00e4nner.","og_url":"https:\/\/avush.com\/hr\/proizvod\/avus-2\/","og_site_name":"Avush","article_modified_time":"2025-12-31T15:09:05+00:00","og_image":[{"width":1000,"height":1000,"url":"https:\/\/avush.com\/wp-content\/uploads\/2023\/06\/Avush-04.jpg","type":"image\/jpeg"}],"twitter_card":"summary_large_image","twitter_misc":{"Procijenjeno vrijeme \u010ditanja":"2 minute"},"schema":{"@context":"https:\/\/schema.org","@graph":[{"@type":"WebPage","@id":"https:\/\/avush.com\/produkt\/avush-2\/","url":"https:\/\/avush.com\/produkt\/avush-2\/","name":"Avush Serum Anti Pigment: Naru\u010dite Avush 2 pakiranja","isPartOf":{"@id":"https:\/\/avush.com\/de\/#website"},"primaryImageOfPage":{"@id":"https:\/\/avush.com\/produkt\/avush-2\/#primaryimage"},"image":{"@id":"https:\/\/avush.com\/produkt\/avush-2\/#primaryimage"},"thumbnailUrl":"https:\/\/avush.com\/wp-content\/uploads\/2023\/06\/Avush-04.jpg","datePublished":"2023-06-20T12:58:10+00:00","dateModified":"2025-12-31T15:09:05+00:00","description":"Avush Serum za hiperpigmentacija: Ponudu od 2 pakiranja naru\u010dite ovdje. Dostupno samo kratko vrijeme. Za \u017eene i mu\u0161karce.","breadcrumb":{"@id":"https:\/\/avush.com\/produkt\/avush-2\/#breadcrumb"},"inLanguage":"hr","potentialAction":[{"@type":"ReadAction","target":["https:\/\/avush.com\/produkt\/avush-2\/"]}]},{"@type":"ImageObject","inLanguage":"hr","@id":"https:\/\/avush.com\/produkt\/avush-2\/#primaryimage","url":"https:\/\/avush.com\/wp-content\/uploads\/2023\/06\/Avush-04.jpg","contentUrl":"https:\/\/avush.com\/wp-content\/uploads\/2023\/06\/Avush-04.jpg","width":1000,"height":1000,"caption":"Avush"},{"@type":"BreadcrumbList","@id":"https:\/\/avush.com\/produkt\/avush-2\/#breadcrumb","itemListElement":[{"@type":"ListItem","position":1,"name":"Home","item":"https:\/\/avush.com\/"},{"@type":"ListItem","position":2,"name":"Shop","item":"https:\/\/avush.com\/es\/shop\/"},{"@type":"ListItem","position":3,"name":"Avush Pigmentflecken &#038; Altersflecken Serum &#8211; 2er Pack"}]},{"@type":"WebSite","@id":"https:\/\/avush.com\/de\/#website","url":"https:\/\/avush.com\/de\/","name":"Avush","description":"Serum za pigmentne i stara\u010dke pjege","publisher":{"@id":"https:\/\/avush.com\/de\/#organization"},"potentialAction":[{"@type":"SearchAction","target":{"@type":"EntryPoint","urlTemplate":"https:\/\/avush.com\/de\/?s={search_term_string}"},"query-input":{"@type":"PropertyValueSpecification","valueRequired":true,"valueName":"search_term_string"}}],"inLanguage":"hr"},{"@type":"Organization","@id":"https:\/\/avush.com\/de\/#organization","name":"Avush","url":"https:\/\/avush.com\/de\/","logo":{"@type":"ImageObject","inLanguage":"hr","@id":"https:\/\/avush.com\/de\/#\/schema\/logo\/image\/","url":"https:\/\/avush.com\/wp-content\/uploads\/2023\/07\/cropped-Avush-Logo-1.png","contentUrl":"https:\/\/avush.com\/wp-content\/uploads\/2023\/07\/cropped-Avush-Logo-1.png","width":200,"height":74,"caption":"Avush"},"image":{"@id":"https:\/\/avush.com\/de\/#\/schema\/logo\/image\/"}}]}},"uagb_featured_image_src":{"full":["https:\/\/avush.com\/wp-content\/uploads\/2023\/06\/Avush-04.jpg",1000,1000,false],"thumbnail":["https:\/\/avush.com\/wp-content\/uploads\/2023\/06\/Avush-04-150x150.jpg",150,150,true],"medium":["https:\/\/avush.com\/wp-content\/uploads\/2023\/06\/Avush-04-300x300.jpg",300,300,true],"medium_large":["https:\/\/avush.com\/wp-content\/uploads\/2023\/06\/Avush-04-768x768.jpg",768,768,true],"large":["https:\/\/avush.com\/wp-content\/uploads\/2023\/06\/Avush-04.jpg",1000,1000,false],"1536x1536":["https:\/\/avush.com\/wp-content\/uploads\/2023\/06\/Avush-04.jpg",1000,1000,false],"2048x2048":["https:\/\/avush.com\/wp-content\/uploads\/2023\/06\/Avush-04.jpg",1000,1000,false],"trp-custom-language-flag":["https:\/\/avush.com\/wp-content\/uploads\/2023\/06\/Avush-04.jpg",12,12,false],"woocommerce_thumbnail":["https:\/\/avush.com\/wp-content\/uploads\/2023\/06\/Avush-04-300x300.jpg",300,300,true],"woocommerce_single":["https:\/\/avush.com\/wp-content\/uploads\/2023\/06\/Avush-04-600x600.jpg",600,600,true],"woocommerce_gallery_thumbnail":["https:\/\/avush.com\/wp-content\/uploads\/2023\/06\/Avush-04-100x100.jpg",100,100,true]},"uagb_author_info":{"display_name":"Kerem085","author_link":"https:\/\/avush.com\/hr\/author\/kerem085\/"},"uagb_comment_info":0,"uagb_excerpt":"Avush 2er Pack: 2x Serum (30ml) &amp; 2x Tonic (100ml) Neu: Liposomale Formulierung! 5% Alpha-Arbutin Liposomal und Fermentiert Ohne Hormone, Hydrochinon und Kojis\u00e4ure Vegan und tierversuchsfrei Dermatologisch getestet","featured_img":"https:\/\/avush.com\/wp-content\/uploads\/2023\/06\/Avush-04.jpg","coauthors":[],"author_meta":{"author_link":"https:\/\/avush.com\/hr\/author\/kerem085\/","display_name":"Kerem085"},"relative_dates":{"created":"Posted 3 godine ago","modified":"Updated 3 mjeseca ago"},"absolute_dates":{"created":"Posted on 20 lipnja, 2023","modified":"Updated on 31 prosinca, 2025"},"absolute_dates_time":{"created":"Posted on 20 lipnja, 2023 12:58 pm","modified":"Updated on 31 prosinca, 2025 4:09 pm"},"featured_img_caption":"Avush","tax_additional":{"product_brand":{"linked":[],"unlinked":[],"slug":"product_brand","name":"Brendovi"},"product_type":{"linked":["<a href=\"https:\/\/avush.com\/hr\/?taxonomy=product_type&#038;term=simple\" class=\"advgb-post-tax-term\">simple<\/a>"],"unlinked":["<span class=\"advgb-post-tax-term\">simple<\/span>"],"slug":"product_type","name":"Vrsta proizvoda"},"product_visibility":{"linked":[],"unlinked":[],"slug":"product_visibility","name":"Vidljivost proizvoda"},"product_cat":{"linked":["<a href=\"https:\/\/avush.com\/hr\/kategorija-proizvoda\/serum\/\" class=\"advgb-post-tax-term\">Serum<\/a>"],"unlinked":["<span class=\"advgb-post-tax-term\">Serum<\/span>"],"slug":"product_cat","name":"Kategorije proizvoda"},"product_tag":{"linked":[],"unlinked":[],"slug":"product_tag","name":"Oznake proizvoda"},"product_shipping_class":{"linked":[],"unlinked":[],"slug":"product_shipping_class","name":"Klasa dostave proizvoda"},"pa_brand":{"linked":[],"unlinked":[],"slug":"pa_brand","name":"Proizvod Marke"}},"series_order":"","_links":{"self":[{"href":"https:\/\/avush.com\/hr\/wp-json\/wp\/v2\/product\/184","targetHints":{"allow":["GET"]}}],"collection":[{"href":"https:\/\/avush.com\/hr\/wp-json\/wp\/v2\/product"}],"about":[{"href":"https:\/\/avush.com\/hr\/wp-json\/wp\/v2\/types\/product"}],"wp:featuredmedia":[{"embeddable":true,"href":"https:\/\/avush.com\/hr\/wp-json\/wp\/v2\/media\/388"}],"wp:attachment":[{"href":"https:\/\/avush.com\/hr\/wp-json\/wp\/v2\/media?parent=184"}],"wp:term":[{"taxonomy":"product_brand","embeddable":true,"href":"https:\/\/avush.com\/hr\/wp-json\/wp\/v2\/product_brand?post=184"},{"taxonomy":"product_cat","embeddable":true,"href":"https:\/\/avush.com\/hr\/wp-json\/wp\/v2\/product_cat?post=184"},{"taxonomy":"product_tag","embeddable":true,"href":"https:\/\/avush.com\/hr\/wp-json\/wp\/v2\/product_tag?post=184"}],"curies":[{"name":"wp","href":"https:\/\/api.w.org\/{rel}","templated":true}]}}