{"id":15,"date":"2021-09-27T05:24:25","date_gmt":"2021-09-27T05:24:25","guid":{"rendered":"https:\/\/avush.com\/?page_id=15"},"modified":"2023-12-06T15:49:10","modified_gmt":"2023-12-06T14:49:10","slug":"widerrufsrecht","status":"publish","type":"page","link":"https:\/\/avush.com\/hr\/pravo-na-odustanak\/","title":{"rendered":"Pravo na odustanak"},"content":{"rendered":"<p><strong>Pravo na povla\u010denje<\/strong><\/p>\n\n\n\n<p>Potro\u0161a\u010d je svaka fizi\u010dka osoba koja sklopi pravni posao u svrhu koja se ne mo\u017ee prete\u017eito pripisati njegovoj gospodarskoj ili samostalnoj profesionalnoj djelatnosti.<\/p>\n\n\n\n<p><strong>Politika otkazivanja Avush<\/strong><\/p>\n\n\n\n<p><strong>Pravo na odustanak<\/strong><\/p>\n\n\n\n<p>Imate pravo otkazati ovaj ugovor u roku od \u010detrnaest dana. <strong>Pravo odustajanja je isklju\u010deno za kori\u0161tene higijenske proizvode.<\/strong> Razdoblje otkazivanja je \u010detrnaest dana od dana kada ste vi ili tre\u0107a strana koju ste imenovali, a koja nije prijevoznik, preuzeli ili preuzeli robu, pod uvjetom da ste naru\u010dili jednu ili vi\u0161e roba kao dio jedne narud\u017ebe i ove je ili \u0107e biti isporu\u010den jednoobrazno.<\/p>\n\n\n\n<p>Kako biste iskoristili svoje pravo na povla\u010denje, morate nas obavijestiti o svojoj odluci o povla\u010denju iz ovog ugovora jasnom izjavom (npr. pismom poslanim po\u0161tom, faksom ili e-po\u0161tom). Mo\u017eete koristiti prilo\u017eeni uzorak obrasca za odustajanje, iako to nije obavezno.<\/p>\n\n\n\n<p>Kako bi se ispunio otkazni rok, dovoljno je da prije isteka otkaznog roka po\u0161aljete obavijest o ostvarivanju prava na otkaz.<\/p>\n\n\n\n<p>Opoziv se mora poslati na<\/p>\n\n\n\n<p><\/p>\n\n\n\n<figure class=\"wp-block-image size-full is-resized\"><img loading=\"lazy\" decoding=\"async\" width=\"650\" height=\"685\" src=\"https:\/\/avush.com\/wp-content\/uploads\/2023\/06\/Im-002.jpg\" alt=\"\" class=\"wp-image-152\" style=\"object-fit:cover;width:237px;height:250px\" srcset=\"https:\/\/avush.com\/wp-content\/uploads\/2023\/06\/Im-002.jpg 650w, https:\/\/avush.com\/wp-content\/uploads\/2023\/06\/Im-002-285x300.jpg 285w, https:\/\/avush.com\/wp-content\/uploads\/2023\/06\/Im-002-600x632.jpg 600w\" sizes=\"auto, (max-width: 650px) 100vw, 650px\" \/><\/figure>\n\n\n\n<p><\/p>\n\n\n\n<p><strong>Adresa za dostavu ispod.<\/strong><\/p>\n\n\n\n<p><strong>Posljedice opoziva<\/strong><\/p>\n\n\n\n<p>Ako otka\u017eete ovaj ugovor, vratit \u0107emo vam sva pla\u0107anja koja smo primili od vas, uklju\u010duju\u0107i tro\u0161kove dostave (osim svih dodatnih tro\u0161kova koji proizlaze iz odabira na\u010dina dostave koji nije najjeftinija standardna isporuka koju nudimo) koji \u0107e biti vra\u0107eni odmah i najkasnije u roku od \u010detrnaest dana od dana kada smo primili obavijest o va\u0161em raskidu ovog ugovora. Za ovu otplatu koristimo isti na\u010din pla\u0107anja koji ste koristili za izvornu transakciju, osim ako ne\u0161to druga\u010dije nije izri\u010dito dogovoreno s vama; ni pod kojim okolnostima ne\u0107e vam biti napla\u0107ene nikakve naknade kao rezultat ove otplate.<\/p>\n\n\n\n<p>Mo\u017eemo odbiti povrat dok ne primimo robu natrag ili dok ne dostavite dokaz da ste robu poslali natrag, ovisno o tome \u0161to je ranije.<\/p>\n\n\n\n<p><strong>Povratak<\/strong><\/p>\n\n\n\n<p>Robu nam morate vratiti ili predati odmah, au svakom slu\u010daju najkasnije u roku od \u010detrnaest dana od dana kada ste nas obavijestili o svom raskidu ovog ugovora. Rok je ispo\u0161tovan ako robu po\u0161aljete prije isteka roka od \u010detrnaest dana.<\/p>\n\n\n\n<p>Vi snosite izravne tro\u0161kove povrata robe.<\/p>\n\n\n\n<p>Odgovorni ste samo za bilo kakav gubitak vrijednosti robe ako je taj gubitak vrijednosti posljedica rukovanja koje nije potrebno za utvr\u0111ivanje prirode, karakteristika i funkcionalnosti robe.<\/p>\n\n\n\n<p><strong>Razlozi za isklju\u010denje ili istek<\/strong><\/p>\n\n\n\n<p><strong>Isklju\u010denje prava na odustanak<\/strong>:<\/p>\n\n\n\n<p>Nema prava na povla\u010denje za robu koja se brzo kvari ili \u010diji je rok trajanja brzo prekora\u010den. Prijevremeni istek za isporuku zape\u010da\u0107ene robe koja nije prikladna za povrat iz razloga za\u0161tite zdravlja ili higijene ako je njihov pe\u010dat uklonjen nakon isporuke; (1) Prema odjeljku 312g stavak 2 br. 2 BGB, nema prava na povla\u010denje za Avush ako je pe\u010dat uklonjen s pakiranja. Avush je proizvod u smislu odjeljka 312g paragrafa 2 br. 2 BGB koji bi se brzo pokvario nakon \u0161to je pe\u010dat slomljen ili \u010diji bi datum isteka brzo bio prekora\u010den od ovog trenutka (2 mjeseca nakon otvaranja Avush). (2) Prema odjeljku 312g stavak 2 br. 2 BGB, pravo na povla\u010denje ne postoji ako je pe\u010dat na Avush uklonjen nakon isporuke jer postoji rizik da \u0107e vra\u0107eni proizvod sti\u0107i do ponovnog kupca sa znatno kra\u0107im rokom rok trajanja bi.<\/p>\n\n\n\n<p>S tim u vezi, pravo na povla\u010denje je isklju\u010deno jer bi serum koji bi se trebao uzeti natrag sa slomljenim pe\u010datom za Avush bilo te\u0161ko ili nemogu\u0107e preprodati, uzimaju\u0107i u obzir vrijeme povrata.<\/p>\n\n\n\n<p><strong>Pravo odustajanja je isklju\u010deno za kori\u0161tene higijenske proizvode<\/strong>.<\/p>\n\n\n\n<hr class=\"wp-block-separator has-css-opacity\"\/>\n\n\n\n<p>Pravo na odustanak postoji <strong>ne<\/strong> u ugovorima<\/p>\n\n\n\n<ul class=\"wp-block-list\">\n<li>za opskrbu robom koja nije monta\u017ena i za \u010diju je proizvodnju presudan individualni odabir ili opredjeljenje potro\u0161a\u010da ili koja je jasno prilago\u0111ena osobnim potrebama potro\u0161a\u010da;<\/li>\n\n\n\n<li>za isporuku robe koja se mo\u017ee brzo pokvariti ili \u010diji bi rok trajanja brzo bio prekora\u010den;<\/li>\n\n\n\n<li>Pretplatni\u010dki ugovori.<\/li>\n<\/ul>\n\n\n\n<p>&#8212;&#8212;&#8211;<\/p>\n\n\n\n<p><strong>Pravo na odustajanje prerano isti\u010de za ugovore<\/strong><\/p>\n\n\n\n<ul class=\"wp-block-list\">\n<li>za isporuku zape\u010da\u0107ene robe koja nije prikladna za povrat iz zdravstvenih ili higijenskih razloga ako je njihov pe\u010dat uklonjen nakon isporuke;<\/li>\n\n\n\n<li>za isporuku robe ako je zbog svoje prirode nakon isporuke bila neodvojivo pomije\u0161ana s drugom robom;<\/li>\n<\/ul>\n\n\n\n<p>_______<\/p>\n\n\n\n<p><strong>Uzorak obrasca za otkazivanje<\/strong><\/p>\n\n\n\n<p>Ako \u017eelite raskinuti ugovor, ispunite ovaj obrazac i po\u0161aljite ga natrag.<br><strong>Pravo odustajanja je isklju\u010deno za kori\u0161tene higijenske proizvode.<\/strong><\/p>\n\n\n\n<p>1. Povratak na:<\/p>\n\n\n\n<p>VDS \u2013 usluga dostave i podataka <br>c\/o Alaiko GmbH <br>Siemensstrasse 14<br>D-37412 Herzberg am Harz<br>Njema\u010dka<br><br>E-mail: info@avush.com<\/p>\n\n\n\n<p>2. Ovime opozivam ugovor koji sam sklopio za kupnju sljede\u0107e robe\/pru\u017eanje sljede\u0107eg<br>Usluga (po potrebi prilo\u017eiti kopiju ra\u010duna)<br>Broj narud\u017ebe: \u2026\u2026\u2026\u2026\u2026\u2026\u2026\u2026\u2026\u2026\u2026\u2026\u2026\u2026<br>Broj \/ naziv robe: \u2026\u2026\u2026\u2026\u2026\u2026\u2026\u2026\u2026<br>Nabavna cijena: \u2026\u2026\u2026\u2026\u2026\u2026\u2026\u2026\u2026\u2026\u2026\u2026\u2026\u2026\u2026\u2026\u2026<br>Ve\u0107 u upotrebi? Pravo odustajanja je isklju\u010deno za kori\u0161tene higijenske proizvode.<\/p>\n\n\n\n<p>3. Naru\u010deno: \u2026\u2026\u2026\u2026\u2026\u2026\u2026\u2026<\/p>\n\n\n\n<p>\u010cetvrti razlog: \u2026\u2026\u2026\u2026\u2026\u2026\u2026\u2026\u2026\u2026\u2026\u2026\u2026\u2026\u2026<\/p>\n\n\n\n<p>5. Primljeno: \u2026\u2026\u2026\u2026\u2026\u2026\u2026\u2026<\/p>\n\n\n\n<p>6. Naziv, adresa potro\u0161a\u010da: \u2026\u2026<br>Broj kupca: \u2026\u2026\u2026\u2026\u2026\u2026\u2026\u2026\u2026\u2026\u2026\u2026\u2026.<br>Ime i prezime: \u2026\u2026\u2026\u2026\u2026\u2026\u2026\u2026\u2026\u2026\u2026<br>Ulica: \u2026\u2026\u2026\u2026\u2026\u2026\u2026\u2026\u2026\u2026\u2026\u2026\u2026\u2026\u2026\u2026\u2026\u2026\u2026.<br>Po\u0161tanski broj \/ grad: \u2026\u2026\u2026\u2026\u2026\u2026\u2026\u2026\u2026\u2026\u2026\u2026\u2026\u2026\u2026\u2026\u2026..<\/p>\n\n\n\n<p>7. Mjesto, datum i potpis kupca:<br>&#8230;&#8230;&#8230;&#8230;&#8230;&#8230;&#8230;&#8230;&#8230;&#8230;&#8230;&#8230;&#8230;&#8230;&#8230;&#8230;&#8230;.<\/p>","protected":false},"excerpt":{"rendered":"<p>Widerrufsrecht f\u00fcr Verbraucher Verbraucher ist jede nat\u00fcrliche Person, die ein Rechtsgesch\u00e4ft zu Zwecken abschlie\u00dft, die \u00fcberwiegend weder ihrer gewerblichen noch ihrer selbstst\u00e4ndigen beruflichen T\u00e4tigkeit zugerechnet werden kann. Widerrufsbelehrung Avush Widerrufsrecht [&hellip;]<\/p>","protected":false},"author":1,"featured_media":0,"parent":0,"menu_order":0,"comment_status":"closed","ping_status":"closed","template":"","meta":{"_uag_custom_page_level_css":"","advgb_blocks_editor_width":"","advgb_blocks_columns_visual_guide":"","site-sidebar-layout":"default","site-content-layout":"default","ast-site-content-layout":"default","site-content-style":"default","site-sidebar-style":"default","ast-global-header-display":"","ast-banner-title-visibility":"","ast-main-header-display":"","ast-hfb-above-header-display":"","ast-hfb-below-header-display":"","ast-hfb-mobile-header-display":"","site-post-title":"","ast-breadcrumbs-content":"","ast-featured-img":"","footer-sml-layout":"","ast-disable-related-posts":"","theme-transparent-header-meta":"default","adv-header-id-meta":"","stick-header-meta":"default","header-above-stick-meta":"","header-main-stick-meta":"","header-below-stick-meta":"","astra-migrate-meta-layouts":"set","ast-page-background-enabled":"default","ast-page-background-meta":{"desktop":{"background-color":"","background-image":"","background-repeat":"repeat","background-position":"center center","background-size":"auto","background-attachment":"scroll","background-type":"","background-media":"","overlay-type":"","overlay-color":"","overlay-opacity":"","overlay-gradient":""},"tablet":{"background-color":"","background-image":"","background-repeat":"repeat","background-position":"center center","background-size":"auto","background-attachment":"scroll","background-type":"","background-media":"","overlay-type":"","overlay-color":"","overlay-opacity":"","overlay-gradient":""},"mobile":{"background-color":"","background-image":"","background-repeat":"repeat","background-position":"center center","background-size":"auto","background-attachment":"scroll","background-type":"","background-media":"","overlay-type":"","overlay-color":"","overlay-opacity":"","overlay-gradient":""}},"ast-content-background-meta":{"desktop":{"background-color":"var(--ast-global-color-5)","background-image":"","background-repeat":"repeat","background-position":"center center","background-size":"auto","background-attachment":"scroll","background-type":"","background-media":"","overlay-type":"","overlay-color":"","overlay-opacity":"","overlay-gradient":""},"tablet":{"background-color":"var(--ast-global-color-5)","background-image":"","background-repeat":"repeat","background-position":"center center","background-size":"auto","background-attachment":"scroll","background-type":"","background-media":"","overlay-type":"","overlay-color":"","overlay-opacity":"","overlay-gradient":""},"mobile":{"background-color":"var(--ast-global-color-5)","background-image":"","background-repeat":"repeat","background-position":"center center","background-size":"auto","background-attachment":"scroll","background-type":"","background-media":"","overlay-type":"","overlay-color":"","overlay-opacity":"","overlay-gradient":""}},"footnotes":""},"class_list":["post-15","page","type-page","status-publish","hentry"],"yoast_head":"<!-- This site is optimized with the Yoast SEO Premium plugin v26.6 (Yoast SEO v26.6) - https:\/\/yoast.com\/wordpress\/plugins\/seo\/ -->\n<title>Widerrufsrecht - Avush<\/title>\n<meta name=\"robots\" content=\"noindex, nofollow\" \/>\n<meta property=\"og:locale\" content=\"hr_HR\" \/>\n<meta property=\"og:type\" content=\"article\" \/>\n<meta property=\"og:title\" content=\"Widerrufsrecht\" \/>\n<meta property=\"og:description\" content=\"Widerrufsrecht f\u00fcr Verbraucher Verbraucher ist jede nat\u00fcrliche Person, die ein Rechtsgesch\u00e4ft zu Zwecken abschlie\u00dft, die \u00fcberwiegend weder ihrer gewerblichen noch ihrer selbstst\u00e4ndigen beruflichen T\u00e4tigkeit zugerechnet werden kann. Widerrufsbelehrung Avush Widerrufsrecht [&hellip;]\" \/>\n<meta property=\"og:url\" content=\"https:\/\/avush.com\/hr\/pravo-na-odustanak\/\" \/>\n<meta property=\"og:site_name\" content=\"Avush\" \/>\n<meta property=\"article:modified_time\" content=\"2023-12-06T14:49:10+00:00\" \/>\n<meta property=\"og:image\" content=\"https:\/\/avush.com\/wp-content\/uploads\/2023\/06\/Im-002.jpg\" \/>\n<meta name=\"twitter:card\" content=\"summary_large_image\" \/>\n<meta name=\"twitter:label1\" content=\"Procijenjeno vrijeme \u010ditanja\" \/>\n\t<meta name=\"twitter:data1\" content=\"5 minuta\" \/>\n<script type=\"application\/ld+json\" class=\"yoast-schema-graph\">{\"@context\":\"https:\/\/schema.org\",\"@graph\":[{\"@type\":\"WebPage\",\"@id\":\"https:\/\/avush.com\/widerrufsrecht\/\",\"url\":\"https:\/\/avush.com\/widerrufsrecht\/\",\"name\":\"Widerrufsrecht - Avush\",\"isPartOf\":{\"@id\":\"https:\/\/avush.com\/de\/#website\"},\"primaryImageOfPage\":{\"@id\":\"https:\/\/avush.com\/widerrufsrecht\/#primaryimage\"},\"image\":{\"@id\":\"https:\/\/avush.com\/widerrufsrecht\/#primaryimage\"},\"thumbnailUrl\":\"https:\/\/avush.com\/wp-content\/uploads\/2023\/06\/Im-002.jpg\",\"datePublished\":\"2021-09-27T05:24:25+00:00\",\"dateModified\":\"2023-12-06T14:49:10+00:00\",\"breadcrumb\":{\"@id\":\"https:\/\/avush.com\/widerrufsrecht\/#breadcrumb\"},\"inLanguage\":\"hr\",\"potentialAction\":[{\"@type\":\"ReadAction\",\"target\":[\"https:\/\/avush.com\/widerrufsrecht\/\"]}]},{\"@type\":\"ImageObject\",\"inLanguage\":\"hr\",\"@id\":\"https:\/\/avush.com\/widerrufsrecht\/#primaryimage\",\"url\":\"https:\/\/avush.com\/wp-content\/uploads\/2023\/06\/Im-002.jpg\",\"contentUrl\":\"https:\/\/avush.com\/wp-content\/uploads\/2023\/06\/Im-002.jpg\"},{\"@type\":\"BreadcrumbList\",\"@id\":\"https:\/\/avush.com\/widerrufsrecht\/#breadcrumb\",\"itemListElement\":[{\"@type\":\"ListItem\",\"position\":1,\"name\":\"Home\",\"item\":\"https:\/\/avush.com\/\"},{\"@type\":\"ListItem\",\"position\":2,\"name\":\"Widerrufsrecht\"}]},{\"@type\":\"WebSite\",\"@id\":\"https:\/\/avush.com\/de\/#website\",\"url\":\"https:\/\/avush.com\/de\/\",\"name\":\"Avush\",\"description\":\"Pigmentflecken &amp; Altersflecken Serum\",\"publisher\":{\"@id\":\"https:\/\/avush.com\/de\/#organization\"},\"potentialAction\":[{\"@type\":\"SearchAction\",\"target\":{\"@type\":\"EntryPoint\",\"urlTemplate\":\"https:\/\/avush.com\/de\/?s={search_term_string}\"},\"query-input\":{\"@type\":\"PropertyValueSpecification\",\"valueRequired\":true,\"valueName\":\"search_term_string\"}}],\"inLanguage\":\"hr\"},{\"@type\":\"Organization\",\"@id\":\"https:\/\/avush.com\/de\/#organization\",\"name\":\"Avush\",\"url\":\"https:\/\/avush.com\/de\/\",\"logo\":{\"@type\":\"ImageObject\",\"inLanguage\":\"hr\",\"@id\":\"https:\/\/avush.com\/de\/#\/schema\/logo\/image\/\",\"url\":\"https:\/\/avush.com\/wp-content\/uploads\/2023\/07\/cropped-Avush-Logo-1.png\",\"contentUrl\":\"https:\/\/avush.com\/wp-content\/uploads\/2023\/07\/cropped-Avush-Logo-1.png\",\"width\":200,\"height\":74,\"caption\":\"Avush\"},\"image\":{\"@id\":\"https:\/\/avush.com\/de\/#\/schema\/logo\/image\/\"}}]}<\/script>\n<!-- \/ Yoast SEO Premium plugin. -->","yoast_head_json":{"title":"Pravo na odustanak - Avush","robots":{"index":"noindex","follow":"nofollow"},"og_locale":"hr_HR","og_type":"article","og_title":"Widerrufsrecht","og_description":"Widerrufsrecht f\u00fcr Verbraucher Verbraucher ist jede nat\u00fcrliche Person, die ein Rechtsgesch\u00e4ft zu Zwecken abschlie\u00dft, die \u00fcberwiegend weder ihrer gewerblichen noch ihrer selbstst\u00e4ndigen beruflichen T\u00e4tigkeit zugerechnet werden kann. Widerrufsbelehrung Avush Widerrufsrecht [&hellip;]","og_url":"https:\/\/avush.com\/hr\/pravo-na-odustanak\/","og_site_name":"Avush","article_modified_time":"2023-12-06T14:49:10+00:00","og_image":[{"url":"https:\/\/avush.com\/wp-content\/uploads\/2023\/06\/Im-002.jpg","type":"","width":"","height":""}],"twitter_card":"summary_large_image","twitter_misc":{"Procijenjeno vrijeme \u010ditanja":"5 minuta"},"schema":{"@context":"https:\/\/schema.org","@graph":[{"@type":"WebPage","@id":"https:\/\/avush.com\/widerrufsrecht\/","url":"https:\/\/avush.com\/widerrufsrecht\/","name":"Pravo na odustanak - Avush","isPartOf":{"@id":"https:\/\/avush.com\/de\/#website"},"primaryImageOfPage":{"@id":"https:\/\/avush.com\/widerrufsrecht\/#primaryimage"},"image":{"@id":"https:\/\/avush.com\/widerrufsrecht\/#primaryimage"},"thumbnailUrl":"https:\/\/avush.com\/wp-content\/uploads\/2023\/06\/Im-002.jpg","datePublished":"2021-09-27T05:24:25+00:00","dateModified":"2023-12-06T14:49:10+00:00","breadcrumb":{"@id":"https:\/\/avush.com\/widerrufsrecht\/#breadcrumb"},"inLanguage":"hr","potentialAction":[{"@type":"ReadAction","target":["https:\/\/avush.com\/widerrufsrecht\/"]}]},{"@type":"ImageObject","inLanguage":"hr","@id":"https:\/\/avush.com\/widerrufsrecht\/#primaryimage","url":"https:\/\/avush.com\/wp-content\/uploads\/2023\/06\/Im-002.jpg","contentUrl":"https:\/\/avush.com\/wp-content\/uploads\/2023\/06\/Im-002.jpg"},{"@type":"BreadcrumbList","@id":"https:\/\/avush.com\/widerrufsrecht\/#breadcrumb","itemListElement":[{"@type":"ListItem","position":1,"name":"Home","item":"https:\/\/avush.com\/"},{"@type":"ListItem","position":2,"name":"Widerrufsrecht"}]},{"@type":"WebSite","@id":"https:\/\/avush.com\/de\/#website","url":"https:\/\/avush.com\/de\/","name":"Avush","description":"Serum za pigmentne i stara\u010dke pjege","publisher":{"@id":"https:\/\/avush.com\/de\/#organization"},"potentialAction":[{"@type":"SearchAction","target":{"@type":"EntryPoint","urlTemplate":"https:\/\/avush.com\/de\/?s={search_term_string}"},"query-input":{"@type":"PropertyValueSpecification","valueRequired":true,"valueName":"search_term_string"}}],"inLanguage":"hr"},{"@type":"Organization","@id":"https:\/\/avush.com\/de\/#organization","name":"Avush","url":"https:\/\/avush.com\/de\/","logo":{"@type":"ImageObject","inLanguage":"hr","@id":"https:\/\/avush.com\/de\/#\/schema\/logo\/image\/","url":"https:\/\/avush.com\/wp-content\/uploads\/2023\/07\/cropped-Avush-Logo-1.png","contentUrl":"https:\/\/avush.com\/wp-content\/uploads\/2023\/07\/cropped-Avush-Logo-1.png","width":200,"height":74,"caption":"Avush"},"image":{"@id":"https:\/\/avush.com\/de\/#\/schema\/logo\/image\/"}}]}},"uagb_featured_image_src":{"full":false,"thumbnail":false,"medium":false,"medium_large":false,"large":false,"1536x1536":false,"2048x2048":false,"trp-custom-language-flag":false,"woocommerce_thumbnail":false,"woocommerce_single":false,"woocommerce_gallery_thumbnail":false},"uagb_author_info":{"display_name":"Kerem085","author_link":"https:\/\/avush.com\/hr\/author\/kerem085\/"},"uagb_comment_info":0,"uagb_excerpt":"Widerrufsrecht f\u00fcr Verbraucher Verbraucher ist jede nat\u00fcrliche Person, die ein Rechtsgesch\u00e4ft zu Zwecken abschlie\u00dft, die \u00fcberwiegend weder ihrer gewerblichen noch ihrer selbstst\u00e4ndigen beruflichen T\u00e4tigkeit zugerechnet werden kann. Widerrufsbelehrung Avush Widerrufsrecht [&hellip;]","coauthors":[],"author_meta":{"author_link":"https:\/\/avush.com\/hr\/author\/kerem085\/","display_name":"Kerem085"},"relative_dates":{"created":"Posted 5 godina ago","modified":"Updated 2 godine ago"},"absolute_dates":{"created":"Posted on 27 rujna, 2021","modified":"Updated on 6 prosinca, 2023"},"absolute_dates_time":{"created":"Posted on 27 rujna, 2021 5:24 am","modified":"Updated on 6 prosinca, 2023 3:49 pm"},"featured_img_caption":"","featured_img":false,"series_order":"","_links":{"self":[{"href":"https:\/\/avush.com\/hr\/wp-json\/wp\/v2\/pages\/15","targetHints":{"allow":["GET"]}}],"collection":[{"href":"https:\/\/avush.com\/hr\/wp-json\/wp\/v2\/pages"}],"about":[{"href":"https:\/\/avush.com\/hr\/wp-json\/wp\/v2\/types\/page"}],"author":[{"embeddable":true,"href":"https:\/\/avush.com\/hr\/wp-json\/wp\/v2\/users\/1"}],"replies":[{"embeddable":true,"href":"https:\/\/avush.com\/hr\/wp-json\/wp\/v2\/comments?post=15"}],"version-history":[{"count":12,"href":"https:\/\/avush.com\/hr\/wp-json\/wp\/v2\/pages\/15\/revisions"}],"predecessor-version":[{"id":1405,"href":"https:\/\/avush.com\/hr\/wp-json\/wp\/v2\/pages\/15\/revisions\/1405"}],"wp:attachment":[{"href":"https:\/\/avush.com\/hr\/wp-json\/wp\/v2\/media?parent=15"}],"curies":[{"name":"wp","href":"https:\/\/api.w.org\/{rel}","templated":true}]}}