{"id":14,"date":"2021-09-27T05:24:25","date_gmt":"2021-09-27T05:24:25","guid":{"rendered":"https:\/\/avush.com\/?page_id=14"},"modified":"2023-07-25T06:10:43","modified_gmt":"2023-07-25T06:10:43","slug":"agb","status":"publish","type":"page","link":"https:\/\/avush.com\/hr\/uvjeti\/","title":{"rendered":"GT&amp;C"},"content":{"rendered":"<p><strong>Op\u0107i uvjeti i informacije o kupcima<\/strong><\/p>\n\n\n\n<p>I. Op\u0107i uvjeti<\/p>\n\n\n\n<p>\u00a7 1. Temeljne odredbe<\/p>\n\n\n\n<p>(1) Sljede\u0107i uvjeti i odredbe primjenjuju se na sve ugovore koje sklapate s nama kao pru\u017eateljem (Avush) putem web stranice www.avush.com. Osim ako nije druga\u010dije dogovoreno, protivimo se uklju\u010divanju bilo kojih odredbi i uvjeta koje ste koristili.<\/p>\n\n\n\n<p>(2) Potro\u0161a\u010d u smislu ni\u017ee navedenih propisa je svaka fizi\u010dka osoba koja sklopi pravni posao u svrhu koja se prete\u017eno ne mo\u017ee pripisati njezinoj trgova\u010dkoj ili samostalnoj profesionalnoj djelatnosti. Poduzetnik je svaka fizi\u010dka ili pravna osoba ili poslovno sposobno dru\u0161tvo koje pri sklapanju pravnog posla djeluje u obavljanju samostalne stru\u010dne ili trgova\u010dke djelatnosti.<\/p>\n\n\n\n<p>\u00a7 2. Sklapanje ugovora<\/p>\n\n\n\n<p>(1) Predmet ugovora je kupoprodaja robe.<\/p>\n\n\n\n<p>(2) \u010cim predmetni proizvod bude objavljen na na\u0161im stranicama, dajemo vam obvezuju\u0107u ponudu za sklapanje ugovora pod uvjetima navedenim u opisu artikla.<\/p>\n\n\n\n<p>(3) Ugovor se sklapa putem sustava internetske ko\u0161arice na sljede\u0107i na\u010din:<br>Roba namijenjena kupnji stavlja se u \u201cko\u0161aricu\u201d. Mo\u017eete upotrijebiti odgovaraju\u0107i gumb na navigacijskoj traci za pristup &quot;ko\u0161arici&quot; i izvr\u0161iti promjene tamo u bilo kojem trenutku.<br>Nakon \u0161to pristupite stranici \u201cBlagajna\u201d i unesete svoje osobne podatke te uvjete pla\u0107anja i dostave, svi podaci o narud\u017ebi ponovno \u0107e se prikazati na stranici Pregled narud\u017ebi.<br>Ako koristite sustav trenutnog pla\u0107anja (npr. PayPal \/ PayPal Express \/ PayPal Plus, Amazon Payments, Postpay, Sofort\u00fcberweisung) kao na\u010din pla\u0107anja, bit \u0107ete preusmjereni na stranicu s pregledom narud\u017ebe u na\u0161oj online trgovini ili \u0107ete prvo biti preusmjereni na web-mjesto davatelja Instant sustav pla\u0107anja proslije\u0111en.<br>Ako ste proslije\u0111eni na odgovaraju\u0107i sustav instant pla\u0107anja, napravite odgovaraju\u0107i odabir ili tamo unesite svoje podatke. Na kraju \u0107ete biti preusmjereni natrag na stranicu s pregledom narud\u017ebe u na\u0161oj online trgovini.<br>Prije slanja narud\u017ebe imate mogu\u0107nost ponovno provjeriti sve podatke, promijeniti ih (tako\u0111er kori\u0161tenjem funkcije \u201cnatrag\u201d internetskog preglednika) ili odustati od kupnje.<br>Slanjem narud\u017ebe putem gumba &quot;kupi sada&quot; izjavljujete da pravno obvezuju\u0107i prihva\u0107ate ponudu, \u010dime je ugovor sklopljen.<\/p>\n\n\n\n<p>(4) Va\u0161i zahtjevi za izradu ponude za Vas nisu obvezuju\u0107i. Dat \u0107emo vam obvezuju\u0107u ponudu u tekstualnom obliku (npr. e-po\u0161tom), koju mo\u017eete prihvatiti u roku od 5 dana.<\/p>\n\n\n\n<p>(5) Obrada narud\u017ebe i prijenos svih informacija potrebnih u vezi sa sklapanjem ugovora djelomi\u010dno je automatiziran putem elektroni\u010dke po\u0161te. Stoga morate osigurati da je adresa e-po\u0161te koju ste nam dali ispravna, da je primanje e-po\u0161te tehni\u010dki osigurano i, posebno, da ga ne sprje\u010davaju filtri SPAM-a.<\/p>\n\n\n\n<p>\u00a7 3 Trajanje ugovora \/ raskid<\/p>\n\n\n\n<p>Ukoliko se ugovor odnosi na periodi\u010dne\/stalne usluge (pretplata), ugovor se sklapa na neodre\u0111eno vrijeme. Svaka ugovorna strana ima pravo raskinuti takav ugovor bez prethodne obavijesti do sljede\u0107eg roka isporuke bez navo\u0111enja razloga. Pravo na izvanredni raskid iz opravdanog razloga, posebice opetovanog kr\u0161enja glavnih ugovornih obveza, ostaje nepromijenjeno.<\/p>\n\n\n\n<p>Raskid se mo\u017ee izvr\u0161iti na korisni\u010dkom ra\u010dunu putem stavke izbornika &quot;Pretplata&quot; i tamo putem &quot;Obrazca za otkazivanje&quot; ili u tekstualnom obliku (po\u0161tom ili e-po\u0161tom).<\/p>\n\n\n\n<p>\u00a7 4. Pravo pridr\u017eaja, pridr\u017eaj vlasni\u0161tva<\/p>\n\n\n\n<p>(1) Pravo pridr\u017eaja mo\u017eete ostvariti samo ako se radi o tra\u017ebinama iz istog ugovornog odnosa.<\/p>\n\n\n\n<p>(2) Roba ostaje u na\u0161em vlasni\u0161tvu dok se kupoprodajna cijena u cijelosti ne isplati.<\/p>\n\n\n\n<p>\u00a7 5 Odgovornost<\/p>\n\n\n\n<p>(1) Neograni\u010deno odgovaramo za \u0161tetu nastalu ozljedom \u017eivota, tijela ili zdravlja. Nadalje, neograni\u010deno odgovaramo u svim slu\u010dajevima namjere i krajnje nepa\u017enje, u slu\u010daju prijevarnog prikrivanja nedostatka, u slu\u010daju jamstva za kvalitetu kupljenog artikla te u svim drugim slu\u010dajevima reguliranim zakonom.<\/p>\n\n\n\n<p>(2) Odgovornost za nedostatke u okviru zakonskog jamstva temelji se na odgovaraju\u0107em propisu u na\u0161im informacijama za kupce (II. dio).<\/p>\n\n\n\n<p>(3) Ako su ugro\u017eene bitne ugovorne obveze, na\u0161a je odgovornost u slu\u010daju manjeg nemara ograni\u010dena na predvidljivu \u0161tetu koja je tipi\u010dna za ugovor. Bitne ugovorne obveze su bitne obveze koje proizlaze iz prirode ugovora i \u010dijom bi povredom bilo ugro\u017eeno postizanje svrhe ugovora kao i obveze koje nam ugovor prema svom sadr\u017eaju name\u0107e radi ostvarenja svrhe ugovora. , \u010dije ispunjavanje omogu\u0107uje pravilnu provedbu ugovora prije svega i na \u010dije se pridr\u017eavanje mo\u017eete redovito pouzdati.<\/p>\n\n\n\n<p>(4) U slu\u010daju lak\u0161ih povreda ugovornih obveza isklju\u010dena je odgovornost za lak\u0161e nesavjesne povrede obveze.<\/p>\n\n\n\n<p>(5) S obzirom na trenutno stanje tehnologije, ne mo\u017ee se jam\u010diti da \u0107e podatkovna komunikacija putem interneta biti bez gre\u0161aka i\/ili dostupna u svakom trenutku. U tom smislu, nismo odgovorni za stalnu ili neprekinutu dostupnost web stranice i usluga koje se tamo nude.<\/p>\n\n\n\n<p>\u00a7 6 Izbor prava, mjesto izvr\u0161enja, mjesto nadle\u017enosti<\/p>\n\n\n\n<p>(1) Primjenjuje se njema\u010dko pravo. Za potro\u0161a\u010de se ovaj izbor prava primjenjuje samo u mjeri u kojoj se ne povla\u010di za\u0161tita koju daju obvezuju\u0107e odredbe zakona zemlje u kojoj potro\u0161a\u010d ima uobi\u010dajeno boravi\u0161te (na\u010delo povoljnosti).<\/p>\n\n\n\n<p>(2) Mjesto izvr\u0161enja svih usluga iz poslovnih odnosa koji postoje s nama i mjesto nadle\u017enosti je na\u0161e sjedi\u0161te, pod uvjetom da niste potro\u0161a\u010d ve\u0107 trgovac, pravna osoba javnog prava ili poseban javnopravni fond . Isto vrijedi ako nemate op\u0107u nadle\u017enost u Njema\u010dkoj ili EU ili ako va\u0161e prebivali\u0161te ili uobi\u010dajeno boravi\u0161te nije poznato u trenutku podno\u0161enja tu\u017ebe. Ovo ne utje\u010de na pravo \u017ealbe sudu na drugom mjestu jurisdikcije.<\/p>\n\n\n\n<p>(3) Odredbe UN-ove konvencije o ugovorima o me\u0111unarodnoj prodaji robe izri\u010dito se ne primjenjuju.<\/p>\n\n\n\n<p>_______<\/p>\n\n\n\n<p>II. Informacije o kupcu<\/p>\n\n\n\n<p>1. Identitet prodavatelja<\/p>\n\n\n\n<figure class=\"wp-block-image size-full is-resized\"><img loading=\"lazy\" decoding=\"async\" src=\"https:\/\/avush.com\/wp-content\/uploads\/2023\/06\/Liviol-impr.png\" alt=\"\" class=\"wp-image-135\" width=\"241\" height=\"171\" srcset=\"https:\/\/avush.com\/wp-content\/uploads\/2023\/06\/Liviol-impr.png 549w, https:\/\/avush.com\/wp-content\/uploads\/2023\/06\/Liviol-impr-300x213.png 300w\" sizes=\"auto, (max-width: 241px) 100vw, 241px\" \/><\/figure>\n\n\n\n<p>Europska komisija osigurava platformu za izvansudsko online rje\u0161avanje sporova (OS platforma), kojoj se mo\u017ee pristupiti na&nbsp;<a href=\"http:\/\/ec.europa.eu\/odr\" target=\"_blank\" rel=\"noreferrer noopener\">http:\/\/ec.europa.eu\/odr<\/a>.<\/p>\n\n\n\n<p>2. Podaci o sklapanju ugovora<\/p>\n\n\n\n<p>Tehni\u010dki koraci za sklapanje ugovora, sklapanje samog ugovora i mogu\u0107nosti ispravka provode se u skladu s Odjeljkom 2. na\u0161ih Op\u0107ih uvjeta (Dio I.).<\/p>\n\n\n\n<p>3. Jezik ugovora, pohrana teksta ugovora<\/p>\n\n\n\n<p>3.1. Jezik ugovora je engleski.<\/p>\n\n\n\n<p>3.2. Kompletan tekst ugovora ne spremamo. Prije slanja narud\u017ebe putem online sustava ko\u0161arice, podaci o ugovoru mogu se ispisati ili elektroni\u010dki pohraniti pomo\u0107u funkcije ispisa preglednika. Nakon \u0161to primimo narud\u017ebu, podatke o narud\u017ebi, zakonski potrebne podatke za ugovore o prodaji na daljinu i op\u0107e uvjete ponovno \u0107emo vam poslati e-po\u0161tom.<\/p>\n\n\n\n<p>3.3. Ako zatra\u017eite ponudu izvan sustava online ko\u0161arice, sve podatke o ugovoru dobit \u0107ete u sklopu obvezuju\u0107e ponude u tekstualnom obliku, npr. e-po\u0161tom, koju mo\u017eete ispisati ili elektroni\u010dki pohraniti.<\/p>\n\n\n\n<p>4. Bitna svojstva robe ili usluge<\/p>\n\n\n\n<p>Bitna svojstva robe i\/ili usluge nalaze se u pojedinoj ponudi.<\/p>\n\n\n\n<p>5. Cijene i na\u010dini pla\u0107anja<\/p>\n\n\n\n<p>5.1. Cijene navedene u odgovaraju\u0107im ponudama kao i tro\u0161kovi dostave predstavljaju ukupne cijene i uklju\u010duju sve komponente cijene uklju\u010duju\u0107i sve primjenjive poreze.<\/p>\n\n\n\n<p>5.2. Tro\u0161kovi dostave nisu uklju\u010deni u kupovnu cijenu. Njima se mo\u017ee pristupiti putem odgovaraju\u0107e ozna\u010denog gumba na na\u0161oj web stranici ili u odgovaraju\u0107oj ponudi, prikazani su odvojeno tijekom postupka naru\u010divanja i vi ih dodatno snosite, osim ako je zajam\u010dena besplatna dostava.<\/p>\n\n\n\n<p>5.3. Na\u010dini pla\u0107anja koji su vam dostupni prikazani su pod odgovaraju\u0107im ozna\u010denim gumbom na na\u0161oj web stranici ili u odgovaraju\u0107oj ponudi.<\/p>\n\n\n\n<p>5.4. Ukoliko za pojedine na\u010dine pla\u0107anja nije druga\u010dije navedeno, potra\u017eivanja za pla\u0107anje proiza\u0161la iz sklopljenog ugovora dospijevaju na naplatu odmah.<\/p>\n\n\n\n<p>6. Uvjeti isporuke<\/p>\n\n\n\n<p>6.1. Uvjete dostave, datum dostave i sva postoje\u0107a ograni\u010denja dostave mo\u017eete prona\u0107i pod odgovaraju\u0107im ozna\u010denim gumbom na na\u0161oj web stranici ili u odgovaraju\u0107oj ponudi.<\/p>\n\n\n\n<p>6.2. Ako ste potro\u0161a\u010d, zakonom je regulirano da rizik od slu\u010dajnog gubitka i slu\u010dajnog kvarenja artikla prodanog tijekom otpreme prelazi na vas tek kada vam je roba predana, bez obzira na to je li po\u0161iljka osigurana ili neosigurana. Ovo ne vrijedi ako ste neovisno anga\u017eirali prijevozni\u010dku tvrtku koju nije imenovao poduzetnik ili druga osoba odre\u0111ena za izvr\u0161enje po\u0161iljke.<\/p>\n\n\n\n<p>7. Zakon o odgovornosti za nedostatke<\/p>\n\n\n\n<p>7.1. Primjenjuju se zakonska prava odgovornosti za nedostatke.<\/p>\n\n\n\n<p>7.2. Kao kupac, molimo Vas da odmah po isporuci provjerite kompletnost robe, o\u010dite nedostatke i o\u0161te\u0107enja u transportu te da eventualne reklamacije prijavite nama i \u0161pediteru u najkra\u0107em mogu\u0107em roku. Ako se ne pridr\u017eavate ovoga, to ne\u0107e imati utjecaja na va\u0161a zakonska jamstvena potra\u017eivanja.<\/p>","protected":false},"excerpt":{"rendered":"<p>Allgemeine Gesch\u00e4ftsbedingungen und Kundeninformationen I. Allgemeine Gesch\u00e4ftsbedingungen \u00a7 1 Grundlegende Bestimmungen (1) Die nachstehenden Gesch\u00e4ftsbedingungen gelten f\u00fcr alle Vertr\u00e4ge, die Sie mit uns als Anbieter (Avush) \u00fcber die Internetseite www.avush.com [&hellip;]<\/p>","protected":false},"author":1,"featured_media":0,"parent":0,"menu_order":0,"comment_status":"closed","ping_status":"closed","template":"","meta":{"_uag_custom_page_level_css":"","advgb_blocks_editor_width":"","advgb_blocks_columns_visual_guide":"","site-sidebar-layout":"default","site-content-layout":"default","ast-site-content-layout":"default","site-content-style":"default","site-sidebar-style":"default","ast-global-header-display":"","ast-banner-title-visibility":"","ast-main-header-display":"","ast-hfb-above-header-display":"","ast-hfb-below-header-display":"","ast-hfb-mobile-header-display":"","site-post-title":"","ast-breadcrumbs-content":"","ast-featured-img":"","footer-sml-layout":"","ast-disable-related-posts":"","theme-transparent-header-meta":"default","adv-header-id-meta":"","stick-header-meta":"default","header-above-stick-meta":"","header-main-stick-meta":"","header-below-stick-meta":"","astra-migrate-meta-layouts":"default","ast-page-background-enabled":"default","ast-page-background-meta":{"desktop":{"background-color":"","background-image":"","background-repeat":"repeat","background-position":"center center","background-size":"auto","background-attachment":"scroll","background-type":"","background-media":"","overlay-type":"","overlay-color":"","overlay-opacity":"","overlay-gradient":""},"tablet":{"background-color":"","background-image":"","background-repeat":"repeat","background-position":"center center","background-size":"auto","background-attachment":"scroll","background-type":"","background-media":"","overlay-type":"","overlay-color":"","overlay-opacity":"","overlay-gradient":""},"mobile":{"background-color":"","background-image":"","background-repeat":"repeat","background-position":"center center","background-size":"auto","background-attachment":"scroll","background-type":"","background-media":"","overlay-type":"","overlay-color":"","overlay-opacity":"","overlay-gradient":""}},"ast-content-background-meta":{"desktop":{"background-color":"var(--ast-global-color-5)","background-image":"","background-repeat":"repeat","background-position":"center center","background-size":"auto","background-attachment":"scroll","background-type":"","background-media":"","overlay-type":"","overlay-color":"","overlay-opacity":"","overlay-gradient":""},"tablet":{"background-color":"var(--ast-global-color-5)","background-image":"","background-repeat":"repeat","background-position":"center center","background-size":"auto","background-attachment":"scroll","background-type":"","background-media":"","overlay-type":"","overlay-color":"","overlay-opacity":"","overlay-gradient":""},"mobile":{"background-color":"var(--ast-global-color-5)","background-image":"","background-repeat":"repeat","background-position":"center center","background-size":"auto","background-attachment":"scroll","background-type":"","background-media":"","overlay-type":"","overlay-color":"","overlay-opacity":"","overlay-gradient":""}},"footnotes":""},"class_list":["post-14","page","type-page","status-publish","hentry"],"yoast_head":"<!-- This site is optimized with the Yoast SEO Premium plugin v26.6 (Yoast SEO v26.6) - https:\/\/yoast.com\/wordpress\/plugins\/seo\/ -->\n<title>AGB - Avush<\/title>\n<meta name=\"robots\" content=\"noindex, nofollow\" \/>\n<meta property=\"og:locale\" content=\"hr_HR\" \/>\n<meta property=\"og:type\" content=\"article\" \/>\n<meta property=\"og:title\" content=\"AGB\" \/>\n<meta property=\"og:description\" content=\"Allgemeine Gesch\u00e4ftsbedingungen und Kundeninformationen I. Allgemeine Gesch\u00e4ftsbedingungen \u00a7 1 Grundlegende Bestimmungen (1) Die nachstehenden Gesch\u00e4ftsbedingungen gelten f\u00fcr alle Vertr\u00e4ge, die Sie mit uns als Anbieter (Avush) \u00fcber die Internetseite www.avush.com [&hellip;]\" \/>\n<meta property=\"og:url\" content=\"https:\/\/avush.com\/hr\/agb\/\" \/>\n<meta property=\"og:site_name\" content=\"Avush\" \/>\n<meta property=\"article:modified_time\" content=\"2023-07-25T06:10:43+00:00\" \/>\n<meta property=\"og:image\" content=\"https:\/\/avush.com\/wp-content\/uploads\/2023\/06\/Liviol-impr.png\" \/>\n<meta name=\"twitter:card\" content=\"summary_large_image\" \/>\n<meta name=\"twitter:label1\" content=\"Procijenjeno vrijeme \u010ditanja\" \/>\n\t<meta name=\"twitter:data1\" content=\"8 minuta\" \/>\n<script type=\"application\/ld+json\" class=\"yoast-schema-graph\">{\"@context\":\"https:\/\/schema.org\",\"@graph\":[{\"@type\":\"WebPage\",\"@id\":\"https:\/\/avush.com\/sl\/agb\/\",\"url\":\"https:\/\/avush.com\/sl\/agb\/\",\"name\":\"AGB - Avush\",\"isPartOf\":{\"@id\":\"https:\/\/avush.com\/de\/#website\"},\"primaryImageOfPage\":{\"@id\":\"https:\/\/avush.com\/sl\/agb\/#primaryimage\"},\"image\":{\"@id\":\"https:\/\/avush.com\/sl\/agb\/#primaryimage\"},\"thumbnailUrl\":\"https:\/\/avush.com\/wp-content\/uploads\/2023\/06\/Liviol-impr.png\",\"datePublished\":\"2021-09-27T05:24:25+00:00\",\"dateModified\":\"2023-07-25T06:10:43+00:00\",\"breadcrumb\":{\"@id\":\"https:\/\/avush.com\/sl\/agb\/#breadcrumb\"},\"inLanguage\":\"hr\",\"potentialAction\":[{\"@type\":\"ReadAction\",\"target\":[\"https:\/\/avush.com\/sl\/agb\/\"]}]},{\"@type\":\"ImageObject\",\"inLanguage\":\"hr\",\"@id\":\"https:\/\/avush.com\/sl\/agb\/#primaryimage\",\"url\":\"https:\/\/avush.com\/wp-content\/uploads\/2023\/06\/Liviol-impr.png\",\"contentUrl\":\"https:\/\/avush.com\/wp-content\/uploads\/2023\/06\/Liviol-impr.png\"},{\"@type\":\"BreadcrumbList\",\"@id\":\"https:\/\/avush.com\/sl\/agb\/#breadcrumb\",\"itemListElement\":[{\"@type\":\"ListItem\",\"position\":1,\"name\":\"Home\",\"item\":\"https:\/\/avush.com\/\"},{\"@type\":\"ListItem\",\"position\":2,\"name\":\"AGB\"}]},{\"@type\":\"WebSite\",\"@id\":\"https:\/\/avush.com\/de\/#website\",\"url\":\"https:\/\/avush.com\/de\/\",\"name\":\"Avush\",\"description\":\"Pigmentflecken &amp; Altersflecken Serum\",\"publisher\":{\"@id\":\"https:\/\/avush.com\/de\/#organization\"},\"potentialAction\":[{\"@type\":\"SearchAction\",\"target\":{\"@type\":\"EntryPoint\",\"urlTemplate\":\"https:\/\/avush.com\/de\/?s={search_term_string}\"},\"query-input\":{\"@type\":\"PropertyValueSpecification\",\"valueRequired\":true,\"valueName\":\"search_term_string\"}}],\"inLanguage\":\"hr\"},{\"@type\":\"Organization\",\"@id\":\"https:\/\/avush.com\/de\/#organization\",\"name\":\"Avush\",\"url\":\"https:\/\/avush.com\/de\/\",\"logo\":{\"@type\":\"ImageObject\",\"inLanguage\":\"hr\",\"@id\":\"https:\/\/avush.com\/de\/#\/schema\/logo\/image\/\",\"url\":\"https:\/\/avush.com\/wp-content\/uploads\/2023\/07\/cropped-Avush-Logo-1.png\",\"contentUrl\":\"https:\/\/avush.com\/wp-content\/uploads\/2023\/07\/cropped-Avush-Logo-1.png\",\"width\":200,\"height\":74,\"caption\":\"Avush\"},\"image\":{\"@id\":\"https:\/\/avush.com\/de\/#\/schema\/logo\/image\/\"}}]}<\/script>\n<!-- \/ Yoast SEO Premium plugin. -->","yoast_head_json":{"title":"Uvjeti i odredbe - Avush","robots":{"index":"noindex","follow":"nofollow"},"og_locale":"hr_HR","og_type":"article","og_title":"AGB","og_description":"Allgemeine Gesch\u00e4ftsbedingungen und Kundeninformationen I. Allgemeine Gesch\u00e4ftsbedingungen \u00a7 1 Grundlegende Bestimmungen (1) Die nachstehenden Gesch\u00e4ftsbedingungen gelten f\u00fcr alle Vertr\u00e4ge, die Sie mit uns als Anbieter (Avush) \u00fcber die Internetseite www.avush.com [&hellip;]","og_url":"https:\/\/avush.com\/hr\/agb\/","og_site_name":"Avush","article_modified_time":"2023-07-25T06:10:43+00:00","og_image":[{"url":"https:\/\/avush.com\/wp-content\/uploads\/2023\/06\/Liviol-impr.png","type":"","width":"","height":""}],"twitter_card":"summary_large_image","twitter_misc":{"Procijenjeno vrijeme \u010ditanja":"8 minuta"},"schema":{"@context":"https:\/\/schema.org","@graph":[{"@type":"WebPage","@id":"https:\/\/avush.com\/sl\/agb\/","url":"https:\/\/avush.com\/sl\/agb\/","name":"Uvjeti i odredbe - Avush","isPartOf":{"@id":"https:\/\/avush.com\/de\/#website"},"primaryImageOfPage":{"@id":"https:\/\/avush.com\/sl\/agb\/#primaryimage"},"image":{"@id":"https:\/\/avush.com\/sl\/agb\/#primaryimage"},"thumbnailUrl":"https:\/\/avush.com\/wp-content\/uploads\/2023\/06\/Liviol-impr.png","datePublished":"2021-09-27T05:24:25+00:00","dateModified":"2023-07-25T06:10:43+00:00","breadcrumb":{"@id":"https:\/\/avush.com\/sl\/agb\/#breadcrumb"},"inLanguage":"hr","potentialAction":[{"@type":"ReadAction","target":["https:\/\/avush.com\/sl\/agb\/"]}]},{"@type":"ImageObject","inLanguage":"hr","@id":"https:\/\/avush.com\/sl\/agb\/#primaryimage","url":"https:\/\/avush.com\/wp-content\/uploads\/2023\/06\/Liviol-impr.png","contentUrl":"https:\/\/avush.com\/wp-content\/uploads\/2023\/06\/Liviol-impr.png"},{"@type":"BreadcrumbList","@id":"https:\/\/avush.com\/sl\/agb\/#breadcrumb","itemListElement":[{"@type":"ListItem","position":1,"name":"Home","item":"https:\/\/avush.com\/"},{"@type":"ListItem","position":2,"name":"AGB"}]},{"@type":"WebSite","@id":"https:\/\/avush.com\/de\/#website","url":"https:\/\/avush.com\/de\/","name":"Avush","description":"Serum za pigmentne i stara\u010dke pjege","publisher":{"@id":"https:\/\/avush.com\/de\/#organization"},"potentialAction":[{"@type":"SearchAction","target":{"@type":"EntryPoint","urlTemplate":"https:\/\/avush.com\/de\/?s={search_term_string}"},"query-input":{"@type":"PropertyValueSpecification","valueRequired":true,"valueName":"search_term_string"}}],"inLanguage":"hr"},{"@type":"Organization","@id":"https:\/\/avush.com\/de\/#organization","name":"Avush","url":"https:\/\/avush.com\/de\/","logo":{"@type":"ImageObject","inLanguage":"hr","@id":"https:\/\/avush.com\/de\/#\/schema\/logo\/image\/","url":"https:\/\/avush.com\/wp-content\/uploads\/2023\/07\/cropped-Avush-Logo-1.png","contentUrl":"https:\/\/avush.com\/wp-content\/uploads\/2023\/07\/cropped-Avush-Logo-1.png","width":200,"height":74,"caption":"Avush"},"image":{"@id":"https:\/\/avush.com\/de\/#\/schema\/logo\/image\/"}}]}},"uagb_featured_image_src":{"full":false,"thumbnail":false,"medium":false,"medium_large":false,"large":false,"1536x1536":false,"2048x2048":false,"trp-custom-language-flag":false,"woocommerce_thumbnail":false,"woocommerce_single":false,"woocommerce_gallery_thumbnail":false},"uagb_author_info":{"display_name":"Kerem085","author_link":"https:\/\/avush.com\/hr\/author\/kerem085\/"},"uagb_comment_info":0,"uagb_excerpt":"Allgemeine Gesch\u00e4ftsbedingungen und Kundeninformationen I. Allgemeine Gesch\u00e4ftsbedingungen \u00a7 1 Grundlegende Bestimmungen (1) Die nachstehenden Gesch\u00e4ftsbedingungen gelten f\u00fcr alle Vertr\u00e4ge, die Sie mit uns als Anbieter (Avush) \u00fcber die Internetseite www.avush.com [&hellip;]","coauthors":[],"author_meta":{"author_link":"https:\/\/avush.com\/hr\/author\/kerem085\/","display_name":"Kerem085"},"relative_dates":{"created":"Posted 5 godina ago","modified":"Updated 3 godine ago"},"absolute_dates":{"created":"Posted on 27 rujna, 2021","modified":"Updated on 25 srpnja, 2023"},"absolute_dates_time":{"created":"Posted on 27 rujna, 2021 5:24 am","modified":"Updated on 25 srpnja, 2023 6:10 am"},"featured_img_caption":"","featured_img":false,"series_order":"","_links":{"self":[{"href":"https:\/\/avush.com\/hr\/wp-json\/wp\/v2\/pages\/14","targetHints":{"allow":["GET"]}}],"collection":[{"href":"https:\/\/avush.com\/hr\/wp-json\/wp\/v2\/pages"}],"about":[{"href":"https:\/\/avush.com\/hr\/wp-json\/wp\/v2\/types\/page"}],"author":[{"embeddable":true,"href":"https:\/\/avush.com\/hr\/wp-json\/wp\/v2\/users\/1"}],"replies":[{"embeddable":true,"href":"https:\/\/avush.com\/hr\/wp-json\/wp\/v2\/comments?post=14"}],"version-history":[{"count":4,"href":"https:\/\/avush.com\/hr\/wp-json\/wp\/v2\/pages\/14\/revisions"}],"predecessor-version":[{"id":579,"href":"https:\/\/avush.com\/hr\/wp-json\/wp\/v2\/pages\/14\/revisions\/579"}],"wp:attachment":[{"href":"https:\/\/avush.com\/hr\/wp-json\/wp\/v2\/media?parent=14"}],"curies":[{"name":"wp","href":"https:\/\/api.w.org\/{rel}","templated":true}]}}