{"id":13,"date":"2021-09-27T05:24:25","date_gmt":"2021-09-27T05:24:25","guid":{"rendered":"https:\/\/avush.com\/?page_id=13"},"modified":"2023-07-25T06:25:46","modified_gmt":"2023-07-25T06:25:46","slug":"impressum","status":"publish","type":"page","link":"https:\/\/avush.com\/hr\/otisak\/","title":{"rendered":"Otisak"},"content":{"rendered":"<p><strong>Odricanje<br><\/strong>Sadr\u017eaj ove web stranice kreiran je s najve\u0107om pa\u017enjom. Me\u0111utim, Laduti ne preuzima nikakvu odgovornost za to\u010dnost, potpunost i aktualnost objavljenog sadr\u017eaja. Kori\u0161tenje sadr\u017eaja web stranice je na vlastitu odgovornost korisnika.<\/p>\n\n\n\n<p>1. Vanjske poveznice:<br>Za vanjske poveznice na web stranice tre\u0107ih strana (&quot;vanjske veze&quot;). Ove web stranice podlije\u017eu odgovornosti odgovaraju\u0107ih operatera. Kada su vanjske poveznice prvi put povezane, pru\u017eatelj je provjerio vanjski sadr\u017eaj kako bi vidio postoje li pravne povrede. U to vrijeme nisu bila vidljiva nikakva kr\u0161enja zakona. Ponuditelj nema utjecaja na trenutni i budu\u0107i dizajn ili sadr\u017eaj povezanih stranica. Postavljanje vanjskih poveznica ne zna\u010di da pru\u017eatelj prihva\u0107a sadr\u017eaj iza reference ili poveznice kao svoj. Nerazumno je da pru\u017eatelj stalno prati vanjske poveznice bez konkretnih dokaza o kr\u0161enju zakona. Me\u0111utim, ako postanemo svjesni kr\u0161enja zakona, takve vanjske poveznice bit \u0107e odmah izbrisane.<\/p>\n\n\n\n<p>2. Autorsko pravo i sporedna autorska prava | \u00a9 autorsko pravo:<br>Sadr\u017eaj objavljen na ovoj web stranici podlije\u017ee njema\u010dkom zakonu o autorskom pravu i pomo\u0107nom zakonu o autorskom pravu. Bilo kakva uporaba koja nije dopu\u0161tena njema\u010dkim zakonom o autorskim pravima i pomo\u0107nim zakonima o autorskim pravima zahtijeva prethodni pismeni pristanak pru\u017eatelja ili odgovaraju\u0107eg nositelja prava. To se posebno odnosi na reprodukciju, ure\u0111ivanje, prevo\u0111enje, pohranu, obradu ili reprodukciju sadr\u017eaja u bazama podataka ili drugim elektroni\u010dkim medijima i sustavima. Neovla\u0161tena reprodukcija ili distribucija pojedina\u010dnih sadr\u017eaja ili cijelih stranica nije dopu\u0161tena i ka\u017enjiva je zakonom. Dopu\u0161tena je samo proizvodnja kopija i preuzimanje za osobnu, privatnu i nekomercijalnu upotrebu. Prikaz ove web stranice u vanjskim okvirima dopu\u0161ten je samo uz pisano dopu\u0161tenje.<\/p>\n\n\n\n<p>3. Za\u0161tita podataka<br>Posjetom web stranici pru\u017eatelja mogu se spremiti podaci o pristupu (datum, vrijeme, pregledana stranica). Ovi podaci nisu osobni podaci, ve\u0107 su anonimizirani. Procjenjuju se samo u statisti\u010dke svrhe. Ne\u0107e se proslje\u0111ivati tre\u0107im stranama u komercijalne ili nekomercijalne svrhe. Ponuditelj izri\u010dito napominje da prijenos podataka putem interneta (npr. kod komunikacije putem e-po\u0161te) ima sigurnosne nedostatke i ne mo\u017ee biti u potpunosti za\u0161ti\u0107en od pristupa tre\u0107ih strana.<\/p>\n\n\n\n<p>Kori\u0161tenje podataka za kontakt u impresumu za komercijalno ogla\u0161avanje izri\u010dito nije po\u017eeljno osim ako je pru\u017eatelj prethodno dao pisani pristanak ili ako ve\u0107 postoji poslovni odnos. Pru\u017eatelj i sve osobe navedene na ovoj web stranici ovim se protive bilo kakvom komercijalnom kori\u0161tenju i otkrivanju njihovih podataka.<\/p>\n\n\n\n<p>4. Posebni uvjeti kori\u0161tenja<br>Ukoliko posebni uvjeti individualnog kori\u0161tenja ove web stranice odstupaju od prethodno navedenih brojeva 1 do 4, to \u0107e biti izri\u010dito istaknuto na odgovaraju\u0107oj to\u010dki. U tom slu\u010daju vrijede posebni uvjeti kori\u0161tenja za svaki pojedina\u010dni slu\u010daj.<\/p>\n\n\n\n<p>Avush je marka:<\/p>\n\n\n\n<hr class=\"wp-block-separator has-text-color has-ast-global-color-4-color has-alpha-channel-opacity has-ast-global-color-4-background-color has-background is-style-wide\"\/>\n\n\n\n<figure class=\"wp-block-image size-full is-resized\"><img loading=\"lazy\" decoding=\"async\" src=\"https:\/\/avush.com\/wp-content\/uploads\/2023\/06\/Liviol-impr.png\" alt=\"\" class=\"wp-image-135\" width=\"268\" height=\"190\" srcset=\"https:\/\/avush.com\/wp-content\/uploads\/2023\/06\/Liviol-impr.png 549w, https:\/\/avush.com\/wp-content\/uploads\/2023\/06\/Liviol-impr-300x213.png 300w\" sizes=\"auto, (max-width: 268px) 100vw, 268px\" \/><\/figure>\n\n\n\n<p><strong>Alternativno rje\u0161avanje sporova:<\/strong><\/p>\n\n\n\n<p>Europska komisija osigurava platformu za izvansudsko online rje\u0161avanje sporova (OS platforma), kojoj se mo\u017ee pristupiti na&nbsp;<a href=\"https:\/\/ec.europa.eu\/odr\" target=\"_blank\" rel=\"noreferrer noopener\">https:\/\/ec.europa.eu\/odr<\/a>.<\/p>","protected":false},"excerpt":{"rendered":"<p>HaftungsausschlussDie Inhalte dieser Website werden mit gr\u00f6\u00dftm\u00f6glicher Sorgfalt erstellt. Laduti \u00fcbernimmt jedoch keine Gew\u00e4hr f\u00fcr die Richtigkeit, Vollst\u00e4ndigkeit und Aktualit\u00e4t der bereitgestellten Inhalte. Die Nutzung der Inhalte der Website erfolgt [&hellip;]<\/p>","protected":false},"author":1,"featured_media":0,"parent":0,"menu_order":0,"comment_status":"closed","ping_status":"closed","template":"","meta":{"_uag_custom_page_level_css":"","advgb_blocks_editor_width":"","advgb_blocks_columns_visual_guide":"","site-sidebar-layout":"default","site-content-layout":"default","ast-site-content-layout":"default","site-content-style":"default","site-sidebar-style":"default","ast-global-header-display":"","ast-banner-title-visibility":"","ast-main-header-display":"","ast-hfb-above-header-display":"","ast-hfb-below-header-display":"","ast-hfb-mobile-header-display":"","site-post-title":"","ast-breadcrumbs-content":"","ast-featured-img":"","footer-sml-layout":"","ast-disable-related-posts":"","theme-transparent-header-meta":"default","adv-header-id-meta":"","stick-header-meta":"default","header-above-stick-meta":"","header-main-stick-meta":"","header-below-stick-meta":"","astra-migrate-meta-layouts":"default","ast-page-background-enabled":"default","ast-page-background-meta":{"desktop":{"background-color":"","background-image":"","background-repeat":"repeat","background-position":"center center","background-size":"auto","background-attachment":"scroll","background-type":"","background-media":"","overlay-type":"","overlay-color":"","overlay-opacity":"","overlay-gradient":""},"tablet":{"background-color":"","background-image":"","background-repeat":"repeat","background-position":"center center","background-size":"auto","background-attachment":"scroll","background-type":"","background-media":"","overlay-type":"","overlay-color":"","overlay-opacity":"","overlay-gradient":""},"mobile":{"background-color":"","background-image":"","background-repeat":"repeat","background-position":"center center","background-size":"auto","background-attachment":"scroll","background-type":"","background-media":"","overlay-type":"","overlay-color":"","overlay-opacity":"","overlay-gradient":""}},"ast-content-background-meta":{"desktop":{"background-color":"var(--ast-global-color-5)","background-image":"","background-repeat":"repeat","background-position":"center center","background-size":"auto","background-attachment":"scroll","background-type":"","background-media":"","overlay-type":"","overlay-color":"","overlay-opacity":"","overlay-gradient":""},"tablet":{"background-color":"var(--ast-global-color-5)","background-image":"","background-repeat":"repeat","background-position":"center center","background-size":"auto","background-attachment":"scroll","background-type":"","background-media":"","overlay-type":"","overlay-color":"","overlay-opacity":"","overlay-gradient":""},"mobile":{"background-color":"var(--ast-global-color-5)","background-image":"","background-repeat":"repeat","background-position":"center center","background-size":"auto","background-attachment":"scroll","background-type":"","background-media":"","overlay-type":"","overlay-color":"","overlay-opacity":"","overlay-gradient":""}},"footnotes":""},"class_list":["post-13","page","type-page","status-publish","hentry"],"yoast_head":"<!-- This site is optimized with the Yoast SEO Premium plugin v26.6 (Yoast SEO v26.6) - https:\/\/yoast.com\/wordpress\/plugins\/seo\/ -->\n<title>Impressum - Avush<\/title>\n<meta name=\"robots\" content=\"noindex, nofollow\" \/>\n<meta property=\"og:locale\" content=\"hr_HR\" \/>\n<meta property=\"og:type\" content=\"article\" \/>\n<meta property=\"og:title\" content=\"Impressum\" \/>\n<meta property=\"og:description\" content=\"HaftungsausschlussDie Inhalte dieser Website werden mit gr\u00f6\u00dftm\u00f6glicher Sorgfalt erstellt. Laduti \u00fcbernimmt jedoch keine Gew\u00e4hr f\u00fcr die Richtigkeit, Vollst\u00e4ndigkeit und Aktualit\u00e4t der bereitgestellten Inhalte. Die Nutzung der Inhalte der Website erfolgt [&hellip;]\" \/>\n<meta property=\"og:url\" content=\"https:\/\/avush.com\/hr\/otisak\/\" \/>\n<meta property=\"og:site_name\" content=\"Avush\" \/>\n<meta property=\"article:modified_time\" content=\"2023-07-25T06:25:46+00:00\" \/>\n<meta property=\"og:image\" content=\"https:\/\/avush.com\/wp-content\/uploads\/2023\/06\/Liviol-impr.png\" \/>\n<meta name=\"twitter:card\" content=\"summary_large_image\" \/>\n<meta name=\"twitter:label1\" content=\"Procijenjeno vrijeme \u010ditanja\" \/>\n\t<meta name=\"twitter:data1\" content=\"3 minute\" \/>\n<script type=\"application\/ld+json\" class=\"yoast-schema-graph\">{\"@context\":\"https:\/\/schema.org\",\"@graph\":[{\"@type\":\"WebPage\",\"@id\":\"https:\/\/avush.com\/de\/impressum\/\",\"url\":\"https:\/\/avush.com\/de\/impressum\/\",\"name\":\"Impressum - Avush\",\"isPartOf\":{\"@id\":\"https:\/\/avush.com\/de\/#website\"},\"primaryImageOfPage\":{\"@id\":\"https:\/\/avush.com\/de\/impressum\/#primaryimage\"},\"image\":{\"@id\":\"https:\/\/avush.com\/de\/impressum\/#primaryimage\"},\"thumbnailUrl\":\"https:\/\/avush.com\/wp-content\/uploads\/2023\/06\/Liviol-impr.png\",\"datePublished\":\"2021-09-27T05:24:25+00:00\",\"dateModified\":\"2023-07-25T06:25:46+00:00\",\"breadcrumb\":{\"@id\":\"https:\/\/avush.com\/de\/impressum\/#breadcrumb\"},\"inLanguage\":\"hr\",\"potentialAction\":[{\"@type\":\"ReadAction\",\"target\":[\"https:\/\/avush.com\/de\/impressum\/\"]}]},{\"@type\":\"ImageObject\",\"inLanguage\":\"hr\",\"@id\":\"https:\/\/avush.com\/de\/impressum\/#primaryimage\",\"url\":\"https:\/\/avush.com\/wp-content\/uploads\/2023\/06\/Liviol-impr.png\",\"contentUrl\":\"https:\/\/avush.com\/wp-content\/uploads\/2023\/06\/Liviol-impr.png\"},{\"@type\":\"BreadcrumbList\",\"@id\":\"https:\/\/avush.com\/de\/impressum\/#breadcrumb\",\"itemListElement\":[{\"@type\":\"ListItem\",\"position\":1,\"name\":\"Home\",\"item\":\"https:\/\/avush.com\/\"},{\"@type\":\"ListItem\",\"position\":2,\"name\":\"Impressum\"}]},{\"@type\":\"WebSite\",\"@id\":\"https:\/\/avush.com\/de\/#website\",\"url\":\"https:\/\/avush.com\/de\/\",\"name\":\"Avush\",\"description\":\"Pigmentflecken &amp; Altersflecken Serum\",\"publisher\":{\"@id\":\"https:\/\/avush.com\/de\/#organization\"},\"potentialAction\":[{\"@type\":\"SearchAction\",\"target\":{\"@type\":\"EntryPoint\",\"urlTemplate\":\"https:\/\/avush.com\/de\/?s={search_term_string}\"},\"query-input\":{\"@type\":\"PropertyValueSpecification\",\"valueRequired\":true,\"valueName\":\"search_term_string\"}}],\"inLanguage\":\"hr\"},{\"@type\":\"Organization\",\"@id\":\"https:\/\/avush.com\/de\/#organization\",\"name\":\"Avush\",\"url\":\"https:\/\/avush.com\/de\/\",\"logo\":{\"@type\":\"ImageObject\",\"inLanguage\":\"hr\",\"@id\":\"https:\/\/avush.com\/de\/#\/schema\/logo\/image\/\",\"url\":\"https:\/\/avush.com\/wp-content\/uploads\/2023\/07\/cropped-Avush-Logo-1.png\",\"contentUrl\":\"https:\/\/avush.com\/wp-content\/uploads\/2023\/07\/cropped-Avush-Logo-1.png\",\"width\":200,\"height\":74,\"caption\":\"Avush\"},\"image\":{\"@id\":\"https:\/\/avush.com\/de\/#\/schema\/logo\/image\/\"}}]}<\/script>\n<!-- \/ Yoast SEO Premium plugin. -->","yoast_head_json":{"title":"Otisak - Avush","robots":{"index":"noindex","follow":"nofollow"},"og_locale":"hr_HR","og_type":"article","og_title":"Impressum","og_description":"HaftungsausschlussDie Inhalte dieser Website werden mit gr\u00f6\u00dftm\u00f6glicher Sorgfalt erstellt. Laduti \u00fcbernimmt jedoch keine Gew\u00e4hr f\u00fcr die Richtigkeit, Vollst\u00e4ndigkeit und Aktualit\u00e4t der bereitgestellten Inhalte. Die Nutzung der Inhalte der Website erfolgt [&hellip;]","og_url":"https:\/\/avush.com\/hr\/otisak\/","og_site_name":"Avush","article_modified_time":"2023-07-25T06:25:46+00:00","og_image":[{"url":"https:\/\/avush.com\/wp-content\/uploads\/2023\/06\/Liviol-impr.png","type":"","width":"","height":""}],"twitter_card":"summary_large_image","twitter_misc":{"Procijenjeno vrijeme \u010ditanja":"3 minute"},"schema":{"@context":"https:\/\/schema.org","@graph":[{"@type":"WebPage","@id":"https:\/\/avush.com\/de\/impressum\/","url":"https:\/\/avush.com\/de\/impressum\/","name":"Otisak - Avush","isPartOf":{"@id":"https:\/\/avush.com\/de\/#website"},"primaryImageOfPage":{"@id":"https:\/\/avush.com\/de\/impressum\/#primaryimage"},"image":{"@id":"https:\/\/avush.com\/de\/impressum\/#primaryimage"},"thumbnailUrl":"https:\/\/avush.com\/wp-content\/uploads\/2023\/06\/Liviol-impr.png","datePublished":"2021-09-27T05:24:25+00:00","dateModified":"2023-07-25T06:25:46+00:00","breadcrumb":{"@id":"https:\/\/avush.com\/de\/impressum\/#breadcrumb"},"inLanguage":"hr","potentialAction":[{"@type":"ReadAction","target":["https:\/\/avush.com\/de\/impressum\/"]}]},{"@type":"ImageObject","inLanguage":"hr","@id":"https:\/\/avush.com\/de\/impressum\/#primaryimage","url":"https:\/\/avush.com\/wp-content\/uploads\/2023\/06\/Liviol-impr.png","contentUrl":"https:\/\/avush.com\/wp-content\/uploads\/2023\/06\/Liviol-impr.png"},{"@type":"BreadcrumbList","@id":"https:\/\/avush.com\/de\/impressum\/#breadcrumb","itemListElement":[{"@type":"ListItem","position":1,"name":"Home","item":"https:\/\/avush.com\/"},{"@type":"ListItem","position":2,"name":"Impressum"}]},{"@type":"WebSite","@id":"https:\/\/avush.com\/de\/#website","url":"https:\/\/avush.com\/de\/","name":"Avush","description":"Serum za pigmentne i stara\u010dke pjege","publisher":{"@id":"https:\/\/avush.com\/de\/#organization"},"potentialAction":[{"@type":"SearchAction","target":{"@type":"EntryPoint","urlTemplate":"https:\/\/avush.com\/de\/?s={search_term_string}"},"query-input":{"@type":"PropertyValueSpecification","valueRequired":true,"valueName":"search_term_string"}}],"inLanguage":"hr"},{"@type":"Organization","@id":"https:\/\/avush.com\/de\/#organization","name":"Avush","url":"https:\/\/avush.com\/de\/","logo":{"@type":"ImageObject","inLanguage":"hr","@id":"https:\/\/avush.com\/de\/#\/schema\/logo\/image\/","url":"https:\/\/avush.com\/wp-content\/uploads\/2023\/07\/cropped-Avush-Logo-1.png","contentUrl":"https:\/\/avush.com\/wp-content\/uploads\/2023\/07\/cropped-Avush-Logo-1.png","width":200,"height":74,"caption":"Avush"},"image":{"@id":"https:\/\/avush.com\/de\/#\/schema\/logo\/image\/"}}]}},"uagb_featured_image_src":{"full":false,"thumbnail":false,"medium":false,"medium_large":false,"large":false,"1536x1536":false,"2048x2048":false,"trp-custom-language-flag":false,"woocommerce_thumbnail":false,"woocommerce_single":false,"woocommerce_gallery_thumbnail":false},"uagb_author_info":{"display_name":"Kerem085","author_link":"https:\/\/avush.com\/hr\/author\/kerem085\/"},"uagb_comment_info":0,"uagb_excerpt":"HaftungsausschlussDie Inhalte dieser Website werden mit gr\u00f6\u00dftm\u00f6glicher Sorgfalt erstellt. Laduti \u00fcbernimmt jedoch keine Gew\u00e4hr f\u00fcr die Richtigkeit, Vollst\u00e4ndigkeit und Aktualit\u00e4t der bereitgestellten Inhalte. Die Nutzung der Inhalte der Website erfolgt [&hellip;]","coauthors":[],"author_meta":{"author_link":"https:\/\/avush.com\/hr\/author\/kerem085\/","display_name":"Kerem085"},"relative_dates":{"created":"Posted 5 godina ago","modified":"Updated 3 godine ago"},"absolute_dates":{"created":"Posted on 27 rujna, 2021","modified":"Updated on 25 srpnja, 2023"},"absolute_dates_time":{"created":"Posted on 27 rujna, 2021 5:24 am","modified":"Updated on 25 srpnja, 2023 6:25 am"},"featured_img_caption":"","featured_img":false,"series_order":"","_links":{"self":[{"href":"https:\/\/avush.com\/hr\/wp-json\/wp\/v2\/pages\/13","targetHints":{"allow":["GET"]}}],"collection":[{"href":"https:\/\/avush.com\/hr\/wp-json\/wp\/v2\/pages"}],"about":[{"href":"https:\/\/avush.com\/hr\/wp-json\/wp\/v2\/types\/page"}],"author":[{"embeddable":true,"href":"https:\/\/avush.com\/hr\/wp-json\/wp\/v2\/users\/1"}],"replies":[{"embeddable":true,"href":"https:\/\/avush.com\/hr\/wp-json\/wp\/v2\/comments?post=13"}],"version-history":[{"count":4,"href":"https:\/\/avush.com\/hr\/wp-json\/wp\/v2\/pages\/13\/revisions"}],"predecessor-version":[{"id":580,"href":"https:\/\/avush.com\/hr\/wp-json\/wp\/v2\/pages\/13\/revisions\/580"}],"wp:attachment":[{"href":"https:\/\/avush.com\/hr\/wp-json\/wp\/v2\/media?parent=13"}],"curies":[{"name":"wp","href":"https:\/\/api.w.org\/{rel}","templated":true}]}}