{"id":184,"date":"2023-06-20T12:58:10","date_gmt":"2023-06-20T12:58:10","guid":{"rendered":"https:\/\/avush.com\/?post_type=product&#038;p=184"},"modified":"2025-12-31T16:09:05","modified_gmt":"2025-12-31T15:09:05","slug":"avush-2","status":"publish","type":"product","link":"https:\/\/avush.com\/fr\/produit\/avush-2\/","title":{"rendered":"Avush Serum Anti Tache hyperpigmentation, paquet de 2"},"content":{"rendered":"<h2>Application :<\/h2>\n<p><span style=\"font-weight: 400;\">Appliquez le tonique matin et soir sur un coton avant d'utiliser le Serum et nettoyez soigneusement la zone concern\u00e9e. Appliquer ensuite le Serum en quantit\u00e9 suffisante. Massez doucement et laissez p\u00e9n\u00e9trer compl\u00e8tement.<\/span><\/p>\n<h2><span style=\"color: #8a949c;\">Soin naturel et efficace pour la peau, sans hydroquinone ni acide kojique.<\/span><\/h2>\n<p><img loading=\"lazy\" decoding=\"async\" class=\"wp-image-329 size-full\" src=\"https:\/\/avush.com\/wp-content\/uploads\/2023\/06\/Altersflecken-Liviol.jpg\" alt=\"Liviol\" width=\"2000\" height=\"980\" srcset=\"https:\/\/avush.com\/wp-content\/uploads\/2023\/06\/Altersflecken-Liviol.jpg 2000w, https:\/\/avush.com\/wp-content\/uploads\/2023\/06\/Altersflecken-Liviol-300x147.jpg 300w, https:\/\/avush.com\/wp-content\/uploads\/2023\/06\/Altersflecken-Liviol-1024x502.jpg 1024w, https:\/\/avush.com\/wp-content\/uploads\/2023\/06\/Altersflecken-Liviol-768x376.jpg 768w, https:\/\/avush.com\/wp-content\/uploads\/2023\/06\/Altersflecken-Liviol-1536x753.jpg 1536w, https:\/\/avush.com\/wp-content\/uploads\/2023\/06\/Altersflecken-Liviol-600x294.jpg 600w\" sizes=\"auto, (max-width: 2000px) 100vw, 2000px\" \/><\/p>\n<p>Chez Avush, nous misons sur des substances actives issues de la nature et sommes convaincus qu'elles sont la cl\u00e9 d'un soin de la peau efficace et conscient. Cependant, deux substances que vous ne trouverez pas dans nos produits sont l'hydroquinone et l'acide kojique. Ces deux ingr\u00e9dients sont certes connus pour leur effet \u00e9claircissant sur la peau, mais leur utilisation fait r\u00e9guli\u00e8rement l'objet de critiques.<\/p>\n<p>Au lieu de ces ingr\u00e9dients controvers\u00e9s, nous faisons confiance au pouvoir de l'alpha-arbutine, un ingr\u00e9dient naturel et inoffensif qui a un effet \u00e9claircissant. En plus de l'alpha-arbutine, nous utilisons une s\u00e9rie d'autres ingr\u00e9dients naturels et inoffensifs, dont le lys des sables, l'extrait de pois et la racine de r\u00e9glisse.<\/p>\n<p>Nos produits sont v\u00e9g\u00e9taliens et ont \u00e9t\u00e9 d\u00e9velopp\u00e9s sans tests sur les animaux, ce qui refl\u00e8te nos normes de production \u00e9thiques et notre respect pour tous les \u00eatres vivants. En outre, ils ne contiennent pas de formald\u00e9hyde, de phtalates, de sulfates, de parab\u00e8nes, de silicones ni d'huiles min\u00e9rales.<\/p>\n<p>De plus, nous attachons une grande importance \u00e0 l'absence de parfums artificiels. Au lieu de cela, nous conf\u00e9rons \u00e0 nos produits leur agr\u00e9able parfum gr\u00e2ce \u00e0 l'utilisation d'extrait naturel d'aloe vera, qui poss\u00e8de en outre des propri\u00e9t\u00e9s hydratantes et apaisantes.<\/p>\n<p>Avush est synonyme de soins de la peau d\u00e9lib\u00e9r\u00e9ment formul\u00e9s et efficaces, qui vous permettent de vous sentir bien et en s\u00e9curit\u00e9. Suivez les recommandations de nos nombreux clients satisfaits et commencez votre voyage vers une peau plus saine et plus uniforme. Commandez d\u00e8s maintenant !<\/p>","protected":false},"excerpt":{"rendered":"<p class=\"p1\"><span class=\"s1\">Avush : 2x Serum (30ml) &amp; 2x Tonique (100ml)<br \/>\n<span style=\"color: #5bc98b;\"><strong>Nouveau : formulation liposomale !<\/strong><\/span><\/span><\/p>\n<ul>\n<li>5% Alpha-arbutine<\/li>\n<li>Liposomal et ferment\u00e9<\/li>\n<li>Sans hormones, hydroquinone et acide kojique<\/li>\n<li>V\u00e9g\u00e9talien et non test\u00e9 sur les animaux<\/li>\n<li>Test\u00e9 dermatologiquement<\/li>\n<\/ul>\n<p><img loading=\"lazy\" decoding=\"async\" class=\"alignnone wp-image-43\" src=\"https:\/\/avush.com\/wp-content\/uploads\/2021\/09\/Lo-2.jpg\" alt=\"\" width=\"340\" height=\"30\" srcset=\"https:\/\/avush.com\/wp-content\/uploads\/2021\/09\/Lo-2.jpg 941w, https:\/\/avush.com\/wp-content\/uploads\/2021\/09\/Lo-2-300x26.jpg 300w, https:\/\/avush.com\/wp-content\/uploads\/2021\/09\/Lo-2-768x68.jpg 768w, https:\/\/avush.com\/wp-content\/uploads\/2021\/09\/Lo-2-600x53.jpg 600w\" sizes=\"auto, (max-width: 340px) 100vw, 340px\" \/><\/p>\n<p><img loading=\"lazy\" decoding=\"async\" class=\"wp-image-1012\" src=\"https:\/\/avush.com\/wp-content\/uploads\/2023\/10\/Testsieger.jpg\" alt=\"Test Avush\" width=\"146\" height=\"87\" srcset=\"https:\/\/avush.com\/wp-content\/uploads\/2023\/10\/Testsieger.jpg 1249w, https:\/\/avush.com\/wp-content\/uploads\/2023\/10\/Testsieger-300x179.jpg 300w, https:\/\/avush.com\/wp-content\/uploads\/2023\/10\/Testsieger-1024x610.jpg 1024w, https:\/\/avush.com\/wp-content\/uploads\/2023\/10\/Testsieger-768x457.jpg 768w, https:\/\/avush.com\/wp-content\/uploads\/2023\/10\/Testsieger-18x12.jpg 18w, https:\/\/avush.com\/wp-content\/uploads\/2023\/10\/Testsieger-600x357.jpg 600w\" sizes=\"auto, (max-width: 146px) 100vw, 146px\" \/><\/p>","protected":false},"author":1,"featured_media":388,"template":"","meta":{"_uag_custom_page_level_css":"","advgb_blocks_editor_width":"","advgb_blocks_columns_visual_guide":"","site-sidebar-layout":"default","site-content-layout":"default","ast-site-content-layout":"default","site-content-style":"default","site-sidebar-style":"default","ast-global-header-display":"","ast-banner-title-visibility":"","ast-main-header-display":"","ast-hfb-above-header-display":"","ast-hfb-below-header-display":"","ast-hfb-mobile-header-display":"","site-post-title":"","ast-breadcrumbs-content":"","ast-featured-img":"","footer-sml-layout":"","ast-disable-related-posts":"","theme-transparent-header-meta":"default","adv-header-id-meta":"","stick-header-meta":"default","header-above-stick-meta":"","header-main-stick-meta":"","header-below-stick-meta":"","astra-migrate-meta-layouts":"set","ast-page-background-enabled":"default","ast-page-background-meta":{"desktop":{"background-color":"","background-image":"","background-repeat":"repeat","background-position":"center center","background-size":"auto","background-attachment":"scroll","background-type":"","background-media":"","overlay-type":"","overlay-color":"","overlay-opacity":"","overlay-gradient":""},"tablet":{"background-color":"","background-image":"","background-repeat":"repeat","background-position":"center center","background-size":"auto","background-attachment":"scroll","background-type":"","background-media":"","overlay-type":"","overlay-color":"","overlay-opacity":"","overlay-gradient":""},"mobile":{"background-color":"","background-image":"","background-repeat":"repeat","background-position":"center center","background-size":"auto","background-attachment":"scroll","background-type":"","background-media":"","overlay-type":"","overlay-color":"","overlay-opacity":"","overlay-gradient":""}},"ast-content-background-meta":{"desktop":{"background-color":"var(--ast-global-color-5)","background-image":"","background-repeat":"repeat","background-position":"center center","background-size":"auto","background-attachment":"scroll","background-type":"","background-media":"","overlay-type":"","overlay-color":"","overlay-opacity":"","overlay-gradient":""},"tablet":{"background-color":"var(--ast-global-color-5)","background-image":"","background-repeat":"repeat","background-position":"center center","background-size":"auto","background-attachment":"scroll","background-type":"","background-media":"","overlay-type":"","overlay-color":"","overlay-opacity":"","overlay-gradient":""},"mobile":{"background-color":"var(--ast-global-color-5)","background-image":"","background-repeat":"repeat","background-position":"center center","background-size":"auto","background-attachment":"scroll","background-type":"","background-media":"","overlay-type":"","overlay-color":"","overlay-opacity":"","overlay-gradient":""}}},"product_brand":[],"product_cat":[35],"product_tag":[],"class_list":{"0":"post-184","1":"product","2":"type-product","3":"status-publish","4":"has-post-thumbnail","6":"product_cat-serum","7":"desktop-align-left","8":"tablet-align-left","9":"mobile-align-left","10":"ast-product-gallery-layout-vertical-slider","11":"ast-magnify-disabled","12":"ast-product-tabs-layout-horizontal","13":"ast-qv-on-image","15":"first","16":"instock","17":"sale","18":"taxable","19":"shipping-taxable","20":"purchasable","21":"product-type-simple"},"yoast_head":"<!-- This site is optimized with the Yoast SEO Premium plugin v26.6 (Yoast SEO v26.6) - https:\/\/yoast.com\/wordpress\/plugins\/seo\/ -->\n<title>Avush 2er Pack: Avush im Angebot als 2er Pack bestellen<\/title>\n<meta name=\"description\" content=\"Das Avush Serum gegen Altersflecken und Pigmentflecken: Bestellen Sie hier das 2er Pack Angebot. Nur kurze Zeit erh\u00e4ltlich. F\u00fcr Frauen und M\u00e4nner.\" \/>\n<meta name=\"robots\" content=\"index, follow, max-snippet:-1, max-image-preview:large, max-video-preview:-1\" \/>\n<link rel=\"canonical\" href=\"https:\/\/avush.com\/fr\/produit\/avush-2\/\" \/>\n<meta property=\"og:locale\" content=\"fr_FR\" \/>\n<meta property=\"og:type\" content=\"article\" \/>\n<meta property=\"og:title\" content=\"Avush Pigmentflecken &amp; Altersflecken Serum - 2er Pack\" \/>\n<meta property=\"og:description\" content=\"Das Avush Serum gegen Altersflecken und Pigmentflecken: Bestellen Sie hier das 2er Pack Angebot. Nur kurze Zeit erh\u00e4ltlich. F\u00fcr Frauen und M\u00e4nner.\" \/>\n<meta property=\"og:url\" content=\"https:\/\/avush.com\/fr\/produit\/avush-2\/\" \/>\n<meta property=\"og:site_name\" content=\"Avush\" \/>\n<meta property=\"article:modified_time\" content=\"2025-12-31T15:09:05+00:00\" \/>\n<meta property=\"og:image\" content=\"https:\/\/avush.com\/wp-content\/uploads\/2023\/06\/Avush-04.jpg\" \/>\n\t<meta property=\"og:image:width\" content=\"1000\" \/>\n\t<meta property=\"og:image:height\" content=\"1000\" \/>\n\t<meta property=\"og:image:type\" content=\"image\/jpeg\" \/>\n<meta name=\"twitter:card\" content=\"summary_large_image\" \/>\n<meta name=\"twitter:label1\" content=\"Dur\u00e9e de lecture estim\u00e9e\" \/>\n\t<meta name=\"twitter:data1\" content=\"2 minutes\" \/>\n<script type=\"application\/ld+json\" class=\"yoast-schema-graph\">{\"@context\":\"https:\/\/schema.org\",\"@graph\":[{\"@type\":\"WebPage\",\"@id\":\"https:\/\/avush.com\/produkt\/avush-2\/\",\"url\":\"https:\/\/avush.com\/produkt\/avush-2\/\",\"name\":\"Avush 2er Pack: Avush im Angebot als 2er Pack bestellen\",\"isPartOf\":{\"@id\":\"https:\/\/avush.com\/de\/#website\"},\"primaryImageOfPage\":{\"@id\":\"https:\/\/avush.com\/produkt\/avush-2\/#primaryimage\"},\"image\":{\"@id\":\"https:\/\/avush.com\/produkt\/avush-2\/#primaryimage\"},\"thumbnailUrl\":\"https:\/\/avush.com\/wp-content\/uploads\/2023\/06\/Avush-04.jpg\",\"datePublished\":\"2023-06-20T12:58:10+00:00\",\"dateModified\":\"2025-12-31T15:09:05+00:00\",\"description\":\"Das Avush Serum gegen Altersflecken und Pigmentflecken: Bestellen Sie hier das 2er Pack Angebot. Nur kurze Zeit erh\u00e4ltlich. F\u00fcr Frauen und M\u00e4nner.\",\"breadcrumb\":{\"@id\":\"https:\/\/avush.com\/produkt\/avush-2\/#breadcrumb\"},\"inLanguage\":\"fr-FR\",\"potentialAction\":[{\"@type\":\"ReadAction\",\"target\":[\"https:\/\/avush.com\/produkt\/avush-2\/\"]}]},{\"@type\":\"ImageObject\",\"inLanguage\":\"fr-FR\",\"@id\":\"https:\/\/avush.com\/produkt\/avush-2\/#primaryimage\",\"url\":\"https:\/\/avush.com\/wp-content\/uploads\/2023\/06\/Avush-04.jpg\",\"contentUrl\":\"https:\/\/avush.com\/wp-content\/uploads\/2023\/06\/Avush-04.jpg\",\"width\":1000,\"height\":1000,\"caption\":\"Avush\"},{\"@type\":\"BreadcrumbList\",\"@id\":\"https:\/\/avush.com\/produkt\/avush-2\/#breadcrumb\",\"itemListElement\":[{\"@type\":\"ListItem\",\"position\":1,\"name\":\"Home\",\"item\":\"https:\/\/avush.com\/\"},{\"@type\":\"ListItem\",\"position\":2,\"name\":\"Shop\",\"item\":\"https:\/\/avush.com\/es\/shop\/\"},{\"@type\":\"ListItem\",\"position\":3,\"name\":\"Avush Pigmentflecken &#038; Altersflecken Serum &#8211; 2er Pack\"}]},{\"@type\":\"WebSite\",\"@id\":\"https:\/\/avush.com\/de\/#website\",\"url\":\"https:\/\/avush.com\/de\/\",\"name\":\"Avush\",\"description\":\"Pigmentflecken &amp; Altersflecken Serum\",\"publisher\":{\"@id\":\"https:\/\/avush.com\/de\/#organization\"},\"potentialAction\":[{\"@type\":\"SearchAction\",\"target\":{\"@type\":\"EntryPoint\",\"urlTemplate\":\"https:\/\/avush.com\/de\/?s={search_term_string}\"},\"query-input\":{\"@type\":\"PropertyValueSpecification\",\"valueRequired\":true,\"valueName\":\"search_term_string\"}}],\"inLanguage\":\"fr-FR\"},{\"@type\":\"Organization\",\"@id\":\"https:\/\/avush.com\/de\/#organization\",\"name\":\"Avush\",\"url\":\"https:\/\/avush.com\/de\/\",\"logo\":{\"@type\":\"ImageObject\",\"inLanguage\":\"fr-FR\",\"@id\":\"https:\/\/avush.com\/de\/#\/schema\/logo\/image\/\",\"url\":\"https:\/\/avush.com\/wp-content\/uploads\/2023\/07\/cropped-Avush-Logo-1.png\",\"contentUrl\":\"https:\/\/avush.com\/wp-content\/uploads\/2023\/07\/cropped-Avush-Logo-1.png\",\"width\":200,\"height\":74,\"caption\":\"Avush\"},\"image\":{\"@id\":\"https:\/\/avush.com\/de\/#\/schema\/logo\/image\/\"}}]}<\/script>\n<!-- \/ Yoast SEO Premium plugin. -->","yoast_head_json":{"title":"Avush Serum Anti Tache hyperpigmentation : Commander Avush en offre en pack de 2","description":"Le Serum Anti Tache hyperpigmentation : Commandez ici l'offre de 2. Disponible pendant une courte p\u00e9riode seulement. Pour les femmes et les hommes.","robots":{"index":"index","follow":"follow","max-snippet":"max-snippet:-1","max-image-preview":"max-image-preview:large","max-video-preview":"max-video-preview:-1"},"canonical":"https:\/\/avush.com\/fr\/produit\/avush-2\/","og_locale":"fr_FR","og_type":"article","og_title":"Avush Pigmentflecken & Altersflecken Serum - 2er Pack","og_description":"Das Avush Serum gegen Altersflecken und Pigmentflecken: Bestellen Sie hier das 2er Pack Angebot. Nur kurze Zeit erh\u00e4ltlich. F\u00fcr Frauen und M\u00e4nner.","og_url":"https:\/\/avush.com\/fr\/produit\/avush-2\/","og_site_name":"Avush","article_modified_time":"2025-12-31T15:09:05+00:00","og_image":[{"width":1000,"height":1000,"url":"https:\/\/avush.com\/wp-content\/uploads\/2023\/06\/Avush-04.jpg","type":"image\/jpeg"}],"twitter_card":"summary_large_image","twitter_misc":{"Dur\u00e9e de lecture estim\u00e9e":"2 minutes"},"schema":{"@context":"https:\/\/schema.org","@graph":[{"@type":"WebPage","@id":"https:\/\/avush.com\/produkt\/avush-2\/","url":"https:\/\/avush.com\/produkt\/avush-2\/","name":"Avush Serum Anti Tache hyperpigmentation : Commander Avush en offre en pack de 2","isPartOf":{"@id":"https:\/\/avush.com\/de\/#website"},"primaryImageOfPage":{"@id":"https:\/\/avush.com\/produkt\/avush-2\/#primaryimage"},"image":{"@id":"https:\/\/avush.com\/produkt\/avush-2\/#primaryimage"},"thumbnailUrl":"https:\/\/avush.com\/wp-content\/uploads\/2023\/06\/Avush-04.jpg","datePublished":"2023-06-20T12:58:10+00:00","dateModified":"2025-12-31T15:09:05+00:00","description":"Le Serum Anti Tache hyperpigmentation : Commandez ici l'offre de 2. Disponible pendant une courte p\u00e9riode seulement. Pour les femmes et les hommes.","breadcrumb":{"@id":"https:\/\/avush.com\/produkt\/avush-2\/#breadcrumb"},"inLanguage":"fr-FR","potentialAction":[{"@type":"ReadAction","target":["https:\/\/avush.com\/produkt\/avush-2\/"]}]},{"@type":"ImageObject","inLanguage":"fr-FR","@id":"https:\/\/avush.com\/produkt\/avush-2\/#primaryimage","url":"https:\/\/avush.com\/wp-content\/uploads\/2023\/06\/Avush-04.jpg","contentUrl":"https:\/\/avush.com\/wp-content\/uploads\/2023\/06\/Avush-04.jpg","width":1000,"height":1000,"caption":"Avush"},{"@type":"BreadcrumbList","@id":"https:\/\/avush.com\/produkt\/avush-2\/#breadcrumb","itemListElement":[{"@type":"ListItem","position":1,"name":"Home","item":"https:\/\/avush.com\/"},{"@type":"ListItem","position":2,"name":"Shop","item":"https:\/\/avush.com\/es\/shop\/"},{"@type":"ListItem","position":3,"name":"Avush Pigmentflecken &#038; Altersflecken Serum &#8211; 2er Pack"}]},{"@type":"WebSite","@id":"https:\/\/avush.com\/de\/#website","url":"https:\/\/avush.com\/de\/","name":"Avush","description":"S\u00e9rum contre les taches de pigmentation et de vieillesse","publisher":{"@id":"https:\/\/avush.com\/de\/#organization"},"potentialAction":[{"@type":"SearchAction","target":{"@type":"EntryPoint","urlTemplate":"https:\/\/avush.com\/de\/?s={search_term_string}"},"query-input":{"@type":"PropertyValueSpecification","valueRequired":true,"valueName":"search_term_string"}}],"inLanguage":"fr-FR"},{"@type":"Organization","@id":"https:\/\/avush.com\/de\/#organization","name":"Avush","url":"https:\/\/avush.com\/de\/","logo":{"@type":"ImageObject","inLanguage":"fr-FR","@id":"https:\/\/avush.com\/de\/#\/schema\/logo\/image\/","url":"https:\/\/avush.com\/wp-content\/uploads\/2023\/07\/cropped-Avush-Logo-1.png","contentUrl":"https:\/\/avush.com\/wp-content\/uploads\/2023\/07\/cropped-Avush-Logo-1.png","width":200,"height":74,"caption":"Avush"},"image":{"@id":"https:\/\/avush.com\/de\/#\/schema\/logo\/image\/"}}]}},"uagb_featured_image_src":{"full":["https:\/\/avush.com\/wp-content\/uploads\/2023\/06\/Avush-04.jpg",1000,1000,false],"thumbnail":["https:\/\/avush.com\/wp-content\/uploads\/2023\/06\/Avush-04-150x150.jpg",150,150,true],"medium":["https:\/\/avush.com\/wp-content\/uploads\/2023\/06\/Avush-04-300x300.jpg",300,300,true],"medium_large":["https:\/\/avush.com\/wp-content\/uploads\/2023\/06\/Avush-04-768x768.jpg",768,768,true],"large":["https:\/\/avush.com\/wp-content\/uploads\/2023\/06\/Avush-04.jpg",1000,1000,false],"1536x1536":["https:\/\/avush.com\/wp-content\/uploads\/2023\/06\/Avush-04.jpg",1000,1000,false],"2048x2048":["https:\/\/avush.com\/wp-content\/uploads\/2023\/06\/Avush-04.jpg",1000,1000,false],"trp-custom-language-flag":["https:\/\/avush.com\/wp-content\/uploads\/2023\/06\/Avush-04.jpg",12,12,false],"woocommerce_thumbnail":["https:\/\/avush.com\/wp-content\/uploads\/2023\/06\/Avush-04-300x300.jpg",300,300,true],"woocommerce_single":["https:\/\/avush.com\/wp-content\/uploads\/2023\/06\/Avush-04-600x600.jpg",600,600,true],"woocommerce_gallery_thumbnail":["https:\/\/avush.com\/wp-content\/uploads\/2023\/06\/Avush-04-100x100.jpg",100,100,true]},"uagb_author_info":{"display_name":"Kerem085","author_link":"https:\/\/avush.com\/fr\/author\/kerem085\/"},"uagb_comment_info":0,"uagb_excerpt":"Avush 2er Pack: 2x Serum (30ml) &amp; 2x Tonic (100ml) Neu: Liposomale Formulierung! 5% Alpha-Arbutin Liposomal und Fermentiert Ohne Hormone, Hydrochinon und Kojis\u00e4ure Vegan und tierversuchsfrei Dermatologisch getestet","featured_img":"https:\/\/avush.com\/wp-content\/uploads\/2023\/06\/Avush-04.jpg","coauthors":[],"author_meta":{"author_link":"https:\/\/avush.com\/fr\/author\/kerem085\/","display_name":"Kerem085"},"relative_dates":{"created":"Publi\u00e9 3 ans il y a","modified":"Mis \u00e0 jour 4 mois il y a"},"absolute_dates":{"created":"Publi\u00e9 le juin 20, 2023","modified":"Mise \u00e0 jour le d\u00e9cembre 31, 2025"},"absolute_dates_time":{"created":"Publi\u00e9 le juin 20, 2023 12:58 pm","modified":"Mise \u00e0 jour le d\u00e9cembre 31, 2025 4:09 pm"},"featured_img_caption":"Avush","tax_additional":{"product_brand":{"linked":[],"unlinked":[],"slug":"product_brand","name":"Marques"},"product_type":{"linked":["<a href=\"https:\/\/avush.com\/fr\/?taxonomy=product_type&#038;term=simple\" class=\"advgb-post-tax-term\">simple<\/a>"],"unlinked":["<span class=\"advgb-post-tax-term\">simple<\/span>"],"slug":"product_type","name":"Type de produit"},"product_visibility":{"linked":[],"unlinked":[],"slug":"product_visibility","name":"Visibilit\u00e9 du produit"},"product_cat":{"linked":["<a href=\"https:\/\/avush.com\/fr\/categorie-produit\/serum\/\" class=\"advgb-post-tax-term\">Serum<\/a>"],"unlinked":["<span class=\"advgb-post-tax-term\">Serum<\/span>"],"slug":"product_cat","name":"Cat\u00e9gories de produits"},"product_tag":{"linked":[],"unlinked":[],"slug":"product_tag","name":"\u00c9tiquettes produit"},"product_shipping_class":{"linked":[],"unlinked":[],"slug":"product_shipping_class","name":"Classe d\u2019exp\u00e9dition du produit"},"pa_brand":{"linked":[],"unlinked":[],"slug":"pa_brand","name":"Produit Marke"}},"series_order":"","_links":{"self":[{"href":"https:\/\/avush.com\/fr\/wp-json\/wp\/v2\/product\/184","targetHints":{"allow":["GET"]}}],"collection":[{"href":"https:\/\/avush.com\/fr\/wp-json\/wp\/v2\/product"}],"about":[{"href":"https:\/\/avush.com\/fr\/wp-json\/wp\/v2\/types\/product"}],"wp:featuredmedia":[{"embeddable":true,"href":"https:\/\/avush.com\/fr\/wp-json\/wp\/v2\/media\/388"}],"wp:attachment":[{"href":"https:\/\/avush.com\/fr\/wp-json\/wp\/v2\/media?parent=184"}],"wp:term":[{"taxonomy":"product_brand","embeddable":true,"href":"https:\/\/avush.com\/fr\/wp-json\/wp\/v2\/product_brand?post=184"},{"taxonomy":"product_cat","embeddable":true,"href":"https:\/\/avush.com\/fr\/wp-json\/wp\/v2\/product_cat?post=184"},{"taxonomy":"product_tag","embeddable":true,"href":"https:\/\/avush.com\/fr\/wp-json\/wp\/v2\/product_tag?post=184"}],"curies":[{"name":"wp","href":"https:\/\/api.w.org\/{rel}","templated":true}]}}