{"id":14,"date":"2021-09-27T05:24:25","date_gmt":"2021-09-27T05:24:25","guid":{"rendered":"https:\/\/avush.com\/?page_id=14"},"modified":"2023-07-25T06:10:43","modified_gmt":"2023-07-25T06:10:43","slug":"agb","status":"publish","type":"page","link":"https:\/\/avush.com\/fr\/conditions-generales\/","title":{"rendered":"GT&amp;C"},"content":{"rendered":"<p><strong>Conditions g\u00e9n\u00e9rales de vente et informations aux clients<\/strong><\/p>\n\n\n\n<p>I. Conditions g\u00e9n\u00e9rales de vente<\/p>\n\n\n\n<p>\u00a7 1 Dispositions de base<\/p>\n\n\n\n<p>(1) Les conditions g\u00e9n\u00e9rales de vente suivantes s'appliquent \u00e0 tous les contrats que vous concluez avec nous en tant que fournisseur (Avush) via le site Internet www.avush.com. Sauf accord contraire, l'int\u00e9gration de vos propres conditions \u00e9ventuellement utilis\u00e9es par vous est refus\u00e9e.<\/p>\n\n\n\n<p>(2) Le consommateur, au sens des dispositions suivantes, est toute personne physique qui conclut un acte juridique \u00e0 des fins qui, pour l'essentiel, ne peuvent \u00eatre imput\u00e9es ni \u00e0 son activit\u00e9 commerciale ni \u00e0 son activit\u00e9 professionnelle ind\u00e9pendante. L'entrepreneur est toute personne physique ou morale ou toute soci\u00e9t\u00e9 de personnes ayant la capacit\u00e9 juridique qui, lors de la conclusion d'un acte juridique, agit dans l'exercice de son activit\u00e9 professionnelle ind\u00e9pendante ou commerciale.<\/p>\n\n\n\n<p>\u00a7 2 Formation du contrat<\/p>\n\n\n\n<p>(1) L'objet du contrat est la vente de marchandises.<\/p>\n\n\n\n<p>(2) D\u00e8s la mise en ligne du produit concern\u00e9 sur notre site Internet, nous vous soumettons une offre ferme de conclusion d'un contrat aux conditions indiqu\u00e9es dans la description de l'article.<\/p>\n\n\n\n<p>(3) Le contrat est conclu via le syst\u00e8me de panier d'achat en ligne comme suit :<br>Les marchandises que vous souhaitez acheter sont plac\u00e9es dans le \"panier\". Le bouton correspondant dans la barre de navigation vous permet d'acc\u00e9der au \"Panier\" et d'y apporter des modifications \u00e0 tout moment.<br>Apr\u00e8s avoir acc\u00e9d\u00e9 \u00e0 la page \"Caisse\" et saisi les donn\u00e9es personnelles ainsi que les conditions de paiement et d'exp\u00e9dition, toutes les donn\u00e9es de la commande sont finalement affich\u00e9es une nouvelle fois sur la page d'aper\u00e7u de la commande.<br>Si vous utilisez un syst\u00e8me de paiement imm\u00e9diat comme mode de paiement (par ex. PayPal \/ PayPal Express \/ PayPal Plus, Amazon-Payments, Postpay, Sofort\u00fcberweisung), vous serez soit dirig\u00e9 vers la page d'aper\u00e7u de la commande dans notre boutique en ligne, soit vous serez d'abord redirig\u00e9 vers la page Internet du fournisseur du syst\u00e8me de paiement imm\u00e9diat.<br>Si vous \u00eates redirig\u00e9 vers le syst\u00e8me de paiement imm\u00e9diat correspondant, vous devez y effectuer la s\u00e9lection ou la saisie de vos donn\u00e9es. Enfin, vous serez redirig\u00e9 vers notre boutique en ligne, sur la page d'aper\u00e7u de la commande.<br>Avant d'envoyer la commande, vous avez la possibilit\u00e9 de v\u00e9rifier \u00e0 nouveau toutes les donn\u00e9es ici, de les modifier (\u00e9galement via la fonction \"retour\" du navigateur Internet) ou d'annuler l'achat.<br>En envoyant votre commande via le bouton \"Acheter maintenant\", vous d\u00e9clarez accepter l'offre de mani\u00e8re juridiquement contraignante, ce qui donne lieu \u00e0 la conclusion du contrat.<\/p>\n\n\n\n<p>(4) Vos demandes d'\u00e9tablissement d'une offre ne vous engagent pas. Nous vous soumettons \u00e0 cet effet une offre ferme sous forme de texte (par ex. par e-mail), que vous pouvez accepter dans un d\u00e9lai de 5 jours.<\/p>\n\n\n\n<p>(5) Le traitement de la commande et la transmission de toutes les informations n\u00e9cessaires \u00e0 la conclusion du contrat s'effectuent en partie de mani\u00e8re automatis\u00e9e par e-mail. Vous devez donc vous assurer que l'adresse e-mail que vous avez enregistr\u00e9e chez nous est correcte, que la r\u00e9ception des e-mails est techniquement garantie et qu'elle n'est notamment pas emp\u00each\u00e9e par des filtres SPAM.<\/p>\n\n\n\n<p>\u00a7 3 Dur\u00e9e du contrat \/ R\u00e9siliation<\/p>\n\n\n\n<p>Si le contrat porte sur des prestations r\u00e9currentes\/permanentes (abonnement), il est conclu pour une dur\u00e9e ind\u00e9termin\u00e9e. Chaque partie contractante a le droit de r\u00e9silier ce contrat sans pr\u00e9avis jusqu'\u00e0 la prochaine date de livraison, sans avoir \u00e0 se justifier. Le droit de r\u00e9siliation extraordinaire pour motif grave, notamment en cas de violation r\u00e9p\u00e9t\u00e9e des obligations contractuelles principales, reste inchang\u00e9.<\/p>\n\n\n\n<p>La r\u00e9siliation peut \u00eatre effectu\u00e9e dans le compte client via l'option de menu \"Abonnement\" et l\u00e0 via le \"Formulaire de r\u00e9siliation\" ou sous forme de texte (par courrier postal ou \u00e9lectronique).<\/p>\n\n\n\n<p>\u00a7 4 Droit de r\u00e9tention, r\u00e9serve de propri\u00e9t\u00e9<\/p>\n\n\n\n<p>(1) Vous ne pouvez exercer un droit de r\u00e9tention que dans la mesure o\u00f9 il s'agit de cr\u00e9ances issues de la m\u00eame relation contractuelle.<\/p>\n\n\n\n<p>(2) La marchandise reste notre propri\u00e9t\u00e9 jusqu'au paiement int\u00e9gral du prix d'achat.<\/p>\n\n\n\n<p>\u00a7 5 Responsabilit\u00e9<\/p>\n\n\n\n<p>(1) Nous sommes responsables sans restriction des dommages r\u00e9sultant d'une atteinte \u00e0 la vie, \u00e0 l'int\u00e9grit\u00e9 physique ou \u00e0 la sant\u00e9. En outre, nous sommes responsables sans restriction dans tous les cas de pr\u00e9m\u00e9ditation et de n\u00e9gligence grave, en cas de dissimulation dolosive d'un d\u00e9faut, en cas de prise en charge de la garantie pour la qualit\u00e9 de l'objet achet\u00e9 et dans tous les autres cas r\u00e9gis par la loi.<\/p>\n\n\n\n<p>(2) La responsabilit\u00e9 pour les d\u00e9fauts dans le cadre de la garantie l\u00e9gale est r\u00e9gie par la r\u00e9glementation correspondante dans nos informations clients (partie II).<\/p>\n\n\n\n<p>(3) Dans la mesure o\u00f9 des obligations contractuelles essentielles sont concern\u00e9es, notre responsabilit\u00e9 est limit\u00e9e, en cas de n\u00e9gligence l\u00e9g\u00e8re, aux dommages pr\u00e9visibles et typiques du contrat. Les obligations contractuelles essentielles sont des obligations essentielles qui d\u00e9coulent de la nature du contrat et dont la violation mettrait en p\u00e9ril la r\u00e9alisation de l'objectif du contrat, ainsi que des obligations que le contrat nous impose selon son contenu pour atteindre l'objectif du contrat, dont l'ex\u00e9cution rend possible la bonne ex\u00e9cution du contrat et dont vous pouvez r\u00e9guli\u00e8rement attendre le respect.<\/p>\n\n\n\n<p>(4) En cas de violation d'obligations contractuelles non essentielles, la responsabilit\u00e9 est exclue en cas de violation d'obligations par n\u00e9gligence l\u00e9g\u00e8re.<\/p>\n\n\n\n<p>(5) En l'\u00e9tat actuel de la technique, la communication de donn\u00e9es via Internet ne peut pas \u00eatre garantie sans erreur et\/ou disponible \u00e0 tout moment. Nous ne sommes donc pas responsables de la disponibilit\u00e9 permanente ou ininterrompue du site web et des services qui y sont propos\u00e9s.<\/p>\n\n\n\n<p>\u00a7 6 Choix du droit applicable, lieu d'ex\u00e9cution, juridiction comp\u00e9tente<\/p>\n\n\n\n<p>(1) Le droit allemand est applicable. Pour les consommateurs, ce choix de loi ne s'applique que dans la mesure o\u00f9 il ne prive pas de la protection accord\u00e9e par les dispositions imp\u00e9ratives de la loi du pays de r\u00e9sidence habituelle du consommateur (principe de faveur).<\/p>\n\n\n\n<p>(2) Le lieu d'ex\u00e9cution pour toutes les prestations d\u00e9coulant des relations commerciales existantes avec nous ainsi que le tribunal comp\u00e9tent est celui de notre si\u00e8ge, dans la mesure o\u00f9 vous n'\u00eates pas un consommateur mais un commer\u00e7ant, une personne morale de droit public ou un fonds sp\u00e9cial de droit public. Il en va de m\u00eame si vous n'avez pas de lieu de juridiction g\u00e9n\u00e9ral en Allemagne ou dans l'UE ou si votre domicile ou votre lieu de r\u00e9sidence habituel n'est pas connu au moment de l'introduction de l'instance. Il n'est pas d\u00e9rog\u00e9 \u00e0 la facult\u00e9 de saisir \u00e9galement le tribunal d'une autre juridiction l\u00e9gale.<\/p>\n\n\n\n<p>(3) Les dispositions de la Convention des Nations unies sur les contrats de vente internationale de marchandises ne sont express\u00e9ment pas applicables.<\/p>\n\n\n\n<p>_______<\/p>\n\n\n\n<p>II. Informations sur les clients<\/p>\n\n\n\n<p>1. l'identit\u00e9 du vendeur<\/p>\n\n\n\n<figure class=\"wp-block-image size-full is-resized\"><img loading=\"lazy\" decoding=\"async\" src=\"https:\/\/avush.com\/wp-content\/uploads\/2023\/06\/Liviol-impr.png\" alt=\"\" class=\"wp-image-135\" width=\"241\" height=\"171\" srcset=\"https:\/\/avush.com\/wp-content\/uploads\/2023\/06\/Liviol-impr.png 549w, https:\/\/avush.com\/wp-content\/uploads\/2023\/06\/Liviol-impr-300x213.png 300w\" sizes=\"auto, (max-width: 241px) 100vw, 241px\" \/><\/figure>\n\n\n\n<p>La Commission europ\u00e9enne met \u00e0 disposition une plateforme de r\u00e8glement extrajudiciaire des litiges en ligne (plateforme RLL), accessible \u00e0 l'adresse suivante&nbsp;<a href=\"http:\/\/ec.europa.eu\/odr\" target=\"_blank\" rel=\"noreferrer noopener\">http:\/\/ec.europa.eu\/odr<\/a>.<\/p>\n\n\n\n<p>2. Informations sur la conclusion du contrat<\/p>\n\n\n\n<p>Les \u00e9tapes techniques de la conclusion du contrat, la conclusion du contrat lui-m\u00eame et les possibilit\u00e9s de correction sont effectu\u00e9es conform\u00e9ment au \u00a7 2 de nos conditions g\u00e9n\u00e9rales de vente (partie I.).<\/p>\n\n\n\n<p>3. Langue du contrat, enregistrement du texte du contrat<\/p>\n\n\n\n<p>3.1 La langue du contrat est l'anglais.<\/p>\n\n\n\n<p>3.2 Nous n'enregistrons pas le texte int\u00e9gral du contrat. Avant d'envoyer la commande via le syst\u00e8me de panier en ligne, les donn\u00e9es contractuelles peuvent \u00eatre imprim\u00e9es ou sauvegard\u00e9es \u00e9lectroniquement via la fonction d'impression du navigateur. Apr\u00e8s r\u00e9ception de la commande par nos soins, les donn\u00e9es de la commande, les informations prescrites par la loi en cas de contrats de vente \u00e0 distance et les conditions g\u00e9n\u00e9rales de vente vous seront envoy\u00e9es une nouvelle fois par e-mail.<\/p>\n\n\n\n<p>3.3 En cas de demande d'offre en dehors du syst\u00e8me de panier d'achat en ligne, vous recevez toutes les donn\u00e9es contractuelles dans le cadre d'une offre ferme sous forme de texte, par exemple par e-mail, que vous pouvez imprimer ou sauvegarder \u00e9lectroniquement.<\/p>\n\n\n\n<p>4. Caract\u00e9ristiques essentielles du produit ou du service<\/p>\n\n\n\n<p>Les caract\u00e9ristiques essentielles du produit et\/ou du service figurent dans l'offre correspondante.<\/p>\n\n\n\n<p>5. Prix et modalit\u00e9s de paiement<\/p>\n\n\n\n<p>5.1 Les prix indiqu\u00e9s dans les offres respectives ainsi que les frais d'exp\u00e9dition constituent des prix globaux. Ils comprennent tous les \u00e9l\u00e9ments du prix, y compris toutes les taxes applicables.<\/p>\n\n\n\n<p>5.2 Les frais d'exp\u00e9dition ne sont pas compris dans le prix d'achat. Ils sont accessibles via un bouton d\u00e9sign\u00e9 \u00e0 cet effet sur notre site Internet ou dans l'offre correspondante, sont indiqu\u00e9s s\u00e9par\u00e9ment au cours du processus de commande et sont \u00e0 votre charge en sus, sauf si la livraison sans frais d'exp\u00e9dition a \u00e9t\u00e9 promise.<\/p>\n\n\n\n<p>5.3 Les modes de paiement \u00e0 votre disposition sont indiqu\u00e9s sous un bouton correspondant sur notre site Internet ou dans l'offre correspondante.<\/p>\n\n\n\n<p>5.4 Sauf indication contraire dans les diff\u00e9rents modes de paiement, les droits \u00e0 paiement d\u00e9coulant du contrat conclu sont imm\u00e9diatement exigibles.<\/p>\n\n\n\n<p>6. Conditions de livraison<\/p>\n\n\n\n<p>6.1 Les conditions de livraison, le d\u00e9lai de livraison ainsi que les \u00e9ventuelles restrictions de livraison sont indiqu\u00e9s sous un bouton correspondant sur notre site Internet ou dans l'offre correspondante.<\/p>\n\n\n\n<p>6.2 Si vous \u00eates un consommateur, la loi pr\u00e9voit que le risque de perte ou de d\u00e9t\u00e9rioration accidentelle de la marchandise vendue pendant l'exp\u00e9dition ne vous est transf\u00e9r\u00e9 qu'au moment de la remise de la marchandise, que l'exp\u00e9dition soit assur\u00e9e ou non. Ceci ne s'applique pas si vous avez mandat\u00e9 de mani\u00e8re autonome une entreprise de transport non d\u00e9sign\u00e9e par l'entrepreneur ou une autre personne charg\u00e9e de l'ex\u00e9cution de l'exp\u00e9dition.<\/p>\n\n\n\n<p>7. Droit de la responsabilit\u00e9 l\u00e9gale pour les d\u00e9fauts<\/p>\n\n\n\n<p>7.1 Les droits l\u00e9gaux en mati\u00e8re de responsabilit\u00e9 pour les d\u00e9fauts sont applicables.<\/p>\n\n\n\n<p>7.2 En tant que consommateur, vous \u00eates pri\u00e9 de v\u00e9rifier imm\u00e9diatement \u00e0 la livraison si la marchandise est compl\u00e8te, si elle pr\u00e9sente des vices apparents et si elle a \u00e9t\u00e9 endommag\u00e9e pendant le transport, et de nous faire part, ainsi qu'au transporteur, de toute r\u00e9clamation dans les meilleurs d\u00e9lais. Si vous ne le faites pas, cela n'a aucune incidence sur vos droits de garantie l\u00e9gaux.<\/p>","protected":false},"excerpt":{"rendered":"<p>Allgemeine Gesch\u00e4ftsbedingungen und Kundeninformationen I. Allgemeine Gesch\u00e4ftsbedingungen \u00a7 1 Grundlegende Bestimmungen (1) Die nachstehenden Gesch\u00e4ftsbedingungen gelten f\u00fcr alle Vertr\u00e4ge, die Sie mit uns als Anbieter (Avush) \u00fcber die Internetseite www.avush.com [&hellip;]<\/p>","protected":false},"author":1,"featured_media":0,"parent":0,"menu_order":0,"comment_status":"closed","ping_status":"closed","template":"","meta":{"_uag_custom_page_level_css":"","advgb_blocks_editor_width":"","advgb_blocks_columns_visual_guide":"","site-sidebar-layout":"default","site-content-layout":"default","ast-site-content-layout":"default","site-content-style":"default","site-sidebar-style":"default","ast-global-header-display":"","ast-banner-title-visibility":"","ast-main-header-display":"","ast-hfb-above-header-display":"","ast-hfb-below-header-display":"","ast-hfb-mobile-header-display":"","site-post-title":"","ast-breadcrumbs-content":"","ast-featured-img":"","footer-sml-layout":"","ast-disable-related-posts":"","theme-transparent-header-meta":"default","adv-header-id-meta":"","stick-header-meta":"default","header-above-stick-meta":"","header-main-stick-meta":"","header-below-stick-meta":"","astra-migrate-meta-layouts":"default","ast-page-background-enabled":"default","ast-page-background-meta":{"desktop":{"background-color":"","background-image":"","background-repeat":"repeat","background-position":"center center","background-size":"auto","background-attachment":"scroll","background-type":"","background-media":"","overlay-type":"","overlay-color":"","overlay-opacity":"","overlay-gradient":""},"tablet":{"background-color":"","background-image":"","background-repeat":"repeat","background-position":"center center","background-size":"auto","background-attachment":"scroll","background-type":"","background-media":"","overlay-type":"","overlay-color":"","overlay-opacity":"","overlay-gradient":""},"mobile":{"background-color":"","background-image":"","background-repeat":"repeat","background-position":"center center","background-size":"auto","background-attachment":"scroll","background-type":"","background-media":"","overlay-type":"","overlay-color":"","overlay-opacity":"","overlay-gradient":""}},"ast-content-background-meta":{"desktop":{"background-color":"var(--ast-global-color-5)","background-image":"","background-repeat":"repeat","background-position":"center center","background-size":"auto","background-attachment":"scroll","background-type":"","background-media":"","overlay-type":"","overlay-color":"","overlay-opacity":"","overlay-gradient":""},"tablet":{"background-color":"var(--ast-global-color-5)","background-image":"","background-repeat":"repeat","background-position":"center center","background-size":"auto","background-attachment":"scroll","background-type":"","background-media":"","overlay-type":"","overlay-color":"","overlay-opacity":"","overlay-gradient":""},"mobile":{"background-color":"var(--ast-global-color-5)","background-image":"","background-repeat":"repeat","background-position":"center center","background-size":"auto","background-attachment":"scroll","background-type":"","background-media":"","overlay-type":"","overlay-color":"","overlay-opacity":"","overlay-gradient":""}},"footnotes":""},"class_list":["post-14","page","type-page","status-publish","hentry"],"yoast_head":"<!-- This site is optimized with the Yoast SEO Premium plugin v26.6 (Yoast SEO v26.6) - https:\/\/yoast.com\/wordpress\/plugins\/seo\/ -->\n<title>AGB - Avush<\/title>\n<meta name=\"robots\" content=\"noindex, nofollow\" \/>\n<meta property=\"og:locale\" content=\"fr_FR\" \/>\n<meta property=\"og:type\" content=\"article\" \/>\n<meta property=\"og:title\" content=\"AGB\" \/>\n<meta property=\"og:description\" content=\"Allgemeine Gesch\u00e4ftsbedingungen und Kundeninformationen I. Allgemeine Gesch\u00e4ftsbedingungen \u00a7 1 Grundlegende Bestimmungen (1) Die nachstehenden Gesch\u00e4ftsbedingungen gelten f\u00fcr alle Vertr\u00e4ge, die Sie mit uns als Anbieter (Avush) \u00fcber die Internetseite www.avush.com [&hellip;]\" \/>\n<meta property=\"og:url\" content=\"https:\/\/avush.com\/fr\/agb\/\" \/>\n<meta property=\"og:site_name\" content=\"Avush\" \/>\n<meta property=\"article:modified_time\" content=\"2023-07-25T06:10:43+00:00\" \/>\n<meta property=\"og:image\" content=\"https:\/\/avush.com\/wp-content\/uploads\/2023\/06\/Liviol-impr.png\" \/>\n<meta name=\"twitter:card\" content=\"summary_large_image\" \/>\n<meta name=\"twitter:label1\" content=\"Dur\u00e9e de lecture estim\u00e9e\" \/>\n\t<meta name=\"twitter:data1\" content=\"8 minutes\" \/>\n<script type=\"application\/ld+json\" class=\"yoast-schema-graph\">{\"@context\":\"https:\/\/schema.org\",\"@graph\":[{\"@type\":\"WebPage\",\"@id\":\"https:\/\/avush.com\/sl\/agb\/\",\"url\":\"https:\/\/avush.com\/sl\/agb\/\",\"name\":\"AGB - Avush\",\"isPartOf\":{\"@id\":\"https:\/\/avush.com\/de\/#website\"},\"primaryImageOfPage\":{\"@id\":\"https:\/\/avush.com\/sl\/agb\/#primaryimage\"},\"image\":{\"@id\":\"https:\/\/avush.com\/sl\/agb\/#primaryimage\"},\"thumbnailUrl\":\"https:\/\/avush.com\/wp-content\/uploads\/2023\/06\/Liviol-impr.png\",\"datePublished\":\"2021-09-27T05:24:25+00:00\",\"dateModified\":\"2023-07-25T06:10:43+00:00\",\"breadcrumb\":{\"@id\":\"https:\/\/avush.com\/sl\/agb\/#breadcrumb\"},\"inLanguage\":\"fr-FR\",\"potentialAction\":[{\"@type\":\"ReadAction\",\"target\":[\"https:\/\/avush.com\/sl\/agb\/\"]}]},{\"@type\":\"ImageObject\",\"inLanguage\":\"fr-FR\",\"@id\":\"https:\/\/avush.com\/sl\/agb\/#primaryimage\",\"url\":\"https:\/\/avush.com\/wp-content\/uploads\/2023\/06\/Liviol-impr.png\",\"contentUrl\":\"https:\/\/avush.com\/wp-content\/uploads\/2023\/06\/Liviol-impr.png\"},{\"@type\":\"BreadcrumbList\",\"@id\":\"https:\/\/avush.com\/sl\/agb\/#breadcrumb\",\"itemListElement\":[{\"@type\":\"ListItem\",\"position\":1,\"name\":\"Home\",\"item\":\"https:\/\/avush.com\/\"},{\"@type\":\"ListItem\",\"position\":2,\"name\":\"AGB\"}]},{\"@type\":\"WebSite\",\"@id\":\"https:\/\/avush.com\/de\/#website\",\"url\":\"https:\/\/avush.com\/de\/\",\"name\":\"Avush\",\"description\":\"Pigmentflecken &amp; Altersflecken Serum\",\"publisher\":{\"@id\":\"https:\/\/avush.com\/de\/#organization\"},\"potentialAction\":[{\"@type\":\"SearchAction\",\"target\":{\"@type\":\"EntryPoint\",\"urlTemplate\":\"https:\/\/avush.com\/de\/?s={search_term_string}\"},\"query-input\":{\"@type\":\"PropertyValueSpecification\",\"valueRequired\":true,\"valueName\":\"search_term_string\"}}],\"inLanguage\":\"fr-FR\"},{\"@type\":\"Organization\",\"@id\":\"https:\/\/avush.com\/de\/#organization\",\"name\":\"Avush\",\"url\":\"https:\/\/avush.com\/de\/\",\"logo\":{\"@type\":\"ImageObject\",\"inLanguage\":\"fr-FR\",\"@id\":\"https:\/\/avush.com\/de\/#\/schema\/logo\/image\/\",\"url\":\"https:\/\/avush.com\/wp-content\/uploads\/2023\/07\/cropped-Avush-Logo-1.png\",\"contentUrl\":\"https:\/\/avush.com\/wp-content\/uploads\/2023\/07\/cropped-Avush-Logo-1.png\",\"width\":200,\"height\":74,\"caption\":\"Avush\"},\"image\":{\"@id\":\"https:\/\/avush.com\/de\/#\/schema\/logo\/image\/\"}}]}<\/script>\n<!-- \/ Yoast SEO Premium plugin. -->","yoast_head_json":{"title":"CONDITIONS G\u00c9N\u00c9RALES - Avush","robots":{"index":"noindex","follow":"nofollow"},"og_locale":"fr_FR","og_type":"article","og_title":"AGB","og_description":"Allgemeine Gesch\u00e4ftsbedingungen und Kundeninformationen I. Allgemeine Gesch\u00e4ftsbedingungen \u00a7 1 Grundlegende Bestimmungen (1) Die nachstehenden Gesch\u00e4ftsbedingungen gelten f\u00fcr alle Vertr\u00e4ge, die Sie mit uns als Anbieter (Avush) \u00fcber die Internetseite www.avush.com [&hellip;]","og_url":"https:\/\/avush.com\/fr\/agb\/","og_site_name":"Avush","article_modified_time":"2023-07-25T06:10:43+00:00","og_image":[{"url":"https:\/\/avush.com\/wp-content\/uploads\/2023\/06\/Liviol-impr.png","type":"","width":"","height":""}],"twitter_card":"summary_large_image","twitter_misc":{"Dur\u00e9e de lecture estim\u00e9e":"8 minutes"},"schema":{"@context":"https:\/\/schema.org","@graph":[{"@type":"WebPage","@id":"https:\/\/avush.com\/sl\/agb\/","url":"https:\/\/avush.com\/sl\/agb\/","name":"CONDITIONS G\u00c9N\u00c9RALES - Avush","isPartOf":{"@id":"https:\/\/avush.com\/de\/#website"},"primaryImageOfPage":{"@id":"https:\/\/avush.com\/sl\/agb\/#primaryimage"},"image":{"@id":"https:\/\/avush.com\/sl\/agb\/#primaryimage"},"thumbnailUrl":"https:\/\/avush.com\/wp-content\/uploads\/2023\/06\/Liviol-impr.png","datePublished":"2021-09-27T05:24:25+00:00","dateModified":"2023-07-25T06:10:43+00:00","breadcrumb":{"@id":"https:\/\/avush.com\/sl\/agb\/#breadcrumb"},"inLanguage":"fr-FR","potentialAction":[{"@type":"ReadAction","target":["https:\/\/avush.com\/sl\/agb\/"]}]},{"@type":"ImageObject","inLanguage":"fr-FR","@id":"https:\/\/avush.com\/sl\/agb\/#primaryimage","url":"https:\/\/avush.com\/wp-content\/uploads\/2023\/06\/Liviol-impr.png","contentUrl":"https:\/\/avush.com\/wp-content\/uploads\/2023\/06\/Liviol-impr.png"},{"@type":"BreadcrumbList","@id":"https:\/\/avush.com\/sl\/agb\/#breadcrumb","itemListElement":[{"@type":"ListItem","position":1,"name":"Home","item":"https:\/\/avush.com\/"},{"@type":"ListItem","position":2,"name":"AGB"}]},{"@type":"WebSite","@id":"https:\/\/avush.com\/de\/#website","url":"https:\/\/avush.com\/de\/","name":"Avush","description":"S\u00e9rum contre les taches de pigmentation et de vieillesse","publisher":{"@id":"https:\/\/avush.com\/de\/#organization"},"potentialAction":[{"@type":"SearchAction","target":{"@type":"EntryPoint","urlTemplate":"https:\/\/avush.com\/de\/?s={search_term_string}"},"query-input":{"@type":"PropertyValueSpecification","valueRequired":true,"valueName":"search_term_string"}}],"inLanguage":"fr-FR"},{"@type":"Organization","@id":"https:\/\/avush.com\/de\/#organization","name":"Avush","url":"https:\/\/avush.com\/de\/","logo":{"@type":"ImageObject","inLanguage":"fr-FR","@id":"https:\/\/avush.com\/de\/#\/schema\/logo\/image\/","url":"https:\/\/avush.com\/wp-content\/uploads\/2023\/07\/cropped-Avush-Logo-1.png","contentUrl":"https:\/\/avush.com\/wp-content\/uploads\/2023\/07\/cropped-Avush-Logo-1.png","width":200,"height":74,"caption":"Avush"},"image":{"@id":"https:\/\/avush.com\/de\/#\/schema\/logo\/image\/"}}]}},"uagb_featured_image_src":{"full":false,"thumbnail":false,"medium":false,"medium_large":false,"large":false,"1536x1536":false,"2048x2048":false,"trp-custom-language-flag":false,"woocommerce_thumbnail":false,"woocommerce_single":false,"woocommerce_gallery_thumbnail":false},"uagb_author_info":{"display_name":"Kerem085","author_link":"https:\/\/avush.com\/fr\/author\/kerem085\/"},"uagb_comment_info":0,"uagb_excerpt":"Allgemeine Gesch\u00e4ftsbedingungen und Kundeninformationen I. Allgemeine Gesch\u00e4ftsbedingungen \u00a7 1 Grundlegende Bestimmungen (1) Die nachstehenden Gesch\u00e4ftsbedingungen gelten f\u00fcr alle Vertr\u00e4ge, die Sie mit uns als Anbieter (Avush) \u00fcber die Internetseite www.avush.com [&hellip;]","coauthors":[],"author_meta":{"author_link":"https:\/\/avush.com\/fr\/author\/kerem085\/","display_name":"Kerem085"},"relative_dates":{"created":"Publi\u00e9 5 ans il y a","modified":"Mis \u00e0 jour 3 ans il y a"},"absolute_dates":{"created":"Publi\u00e9 le septembre 27, 2021","modified":"Mise \u00e0 jour le juillet 25, 2023"},"absolute_dates_time":{"created":"Publi\u00e9 le septembre 27, 2021 5:24 am","modified":"Mise \u00e0 jour le juillet 25, 2023 6:10 am"},"featured_img_caption":"","featured_img":false,"series_order":"","_links":{"self":[{"href":"https:\/\/avush.com\/fr\/wp-json\/wp\/v2\/pages\/14","targetHints":{"allow":["GET"]}}],"collection":[{"href":"https:\/\/avush.com\/fr\/wp-json\/wp\/v2\/pages"}],"about":[{"href":"https:\/\/avush.com\/fr\/wp-json\/wp\/v2\/types\/page"}],"author":[{"embeddable":true,"href":"https:\/\/avush.com\/fr\/wp-json\/wp\/v2\/users\/1"}],"replies":[{"embeddable":true,"href":"https:\/\/avush.com\/fr\/wp-json\/wp\/v2\/comments?post=14"}],"version-history":[{"count":4,"href":"https:\/\/avush.com\/fr\/wp-json\/wp\/v2\/pages\/14\/revisions"}],"predecessor-version":[{"id":579,"href":"https:\/\/avush.com\/fr\/wp-json\/wp\/v2\/pages\/14\/revisions\/579"}],"wp:attachment":[{"href":"https:\/\/avush.com\/fr\/wp-json\/wp\/v2\/media?parent=14"}],"curies":[{"name":"wp","href":"https:\/\/api.w.org\/{rel}","templated":true}]}}