{"id":181,"date":"2023-06-20T12:55:27","date_gmt":"2023-06-20T12:55:27","guid":{"rendered":"https:\/\/avush.com\/?post_type=product&#038;p=181"},"modified":"2025-12-31T16:09:16","modified_gmt":"2025-12-31T15:09:16","slug":"avush-serum","status":"publish","type":"product","link":"https:\/\/avush.com\/et\/toode\/avush-seerum\/","title":{"rendered":"Avush Pigmendilaikude ja vanusepisikeste seerum"},"content":{"rendered":"<h2>Taotlus:<\/h2>\n<p><span style=\"font-weight: 400;\">Kandke toonik hommikul ja \u00f5htul enne Seerumi kasutamist vatipadjale ja puhastage vastav nahapiirkond p\u00f5hjalikult. Seej\u00e4rel kandke piisav kogus Seerumit. Masseerige \u00f5rnalt ja laske t\u00e4ielikult sisse imenduda.<\/span><\/p>\n<h2><span style=\"color: #8a949c;\">Looduslik ja t\u00f5hus nahahooldus ilma h\u00fcdrokinooni ja kojihappeta.<\/span><\/h2>\n<p><img loading=\"lazy\" decoding=\"async\" class=\"wp-image-329 size-full\" src=\"https:\/\/avush.com\/wp-content\/uploads\/2023\/06\/Altersflecken-Liviol.jpg\" alt=\"Liviol\" width=\"2000\" height=\"980\" srcset=\"https:\/\/avush.com\/wp-content\/uploads\/2023\/06\/Altersflecken-Liviol.jpg 2000w, https:\/\/avush.com\/wp-content\/uploads\/2023\/06\/Altersflecken-Liviol-300x147.jpg 300w, https:\/\/avush.com\/wp-content\/uploads\/2023\/06\/Altersflecken-Liviol-1024x502.jpg 1024w, https:\/\/avush.com\/wp-content\/uploads\/2023\/06\/Altersflecken-Liviol-768x376.jpg 768w, https:\/\/avush.com\/wp-content\/uploads\/2023\/06\/Altersflecken-Liviol-1536x753.jpg 1536w, https:\/\/avush.com\/wp-content\/uploads\/2023\/06\/Altersflecken-Liviol-600x294.jpg 600w\" sizes=\"auto, (max-width: 2000px) 100vw, 2000px\" \/><\/p>\n<p>Me Avush-s toetume looduse aktiivsetele koostisosadele ja oleme veendunud, et need on t\u00f5husa ja teadliku nahahoolduse v\u00f5ti. Kaks ainet, mida te meie toodetest ei leia, on siiski h\u00fcdrokinoon ja kojiinhape. M\u00f5lemad koostisained on tuntud oma nahka kirgastava m\u00f5ju poolest, kuid nende kasutamine on alati kriitiliselt arutatud.<\/p>\n<p>Nende vastuoluliste koostisosade asemel toetume me alfa-arbutiini, loodusliku ja ohutu koostisosa, millel on valgendavad omadused, j\u00f5ule. Lisaks alfa-arbutiinile kasutame ka teisi looduslikke ja ohutuid koostisosi, sealhulgas liivalillat, herneteraekstrakti ja lagritsajuure.<\/p>\n<p>Meie tooted on veganid ja v\u00e4lja t\u00f6\u00f6tatud ilma loomkatseid tegemata - see v\u00e4ljendab meie eetilisi tootmisstandardeid ja meie austust k\u00f5igi elusolendite vastu. Lisaks ei sisalda need formaldeh\u00fc\u00fcdi, ftalaate, sulfaate, parabeene, silikoone ega mineraal\u00f5lisid.<\/p>\n<p>Lisaks sellele peame v\u00e4ga oluliseks, et me ei kasutaks kunstlikke l\u00f5hnaineid. Selle asemel anname oma toodetele meeldiva l\u00f5hna, kasutades looduslikku aloe vera ekstrakti, millel on ka niisutavad ja rahustavad omadused.<\/p>\n<p>Avush t\u00e4histab teadlikult v\u00e4ljat\u00f6\u00f6tatud ja t\u00f5husat nahahooldust, millega saate end mugavalt ja kindlalt tunda. J\u00e4rgige meie paljude rahulolevate klientide soovitusi ja alustage oma teekonda tervislikuma ja \u00fchtlasema naha poole. Tellige kohe!<\/p>","protected":false},"excerpt":{"rendered":"<p class=\"p1\"><span class=\"s1\">Avush-<\/span><span class=\"s1\">Komplekt: seerum (30ml) ja toonik (100ml)<br \/>\n<span style=\"color: #5bc98b;\"><strong>Uus: Liposomaalne preparaat!<\/strong><\/span><\/span><\/p>\n<ul>\n<li><span class=\"s1\">5% alfa-arbutiin<\/span><\/li>\n<li>Liposomaalne ja k\u00e4\u00e4ritatud<\/li>\n<li>Ilma hormoonide, h\u00fcdrokinooni ja kojiinhappeta.<\/li>\n<li>Vegan ja loomavaba<\/li>\n<li>Dermatoloogiliselt testitud<\/li>\n<\/ul>\n<p><img loading=\"lazy\" decoding=\"async\" class=\"alignnone wp-image-43\" src=\"https:\/\/avush.com\/wp-content\/uploads\/2021\/09\/Lo-2.jpg\" alt=\"\" width=\"340\" height=\"30\" srcset=\"https:\/\/avush.com\/wp-content\/uploads\/2021\/09\/Lo-2.jpg 941w, https:\/\/avush.com\/wp-content\/uploads\/2021\/09\/Lo-2-300x26.jpg 300w, https:\/\/avush.com\/wp-content\/uploads\/2021\/09\/Lo-2-768x68.jpg 768w, https:\/\/avush.com\/wp-content\/uploads\/2021\/09\/Lo-2-600x53.jpg 600w\" sizes=\"auto, (max-width: 340px) 100vw, 340px\" \/><\/p>\n<p><img loading=\"lazy\" decoding=\"async\" class=\"wp-image-1012\" src=\"https:\/\/avush.com\/wp-content\/uploads\/2023\/10\/Testsieger.jpg\" alt=\"Avush test\" width=\"146\" height=\"87\" srcset=\"https:\/\/avush.com\/wp-content\/uploads\/2023\/10\/Testsieger.jpg 1249w, https:\/\/avush.com\/wp-content\/uploads\/2023\/10\/Testsieger-300x179.jpg 300w, https:\/\/avush.com\/wp-content\/uploads\/2023\/10\/Testsieger-1024x610.jpg 1024w, https:\/\/avush.com\/wp-content\/uploads\/2023\/10\/Testsieger-768x457.jpg 768w, https:\/\/avush.com\/wp-content\/uploads\/2023\/10\/Testsieger-18x12.jpg 18w, https:\/\/avush.com\/wp-content\/uploads\/2023\/10\/Testsieger-600x357.jpg 600w\" sizes=\"auto, (max-width: 146px) 100vw, 146px\" \/><\/p>","protected":false},"author":1,"featured_media":389,"template":"","meta":{"_uag_custom_page_level_css":"","advgb_blocks_editor_width":"","advgb_blocks_columns_visual_guide":"","site-sidebar-layout":"default","site-content-layout":"default","ast-site-content-layout":"default","site-content-style":"default","site-sidebar-style":"default","ast-global-header-display":"","ast-banner-title-visibility":"","ast-main-header-display":"","ast-hfb-above-header-display":"","ast-hfb-below-header-display":"","ast-hfb-mobile-header-display":"","site-post-title":"","ast-breadcrumbs-content":"","ast-featured-img":"","footer-sml-layout":"","ast-disable-related-posts":"","theme-transparent-header-meta":"default","adv-header-id-meta":"","stick-header-meta":"default","header-above-stick-meta":"","header-main-stick-meta":"","header-below-stick-meta":"","astra-migrate-meta-layouts":"set","ast-page-background-enabled":"default","ast-page-background-meta":{"desktop":{"background-color":"","background-image":"","background-repeat":"repeat","background-position":"center center","background-size":"auto","background-attachment":"scroll","background-type":"","background-media":"","overlay-type":"","overlay-color":"","overlay-opacity":"","overlay-gradient":""},"tablet":{"background-color":"","background-image":"","background-repeat":"repeat","background-position":"center center","background-size":"auto","background-attachment":"scroll","background-type":"","background-media":"","overlay-type":"","overlay-color":"","overlay-opacity":"","overlay-gradient":""},"mobile":{"background-color":"","background-image":"","background-repeat":"repeat","background-position":"center center","background-size":"auto","background-attachment":"scroll","background-type":"","background-media":"","overlay-type":"","overlay-color":"","overlay-opacity":"","overlay-gradient":""}},"ast-content-background-meta":{"desktop":{"background-color":"var(--ast-global-color-5)","background-image":"","background-repeat":"repeat","background-position":"center center","background-size":"auto","background-attachment":"scroll","background-type":"","background-media":"","overlay-type":"","overlay-color":"","overlay-opacity":"","overlay-gradient":""},"tablet":{"background-color":"var(--ast-global-color-5)","background-image":"","background-repeat":"repeat","background-position":"center center","background-size":"auto","background-attachment":"scroll","background-type":"","background-media":"","overlay-type":"","overlay-color":"","overlay-opacity":"","overlay-gradient":""},"mobile":{"background-color":"var(--ast-global-color-5)","background-image":"","background-repeat":"repeat","background-position":"center center","background-size":"auto","background-attachment":"scroll","background-type":"","background-media":"","overlay-type":"","overlay-color":"","overlay-opacity":"","overlay-gradient":""}}},"product_brand":[],"product_cat":[35],"product_tag":[],"class_list":{"0":"post-181","1":"product","2":"type-product","3":"status-publish","4":"has-post-thumbnail","6":"product_cat-serum","7":"desktop-align-left","8":"tablet-align-left","9":"mobile-align-left","10":"ast-product-gallery-layout-vertical-slider","11":"ast-magnify-disabled","12":"ast-product-tabs-layout-horizontal","13":"ast-qv-on-image","15":"first","16":"instock","17":"taxable","18":"shipping-taxable","19":"purchasable","20":"product-type-simple"},"yoast_head":"<!-- This site is optimized with the Yoast SEO Premium plugin v26.6 (Yoast SEO v26.6) - https:\/\/yoast.com\/wordpress\/plugins\/seo\/ -->\n<title>Avush: Das Serum gegen Pigmentflecken und Altersflecken<\/title>\n<meta name=\"description\" content=\"Jetzt etwas gegen Pigmentflecken und Altersflecken tun mit Avush. Das Serum ohne Hormone f\u00fcr Frauen und M\u00e4nner jetzt bestellen!\" \/>\n<meta name=\"robots\" content=\"index, follow, max-snippet:-1, max-image-preview:large, max-video-preview:-1\" \/>\n<link rel=\"canonical\" href=\"https:\/\/avush.com\/et\/toode\/avush-seerum\/\" \/>\n<meta property=\"og:locale\" content=\"et_EE\" \/>\n<meta property=\"og:type\" content=\"article\" \/>\n<meta property=\"og:title\" content=\"Avush Pigmentflecken &amp; Altersflecken Serum\" \/>\n<meta property=\"og:description\" content=\"Jetzt etwas gegen Pigmentflecken und Altersflecken tun mit Avush. Das Serum ohne Hormone f\u00fcr Frauen und M\u00e4nner jetzt bestellen!\" \/>\n<meta property=\"og:url\" content=\"https:\/\/avush.com\/et\/toode\/avush-seerum\/\" \/>\n<meta property=\"og:site_name\" content=\"Avush\" \/>\n<meta property=\"article:modified_time\" content=\"2025-12-31T15:09:16+00:00\" \/>\n<meta property=\"og:image\" content=\"https:\/\/avush.com\/wp-content\/uploads\/2023\/06\/Avush-03.jpg\" \/>\n\t<meta property=\"og:image:width\" content=\"1000\" \/>\n\t<meta property=\"og:image:height\" content=\"1000\" \/>\n\t<meta property=\"og:image:type\" content=\"image\/jpeg\" \/>\n<meta name=\"twitter:card\" content=\"summary_large_image\" \/>\n<meta name=\"twitter:label1\" content=\"Est. reading time\" \/>\n\t<meta name=\"twitter:data1\" content=\"2 minutit\" \/>\n<script type=\"application\/ld+json\" class=\"yoast-schema-graph\">{\"@context\":\"https:\/\/schema.org\",\"@graph\":[{\"@type\":\"WebPage\",\"@id\":\"https:\/\/avush.com\/produkt\/avush-serum\/\",\"url\":\"https:\/\/avush.com\/produkt\/avush-serum\/\",\"name\":\"Avush: Das Serum gegen Pigmentflecken und Altersflecken\",\"isPartOf\":{\"@id\":\"https:\/\/avush.com\/de\/#website\"},\"primaryImageOfPage\":{\"@id\":\"https:\/\/avush.com\/produkt\/avush-serum\/#primaryimage\"},\"image\":{\"@id\":\"https:\/\/avush.com\/produkt\/avush-serum\/#primaryimage\"},\"thumbnailUrl\":\"https:\/\/avush.com\/wp-content\/uploads\/2023\/06\/Avush-03.jpg\",\"datePublished\":\"2023-06-20T12:55:27+00:00\",\"dateModified\":\"2025-12-31T15:09:16+00:00\",\"description\":\"Jetzt etwas gegen Pigmentflecken und Altersflecken tun mit Avush. Das Serum ohne Hormone f\u00fcr Frauen und M\u00e4nner jetzt bestellen!\",\"breadcrumb\":{\"@id\":\"https:\/\/avush.com\/produkt\/avush-serum\/#breadcrumb\"},\"inLanguage\":\"et\",\"potentialAction\":[{\"@type\":\"ReadAction\",\"target\":[\"https:\/\/avush.com\/produkt\/avush-serum\/\"]}]},{\"@type\":\"ImageObject\",\"inLanguage\":\"et\",\"@id\":\"https:\/\/avush.com\/produkt\/avush-serum\/#primaryimage\",\"url\":\"https:\/\/avush.com\/wp-content\/uploads\/2023\/06\/Avush-03.jpg\",\"contentUrl\":\"https:\/\/avush.com\/wp-content\/uploads\/2023\/06\/Avush-03.jpg\",\"width\":1000,\"height\":1000,\"caption\":\"Avush\"},{\"@type\":\"BreadcrumbList\",\"@id\":\"https:\/\/avush.com\/produkt\/avush-serum\/#breadcrumb\",\"itemListElement\":[{\"@type\":\"ListItem\",\"position\":1,\"name\":\"Home\",\"item\":\"https:\/\/avush.com\/\"},{\"@type\":\"ListItem\",\"position\":2,\"name\":\"Shop\",\"item\":\"https:\/\/avush.com\/es\/shop\/\"},{\"@type\":\"ListItem\",\"position\":3,\"name\":\"Avush Pigmentflecken &#038; Altersflecken Serum\"}]},{\"@type\":\"WebSite\",\"@id\":\"https:\/\/avush.com\/de\/#website\",\"url\":\"https:\/\/avush.com\/de\/\",\"name\":\"Avush\",\"description\":\"Pigmentflecken &amp; Altersflecken Serum\",\"publisher\":{\"@id\":\"https:\/\/avush.com\/de\/#organization\"},\"potentialAction\":[{\"@type\":\"SearchAction\",\"target\":{\"@type\":\"EntryPoint\",\"urlTemplate\":\"https:\/\/avush.com\/de\/?s={search_term_string}\"},\"query-input\":{\"@type\":\"PropertyValueSpecification\",\"valueRequired\":true,\"valueName\":\"search_term_string\"}}],\"inLanguage\":\"et\"},{\"@type\":\"Organization\",\"@id\":\"https:\/\/avush.com\/de\/#organization\",\"name\":\"Avush\",\"url\":\"https:\/\/avush.com\/de\/\",\"logo\":{\"@type\":\"ImageObject\",\"inLanguage\":\"et\",\"@id\":\"https:\/\/avush.com\/de\/#\/schema\/logo\/image\/\",\"url\":\"https:\/\/avush.com\/wp-content\/uploads\/2023\/07\/cropped-Avush-Logo-1.png\",\"contentUrl\":\"https:\/\/avush.com\/wp-content\/uploads\/2023\/07\/cropped-Avush-Logo-1.png\",\"width\":200,\"height\":74,\"caption\":\"Avush\"},\"image\":{\"@id\":\"https:\/\/avush.com\/de\/#\/schema\/logo\/image\/\"}}]}<\/script>\n<!-- \/ Yoast SEO Premium plugin. -->","yoast_head_json":{"title":"Avush: seerum pigmentatsiooni ja vanusevigastuste vastu","description":"Tehke midagi pigmentatsiooni ja vanusevigastuste vastu n\u00fc\u00fcd koos Avush-ga. Tellige hormoonivaba seerum naistele ja meestele kohe!","robots":{"index":"index","follow":"follow","max-snippet":"max-snippet:-1","max-image-preview":"max-image-preview:large","max-video-preview":"max-video-preview:-1"},"canonical":"https:\/\/avush.com\/et\/toode\/avush-seerum\/","og_locale":"et_EE","og_type":"article","og_title":"Avush Pigmentflecken & Altersflecken Serum","og_description":"Jetzt etwas gegen Pigmentflecken und Altersflecken tun mit Avush. Das Serum ohne Hormone f\u00fcr Frauen und M\u00e4nner jetzt bestellen!","og_url":"https:\/\/avush.com\/et\/toode\/avush-seerum\/","og_site_name":"Avush","article_modified_time":"2025-12-31T15:09:16+00:00","og_image":[{"width":1000,"height":1000,"url":"https:\/\/avush.com\/wp-content\/uploads\/2023\/06\/Avush-03.jpg","type":"image\/jpeg"}],"twitter_card":"summary_large_image","twitter_misc":{"Est. reading time":"2 minutit"},"schema":{"@context":"https:\/\/schema.org","@graph":[{"@type":"WebPage","@id":"https:\/\/avush.com\/produkt\/avush-serum\/","url":"https:\/\/avush.com\/produkt\/avush-serum\/","name":"Avush: seerum pigmentatsiooni ja vanusevigastuste vastu","isPartOf":{"@id":"https:\/\/avush.com\/de\/#website"},"primaryImageOfPage":{"@id":"https:\/\/avush.com\/produkt\/avush-serum\/#primaryimage"},"image":{"@id":"https:\/\/avush.com\/produkt\/avush-serum\/#primaryimage"},"thumbnailUrl":"https:\/\/avush.com\/wp-content\/uploads\/2023\/06\/Avush-03.jpg","datePublished":"2023-06-20T12:55:27+00:00","dateModified":"2025-12-31T15:09:16+00:00","description":"Tehke midagi pigmentatsiooni ja vanusevigastuste vastu n\u00fc\u00fcd koos Avush-ga. Tellige hormoonivaba seerum naistele ja meestele kohe!","breadcrumb":{"@id":"https:\/\/avush.com\/produkt\/avush-serum\/#breadcrumb"},"inLanguage":"et","potentialAction":[{"@type":"ReadAction","target":["https:\/\/avush.com\/produkt\/avush-serum\/"]}]},{"@type":"ImageObject","inLanguage":"et","@id":"https:\/\/avush.com\/produkt\/avush-serum\/#primaryimage","url":"https:\/\/avush.com\/wp-content\/uploads\/2023\/06\/Avush-03.jpg","contentUrl":"https:\/\/avush.com\/wp-content\/uploads\/2023\/06\/Avush-03.jpg","width":1000,"height":1000,"caption":"Avush"},{"@type":"BreadcrumbList","@id":"https:\/\/avush.com\/produkt\/avush-serum\/#breadcrumb","itemListElement":[{"@type":"ListItem","position":1,"name":"Home","item":"https:\/\/avush.com\/"},{"@type":"ListItem","position":2,"name":"Shop","item":"https:\/\/avush.com\/es\/shop\/"},{"@type":"ListItem","position":3,"name":"Avush Pigmentflecken &#038; Altersflecken Serum"}]},{"@type":"WebSite","@id":"https:\/\/avush.com\/de\/#website","url":"https:\/\/avush.com\/de\/","name":"Avush","description":"Pigmendilaikude ja vanusevigastuste seerum","publisher":{"@id":"https:\/\/avush.com\/de\/#organization"},"potentialAction":[{"@type":"SearchAction","target":{"@type":"EntryPoint","urlTemplate":"https:\/\/avush.com\/de\/?s={search_term_string}"},"query-input":{"@type":"PropertyValueSpecification","valueRequired":true,"valueName":"search_term_string"}}],"inLanguage":"et"},{"@type":"Organization","@id":"https:\/\/avush.com\/de\/#organization","name":"Avush","url":"https:\/\/avush.com\/de\/","logo":{"@type":"ImageObject","inLanguage":"et","@id":"https:\/\/avush.com\/de\/#\/schema\/logo\/image\/","url":"https:\/\/avush.com\/wp-content\/uploads\/2023\/07\/cropped-Avush-Logo-1.png","contentUrl":"https:\/\/avush.com\/wp-content\/uploads\/2023\/07\/cropped-Avush-Logo-1.png","width":200,"height":74,"caption":"Avush"},"image":{"@id":"https:\/\/avush.com\/de\/#\/schema\/logo\/image\/"}}]}},"uagb_featured_image_src":{"full":["https:\/\/avush.com\/wp-content\/uploads\/2023\/06\/Avush-03.jpg",1000,1000,false],"thumbnail":["https:\/\/avush.com\/wp-content\/uploads\/2023\/06\/Avush-03-150x150.jpg",150,150,true],"medium":["https:\/\/avush.com\/wp-content\/uploads\/2023\/06\/Avush-03-300x300.jpg",300,300,true],"medium_large":["https:\/\/avush.com\/wp-content\/uploads\/2023\/06\/Avush-03-768x768.jpg",768,768,true],"large":["https:\/\/avush.com\/wp-content\/uploads\/2023\/06\/Avush-03.jpg",1000,1000,false],"1536x1536":["https:\/\/avush.com\/wp-content\/uploads\/2023\/06\/Avush-03.jpg",1000,1000,false],"2048x2048":["https:\/\/avush.com\/wp-content\/uploads\/2023\/06\/Avush-03.jpg",1000,1000,false],"trp-custom-language-flag":["https:\/\/avush.com\/wp-content\/uploads\/2023\/06\/Avush-03.jpg",12,12,false],"woocommerce_thumbnail":["https:\/\/avush.com\/wp-content\/uploads\/2023\/06\/Avush-03-300x300.jpg",300,300,true],"woocommerce_single":["https:\/\/avush.com\/wp-content\/uploads\/2023\/06\/Avush-03-600x600.jpg",600,600,true],"woocommerce_gallery_thumbnail":["https:\/\/avush.com\/wp-content\/uploads\/2023\/06\/Avush-03-100x100.jpg",100,100,true]},"uagb_author_info":{"display_name":"Kerem085","author_link":"https:\/\/avush.com\/et\/author\/kerem085\/"},"uagb_comment_info":0,"uagb_excerpt":"Avush-Set: Serum (30ml) &amp; Tonic (100ml) Neu: Liposomale Formulierung! 5% Alpha-Arbutin Liposomal und Fermentiert Ohne Hormone, Hydrochinon und Kojis\u00e4ure Vegan und tierversuchsfrei Dermatologisch getestet","featured_img":"https:\/\/avush.com\/wp-content\/uploads\/2023\/06\/Avush-03.jpg","coauthors":[],"author_meta":{"author_link":"https:\/\/avush.com\/et\/author\/kerem085\/","display_name":"Kerem085"},"relative_dates":{"created":"Posted 3 aastat ago","modified":"Updated 3 kuud ago"},"absolute_dates":{"created":"Posted on juuni 20, 2023","modified":"Updated on detsember 31, 2025"},"absolute_dates_time":{"created":"Posted on juuni 20, 2023 12:55 p.l.","modified":"Updated on detsember 31, 2025 4:09 p.l."},"featured_img_caption":"Avush","tax_additional":{"product_brand":{"linked":[],"unlinked":[],"slug":"product_brand","name":"Br\u00e4ndid"},"product_type":{"linked":["<a href=\"https:\/\/avush.com\/et\/?taxonomy=product_type&#038;term=simple\" class=\"advgb-post-tax-term\">simple<\/a>"],"unlinked":["<span class=\"advgb-post-tax-term\">simple<\/span>"],"slug":"product_type","name":"Product type"},"product_visibility":{"linked":[],"unlinked":[],"slug":"product_visibility","name":"Product visibility"},"product_cat":{"linked":["<a href=\"https:\/\/avush.com\/et\/tootekategooria\/serum\/\" class=\"advgb-post-tax-term\">Serum<\/a>"],"unlinked":["<span class=\"advgb-post-tax-term\">Serum<\/span>"],"slug":"product_cat","name":"Tootekategooriad"},"product_tag":{"linked":[],"unlinked":[],"slug":"product_tag","name":"Tootesildid"},"product_shipping_class":{"linked":[],"unlinked":[],"slug":"product_shipping_class","name":"Toote tarneklassid"},"pa_brand":{"linked":[],"unlinked":[],"slug":"pa_brand","name":"Toote Marke"}},"series_order":"","_links":{"self":[{"href":"https:\/\/avush.com\/et\/wp-json\/wp\/v2\/product\/181","targetHints":{"allow":["GET"]}}],"collection":[{"href":"https:\/\/avush.com\/et\/wp-json\/wp\/v2\/product"}],"about":[{"href":"https:\/\/avush.com\/et\/wp-json\/wp\/v2\/types\/product"}],"wp:featuredmedia":[{"embeddable":true,"href":"https:\/\/avush.com\/et\/wp-json\/wp\/v2\/media\/389"}],"wp:attachment":[{"href":"https:\/\/avush.com\/et\/wp-json\/wp\/v2\/media?parent=181"}],"wp:term":[{"taxonomy":"product_brand","embeddable":true,"href":"https:\/\/avush.com\/et\/wp-json\/wp\/v2\/product_brand?post=181"},{"taxonomy":"product_cat","embeddable":true,"href":"https:\/\/avush.com\/et\/wp-json\/wp\/v2\/product_cat?post=181"},{"taxonomy":"product_tag","embeddable":true,"href":"https:\/\/avush.com\/et\/wp-json\/wp\/v2\/product_tag?post=181"}],"curies":[{"name":"wp","href":"https:\/\/api.w.org\/{rel}","templated":true}]}}