{"id":48,"date":"2021-09-27T08:17:33","date_gmt":"2021-09-27T08:17:33","guid":{"rendered":"https:\/\/avush.com\/?page_id=48"},"modified":"2021-09-27T08:17:34","modified_gmt":"2021-09-27T08:17:34","slug":"sitemap","status":"publish","type":"page","link":"https:\/\/avush.com\/es\/mapa-del-sitio\/","title":{"rendered":"Mapa del sitio"},"content":{"rendered":"<p>Aqu\u00ed encontrar\u00e1 un resumen de las subp\u00e1ginas importantes de nuestro sitio web<\/p>\n\n\n\n<p><\/p>\n\n\n<div class=\"wsp-container\"><h2 class=\"wsp-pages-title\">P\u00e1ginas<\/h2>\n<ul class=\"wsp-pages-list\">\n<li class=\"page_item page-item-14 menu-item\"><a href=\"https:\/\/avush.com\/es\/agb\/\" class=\"menu-link\">GT&amp;C<\/a><\/li>\n<li class=\"page_item page-item-42 menu-item\"><a href=\"https:\/\/avush.com\/es\/\" class=\"menu-link\">Avush<\/a><\/li>\n<li class=\"page_item page-item-56 current_page_parent menu-item current-menu-parent\"><a href=\"https:\/\/avush.com\/es\/blog\/\" class=\"menu-link\">Blog<\/a><\/li>\n<li class=\"page_item page-item-50 menu-item\"><a href=\"https:\/\/avush.com\/es\/blog-sitemap\/\" class=\"menu-link\">Mapa del sitio<\/a><\/li>\n<li class=\"page_item page-item-12 menu-item\"><a href=\"https:\/\/avush.com\/es\/proteccion-de-datos\/\" class=\"menu-link\">Protecci\u00f3n de datos<\/a><\/li>\n<li class=\"page_item page-item-68 menu-item\"><a href=\"https:\/\/avush.com\/es\/experiencias\/\" class=\"menu-link\">Experiencia<\/a><\/li>\n<li class=\"page_item page-item-52 menu-item\"><a href=\"https:\/\/avush.com\/es\/faq\/\" class=\"menu-link\">FAQ<\/a><\/li>\n<li class=\"page_item page-item-13 menu-item\"><a href=\"https:\/\/avush.com\/es\/imprimir\/\" class=\"menu-link\">Imprimir<\/a><\/li>\n<li class=\"page_item page-item-9 menu-item\"><a href=\"https:\/\/avush.com\/es\/kasse\/\" class=\"menu-link\">Pedido<\/a><\/li>\n<li class=\"page_item page-item-55 menu-item\"><a href=\"https:\/\/avush.com\/es\/pongase-en-contacto-con\/\" class=\"menu-link\">Contacte con<\/a><\/li>\n<li class=\"page_item page-item-10 menu-item\"><a href=\"https:\/\/avush.com\/es\/mi-cuenta\/\" class=\"menu-link\">Mi cuenta<\/a><\/li>\n<li class=\"page_item page-item-166 menu-item\"><a href=\"https:\/\/avush.com\/es\/productos\/\" class=\"menu-link\">Productos<\/a><\/li>\n<li class=\"page_item page-item-7 menu-item\"><a href=\"https:\/\/avush.com\/es\/shop\/\" class=\"menu-link\">Tienda<\/a><\/li>\n<li class=\"page_item page-item-48 menu-item\"><a href=\"https:\/\/avush.com\/es\/mapa-del-sitio\/\" class=\"menu-link\">Mapa del sitio<\/a><\/li>\n<li class=\"page_item page-item-16 menu-item\"><a href=\"https:\/\/avush.com\/es\/versandarten\/\" class=\"menu-link\">M\u00e9todos de env\u00edo<\/a><\/li>\n<li class=\"page_item page-item-8 menu-item\"><a href=\"https:\/\/avush.com\/es\/carro-de-la-compra\/\" class=\"menu-link\">Cesta de la compra<\/a><\/li>\n<li class=\"page_item page-item-15 menu-item\"><a href=\"https:\/\/avush.com\/es\/derecho-de-revocacion\/\" class=\"menu-link\">Derecho de desistimiento<\/a><\/li>\n<\/ul>\n<\/div>\n\n\n\n<p><\/p>","protected":false},"excerpt":{"rendered":"<p>Aqu\u00ed encontrar\u00e1 un resumen de las subp\u00e1ginas importantes de nuestro sitio web<\/p>","protected":false},"author":1,"featured_media":0,"parent":0,"menu_order":0,"comment_status":"closed","ping_status":"closed","template":"","meta":{"_uag_custom_page_level_css":"","advgb_blocks_editor_width":"","advgb_blocks_columns_visual_guide":"","site-sidebar-layout":"default","site-content-layout":"default","ast-site-content-layout":"default","site-content-style":"default","site-sidebar-style":"default","ast-global-header-display":"","ast-banner-title-visibility":"","ast-main-header-display":"","ast-hfb-above-header-display":"","ast-hfb-below-header-display":"","ast-hfb-mobile-header-display":"","site-post-title":"","ast-breadcrumbs-content":"","ast-featured-img":"","footer-sml-layout":"","ast-disable-related-posts":"","theme-transparent-header-meta":"default","adv-header-id-meta":"","stick-header-meta":"default","header-above-stick-meta":"","header-main-stick-meta":"","header-below-stick-meta":"","astra-migrate-meta-layouts":"default","ast-page-background-enabled":"default","ast-page-background-meta":{"desktop":{"background-color":"","background-image":"","background-repeat":"repeat","background-position":"center center","background-size":"auto","background-attachment":"scroll","background-type":"","background-media":"","overlay-type":"","overlay-color":"","overlay-opacity":"","overlay-gradient":""},"tablet":{"background-color":"","background-image":"","background-repeat":"repeat","background-position":"center center","background-size":"auto","background-attachment":"scroll","background-type":"","background-media":"","overlay-type":"","overlay-color":"","overlay-opacity":"","overlay-gradient":""},"mobile":{"background-color":"","background-image":"","background-repeat":"repeat","background-position":"center center","background-size":"auto","background-attachment":"scroll","background-type":"","background-media":"","overlay-type":"","overlay-color":"","overlay-opacity":"","overlay-gradient":""}},"ast-content-background-meta":{"desktop":{"background-color":"var(--ast-global-color-5)","background-image":"","background-repeat":"repeat","background-position":"center center","background-size":"auto","background-attachment":"scroll","background-type":"","background-media":"","overlay-type":"","overlay-color":"","overlay-opacity":"","overlay-gradient":""},"tablet":{"background-color":"var(--ast-global-color-5)","background-image":"","background-repeat":"repeat","background-position":"center center","background-size":"auto","background-attachment":"scroll","background-type":"","background-media":"","overlay-type":"","overlay-color":"","overlay-opacity":"","overlay-gradient":""},"mobile":{"background-color":"var(--ast-global-color-5)","background-image":"","background-repeat":"repeat","background-position":"center center","background-size":"auto","background-attachment":"scroll","background-type":"","background-media":"","overlay-type":"","overlay-color":"","overlay-opacity":"","overlay-gradient":""}},"footnotes":""},"class_list":["post-48","page","type-page","status-publish","hentry"],"yoast_head":"<!-- This site is optimized with the Yoast SEO Premium plugin v26.6 (Yoast SEO v26.6) - https:\/\/yoast.com\/wordpress\/plugins\/seo\/ -->\n<title>Sitemap - Avush<\/title>\n<meta name=\"robots\" content=\"index, follow, max-snippet:-1, max-image-preview:large, max-video-preview:-1\" \/>\n<link rel=\"canonical\" href=\"https:\/\/avush.com\/es\/\u043a\u0430\u0440\u0442\u0430-\u043d\u0430-\u0441\u0430\u0439\u0442\u0430\/\" \/>\n<meta property=\"og:locale\" content=\"es_ES\" \/>\n<meta property=\"og:type\" content=\"article\" \/>\n<meta property=\"og:title\" content=\"Sitemap\" \/>\n<meta property=\"og:description\" content=\"Hier finden Sie eine \u00dcbersicht von wichtigen Unterseiten auf unserer Webseite\" \/>\n<meta property=\"og:url\" content=\"https:\/\/avush.com\/es\/\u043a\u0430\u0440\u0442\u0430-\u043d\u0430-\u0441\u0430\u0439\u0442\u0430\/\" \/>\n<meta property=\"og:site_name\" content=\"Avush\" \/>\n<meta property=\"article:modified_time\" content=\"2021-09-27T08:17:34+00:00\" \/>\n<meta name=\"twitter:card\" content=\"summary_large_image\" \/>\n<script type=\"application\/ld+json\" class=\"yoast-schema-graph\">{\"@context\":\"https:\/\/schema.org\",\"@graph\":[{\"@type\":\"WebPage\",\"@id\":\"https:\/\/avush.com\/bg\/\u043a\u0430\u0440\u0442\u0430-\u043d\u0430-\u0441\u0430\u0439\u0442\u0430\/\",\"url\":\"https:\/\/avush.com\/bg\/\u043a\u0430\u0440\u0442\u0430-\u043d\u0430-\u0441\u0430\u0439\u0442\u0430\/\",\"name\":\"Sitemap - Avush\",\"isPartOf\":{\"@id\":\"https:\/\/avush.com\/de\/#website\"},\"datePublished\":\"2021-09-27T08:17:33+00:00\",\"dateModified\":\"2021-09-27T08:17:34+00:00\",\"breadcrumb\":{\"@id\":\"https:\/\/avush.com\/bg\/\u043a\u0430\u0440\u0442\u0430-\u043d\u0430-\u0441\u0430\u0439\u0442\u0430\/#breadcrumb\"},\"inLanguage\":\"es\",\"potentialAction\":[{\"@type\":\"ReadAction\",\"target\":[\"https:\/\/avush.com\/bg\/\u043a\u0430\u0440\u0442\u0430-\u043d\u0430-\u0441\u0430\u0439\u0442\u0430\/\"]}]},{\"@type\":\"BreadcrumbList\",\"@id\":\"https:\/\/avush.com\/bg\/\u043a\u0430\u0440\u0442\u0430-\u043d\u0430-\u0441\u0430\u0439\u0442\u0430\/#breadcrumb\",\"itemListElement\":[{\"@type\":\"ListItem\",\"position\":1,\"name\":\"Home\",\"item\":\"https:\/\/avush.com\/\"},{\"@type\":\"ListItem\",\"position\":2,\"name\":\"Sitemap\"}]},{\"@type\":\"WebSite\",\"@id\":\"https:\/\/avush.com\/de\/#website\",\"url\":\"https:\/\/avush.com\/de\/\",\"name\":\"Avush\",\"description\":\"Pigmentflecken &amp; Altersflecken Serum\",\"publisher\":{\"@id\":\"https:\/\/avush.com\/de\/#organization\"},\"potentialAction\":[{\"@type\":\"SearchAction\",\"target\":{\"@type\":\"EntryPoint\",\"urlTemplate\":\"https:\/\/avush.com\/de\/?s={search_term_string}\"},\"query-input\":{\"@type\":\"PropertyValueSpecification\",\"valueRequired\":true,\"valueName\":\"search_term_string\"}}],\"inLanguage\":\"es\"},{\"@type\":\"Organization\",\"@id\":\"https:\/\/avush.com\/de\/#organization\",\"name\":\"Avush\",\"url\":\"https:\/\/avush.com\/de\/\",\"logo\":{\"@type\":\"ImageObject\",\"inLanguage\":\"es\",\"@id\":\"https:\/\/avush.com\/de\/#\/schema\/logo\/image\/\",\"url\":\"https:\/\/avush.com\/wp-content\/uploads\/2023\/07\/cropped-Avush-Logo-1.png\",\"contentUrl\":\"https:\/\/avush.com\/wp-content\/uploads\/2023\/07\/cropped-Avush-Logo-1.png\",\"width\":200,\"height\":74,\"caption\":\"Avush\"},\"image\":{\"@id\":\"https:\/\/avush.com\/de\/#\/schema\/logo\/image\/\"}}]}<\/script>\n<!-- \/ Yoast SEO Premium plugin. -->","yoast_head_json":{"title":"Mapa del sitio - Avush","robots":{"index":"index","follow":"follow","max-snippet":"max-snippet:-1","max-image-preview":"max-image-preview:large","max-video-preview":"max-video-preview:-1"},"canonical":"https:\/\/avush.com\/es\/\u043a\u0430\u0440\u0442\u0430-\u043d\u0430-\u0441\u0430\u0439\u0442\u0430\/","og_locale":"es_ES","og_type":"article","og_title":"Sitemap","og_description":"Hier finden Sie eine \u00dcbersicht von wichtigen Unterseiten auf unserer Webseite","og_url":"https:\/\/avush.com\/es\/\u043a\u0430\u0440\u0442\u0430-\u043d\u0430-\u0441\u0430\u0439\u0442\u0430\/","og_site_name":"Avush","article_modified_time":"2021-09-27T08:17:34+00:00","twitter_card":"summary_large_image","schema":{"@context":"https:\/\/schema.org","@graph":[{"@type":"WebPage","@id":"https:\/\/avush.com\/bg\/\u043a\u0430\u0440\u0442\u0430-\u043d\u0430-\u0441\u0430\u0439\u0442\u0430\/","url":"https:\/\/avush.com\/bg\/\u043a\u0430\u0440\u0442\u0430-\u043d\u0430-\u0441\u0430\u0439\u0442\u0430\/","name":"Mapa del sitio - Avush","isPartOf":{"@id":"https:\/\/avush.com\/de\/#website"},"datePublished":"2021-09-27T08:17:33+00:00","dateModified":"2021-09-27T08:17:34+00:00","breadcrumb":{"@id":"https:\/\/avush.com\/bg\/\u043a\u0430\u0440\u0442\u0430-\u043d\u0430-\u0441\u0430\u0439\u0442\u0430\/#breadcrumb"},"inLanguage":"es","potentialAction":[{"@type":"ReadAction","target":["https:\/\/avush.com\/bg\/\u043a\u0430\u0440\u0442\u0430-\u043d\u0430-\u0441\u0430\u0439\u0442\u0430\/"]}]},{"@type":"BreadcrumbList","@id":"https:\/\/avush.com\/bg\/\u043a\u0430\u0440\u0442\u0430-\u043d\u0430-\u0441\u0430\u0439\u0442\u0430\/#breadcrumb","itemListElement":[{"@type":"ListItem","position":1,"name":"Home","item":"https:\/\/avush.com\/"},{"@type":"ListItem","position":2,"name":"Sitemap"}]},{"@type":"WebSite","@id":"https:\/\/avush.com\/de\/#website","url":"https:\/\/avush.com\/de\/","name":"Avush","description":"Suero antimanchas y antienvejecimiento","publisher":{"@id":"https:\/\/avush.com\/de\/#organization"},"potentialAction":[{"@type":"SearchAction","target":{"@type":"EntryPoint","urlTemplate":"https:\/\/avush.com\/de\/?s={search_term_string}"},"query-input":{"@type":"PropertyValueSpecification","valueRequired":true,"valueName":"search_term_string"}}],"inLanguage":"es"},{"@type":"Organization","@id":"https:\/\/avush.com\/de\/#organization","name":"Avush","url":"https:\/\/avush.com\/de\/","logo":{"@type":"ImageObject","inLanguage":"es","@id":"https:\/\/avush.com\/de\/#\/schema\/logo\/image\/","url":"https:\/\/avush.com\/wp-content\/uploads\/2023\/07\/cropped-Avush-Logo-1.png","contentUrl":"https:\/\/avush.com\/wp-content\/uploads\/2023\/07\/cropped-Avush-Logo-1.png","width":200,"height":74,"caption":"Avush"},"image":{"@id":"https:\/\/avush.com\/de\/#\/schema\/logo\/image\/"}}]}},"uagb_featured_image_src":{"full":false,"thumbnail":false,"medium":false,"medium_large":false,"large":false,"1536x1536":false,"2048x2048":false,"trp-custom-language-flag":false,"woocommerce_thumbnail":false,"woocommerce_single":false,"woocommerce_gallery_thumbnail":false},"uagb_author_info":{"display_name":"Kerem085","author_link":"https:\/\/avush.com\/es\/author\/kerem085\/"},"uagb_comment_info":0,"uagb_excerpt":"Hier finden Sie eine \u00dcbersicht von wichtigen Unterseiten auf unserer Webseite","coauthors":[],"author_meta":{"author_link":"https:\/\/avush.com\/es\/author\/kerem085\/","display_name":"Kerem085"},"relative_dates":{"created":"Publicado 5 a\u00f1os hace","modified":"Actualizado 5 a\u00f1os hace"},"absolute_dates":{"created":"Publicado el septiembre 27, 2021","modified":"Actualizado el septiembre 27, 2021"},"absolute_dates_time":{"created":"Publicado el septiembre 27, 2021 8:17 am","modified":"Actualizado el septiembre 27, 2021 8:17 am"},"featured_img_caption":"","featured_img":false,"series_order":"","_links":{"self":[{"href":"https:\/\/avush.com\/es\/wp-json\/wp\/v2\/pages\/48","targetHints":{"allow":["GET"]}}],"collection":[{"href":"https:\/\/avush.com\/es\/wp-json\/wp\/v2\/pages"}],"about":[{"href":"https:\/\/avush.com\/es\/wp-json\/wp\/v2\/types\/page"}],"author":[{"embeddable":true,"href":"https:\/\/avush.com\/es\/wp-json\/wp\/v2\/users\/1"}],"replies":[{"embeddable":true,"href":"https:\/\/avush.com\/es\/wp-json\/wp\/v2\/comments?post=48"}],"version-history":[{"count":1,"href":"https:\/\/avush.com\/es\/wp-json\/wp\/v2\/pages\/48\/revisions"}],"predecessor-version":[{"id":49,"href":"https:\/\/avush.com\/es\/wp-json\/wp\/v2\/pages\/48\/revisions\/49"}],"wp:attachment":[{"href":"https:\/\/avush.com\/es\/wp-json\/wp\/v2\/media?parent=48"}],"curies":[{"name":"wp","href":"https:\/\/api.w.org\/{rel}","templated":true}]}}