{"id":68,"date":"2021-09-27T15:33:06","date_gmt":"2021-09-27T15:33:06","guid":{"rendered":"https:\/\/avush.com\/?page_id=68"},"modified":"2023-08-08T07:08:33","modified_gmt":"2023-08-08T07:08:33","slug":"erfahrungen","status":"publish","type":"page","link":"https:\/\/avush.com\/de\/erfahrungen\/","title":{"rendered":"Erfahrungen"},"content":{"rendered":"\n<div class=\"wp-block-cover alignfull is-light has-custom-content-position is-position-bottom-center advgb-dyn-336abb3c\" style=\"min-height:387px;aspect-ratio:unset;\"><span aria-hidden=\"true\" class=\"wp-block-cover__background has-background-dim-20 has-background-dim\"><\/span><img loading=\"lazy\" decoding=\"async\" width=\"2000\" height=\"980\" class=\"wp-block-cover__image-background wp-image-332\" alt=\"Avush-Erfahrungen\" src=\"https:\/\/avush.com\/wp-content\/uploads\/2023\/06\/Liviol-Erfahrungen.jpg\" data-object-fit=\"cover\" srcset=\"https:\/\/avush.com\/wp-content\/uploads\/2023\/06\/Liviol-Erfahrungen.jpg 2000w, https:\/\/avush.com\/wp-content\/uploads\/2023\/06\/Liviol-Erfahrungen-300x147.jpg 300w, https:\/\/avush.com\/wp-content\/uploads\/2023\/06\/Liviol-Erfahrungen-1024x502.jpg 1024w, https:\/\/avush.com\/wp-content\/uploads\/2023\/06\/Liviol-Erfahrungen-768x376.jpg 768w, https:\/\/avush.com\/wp-content\/uploads\/2023\/06\/Liviol-Erfahrungen-1536x753.jpg 1536w, https:\/\/avush.com\/wp-content\/uploads\/2023\/06\/Liviol-Erfahrungen-600x294.jpg 600w\" sizes=\"auto, (max-width: 2000px) 100vw, 2000px\" \/><div class=\"wp-block-cover__inner-container is-layout-flow wp-block-cover-is-layout-flow\">\n<h1 class=\"wp-block-heading has-text-align-center has-ast-global-color-5-color has-text-color advgb-dyn-f00fa2a5\" id=\"h-avush-erfahrungen\">Avush Erfahrungen<\/h1>\n\n\n\n<p class=\"has-text-align-center has-ast-global-color-5-color has-text-color\">Vorher\/ Nachher<\/p>\n<\/div><\/div>\n\n\n\n<div style=\"height:49px\" aria-hidden=\"true\" class=\"wp-block-spacer advgb-dyn-4bcfb21b\"><\/div>\n\n\n\n<p><em><strong>Vorher\/Nachher<\/strong>&nbsp;Bilder weiter unten.<\/em><\/p>\n\n\n\n<p>Avush Erfahrungen: Transparenz ist uns wichtig. Daher bitten wir unsere Kunden, Vorher\/Nachher-Bilder zu machen und ihre Erfahrungen mit uns zu teilen.<\/p>\n\n\n\n<p>Es erf\u00fcllt uns mit Freude, dass Avush dazu beigetragen hat, vielen Menschen ihr Selbstvertrauen in Bezug auf ihr Hautbild zur\u00fcckzugeben. Die positiven Resonanzen unserer Kunden best\u00e4tigen unseren Einsatz und motivieren uns, fortlaufend innovative Hautpflegeprodukte zu entwickeln und anzubieten.<\/p>\n\n\n\n<p>Teilen auch Sie mit uns Ihr Vorher\/Nachher Foto: info@avush.com<\/p>\n\n\n\n<p>Bitte beachten Sie, dass individuelle Ergebnisse variieren k\u00f6nnen.<\/p>\n\n\n\n<hr class=\"wp-block-separator has-text-color has-black-color has-css-opacity has-black-background-color has-background is-style-wide advgb-dyn-e75d8f65\"\/>\n\n\n\n<figure class=\"wp-block-image aligncenter size-large is-resized\"><img loading=\"lazy\" decoding=\"async\" src=\"https:\/\/avush.com\/wp-content\/uploads\/2023\/08\/Avush-01-1024x950.jpg\" alt=\"Pigmentflecken\" class=\"wp-image-621\" width=\"426\" height=\"395\" srcset=\"https:\/\/avush.com\/wp-content\/uploads\/2023\/08\/Avush-01-1024x950.jpg 1024w, https:\/\/avush.com\/wp-content\/uploads\/2023\/08\/Avush-01-300x278.jpg 300w, https:\/\/avush.com\/wp-content\/uploads\/2023\/08\/Avush-01-768x713.jpg 768w, https:\/\/avush.com\/wp-content\/uploads\/2023\/08\/Avush-01-1536x1425.jpg 1536w, https:\/\/avush.com\/wp-content\/uploads\/2023\/08\/Avush-01-13x12.jpg 13w, https:\/\/avush.com\/wp-content\/uploads\/2023\/08\/Avush-01-600x557.jpg 600w, https:\/\/avush.com\/wp-content\/uploads\/2023\/08\/Avush-01.jpg 1647w\" sizes=\"auto, (max-width: 426px) 100vw, 426px\" \/><\/figure>\n\n\n\n<figure class=\"wp-block-image aligncenter size-large is-resized\"><img loading=\"lazy\" decoding=\"async\" src=\"https:\/\/avush.com\/wp-content\/uploads\/2023\/08\/Avush-07-1024x950.jpg\" alt=\"Avush\" class=\"wp-image-619\" width=\"426\" height=\"395\" srcset=\"https:\/\/avush.com\/wp-content\/uploads\/2023\/08\/Avush-07-1024x950.jpg 1024w, https:\/\/avush.com\/wp-content\/uploads\/2023\/08\/Avush-07-300x278.jpg 300w, https:\/\/avush.com\/wp-content\/uploads\/2023\/08\/Avush-07-768x713.jpg 768w, https:\/\/avush.com\/wp-content\/uploads\/2023\/08\/Avush-07-1536x1425.jpg 1536w, https:\/\/avush.com\/wp-content\/uploads\/2023\/08\/Avush-07-13x12.jpg 13w, https:\/\/avush.com\/wp-content\/uploads\/2023\/08\/Avush-07-600x557.jpg 600w, https:\/\/avush.com\/wp-content\/uploads\/2023\/08\/Avush-07.jpg 1647w\" sizes=\"auto, (max-width: 426px) 100vw, 426px\" \/><\/figure>\n\n\n\n<figure class=\"wp-block-image aligncenter size-large is-resized\"><img loading=\"lazy\" decoding=\"async\" src=\"https:\/\/avush.com\/wp-content\/uploads\/2023\/08\/Avush-04-1-1024x950.jpg\" alt=\"Altersflecken\" class=\"wp-image-623\" width=\"426\" height=\"395\" srcset=\"https:\/\/avush.com\/wp-content\/uploads\/2023\/08\/Avush-04-1-1024x950.jpg 1024w, https:\/\/avush.com\/wp-content\/uploads\/2023\/08\/Avush-04-1-300x278.jpg 300w, https:\/\/avush.com\/wp-content\/uploads\/2023\/08\/Avush-04-1-768x713.jpg 768w, https:\/\/avush.com\/wp-content\/uploads\/2023\/08\/Avush-04-1-1536x1425.jpg 1536w, https:\/\/avush.com\/wp-content\/uploads\/2023\/08\/Avush-04-1-13x12.jpg 13w, https:\/\/avush.com\/wp-content\/uploads\/2023\/08\/Avush-04-1-600x557.jpg 600w, https:\/\/avush.com\/wp-content\/uploads\/2023\/08\/Avush-04-1.jpg 1647w\" sizes=\"auto, (max-width: 426px) 100vw, 426px\" \/><\/figure>\n\n\n\n<figure class=\"wp-block-image aligncenter size-large is-resized\"><img loading=\"lazy\" decoding=\"async\" src=\"https:\/\/avush.com\/wp-content\/uploads\/2023\/08\/Avush-02-1024x950.jpg\" alt=\"Avush\" class=\"wp-image-627\" width=\"426\" height=\"395\" srcset=\"https:\/\/avush.com\/wp-content\/uploads\/2023\/08\/Avush-02-1024x950.jpg 1024w, https:\/\/avush.com\/wp-content\/uploads\/2023\/08\/Avush-02-300x278.jpg 300w, https:\/\/avush.com\/wp-content\/uploads\/2023\/08\/Avush-02-768x713.jpg 768w, https:\/\/avush.com\/wp-content\/uploads\/2023\/08\/Avush-02-1536x1425.jpg 1536w, https:\/\/avush.com\/wp-content\/uploads\/2023\/08\/Avush-02-13x12.jpg 13w, https:\/\/avush.com\/wp-content\/uploads\/2023\/08\/Avush-02-600x557.jpg 600w, https:\/\/avush.com\/wp-content\/uploads\/2023\/08\/Avush-02.jpg 1647w\" sizes=\"auto, (max-width: 426px) 100vw, 426px\" \/><\/figure>\n\n\n\n<figure class=\"wp-block-image aligncenter size-large is-resized\"><img loading=\"lazy\" decoding=\"async\" src=\"https:\/\/avush.com\/wp-content\/uploads\/2023\/08\/Avush-03-1024x950.jpg\" alt=\"Pigmentflecken-Serum\" class=\"wp-image-629\" width=\"426\" height=\"395\" srcset=\"https:\/\/avush.com\/wp-content\/uploads\/2023\/08\/Avush-03-1024x950.jpg 1024w, https:\/\/avush.com\/wp-content\/uploads\/2023\/08\/Avush-03-300x278.jpg 300w, https:\/\/avush.com\/wp-content\/uploads\/2023\/08\/Avush-03-768x713.jpg 768w, https:\/\/avush.com\/wp-content\/uploads\/2023\/08\/Avush-03-1536x1425.jpg 1536w, https:\/\/avush.com\/wp-content\/uploads\/2023\/08\/Avush-03-13x12.jpg 13w, https:\/\/avush.com\/wp-content\/uploads\/2023\/08\/Avush-03-600x557.jpg 600w, https:\/\/avush.com\/wp-content\/uploads\/2023\/08\/Avush-03.jpg 1647w\" sizes=\"auto, (max-width: 426px) 100vw, 426px\" \/><\/figure>\n\n\n\n<figure class=\"wp-block-image aligncenter size-large is-resized\"><img loading=\"lazy\" decoding=\"async\" src=\"https:\/\/avush.com\/wp-content\/uploads\/2023\/08\/Avush-06-1024x950.jpg\" alt=\"Pigmentflecken-entfernen\" class=\"wp-image-628\" width=\"426\" height=\"395\" srcset=\"https:\/\/avush.com\/wp-content\/uploads\/2023\/08\/Avush-06-1024x950.jpg 1024w, https:\/\/avush.com\/wp-content\/uploads\/2023\/08\/Avush-06-300x278.jpg 300w, https:\/\/avush.com\/wp-content\/uploads\/2023\/08\/Avush-06-768x713.jpg 768w, https:\/\/avush.com\/wp-content\/uploads\/2023\/08\/Avush-06-1536x1425.jpg 1536w, https:\/\/avush.com\/wp-content\/uploads\/2023\/08\/Avush-06-13x12.jpg 13w, https:\/\/avush.com\/wp-content\/uploads\/2023\/08\/Avush-06-600x557.jpg 600w, https:\/\/avush.com\/wp-content\/uploads\/2023\/08\/Avush-06.jpg 1647w\" sizes=\"auto, (max-width: 426px) 100vw, 426px\" \/><\/figure>\n\n\n\n<p><\/p>\n\n\n\n<h2 class=\"wp-block-heading has-text-align-center advgb-dyn-7aaef66d\" id=\"h-mehr-zu-avush\">Mehr zu Avush<\/h2>\n\n\n\n<p class=\"has-text-align-center\">Erfahren Sie mehr zu Avush<\/p>\n\n\n\n<div class=\"wp-block-buttons is-horizontal is-content-justification-center is-layout-flex wp-container-core-buttons-is-layout-03627597 wp-block-buttons-is-layout-flex advgb-dyn-5e5a4c85\">\n<div class=\"wp-block-button advgb-dyn-e43b3379\"><a class=\"wp-block-button__link has-background wp-element-button\" href=\"https:\/\/avush.com\/\" style=\"background-color:#48a3aa\">Mehr erfahren!<\/a><\/div>\n<\/div>\n","protected":false},"excerpt":{"rendered":"<p>Vorher\/Nachher&nbsp;Bilder weiter unten. Avush Erfahrungen: Transparenz ist uns wichtig. Daher bitten wir unsere Kunden, Vorher\/Nachher-Bilder zu machen und ihre Erfahrungen mit uns zu teilen. Es erf\u00fcllt uns mit Freude, dass [&hellip;]<\/p>\n","protected":false},"author":1,"featured_media":0,"parent":0,"menu_order":0,"comment_status":"closed","ping_status":"closed","template":"","meta":{"_uag_custom_page_level_css":"","advgb_blocks_editor_width":"","advgb_blocks_columns_visual_guide":"","site-sidebar-layout":"default","site-content-layout":"default","ast-site-content-layout":"default","site-content-style":"default","site-sidebar-style":"default","ast-global-header-display":"","ast-banner-title-visibility":"","ast-main-header-display":"","ast-hfb-above-header-display":"","ast-hfb-below-header-display":"","ast-hfb-mobile-header-display":"","site-post-title":"disabled","ast-breadcrumbs-content":"","ast-featured-img":"","footer-sml-layout":"","ast-disable-related-posts":"","theme-transparent-header-meta":"default","adv-header-id-meta":"","stick-header-meta":"default","header-above-stick-meta":"","header-main-stick-meta":"","header-below-stick-meta":"","astra-migrate-meta-layouts":"default","ast-page-background-enabled":"default","ast-page-background-meta":{"desktop":{"background-color":"","background-image":"","background-repeat":"repeat","background-position":"center center","background-size":"auto","background-attachment":"scroll","background-type":"","background-media":"","overlay-type":"","overlay-color":"","overlay-opacity":"","overlay-gradient":""},"tablet":{"background-color":"","background-image":"","background-repeat":"repeat","background-position":"center center","background-size":"auto","background-attachment":"scroll","background-type":"","background-media":"","overlay-type":"","overlay-color":"","overlay-opacity":"","overlay-gradient":""},"mobile":{"background-color":"","background-image":"","background-repeat":"repeat","background-position":"center center","background-size":"auto","background-attachment":"scroll","background-type":"","background-media":"","overlay-type":"","overlay-color":"","overlay-opacity":"","overlay-gradient":""}},"ast-content-background-meta":{"desktop":{"background-color":"var(--ast-global-color-5)","background-image":"","background-repeat":"repeat","background-position":"center center","background-size":"auto","background-attachment":"scroll","background-type":"","background-media":"","overlay-type":"","overlay-color":"","overlay-opacity":"","overlay-gradient":""},"tablet":{"background-color":"var(--ast-global-color-5)","background-image":"","background-repeat":"repeat","background-position":"center center","background-size":"auto","background-attachment":"scroll","background-type":"","background-media":"","overlay-type":"","overlay-color":"","overlay-opacity":"","overlay-gradient":""},"mobile":{"background-color":"var(--ast-global-color-5)","background-image":"","background-repeat":"repeat","background-position":"center center","background-size":"auto","background-attachment":"scroll","background-type":"","background-media":"","overlay-type":"","overlay-color":"","overlay-opacity":"","overlay-gradient":""}},"footnotes":""},"class_list":["post-68","page","type-page","status-publish","hentry"],"yoast_head":"<!-- This site is optimized with the Yoast SEO Premium plugin v26.6 (Yoast SEO v26.6) - https:\/\/yoast.com\/wordpress\/plugins\/seo\/ -->\n<title>Avush Erfahrungen: Serum gegen Pigmentflecken &amp; Altersflecken<\/title>\n<meta name=\"description\" content=\"Avush Erfahrungen - Das Pigmentflecken und Altersflecken Serum f\u00fcr Frauen und M\u00e4nner. Vorher Nachher Bilder und Bewertungen.\" \/>\n<meta name=\"robots\" content=\"index, follow, max-snippet:-1, max-image-preview:large, max-video-preview:-1\" \/>\n<link rel=\"canonical\" href=\"https:\/\/avush.com\/de\/\u043f\u0440\u0435\u0436\u0438\u0432\u044f\u0432\u0430\u043d\u0438\u044f\/\" \/>\n<meta property=\"og:locale\" content=\"de_DE\" \/>\n<meta property=\"og:type\" content=\"article\" \/>\n<meta property=\"og:title\" content=\"Erfahrungen\" \/>\n<meta property=\"og:description\" content=\"Avush Erfahrungen - Das Pigmentflecken und Altersflecken Serum f\u00fcr Frauen und M\u00e4nner. Vorher Nachher Bilder und Bewertungen.\" \/>\n<meta property=\"og:url\" content=\"https:\/\/avush.com\/de\/\u043f\u0440\u0435\u0436\u0438\u0432\u044f\u0432\u0430\u043d\u0438\u044f\/\" \/>\n<meta property=\"og:site_name\" content=\"Avush\" \/>\n<meta property=\"article:modified_time\" content=\"2023-08-08T07:08:33+00:00\" \/>\n<meta property=\"og:image\" content=\"https:\/\/avush.com\/wp-content\/uploads\/2023\/06\/Liviol-Erfahrungen.jpg\" \/>\n<meta name=\"twitter:card\" content=\"summary_large_image\" \/>\n<meta name=\"twitter:label1\" content=\"Gesch\u00e4tzte Lesezeit\" \/>\n\t<meta name=\"twitter:data1\" content=\"2\u00a0Minuten\" \/>\n<script type=\"application\/ld+json\" class=\"yoast-schema-graph\">{\"@context\":\"https:\/\/schema.org\",\"@graph\":[{\"@type\":\"WebPage\",\"@id\":\"https:\/\/avush.com\/bg\/\u043f\u0440\u0435\u0436\u0438\u0432\u044f\u0432\u0430\u043d\u0438\u044f\/\",\"url\":\"https:\/\/avush.com\/bg\/\u043f\u0440\u0435\u0436\u0438\u0432\u044f\u0432\u0430\u043d\u0438\u044f\/\",\"name\":\"Avush Erfahrungen: Serum gegen Pigmentflecken & Altersflecken\",\"isPartOf\":{\"@id\":\"https:\/\/avush.com\/de\/#website\"},\"primaryImageOfPage\":{\"@id\":\"https:\/\/avush.com\/bg\/\u043f\u0440\u0435\u0436\u0438\u0432\u044f\u0432\u0430\u043d\u0438\u044f\/#primaryimage\"},\"image\":{\"@id\":\"https:\/\/avush.com\/bg\/\u043f\u0440\u0435\u0436\u0438\u0432\u044f\u0432\u0430\u043d\u0438\u044f\/#primaryimage\"},\"thumbnailUrl\":\"https:\/\/avush.com\/wp-content\/uploads\/2023\/06\/Liviol-Erfahrungen.jpg\",\"datePublished\":\"2021-09-27T15:33:06+00:00\",\"dateModified\":\"2023-08-08T07:08:33+00:00\",\"description\":\"Avush Erfahrungen - Das Pigmentflecken und Altersflecken Serum f\u00fcr Frauen und M\u00e4nner. Vorher Nachher Bilder und Bewertungen.\",\"breadcrumb\":{\"@id\":\"https:\/\/avush.com\/bg\/\u043f\u0440\u0435\u0436\u0438\u0432\u044f\u0432\u0430\u043d\u0438\u044f\/#breadcrumb\"},\"inLanguage\":\"de\",\"potentialAction\":[{\"@type\":\"ReadAction\",\"target\":[\"https:\/\/avush.com\/bg\/\u043f\u0440\u0435\u0436\u0438\u0432\u044f\u0432\u0430\u043d\u0438\u044f\/\"]}]},{\"@type\":\"ImageObject\",\"inLanguage\":\"de\",\"@id\":\"https:\/\/avush.com\/bg\/\u043f\u0440\u0435\u0436\u0438\u0432\u044f\u0432\u0430\u043d\u0438\u044f\/#primaryimage\",\"url\":\"https:\/\/avush.com\/wp-content\/uploads\/2023\/06\/Liviol-Erfahrungen.jpg\",\"contentUrl\":\"https:\/\/avush.com\/wp-content\/uploads\/2023\/06\/Liviol-Erfahrungen.jpg\"},{\"@type\":\"BreadcrumbList\",\"@id\":\"https:\/\/avush.com\/bg\/\u043f\u0440\u0435\u0436\u0438\u0432\u044f\u0432\u0430\u043d\u0438\u044f\/#breadcrumb\",\"itemListElement\":[{\"@type\":\"ListItem\",\"position\":1,\"name\":\"Home\",\"item\":\"https:\/\/avush.com\/\"},{\"@type\":\"ListItem\",\"position\":2,\"name\":\"Erfahrungen\"}]},{\"@type\":\"WebSite\",\"@id\":\"https:\/\/avush.com\/de\/#website\",\"url\":\"https:\/\/avush.com\/de\/\",\"name\":\"Avush\",\"description\":\"Pigmentflecken &amp; Altersflecken Serum\",\"publisher\":{\"@id\":\"https:\/\/avush.com\/de\/#organization\"},\"potentialAction\":[{\"@type\":\"SearchAction\",\"target\":{\"@type\":\"EntryPoint\",\"urlTemplate\":\"https:\/\/avush.com\/de\/?s={search_term_string}\"},\"query-input\":{\"@type\":\"PropertyValueSpecification\",\"valueRequired\":true,\"valueName\":\"search_term_string\"}}],\"inLanguage\":\"de\"},{\"@type\":\"Organization\",\"@id\":\"https:\/\/avush.com\/de\/#organization\",\"name\":\"Avush\",\"url\":\"https:\/\/avush.com\/de\/\",\"logo\":{\"@type\":\"ImageObject\",\"inLanguage\":\"de\",\"@id\":\"https:\/\/avush.com\/de\/#\/schema\/logo\/image\/\",\"url\":\"https:\/\/avush.com\/wp-content\/uploads\/2023\/07\/cropped-Avush-Logo-1.png\",\"contentUrl\":\"https:\/\/avush.com\/wp-content\/uploads\/2023\/07\/cropped-Avush-Logo-1.png\",\"width\":200,\"height\":74,\"caption\":\"Avush\"},\"image\":{\"@id\":\"https:\/\/avush.com\/de\/#\/schema\/logo\/image\/\"}}]}<\/script>\n<!-- \/ Yoast SEO Premium plugin. -->","yoast_head_json":{"title":"Avush Erfahrungen: Serum gegen Pigmentflecken & Altersflecken","description":"Avush Erfahrungen - Das Pigmentflecken und Altersflecken Serum f\u00fcr Frauen und M\u00e4nner. Vorher Nachher Bilder und Bewertungen.","robots":{"index":"index","follow":"follow","max-snippet":"max-snippet:-1","max-image-preview":"max-image-preview:large","max-video-preview":"max-video-preview:-1"},"canonical":"https:\/\/avush.com\/de\/\u043f\u0440\u0435\u0436\u0438\u0432\u044f\u0432\u0430\u043d\u0438\u044f\/","og_locale":"de_DE","og_type":"article","og_title":"Erfahrungen","og_description":"Avush Erfahrungen - Das Pigmentflecken und Altersflecken Serum f\u00fcr Frauen und M\u00e4nner. Vorher Nachher Bilder und Bewertungen.","og_url":"https:\/\/avush.com\/de\/\u043f\u0440\u0435\u0436\u0438\u0432\u044f\u0432\u0430\u043d\u0438\u044f\/","og_site_name":"Avush","article_modified_time":"2023-08-08T07:08:33+00:00","og_image":[{"url":"https:\/\/avush.com\/wp-content\/uploads\/2023\/06\/Liviol-Erfahrungen.jpg","type":"","width":"","height":""}],"twitter_card":"summary_large_image","twitter_misc":{"Gesch\u00e4tzte Lesezeit":"2\u00a0Minuten"},"schema":{"@context":"https:\/\/schema.org","@graph":[{"@type":"WebPage","@id":"https:\/\/avush.com\/bg\/\u043f\u0440\u0435\u0436\u0438\u0432\u044f\u0432\u0430\u043d\u0438\u044f\/","url":"https:\/\/avush.com\/bg\/\u043f\u0440\u0435\u0436\u0438\u0432\u044f\u0432\u0430\u043d\u0438\u044f\/","name":"Avush Erfahrungen: Serum gegen Pigmentflecken & Altersflecken","isPartOf":{"@id":"https:\/\/avush.com\/de\/#website"},"primaryImageOfPage":{"@id":"https:\/\/avush.com\/bg\/\u043f\u0440\u0435\u0436\u0438\u0432\u044f\u0432\u0430\u043d\u0438\u044f\/#primaryimage"},"image":{"@id":"https:\/\/avush.com\/bg\/\u043f\u0440\u0435\u0436\u0438\u0432\u044f\u0432\u0430\u043d\u0438\u044f\/#primaryimage"},"thumbnailUrl":"https:\/\/avush.com\/wp-content\/uploads\/2023\/06\/Liviol-Erfahrungen.jpg","datePublished":"2021-09-27T15:33:06+00:00","dateModified":"2023-08-08T07:08:33+00:00","description":"Avush Erfahrungen - Das Pigmentflecken und Altersflecken Serum f\u00fcr Frauen und M\u00e4nner. Vorher Nachher Bilder und Bewertungen.","breadcrumb":{"@id":"https:\/\/avush.com\/bg\/\u043f\u0440\u0435\u0436\u0438\u0432\u044f\u0432\u0430\u043d\u0438\u044f\/#breadcrumb"},"inLanguage":"de","potentialAction":[{"@type":"ReadAction","target":["https:\/\/avush.com\/bg\/\u043f\u0440\u0435\u0436\u0438\u0432\u044f\u0432\u0430\u043d\u0438\u044f\/"]}]},{"@type":"ImageObject","inLanguage":"de","@id":"https:\/\/avush.com\/bg\/\u043f\u0440\u0435\u0436\u0438\u0432\u044f\u0432\u0430\u043d\u0438\u044f\/#primaryimage","url":"https:\/\/avush.com\/wp-content\/uploads\/2023\/06\/Liviol-Erfahrungen.jpg","contentUrl":"https:\/\/avush.com\/wp-content\/uploads\/2023\/06\/Liviol-Erfahrungen.jpg"},{"@type":"BreadcrumbList","@id":"https:\/\/avush.com\/bg\/\u043f\u0440\u0435\u0436\u0438\u0432\u044f\u0432\u0430\u043d\u0438\u044f\/#breadcrumb","itemListElement":[{"@type":"ListItem","position":1,"name":"Home","item":"https:\/\/avush.com\/"},{"@type":"ListItem","position":2,"name":"Erfahrungen"}]},{"@type":"WebSite","@id":"https:\/\/avush.com\/de\/#website","url":"https:\/\/avush.com\/de\/","name":"Avush","description":"Pigmentflecken &amp; Altersflecken Serum","publisher":{"@id":"https:\/\/avush.com\/de\/#organization"},"potentialAction":[{"@type":"SearchAction","target":{"@type":"EntryPoint","urlTemplate":"https:\/\/avush.com\/de\/?s={search_term_string}"},"query-input":{"@type":"PropertyValueSpecification","valueRequired":true,"valueName":"search_term_string"}}],"inLanguage":"de"},{"@type":"Organization","@id":"https:\/\/avush.com\/de\/#organization","name":"Avush","url":"https:\/\/avush.com\/de\/","logo":{"@type":"ImageObject","inLanguage":"de","@id":"https:\/\/avush.com\/de\/#\/schema\/logo\/image\/","url":"https:\/\/avush.com\/wp-content\/uploads\/2023\/07\/cropped-Avush-Logo-1.png","contentUrl":"https:\/\/avush.com\/wp-content\/uploads\/2023\/07\/cropped-Avush-Logo-1.png","width":200,"height":74,"caption":"Avush"},"image":{"@id":"https:\/\/avush.com\/de\/#\/schema\/logo\/image\/"}}]}},"uagb_featured_image_src":{"full":false,"thumbnail":false,"medium":false,"medium_large":false,"large":false,"1536x1536":false,"2048x2048":false,"trp-custom-language-flag":false,"woocommerce_thumbnail":false,"woocommerce_single":false,"woocommerce_gallery_thumbnail":false},"uagb_author_info":{"display_name":"Kerem085","author_link":"https:\/\/avush.com\/de\/author\/kerem085\/"},"uagb_comment_info":0,"uagb_excerpt":"Vorher\/Nachher&nbsp;Bilder weiter unten. Avush Erfahrungen: Transparenz ist uns wichtig. Daher bitten wir unsere Kunden, Vorher\/Nachher-Bilder zu machen und ihre Erfahrungen mit uns zu teilen. Es erf\u00fcllt uns mit Freude, dass [&hellip;]","coauthors":[],"author_meta":{"author_link":"https:\/\/avush.com\/de\/author\/kerem085\/","display_name":"Kerem085"},"relative_dates":{"created":"Posted 5\u00a0Jahren ago","modified":"Updated 3\u00a0Jahren ago"},"absolute_dates":{"created":"Posted on September 27, 2021","modified":"Updated on August 8, 2023"},"absolute_dates_time":{"created":"Posted on September 27, 2021 3:33 p.m.","modified":"Updated on August 8, 2023 7:08 a.m."},"featured_img_caption":"","featured_img":false,"series_order":"","_links":{"self":[{"href":"https:\/\/avush.com\/de\/wp-json\/wp\/v2\/pages\/68","targetHints":{"allow":["GET"]}}],"collection":[{"href":"https:\/\/avush.com\/de\/wp-json\/wp\/v2\/pages"}],"about":[{"href":"https:\/\/avush.com\/de\/wp-json\/wp\/v2\/types\/page"}],"author":[{"embeddable":true,"href":"https:\/\/avush.com\/de\/wp-json\/wp\/v2\/users\/1"}],"replies":[{"embeddable":true,"href":"https:\/\/avush.com\/de\/wp-json\/wp\/v2\/comments?post=68"}],"version-history":[{"count":14,"href":"https:\/\/avush.com\/de\/wp-json\/wp\/v2\/pages\/68\/revisions"}],"predecessor-version":[{"id":633,"href":"https:\/\/avush.com\/de\/wp-json\/wp\/v2\/pages\/68\/revisions\/633"}],"wp:attachment":[{"href":"https:\/\/avush.com\/de\/wp-json\/wp\/v2\/media?parent=68"}],"curies":[{"name":"wp","href":"https:\/\/api.w.org\/{rel}","templated":true}]}}